    {"id":84,"date":"2023-11-15T20:20:27","date_gmt":"2023-11-15T19:20:27","guid":{"rendered":"https:\/\/eraportal.ecomcapsule.com\/demohorizont\/?page_id=84"},"modified":"2024-09-05T18:38:01","modified_gmt":"2024-09-05T16:38:01","slug":"prihlasit-sa-na-odber-noviniek","status":"publish","type":"page","link":"https:\/\/eraportal.sk\/horizont-europa\/prihlasit-sa-na-odber-noviniek\/","title":{"rendered":"Newsletter"},"content":{"rendered":"\t\t<div data-elementor-type=\"wp-page\" data-elementor-id=\"84\" class=\"elementor elementor-84\" data-elementor-post-type=\"page\">\n\t\t\t\t<div class=\"elementor-element elementor-element-f6b395f e-flex e-con-boxed e-con e-parent\" data-id=\"f6b395f\" data-element_type=\"container\">\n\t\t\t\t\t<div class=\"e-con-inner\">\n\t\t\t\t<div class=\"elementor-element elementor-element-5e8afac elementor-widget elementor-widget-html\" data-id=\"5e8afac\" data-element_type=\"widget\" data-widget_type=\"html.default\">\n\t\t\t\t<div class=\"elementor-widget-container\">\n\t\t\t\t\t<style>\r\n            .tnp-field label {\r\n        font-size: 16px;\r\n        color: #333;\r\n        display: block;\r\n        margin-bottom: 5px;\r\n    }\r\n    .tnp-field input[type=\"text\"],\r\n    .tnp-field input[type=\"email\"],\r\n    .tnp-field select {\r\n        width: 100%;\r\n        padding: 10px;\r\n        margin-bottom: 20px;\r\n        border-bottom: 1px solid #ccc;\r\n        border-radius: 0px;\r\n        box-sizing: border-box;\r\n        font-size: 16px;\r\n        background-color: #fff;\r\n    }\r\n    \r\n    \r\n    input[type=\"text\"]:focus,\r\n    input[type=\"email\"]:focus,\r\n    select:focus {\r\n        width: 100%;\r\n        padding: 10px;\r\n        margin-bottom: 20px;\r\n        border-bottom: 1px solid #000;\r\n        border-radius: 0px;\r\n        box-sizing: border-box;\r\n        font-size: 16px;\r\n        background-color: #fff;\r\n    }\r\n    \r\n    .tnp-field input[type=\"checkbox\"] {\r\n        margin-right: 10px;\r\n    }\r\n    .tnp-submit {\r\n        width: 150px !important;\r\n        background-color: #282D58 !important;\r\n        color: white;\r\n        border: none;\r\n        padding: 10px 20px;\r\n        font-size: 16px;\r\n        cursor: pointer;\r\n        border-radius: 4px;\r\n        transition: background-color 0.3s ease;\r\n    }\r\n    .tnp-submit:hover {\r\n        background-color: transparent !important;\r\n        border: 1px solid #282D58 !important;\r\n        color: #282D58 !important;\r\n    }\r\n    .tnp-privacy-field,\r\n    .tnp-field-checkbox {\r\n        margin-bottom: 20px;\r\n    }\r\n<\/style>\r\n\r\n<div class=\"tnp tnp-subscription \">\r\n<form method=\"post\" action=\"https:\/\/eraportal.sk\/horizont-europa\/?na=s\">\r\n\r\n<input type=\"hidden\" name=\"nlang\" value=\"\"><div class=\"tnp-field tnp-field-firstname\"><label for=\"tnp-1\">Krstn\u00e9 meno<\/label>\r\n<input class=\"tnp-name\" type=\"text\" name=\"nn\" id=\"tnp-1\" value=\"\"><\/div>\r\n<div class=\"tnp-field tnp-field-surname\"><label for=\"tnp-2\">Priezvisko<\/label>\r\n<input class=\"tnp-surname\" type=\"text\" name=\"ns\" id=\"tnp-2\" value=\"\"><\/div><div class=\"tnp-field tnp-field-email\"><label for=\"tnp-3\">Email<\/label>\r\n<input class=\"tnp-email\" type=\"email\" name=\"ne\" id=\"tnp-3\" value=\"\" required><\/div>\r\n<div class=\"tnp-field tnp-field-gender\"><label for=\"tnp-4\">Som<\/label>\r\n<select name=\"nx\" class=\"tnp-gender\" id=\"tnp-gender\"><option value=\"n\">Neur\u010den\u00e9<\/option><option value=\"f\">Woman<\/option><option value=\"m\">Man<\/option><\/select><\/div>\r\n<div class=\"tnp-field tnp-lists\"><div class=\"tnp-field tnp-field-checkbox tnp-field-list\"><label for=\"nl6\"><input type=\"checkbox\" id=\"nl6\" name=\"nl[]\" value=\"1\"> Akcie \u201eMarie Sk\u0142odowska-Curie\u201c<\/label><\/div>\r\n<div class=\"tnp-field tnp-field-checkbox tnp-field-list\"><label for=\"nl7\"><input type=\"checkbox\" id=\"nl7\" name=\"nl[]\" value=\"2\"> EURATOM<\/label><\/div>\r\n<div class=\"tnp-field tnp-field-checkbox tnp-field-list\"><label for=\"nl8\"><input type=\"checkbox\" id=\"nl8\" name=\"nl[]\" value=\"3\"> Eur\u00f3pska rada pre inov\u00e1cie (EIC)<\/label><\/div>\r\n<div class=\"tnp-field tnp-field-checkbox tnp-field-list\"><label for=\"nl9\"><input type=\"checkbox\" id=\"nl9\" name=\"nl[]\" value=\"4\"> Eur\u00f3pska rada pre v\u00fdskum (ERC)<\/label><\/div>\r\n<div class=\"tnp-field tnp-field-checkbox tnp-field-list\"><label for=\"nl10\"><input type=\"checkbox\" id=\"nl10\" name=\"nl[]\" value=\"5\"> Eur\u00f3pske inova\u010dn\u00e9 ekosyst\u00e9my (EIE)<\/label><\/div>\r\n<div class=\"tnp-field tnp-field-checkbox tnp-field-list\"><label for=\"nl11\"><input type=\"checkbox\" id=\"nl11\" name=\"nl[]\" value=\"6\"> Eur\u00f3psky inova\u010dn\u00fd a technologick\u00fd in\u0161tit\u00fat (EIT)<\/label><\/div>\r\n<div class=\"tnp-field tnp-field-checkbox tnp-field-list\"><label for=\"nl12\"><input type=\"checkbox\" id=\"nl12\" name=\"nl[]\" value=\"7\"> Klaster 1: Zdravie<\/label><\/div>\r\n<div class=\"tnp-field tnp-field-checkbox tnp-field-list\"><label for=\"nl13\"><input type=\"checkbox\" id=\"nl13\" name=\"nl[]\" value=\"8\"> Klaster 2: Kult\u00fara, tvorivos\u0165 a inkluz\u00edvna spolo\u010dnos\u0165<\/label><\/div>\r\n<div class=\"tnp-field tnp-field-checkbox tnp-field-list\"><label for=\"nl14\"><input type=\"checkbox\" id=\"nl14\" name=\"nl[]\" value=\"9\"> Klaster 3: Civiln\u00e1 bezpe\u010dnos\u0165 pre spolo\u010dnos\u0165<\/label><\/div>\r\n<div class=\"tnp-field tnp-field-checkbox tnp-field-list\"><label for=\"nl15\"><input type=\"checkbox\" id=\"nl15\" name=\"nl[]\" value=\"10\"> Klaster 4: Digitaliz\u00e1cia, priemysel a vesm\u00edr<\/label><\/div>\r\n<div class=\"tnp-field tnp-field-checkbox tnp-field-list\"><label for=\"nl16\"><input type=\"checkbox\" id=\"nl16\" name=\"nl[]\" value=\"11\"> Klaster 5: Kl\u00edma, energetika a mobilita<\/label><\/div>\r\n<div class=\"tnp-field tnp-field-checkbox tnp-field-list\"><label for=\"nl17\"><input type=\"checkbox\" id=\"nl17\" name=\"nl[]\" value=\"12\"> Klaster 6: Potraviny, biohospod\u00e1rstvo, pr\u00edrodn\u00e9 zdroje, po\u013enohospod\u00e1rstvo a \u017eivotn\u00e9 prostredie<\/label><\/div>\r\n<div class=\"tnp-field tnp-field-checkbox tnp-field-list\"><label for=\"nl19\"><input type=\"checkbox\" id=\"nl19\" name=\"nl[]\" value=\"14\"> Pr\u00e1vne, finan\u010dn\u00e9 a etick\u00e9 ot\u00e1zky<\/label><\/div>\r\n<div class=\"tnp-field tnp-field-checkbox tnp-field-list\"><label for=\"nl20\"><input type=\"checkbox\" id=\"nl20\" name=\"nl[]\" value=\"15\"> Roz\u0161irovanie \u00fa\u010dasti a posilnenie Eur\u00f3pskeho v\u00fdskumn\u00e9ho priestoru<\/label><\/div>\r\n<div class=\"tnp-field tnp-field-checkbox tnp-field-list\"><label for=\"nl21\"><input type=\"checkbox\" id=\"nl21\" name=\"nl[]\" value=\"16\"> Spojen\u00e9 v\u00fdskumn\u00e9 centrum (JRC)<\/label><\/div>\r\n<div class=\"tnp-field tnp-field-checkbox tnp-field-list\"><label for=\"nl22\"><input type=\"checkbox\" id=\"nl22\" name=\"nl[]\" value=\"17\"> V\u00fdskumn\u00e9 infra\u0161trukt\u00fary<\/label><\/div>\r\n<div class=\"tnp-field tnp-field-checkbox tnp-field-list\"><label for=\"nl23\"><input type=\"checkbox\" id=\"nl23\" name=\"nl[]\" value=\"18\"> Misia E\u00da: Adapt\u00e1cia na zmenu kl\u00edmy<\/label><\/div>\r\n<div class=\"tnp-field tnp-field-checkbox tnp-field-list\"><label for=\"nl24\"><input type=\"checkbox\" id=\"nl24\" name=\"nl[]\" value=\"19\"> Misia E\u00da: Adapt\u00e1cia na zmenu kl\u00edmy (oblas\u0165: Spolo\u010densk\u00e9 transform\u00e1cie)<\/label><\/div>\r\n<div class=\"tnp-field tnp-field-checkbox tnp-field-list\"><label for=\"nl25\"><input type=\"checkbox\" id=\"nl25\" name=\"nl[]\" value=\"20\"> Misia E\u00da: Dohoda o p\u00f4de pre Eur\u00f3pu<\/label><\/div>\r\n<div class=\"tnp-field tnp-field-checkbox tnp-field-list\"><label for=\"nl26\"><input type=\"checkbox\" id=\"nl26\" name=\"nl[]\" value=\"21\"> Misia E\u00da: Klimaticky neutr\u00e1lne a inteligentn\u00e9 mest\u00e1<\/label><\/div>\r\n<div class=\"tnp-field tnp-field-checkbox tnp-field-list\"><label for=\"nl27\"><input type=\"checkbox\" id=\"nl27\" name=\"nl[]\" value=\"22\"> Misia E\u00da: Oce\u00e1n, moria a vody<\/label><\/div>\r\n<div class=\"tnp-field tnp-field-checkbox tnp-field-list\"><label for=\"nl28\"><input type=\"checkbox\" id=\"nl28\" name=\"nl[]\" value=\"23\"> Misia E\u00da: Rakovina<\/label><\/div>\r\n<div class=\"tnp-field tnp-field-checkbox tnp-field-list\"><label for=\"nl29\"><input type=\"checkbox\" id=\"nl29\" name=\"nl[]\" value=\"24\"> Partnerstv\u00e1: oblas\u0165 Digitaliz\u00e1cia, priemysel a vesm\u00edr<\/label><\/div>\r\n<div class=\"tnp-field tnp-field-checkbox tnp-field-list\"><label for=\"nl30\"><input type=\"checkbox\" id=\"nl30\" name=\"nl[]\" value=\"25\"> Partnerstv\u00e1: oblas\u0165 Kl\u00edma<\/label><\/div>\r\n<div class=\"tnp-field tnp-field-checkbox tnp-field-list\"><label for=\"nl31\"><input type=\"checkbox\" id=\"nl31\" name=\"nl[]\" value=\"26\"> Partnerstv\u00e1: oblas\u0165 Kl\u00edma, energetika a mobilita<\/label><\/div>\r\n<div class=\"tnp-field tnp-field-checkbox tnp-field-list\"><label for=\"nl32\"><input type=\"checkbox\" id=\"nl32\" name=\"nl[]\" value=\"27\"> Partnerstv\u00e1: oblas\u0165 Potraviny, biohospod\u00e1rstvo, pr\u00edrodn\u00e9 zdroje, po\u013enohospod\u00e1rstvo a \u017eivotn\u00e9 prostredie<\/label><\/div>\r\n<div class=\"tnp-field tnp-field-checkbox tnp-field-list\"><label for=\"nl33\"><input type=\"checkbox\" id=\"nl33\" name=\"nl[]\" value=\"28\"> Partnerstv\u00e1: oblas\u0165 Zdravie<\/label><\/div>\r\n<div class=\"tnp-field tnp-field-checkbox tnp-field-list\"><label for=\"nl34\"><input type=\"checkbox\" id=\"nl34\" name=\"nl[]\" value=\"29\"> Partnerstv\u00e1: Partnerstv\u00e1 naprie\u010d t\u00e9mami<\/label><\/div>\r\n<\/div><div  style=\"margin-top: 50px; font-weight: bold !important;\" class=\"tnp-field tnp-privacy-field\"><label><input type=\"checkbox\" name=\"ny\" required class=\"tnp-privacy\"> <strong> S\u00fahlas so spracovan\u00edm osobn\u00fdch \u00fadajov uveden\u00fdch <a href=\"https:\/\/eraportal.sk\/horizont-europa\/ochrana-osobnych-udajov-gdpr\/\" style=\"text-decoration: underline;\">tu ->(GDPR) <\/a><\/label><\/strong><\/div><div class=\"tnp-field tnp-field-button\"><input class=\"tnp-submit\" type=\"submit\" value=\"Odbera\u0165\" >\r\n<\/div>\r\n<\/form>\r\n<\/div>\r\n\t\t\t\t<\/div>\n\t\t\t\t<\/div>\n\t\t\t\t\t<\/div>\n\t\t\t\t<\/div>\n\t\t\t\t<\/div>\n\t\t","protected":false},"excerpt":{"rendered":"<p>Krstn\u00e9 meno Priezvisko Email Som Neur\u010den\u00e9WomanMan Akcie \u201eMarie Sk\u0142odowska-Curie\u201c EURATOM Eur\u00f3pska rada pre inov\u00e1cie (EIC) Eur\u00f3pska rada pre v\u00fdskum (ERC) Eur\u00f3pske inova\u010dn\u00e9 ekosyst\u00e9my (EIE) Eur\u00f3psky inova\u010dn\u00fd a technologick\u00fd in\u0161tit\u00fat (EIT) Klaster 1: Zdravie Klaster 2: Kult\u00fara, tvorivos\u0165 a inkluz\u00edvna spolo\u010dnos\u0165 Klaster 3: Civiln\u00e1 bezpe\u010dnos\u0165 pre spolo\u010dnos\u0165 Klaster 4: Digitaliz\u00e1cia, priemysel a vesm\u00edr Klaster 5: Kl\u00edma, [&hellip;]<\/p>\n","protected":false},"author":1,"featured_media":0,"parent":0,"menu_order":0,"comment_status":"closed","ping_status":"closed","template":"","meta":{"_acf_changed":false,"footnotes":""},"class_list":["post-84","page","type-page","status-publish","hentry"],"yoast_head":"<!-- This site is optimized with the Yoast SEO plugin v24.4 - https:\/\/yoast.com\/wordpress\/plugins\/seo\/ -->\n<title>Newsletter - Horizont Eur\u00f3pa<\/title>\n<meta name=\"robots\" content=\"index, follow, max-snippet:-1, max-image-preview:large, max-video-preview:-1\" \/>\n<link rel=\"canonical\" href=\"https:\/\/eraportal.sk\/horizont-europa\/prihlasit-sa-na-odber-noviniek\/\" \/>\n<meta property=\"og:locale\" content=\"sk_SK\" \/>\n<meta property=\"og:type\" content=\"article\" \/>\n<meta property=\"og:title\" content=\"Newsletter - Horizont Eur\u00f3pa\" \/>\n<meta property=\"og:description\" content=\"Krstn\u00e9 meno Priezvisko Email Som Neur\u010den\u00e9WomanMan Akcie \u201eMarie Sk\u0142odowska-Curie\u201c EURATOM Eur\u00f3pska rada pre inov\u00e1cie (EIC) Eur\u00f3pska rada pre v\u00fdskum (ERC) Eur\u00f3pske inova\u010dn\u00e9 ekosyst\u00e9my (EIE) Eur\u00f3psky inova\u010dn\u00fd a technologick\u00fd in\u0161tit\u00fat (EIT) Klaster 1: Zdravie Klaster 2: Kult\u00fara, tvorivos\u0165 a inkluz\u00edvna spolo\u010dnos\u0165 Klaster 3: Civiln\u00e1 bezpe\u010dnos\u0165 pre spolo\u010dnos\u0165 Klaster 4: Digitaliz\u00e1cia, priemysel a vesm\u00edr Klaster 5: Kl\u00edma, [&hellip;]\" \/>\n<meta property=\"og:url\" content=\"https:\/\/eraportal.sk\/horizont-europa\/prihlasit-sa-na-odber-noviniek\/\" \/>\n<meta property=\"og:site_name\" content=\"Horizont Eur\u00f3pa\" \/>\n<meta property=\"article:modified_time\" content=\"2024-09-05T16:38:01+00:00\" \/>\n<meta name=\"twitter:card\" content=\"summary_large_image\" \/>\n<meta name=\"twitter:label1\" content=\"Predpokladan\u00fd \u010das \u010d\u00edtania\" \/>\n\t<meta name=\"twitter:data1\" content=\"1 min\u00fata\" \/>\n<script type=\"application\/ld+json\" class=\"yoast-schema-graph\">{\"@context\":\"https:\/\/schema.org\",\"@graph\":[{\"@type\":\"WebPage\",\"@id\":\"https:\/\/eraportal.sk\/horizont-europa\/prihlasit-sa-na-odber-noviniek\/\",\"url\":\"https:\/\/eraportal.sk\/horizont-europa\/prihlasit-sa-na-odber-noviniek\/\",\"name\":\"Newsletter - Horizont Eur\u00f3pa\",\"isPartOf\":{\"@id\":\"https:\/\/eraportal.sk\/horizont-europa\/#website\"},\"datePublished\":\"2023-11-15T19:20:27+00:00\",\"dateModified\":\"2024-09-05T16:38:01+00:00\",\"breadcrumb\":{\"@id\":\"https:\/\/eraportal.sk\/horizont-europa\/prihlasit-sa-na-odber-noviniek\/#breadcrumb\"},\"inLanguage\":\"sk-SK\",\"potentialAction\":[{\"@type\":\"ReadAction\",\"target\":[\"https:\/\/eraportal.sk\/horizont-europa\/prihlasit-sa-na-odber-noviniek\/\"]}]},{\"@type\":\"BreadcrumbList\",\"@id\":\"https:\/\/eraportal.sk\/horizont-europa\/prihlasit-sa-na-odber-noviniek\/#breadcrumb\",\"itemListElement\":[{\"@type\":\"ListItem\",\"position\":1,\"name\":\"Domovsk\u00e1 str\u00e1nka\",\"item\":\"https:\/\/eraportal.sk\/horizont-europa\/\"},{\"@type\":\"ListItem\",\"position\":2,\"name\":\"Newsletter\"}]},{\"@type\":\"WebSite\",\"@id\":\"https:\/\/eraportal.sk\/horizont-europa\/#website\",\"url\":\"https:\/\/eraportal.sk\/horizont-europa\/\",\"name\":\"Horizont Eur\u00f3pa\",\"description\":\"\",\"publisher\":{\"@id\":\"https:\/\/eraportal.sk\/horizont-europa\/#organization\"},\"potentialAction\":[{\"@type\":\"SearchAction\",\"target\":{\"@type\":\"EntryPoint\",\"urlTemplate\":\"https:\/\/eraportal.sk\/horizont-europa\/?s={search_term_string}\"},\"query-input\":{\"@type\":\"PropertyValueSpecification\",\"valueRequired\":true,\"valueName\":\"search_term_string\"}}],\"inLanguage\":\"sk-SK\"},{\"@type\":\"Organization\",\"@id\":\"https:\/\/eraportal.sk\/horizont-europa\/#organization\",\"name\":\"Horizont Eur\u00f3pa\",\"url\":\"https:\/\/eraportal.sk\/horizont-europa\/\",\"logo\":{\"@type\":\"ImageObject\",\"inLanguage\":\"sk-SK\",\"@id\":\"https:\/\/eraportal.sk\/horizont-europa\/#\/schema\/logo\/image\/\",\"url\":\"https:\/\/eraportal.sk\/horizont-europa\/wp-content\/uploads\/sites\/4\/2024\/02\/Favicon_HEU.png\",\"contentUrl\":\"https:\/\/eraportal.sk\/horizont-europa\/wp-content\/uploads\/sites\/4\/2024\/02\/Favicon_HEU.png\",\"width\":512,\"height\":512,\"caption\":\"Horizont Eur\u00f3pa\"},\"image\":{\"@id\":\"https:\/\/eraportal.sk\/horizont-europa\/#\/schema\/logo\/image\/\"}}]}<\/script>\n<!-- \/ Yoast SEO plugin. -->","yoast_head_json":{"title":"Newsletter - Horizont Eur\u00f3pa","robots":{"index":"index","follow":"follow","max-snippet":"max-snippet:-1","max-image-preview":"max-image-preview:large","max-video-preview":"max-video-preview:-1"},"canonical":"https:\/\/eraportal.sk\/horizont-europa\/prihlasit-sa-na-odber-noviniek\/","og_locale":"sk_SK","og_type":"article","og_title":"Newsletter - Horizont Eur\u00f3pa","og_description":"Krstn\u00e9 meno Priezvisko Email Som Neur\u010den\u00e9WomanMan Akcie \u201eMarie Sk\u0142odowska-Curie\u201c EURATOM Eur\u00f3pska rada pre inov\u00e1cie (EIC) Eur\u00f3pska rada pre v\u00fdskum (ERC) Eur\u00f3pske inova\u010dn\u00e9 ekosyst\u00e9my (EIE) Eur\u00f3psky inova\u010dn\u00fd a technologick\u00fd in\u0161tit\u00fat (EIT) Klaster 1: Zdravie Klaster 2: Kult\u00fara, tvorivos\u0165 a inkluz\u00edvna spolo\u010dnos\u0165 Klaster 3: Civiln\u00e1 bezpe\u010dnos\u0165 pre spolo\u010dnos\u0165 Klaster 4: Digitaliz\u00e1cia, priemysel a vesm\u00edr Klaster 5: Kl\u00edma, [&hellip;]","og_url":"https:\/\/eraportal.sk\/horizont-europa\/prihlasit-sa-na-odber-noviniek\/","og_site_name":"Horizont Eur\u00f3pa","article_modified_time":"2024-09-05T16:38:01+00:00","twitter_card":"summary_large_image","twitter_misc":{"Predpokladan\u00fd \u010das \u010d\u00edtania":"1 min\u00fata"},"schema":{"@context":"https:\/\/schema.org","@graph":[{"@type":"WebPage","@id":"https:\/\/eraportal.sk\/horizont-europa\/prihlasit-sa-na-odber-noviniek\/","url":"https:\/\/eraportal.sk\/horizont-europa\/prihlasit-sa-na-odber-noviniek\/","name":"Newsletter - Horizont Eur\u00f3pa","isPartOf":{"@id":"https:\/\/eraportal.sk\/horizont-europa\/#website"},"datePublished":"2023-11-15T19:20:27+00:00","dateModified":"2024-09-05T16:38:01+00:00","breadcrumb":{"@id":"https:\/\/eraportal.sk\/horizont-europa\/prihlasit-sa-na-odber-noviniek\/#breadcrumb"},"inLanguage":"sk-SK","potentialAction":[{"@type":"ReadAction","target":["https:\/\/eraportal.sk\/horizont-europa\/prihlasit-sa-na-odber-noviniek\/"]}]},{"@type":"BreadcrumbList","@id":"https:\/\/eraportal.sk\/horizont-europa\/prihlasit-sa-na-odber-noviniek\/#breadcrumb","itemListElement":[{"@type":"ListItem","position":1,"name":"Domovsk\u00e1 str\u00e1nka","item":"https:\/\/eraportal.sk\/horizont-europa\/"},{"@type":"ListItem","position":2,"name":"Newsletter"}]},{"@type":"WebSite","@id":"https:\/\/eraportal.sk\/horizont-europa\/#website","url":"https:\/\/eraportal.sk\/horizont-europa\/","name":"Horizont Eur\u00f3pa","description":"","publisher":{"@id":"https:\/\/eraportal.sk\/horizont-europa\/#organization"},"potentialAction":[{"@type":"SearchAction","target":{"@type":"EntryPoint","urlTemplate":"https:\/\/eraportal.sk\/horizont-europa\/?s={search_term_string}"},"query-input":{"@type":"PropertyValueSpecification","valueRequired":true,"valueName":"search_term_string"}}],"inLanguage":"sk-SK"},{"@type":"Organization","@id":"https:\/\/eraportal.sk\/horizont-europa\/#organization","name":"Horizont Eur\u00f3pa","url":"https:\/\/eraportal.sk\/horizont-europa\/","logo":{"@type":"ImageObject","inLanguage":"sk-SK","@id":"https:\/\/eraportal.sk\/horizont-europa\/#\/schema\/logo\/image\/","url":"https:\/\/eraportal.sk\/horizont-europa\/wp-content\/uploads\/sites\/4\/2024\/02\/Favicon_HEU.png","contentUrl":"https:\/\/eraportal.sk\/horizont-europa\/wp-content\/uploads\/sites\/4\/2024\/02\/Favicon_HEU.png","width":512,"height":512,"caption":"Horizont Eur\u00f3pa"},"image":{"@id":"https:\/\/eraportal.sk\/horizont-europa\/#\/schema\/logo\/image\/"}}]}},"acf":[],"_links":{"self":[{"href":"https:\/\/eraportal.sk\/horizont-europa\/wp-json\/wp\/v2\/pages\/84","targetHints":{"allow":["GET"]}}],"collection":[{"href":"https:\/\/eraportal.sk\/horizont-europa\/wp-json\/wp\/v2\/pages"}],"about":[{"href":"https:\/\/eraportal.sk\/horizont-europa\/wp-json\/wp\/v2\/types\/page"}],"author":[{"embeddable":true,"href":"https:\/\/eraportal.sk\/horizont-europa\/wp-json\/wp\/v2\/users\/1"}],"replies":[{"embeddable":true,"href":"https:\/\/eraportal.sk\/horizont-europa\/wp-json\/wp\/v2\/comments?post=84"}],"version-history":[{"count":353,"href":"https:\/\/eraportal.sk\/horizont-europa\/wp-json\/wp\/v2\/pages\/84\/revisions"}],"predecessor-version":[{"id":24548,"href":"https:\/\/eraportal.sk\/horizont-europa\/wp-json\/wp\/v2\/pages\/84\/revisions\/24548"}],"wp:attachment":[{"href":"https:\/\/eraportal.sk\/horizont-europa\/wp-json\/wp\/v2\/media?parent=84"}],"curies":[{"name":"wp","href":"https:\/\/api.w.org\/{rel}","templated":true}]}}