    {"id":82,"date":"2023-11-15T20:20:05","date_gmt":"2023-11-15T19:20:05","guid":{"rendered":"https:\/\/eraportal.ecomcapsule.com\/demohorizont\/?page_id=82"},"modified":"2024-03-20T12:42:40","modified_gmt":"2024-03-20T11:42:40","slug":"aktualne-otvorene-vyzvy","status":"publish","type":"page","link":"https:\/\/eraportal.sk\/horizont-europa\/aktualne-otvorene-vyzvy\/","title":{"rendered":"Aktu\u00e1lne otvoren\u00e9 v\u00fdzvy"},"content":{"rendered":"\t\t<div data-elementor-type=\"wp-page\" data-elementor-id=\"82\" class=\"elementor elementor-82\" data-elementor-post-type=\"page\">\n\t\t\t\t<div class=\"elementor-element elementor-element-c002ab6 e-flex e-con-boxed e-con e-parent\" data-id=\"c002ab6\" data-element_type=\"container\">\n\t\t\t\t\t<div class=\"e-con-inner\">\n\t\t\t\t<div class=\"elementor-element elementor-element-78b2417 elementor-widget elementor-widget-shortcode\" data-id=\"78b2417\" data-element_type=\"widget\" data-widget_type=\"shortcode.default\">\n\t\t\t\t<div class=\"elementor-widget-container\">\n\t\t\t\t\t\t\t<div class=\"elementor-shortcode\"><form action=\"\/horizont-europa\/wp-json\/wp\/v2\/pages\/82\" method=\"get\">\n                    <label for=\"oblast_slord\">Vyberte Oblas\u0165:<\/label>\n                    <select id=\"oblast_slord\" name=\"oblast_slord\">\n                        <option value=\"\">V\u0161etky Oblasti<\/option><option value=\"akcie-marie-sklodowska-curie\" >Akcie &quot;Marie Sk\u0142odowska-Curie&quot;<\/option><option value=\"eticke-otazky\" >Etick\u00e9 ot\u00e1zky<\/option><option value=\"euratom\" >EURATOM<\/option><option value=\"europska-rada-pre-inovacie-eic\" >Eur\u00f3pska rada pre inov\u00e1cie (EIC)<\/option><option value=\"europska-rada-pre-vyskum-erc\" >Eur\u00f3pska rada pre v\u00fdskum (ERC)<\/option><option value=\"europske-inovacne-ekosystemy-eie\" >Eur\u00f3pske inova\u010dn\u00e9 ekosyst\u00e9my (EIE)<\/option><option value=\"europsky-inovacny-a-technologicky-institut-eit\" >Eur\u00f3psky inova\u010dn\u00fd a technologick\u00fd in\u0161tit\u00fat (EIT)<\/option><option value=\"financne-otazky\" >Finan\u010dn\u00e9 ot\u00e1zky<\/option><option value=\"horizont-europa\" >Horizont Eur\u00f3pa<\/option><option value=\"klaster-1-zdravie\" >Klaster 1: Zdravie<\/option><option value=\"klaster-2-kultura-tvorivost-a-inkluzivna-spolocnost\" >Klaster 2: Kult\u00fara; tvorivos\u0165 a inkluz\u00edvna spolo\u010dnos\u0165<\/option><option value=\"klaster-3-civilna-bezpecnost-pre-spolocnost\" >Klaster 3: Civiln\u00e1 bezpe\u010dnos\u0165 pre spolo\u010dnos\u0165<\/option><option value=\"klaster-4-digitalizacia-priemysel-a-vesmir\" >Klaster 4: Digitaliz\u00e1cia; priemysel a vesm\u00edr<\/option><option value=\"klaster-5-klima-energetika-a-mobilita\" >Klaster 5: Kl\u00edma; energetika a mobilita<\/option><option value=\"klaster-6-potraviny-biohospodarstvo-prirodne-zdroje-polnohospodarstvo-a-zivotne-prostredie\" >Klaster 6: Potraviny; biohospod\u00e1rstvo; pr\u00edrodn\u00e9 zdroje; po\u013enohospod\u00e1rstvo a \u017eivotn\u00e9 prostredie<\/option><option value=\"misia-eu-adaptacia-na-zmenu-klimy\" >Misia E\u00da: Adapt\u00e1cia na zmenu kl\u00edmy<\/option><option value=\"misia-eu-adaptacia-na-zmenu-klimy-oblast-spolocenske-transformacie\" >Misia E\u00da: Adapt\u00e1cia na zmenu kl\u00edmy (oblas\u0165: Spolo\u010densk\u00e9 transform\u00e1cie)<\/option><option value=\"misia-eu-dohoda-o-pode-pre-europu\" >Misia E\u00da: Dohoda o p\u00f4de pre Eur\u00f3pu<\/option><option value=\"misia-eu-klimaticky-neutralne-a-inteligentne-mesta\" >Misia E\u00da: Klimaticky neutr\u00e1lne a inteligentn\u00e9 mest\u00e1<\/option><option value=\"misia-eu-ocean-moria-a-vody\" >Misia E\u00da: Oce\u00e1n; moria a vody<\/option><option value=\"misia-eu-rakovina\" >Misia E\u00da: Rakovina<\/option><option value=\"misie\" >Misie<\/option><option value=\"nas-tip\" >N\u00e1\u0161 tip<\/option><option value=\"novy-europsky-bauhaus\" >Nov\u00fd eur\u00f3psky Bauhaus<\/option><option value=\"partnerstva-oblast-digitalizacia-priemysel-a-vesmir\" >Partnerstv\u00e1: oblas\u0165 Digitaliz\u00e1cia; priemysel a vesm\u00edr<\/option><option value=\"partnerstva-oblast-klima-energetika-a-mobilita\" >Partnerstv\u00e1: oblas\u0165 Kl\u00edma; energetika a mobilita<\/option><option value=\"partnerstva-oblast-potraviny\" >Partnerstv\u00e1: oblas\u0165 Potraviny<\/option><option value=\"partnerstva-oblast-potraviny-biohospodarstvo-prirodne-zdroje-polnohospodarstvo-a-zivotne-prostredie\" >Partnerstv\u00e1: oblas\u0165 Potraviny, biohospod\u00e1rstvo, pr\u00edrodn\u00e9 zdroje, po\u013enohospod\u00e1rstvo a \u017eivotn\u00e9 prostredie<\/option><option value=\"partnerstva-oblast-zdravie\" >Partnerstv\u00e1: oblas\u0165 Zdravie<\/option><option value=\"partnerstva-partnerstva-napriec-temami\" >Partnerstv\u00e1: Partnerstv\u00e1 naprie\u010d t\u00e9mami<\/option><option value=\"pravne-otazky\" >Pr\u00e1vne ot\u00e1zky<\/option><option value=\"prirodne-zdroje\" >pr\u00edrodn\u00e9 zdroje<\/option><option value=\"rozsirovanie-ucasti-a-posilnenie-europskeho-vyskumneho-priestoru\" >Roz\u0161irovanie \u00fa\u010dasti a posilnenie Eur\u00f3pskeho v\u00fdskumn\u00e9ho priestoru<\/option><option value=\"spolocne-vyskumne-centrum-jrc\" >Spolo\u010dn\u00e9 v\u00fdskumn\u00e9 centrum (JRC)<\/option><option value=\"vyskumne-infrastruktury\" >V\u00fdskumn\u00e9 infra\u0161trukt\u00fary<\/option><option value=\"widera\" >WIDERA<\/option>  <label for=\"search_term\" style=\"display: none;\">Vyh\u013ead\u00e1va\u0165:<\/label>\n        <input placeholder=\"H\u013eada\u0165\" type=\"text\" id=\"search_term\" name=\"search_term\" value=\"\"><\/select>\n                    \n                    <input type=\"submit\" name=\"event_filter_submit\" value=\"Pou\u017ei\u0165\">\n                    <a href=\"\/horizont-europa\/wp-json\/wp\/v2\/pages\/82\" class=\"reset-filter\">Obnovi\u0165 filtre<\/a>\n                 <\/form><\/div>\n\t\t\t\t\t\t<\/div>\n\t\t\t\t<\/div>\n\t\t\t\t\t<\/div>\n\t\t\t\t<\/div>\n\t\t<div class=\"elementor-element elementor-element-f3aeb77 e-flex e-con-boxed e-con e-parent\" data-id=\"f3aeb77\" data-element_type=\"container\">\n\t\t\t\t\t<div class=\"e-con-inner\">\n\t\t<div class=\"elementor-element elementor-element-f0527a6 e-con-full e-flex e-con e-child\" data-id=\"f0527a6\" data-element_type=\"container\">\n\t\t\t\t<div class=\"elementor-element elementor-element-d384bee elementor-widget elementor-widget-shortcode\" data-id=\"d384bee\" data-element_type=\"widget\" data-widget_type=\"shortcode.default\">\n\t\t\t\t<div class=\"elementor-widget-container\">\n\t\t\t\t\t\t\t<div class=\"elementor-shortcode\"><table class=\"vyzvy-table\"><thead><tr><th>Otvorenie<\/th><th>Uz\u00e1vierka<\/th><th>N\u00e1zov<\/th><th>Oblas\u0165 Horizontu<\/th><th>Status<\/th><\/tr><\/thead><tbody><tr><td>08.01.2026 00:00<\/td>\n                          <td>09.04.2026 17:00<\/td>\n                          <td><a href='https:\/\/eraportal.sk\/horizont-europa\/vyzva\/horizon-widera-2026-02-widening-01-twinning\/'>HORIZON-WIDERA-2026-02-WIDENING-01: Twinning<\/a><\/td>\n                          <td>Roz\u0161irovanie \u00fa\u010dasti a posilnenie Eur\u00f3pskeho v\u00fdskumn\u00e9ho priestoru, WIDERA<\/td>\n                          <td>Otvoren\u00e1<\/td><\/tr><tr><td>14.01.2026 00:00<\/td>\n                          <td>14.04.2026 17:00<\/td>\n                          <td><a href='https:\/\/eraportal.sk\/horizont-europa\/vyzva\/klaster-6-2-vyzva-2026\/'>Klaster 6 &#8211; 2. v\u00fdzva 2026<\/a><\/td>\n                          <td>Klaster 6: Potraviny, biohospod\u00e1rstvo, pr\u00edrodn\u00e9 zdroje, po\u013enohospod\u00e1rstvo a \u017eivotn\u00e9 prostredie<\/td>\n                          <td>Otvoren\u00e1<\/td><\/tr><tr><td>12.02.2026 00:00<\/td>\n                          <td>14.04.2026 17:00<\/td>\n                          <td><a href='https:\/\/eraportal.sk\/horizont-europa\/vyzva\/klaster-6-1-vyzva-2026-dvojfazova\/'>Klaster 6 &#8211; 1.  v\u00fdzva 2026 dvojf\u00e1zov\u00e1<\/a><\/td>\n                          <td>Klaster 6: Potraviny, biohospod\u00e1rstvo, pr\u00edrodn\u00e9 zdroje, po\u013enohospod\u00e1rstvo a \u017eivotn\u00e9 prostredie<\/td>\n                          <td>Otvoren\u00e1<\/td><\/tr><tr><td>12.02.2026 00:00<\/td>\n                          <td>14.04.2026 17:00<\/td>\n                          <td><a href='https:\/\/eraportal.sk\/horizont-europa\/vyzva\/klaster-6-2-vyzva-2026-dvojfazova\/'>Klaster 6 &#8211; 2.  v\u00fdzva 2026 dvojf\u00e1zov\u00e1<\/a><\/td>\n                          <td>Klaster 6: Potraviny, biohospod\u00e1rstvo, pr\u00edrodn\u00e9 zdroje, po\u013enohospod\u00e1rstvo a \u017eivotn\u00e9 prostredie<\/td>\n                          <td>Otvoren\u00e1<\/td><\/tr><tr><td>12.02.2026 00:00<\/td>\n                          <td>14.04.2026 17:00<\/td>\n                          <td><a href='https:\/\/eraportal.sk\/horizont-europa\/vyzva\/klaster-6-3-vyzva-2026-dvojfazova\/'>Klaster 6 &#8211; 3.  v\u00fdzva 2026 dvojf\u00e1zov\u00e1<\/a><\/td>\n                          <td>Klaster 6: Potraviny, biohospod\u00e1rstvo, pr\u00edrodn\u00e9 zdroje, po\u013enohospod\u00e1rstvo a \u017eivotn\u00e9 prostredie<\/td>\n                          <td>Otvoren\u00e1<\/td><\/tr><tr><td>18.12.2025 00:00<\/td>\n                          <td>14.04.2026 17:00<\/td>\n                          <td><a href='https:\/\/eraportal.sk\/horizont-europa\/vyzva\/horizon-cl5-2026-05-mobility\/'>HORIZON-CL5-2026-05 (MOBILITY)<\/a><\/td>\n                          <td>Klaster 5: Kl\u00edma, energetika a mobilita<\/td>\n                          <td>Otvoren\u00e1<\/td><\/tr><tr><td>18.12.2025 00:00<\/td>\n                          <td>14.04.2026 17:00<\/td>\n                          <td><a href='https:\/\/eraportal.sk\/horizont-europa\/vyzva\/horizon-cl5-2026-06-two-stage-mobility\/'>HORIZON-CL5-2026-06-Two-Stage (MOBILITY)<\/a><\/td>\n                          <td>Klaster 5: Kl\u00edma, energetika a mobilita<\/td>\n                          <td>Otvoren\u00e1<\/td><\/tr><tr><td>15.01.2026 17:00<\/td>\n                          <td>15.04.2026 17:00<\/td>\n                          <td><a href='https:\/\/eraportal.sk\/horizont-europa\/vyzva\/vyzva-horizon-cl4-2026-05-v-oblasti-digitalizacie-a-priemyslu-klaster-4\/'>V\u00fdzva HORIZON-CL4-2026-05 v oblasti digitaliz\u00e1cie a priemyslu (Klaster 4)<\/a><\/td>\n                          <td>Klaster 4: Digitaliz\u00e1cia, priemysel a vesm\u00edr<\/td>\n                          <td>Otvoren\u00e1<\/td><\/tr><tr><td>15.01.2026 00:00<\/td>\n                          <td>15.04.2026 17:00<\/td>\n                          <td><a href='https:\/\/eraportal.sk\/horizont-europa\/vyzva\/horizon-cl4-2026-04-15-tem-v-oblasti-digitalizacia\/'>HORIZON-CL4-2026-04: 15 t\u00e9m v oblasti Digitaliz\u00e1cia<\/a><\/td>\n                          <td>Klaster 4: Digitaliz\u00e1cia, priemysel a vesm\u00edr<\/td>\n                          <td>Otvoren\u00e1<\/td><\/tr><tr><td>15.01.2026 00:00<\/td>\n                          <td>15.04.2026 17:00<\/td>\n                          <td><a href='https:\/\/eraportal.sk\/horizont-europa\/vyzva\/horizon-cl4-2026-05-3-temy-v-oblasti-digitalizacia\/'>HORIZON-CL4-2026-05: 3 t\u00e9my v oblasti Digitaliz\u00e1cia<\/a><\/td>\n                          <td>Klaster 4: Digitaliz\u00e1cia, priemysel a vesm\u00edr<\/td>\n                          <td>Otvoren\u00e1<\/td><\/tr><\/tbody><\/table><div class=\"pagination\"><span aria-current=\"page\" class=\"page-numbers current\">1<\/span>\n<a class=\"page-numbers\" href=\"https:\/\/eraportal.sk\/horizont-europa\/wp-json\/wp\/v2\/pages\/82\/page\/2\/\">2<\/a>\n<a class=\"page-numbers\" href=\"https:\/\/eraportal.sk\/horizont-europa\/wp-json\/wp\/v2\/pages\/82\/page\/3\/\">3<\/a>\n<span class=\"page-numbers dots\">&hellip;<\/span>\n<a class=\"page-numbers\" href=\"https:\/\/eraportal.sk\/horizont-europa\/wp-json\/wp\/v2\/pages\/82\/page\/5\/\">5<\/a>\n<a class=\"next page-numbers\" href=\"https:\/\/eraportal.sk\/horizont-europa\/wp-json\/wp\/v2\/pages\/82\/page\/2\/\">\u010ealej &raquo;<\/a><\/div><\/div>\n\t\t\t\t\t\t<\/div>\n\t\t\t\t<\/div>\n\t\t\t\t<\/div>\n\t\t\t\t\t<\/div>\n\t\t\t\t<\/div>\n\t\t<div class=\"elementor-element elementor-element-c66c069 e-flex e-con-boxed e-con e-parent\" data-id=\"c66c069\" data-element_type=\"container\">\n\t\t\t\t\t<div class=\"e-con-inner\">\n\t\t\t\t<div class=\"elementor-element elementor-element-2b4b30a elementor-align-center elementor-widget elementor-widget-button\" data-id=\"2b4b30a\" data-element_type=\"widget\" data-widget_type=\"button.default\">\n\t\t\t\t<div class=\"elementor-widget-container\">\n\t\t\t\t\t\t\t\t\t<div class=\"elementor-button-wrapper\">\n\t\t\t\t\t<a class=\"elementor-button elementor-button-link elementor-size-sm\" href=\"https:\/\/eraportal.sk\/horizont-europa\/vyzvy-archiv\">\n\t\t\t\t\t\t<span class=\"elementor-button-content-wrapper\">\n\t\t\t\t\t\t\t\t\t<span class=\"elementor-button-text\">Arch\u00edv<\/span>\n\t\t\t\t\t<\/span>\n\t\t\t\t\t<\/a>\n\t\t\t\t<\/div>\n\t\t\t\t\t\t\t\t<\/div>\n\t\t\t\t<\/div>\n\t\t\t\t\t<\/div>\n\t\t\t\t<\/div>\n\t\t\t\t<\/div>\n\t\t","protected":false},"excerpt":{"rendered":"<p>Arch\u00edv<\/p>\n","protected":false},"author":1,"featured_media":0,"parent":0,"menu_order":0,"comment_status":"closed","ping_status":"closed","template":"","meta":{"_acf_changed":false,"footnotes":""},"class_list":["post-82","page","type-page","status-publish","hentry"],"yoast_head":"<!-- This site is optimized with the Yoast SEO plugin v24.4 - https:\/\/yoast.com\/wordpress\/plugins\/seo\/ -->\n<title>Aktu\u00e1lne otvoren\u00e9 v\u00fdzvy - Horizont Eur\u00f3pa<\/title>\n<meta name=\"robots\" content=\"index, follow, max-snippet:-1, max-image-preview:large, max-video-preview:-1\" \/>\n<link rel=\"canonical\" href=\"https:\/\/eraportal.sk\/horizont-europa\/aktualne-otvorene-vyzvy\/\" \/>\n<meta property=\"og:locale\" content=\"sk_SK\" \/>\n<meta property=\"og:type\" content=\"article\" \/>\n<meta property=\"og:title\" content=\"Aktu\u00e1lne otvoren\u00e9 v\u00fdzvy - Horizont Eur\u00f3pa\" \/>\n<meta property=\"og:description\" content=\"Arch\u00edv\" \/>\n<meta property=\"og:url\" content=\"https:\/\/eraportal.sk\/horizont-europa\/aktualne-otvorene-vyzvy\/\" \/>\n<meta property=\"og:site_name\" content=\"Horizont Eur\u00f3pa\" \/>\n<meta property=\"article:modified_time\" content=\"2024-03-20T11:42:40+00:00\" \/>\n<meta name=\"twitter:card\" content=\"summary_large_image\" \/>\n<script type=\"application\/ld+json\" class=\"yoast-schema-graph\">{\"@context\":\"https:\/\/schema.org\",\"@graph\":[{\"@type\":\"WebPage\",\"@id\":\"https:\/\/eraportal.sk\/horizont-europa\/aktualne-otvorene-vyzvy\/\",\"url\":\"https:\/\/eraportal.sk\/horizont-europa\/aktualne-otvorene-vyzvy\/\",\"name\":\"Aktu\u00e1lne otvoren\u00e9 v\u00fdzvy - Horizont Eur\u00f3pa\",\"isPartOf\":{\"@id\":\"https:\/\/eraportal.sk\/horizont-europa\/#website\"},\"datePublished\":\"2023-11-15T19:20:05+00:00\",\"dateModified\":\"2024-03-20T11:42:40+00:00\",\"breadcrumb\":{\"@id\":\"https:\/\/eraportal.sk\/horizont-europa\/aktualne-otvorene-vyzvy\/#breadcrumb\"},\"inLanguage\":\"sk-SK\",\"potentialAction\":[{\"@type\":\"ReadAction\",\"target\":[\"https:\/\/eraportal.sk\/horizont-europa\/aktualne-otvorene-vyzvy\/\"]}]},{\"@type\":\"BreadcrumbList\",\"@id\":\"https:\/\/eraportal.sk\/horizont-europa\/aktualne-otvorene-vyzvy\/#breadcrumb\",\"itemListElement\":[{\"@type\":\"ListItem\",\"position\":1,\"name\":\"Domovsk\u00e1 str\u00e1nka\",\"item\":\"https:\/\/eraportal.sk\/horizont-europa\/\"},{\"@type\":\"ListItem\",\"position\":2,\"name\":\"Aktu\u00e1lne otvoren\u00e9 v\u00fdzvy\"}]},{\"@type\":\"WebSite\",\"@id\":\"https:\/\/eraportal.sk\/horizont-europa\/#website\",\"url\":\"https:\/\/eraportal.sk\/horizont-europa\/\",\"name\":\"Horizont Eur\u00f3pa\",\"description\":\"\",\"publisher\":{\"@id\":\"https:\/\/eraportal.sk\/horizont-europa\/#organization\"},\"potentialAction\":[{\"@type\":\"SearchAction\",\"target\":{\"@type\":\"EntryPoint\",\"urlTemplate\":\"https:\/\/eraportal.sk\/horizont-europa\/?s={search_term_string}\"},\"query-input\":{\"@type\":\"PropertyValueSpecification\",\"valueRequired\":true,\"valueName\":\"search_term_string\"}}],\"inLanguage\":\"sk-SK\"},{\"@type\":\"Organization\",\"@id\":\"https:\/\/eraportal.sk\/horizont-europa\/#organization\",\"name\":\"Horizont Eur\u00f3pa\",\"url\":\"https:\/\/eraportal.sk\/horizont-europa\/\",\"logo\":{\"@type\":\"ImageObject\",\"inLanguage\":\"sk-SK\",\"@id\":\"https:\/\/eraportal.sk\/horizont-europa\/#\/schema\/logo\/image\/\",\"url\":\"https:\/\/eraportal.sk\/horizont-europa\/wp-content\/uploads\/sites\/4\/2024\/02\/Favicon_HEU.png\",\"contentUrl\":\"https:\/\/eraportal.sk\/horizont-europa\/wp-content\/uploads\/sites\/4\/2024\/02\/Favicon_HEU.png\",\"width\":512,\"height\":512,\"caption\":\"Horizont Eur\u00f3pa\"},\"image\":{\"@id\":\"https:\/\/eraportal.sk\/horizont-europa\/#\/schema\/logo\/image\/\"}}]}<\/script>\n<!-- \/ Yoast SEO plugin. -->","yoast_head_json":{"title":"Aktu\u00e1lne otvoren\u00e9 v\u00fdzvy - Horizont Eur\u00f3pa","robots":{"index":"index","follow":"follow","max-snippet":"max-snippet:-1","max-image-preview":"max-image-preview:large","max-video-preview":"max-video-preview:-1"},"canonical":"https:\/\/eraportal.sk\/horizont-europa\/aktualne-otvorene-vyzvy\/","og_locale":"sk_SK","og_type":"article","og_title":"Aktu\u00e1lne otvoren\u00e9 v\u00fdzvy - Horizont Eur\u00f3pa","og_description":"Arch\u00edv","og_url":"https:\/\/eraportal.sk\/horizont-europa\/aktualne-otvorene-vyzvy\/","og_site_name":"Horizont Eur\u00f3pa","article_modified_time":"2024-03-20T11:42:40+00:00","twitter_card":"summary_large_image","schema":{"@context":"https:\/\/schema.org","@graph":[{"@type":"WebPage","@id":"https:\/\/eraportal.sk\/horizont-europa\/aktualne-otvorene-vyzvy\/","url":"https:\/\/eraportal.sk\/horizont-europa\/aktualne-otvorene-vyzvy\/","name":"Aktu\u00e1lne otvoren\u00e9 v\u00fdzvy - Horizont Eur\u00f3pa","isPartOf":{"@id":"https:\/\/eraportal.sk\/horizont-europa\/#website"},"datePublished":"2023-11-15T19:20:05+00:00","dateModified":"2024-03-20T11:42:40+00:00","breadcrumb":{"@id":"https:\/\/eraportal.sk\/horizont-europa\/aktualne-otvorene-vyzvy\/#breadcrumb"},"inLanguage":"sk-SK","potentialAction":[{"@type":"ReadAction","target":["https:\/\/eraportal.sk\/horizont-europa\/aktualne-otvorene-vyzvy\/"]}]},{"@type":"BreadcrumbList","@id":"https:\/\/eraportal.sk\/horizont-europa\/aktualne-otvorene-vyzvy\/#breadcrumb","itemListElement":[{"@type":"ListItem","position":1,"name":"Domovsk\u00e1 str\u00e1nka","item":"https:\/\/eraportal.sk\/horizont-europa\/"},{"@type":"ListItem","position":2,"name":"Aktu\u00e1lne otvoren\u00e9 v\u00fdzvy"}]},{"@type":"WebSite","@id":"https:\/\/eraportal.sk\/horizont-europa\/#website","url":"https:\/\/eraportal.sk\/horizont-europa\/","name":"Horizont Eur\u00f3pa","description":"","publisher":{"@id":"https:\/\/eraportal.sk\/horizont-europa\/#organization"},"potentialAction":[{"@type":"SearchAction","target":{"@type":"EntryPoint","urlTemplate":"https:\/\/eraportal.sk\/horizont-europa\/?s={search_term_string}"},"query-input":{"@type":"PropertyValueSpecification","valueRequired":true,"valueName":"search_term_string"}}],"inLanguage":"sk-SK"},{"@type":"Organization","@id":"https:\/\/eraportal.sk\/horizont-europa\/#organization","name":"Horizont Eur\u00f3pa","url":"https:\/\/eraportal.sk\/horizont-europa\/","logo":{"@type":"ImageObject","inLanguage":"sk-SK","@id":"https:\/\/eraportal.sk\/horizont-europa\/#\/schema\/logo\/image\/","url":"https:\/\/eraportal.sk\/horizont-europa\/wp-content\/uploads\/sites\/4\/2024\/02\/Favicon_HEU.png","contentUrl":"https:\/\/eraportal.sk\/horizont-europa\/wp-content\/uploads\/sites\/4\/2024\/02\/Favicon_HEU.png","width":512,"height":512,"caption":"Horizont Eur\u00f3pa"},"image":{"@id":"https:\/\/eraportal.sk\/horizont-europa\/#\/schema\/logo\/image\/"}}]}},"acf":[],"_links":{"self":[{"href":"https:\/\/eraportal.sk\/horizont-europa\/wp-json\/wp\/v2\/pages\/82","targetHints":{"allow":["GET"]}}],"collection":[{"href":"https:\/\/eraportal.sk\/horizont-europa\/wp-json\/wp\/v2\/pages"}],"about":[{"href":"https:\/\/eraportal.sk\/horizont-europa\/wp-json\/wp\/v2\/types\/page"}],"author":[{"embeddable":true,"href":"https:\/\/eraportal.sk\/horizont-europa\/wp-json\/wp\/v2\/users\/1"}],"replies":[{"embeddable":true,"href":"https:\/\/eraportal.sk\/horizont-europa\/wp-json\/wp\/v2\/comments?post=82"}],"version-history":[{"count":60,"href":"https:\/\/eraportal.sk\/horizont-europa\/wp-json\/wp\/v2\/pages\/82\/revisions"}],"predecessor-version":[{"id":22643,"href":"https:\/\/eraportal.sk\/horizont-europa\/wp-json\/wp\/v2\/pages\/82\/revisions\/22643"}],"wp:attachment":[{"href":"https:\/\/eraportal.sk\/horizont-europa\/wp-json\/wp\/v2\/media?parent=82"}],"curies":[{"name":"wp","href":"https:\/\/api.w.org\/{rel}","templated":true}]}}