    {"id":634,"date":"2023-11-16T02:43:52","date_gmt":"2023-11-16T01:43:52","guid":{"rendered":"https:\/\/eraportal.ecomcapsule.com\/demohorizont\/?page_id=634"},"modified":"2025-03-10T13:50:44","modified_gmt":"2025-03-10T12:50:44","slug":"heu-misie-europsky-vyskumno-inovacne-partnerstva","status":"publish","type":"page","link":"https:\/\/eraportal.sk\/horizont-europa\/heu-globalne-vyzvy\/heu-misie\/heu-misie-europsky-vyskumno-inovacne-partnerstva\/","title":{"rendered":"Eur\u00f3pske partnerstv\u00e1"},"content":{"rendered":"\t\t<div data-elementor-type=\"wp-page\" data-elementor-id=\"634\" class=\"elementor elementor-634\" data-elementor-post-type=\"page\">\n\t\t\t\t<div class=\"elementor-element elementor-element-e5ba2d4 e-flex e-con-boxed e-con e-parent\" data-id=\"e5ba2d4\" data-element_type=\"container\">\n\t\t\t\t\t<div class=\"e-con-inner\">\n\t\t\t\t<div class=\"elementor-element elementor-element-c63efe8 elementor-widget elementor-widget-text-editor\" data-id=\"c63efe8\" data-element_type=\"widget\" data-widget_type=\"text-editor.default\">\n\t\t\t\t<div class=\"elementor-widget-container\">\n\t\t\t\t\t\t\t\t\t<h2><strong>Syst\u00e9m eur\u00f3pskej spolupr\u00e1ce prostredn\u00edctvom partnerstiev<\/strong><\/h2><p>K\u013e\u00fa\u010dovou novinkou\u00a0<a href=\"https:\/\/eraportal.sk\/horizont-europa\/heu-globalne-vyzvy\/heu-misie\/heu-misie-europsky-vyskumno-inovacne-partnerstva\/rozdelenie-partnerstiev\/\" target=\"_blank\" rel=\"noreferrer noopener\">programu Horizont Eur\u00f3pa<\/a>\u00a0je zavedenie nov\u00e9ho pr\u00edstupu k\u00a0eur\u00f3pskym partnerstv\u00e1m. Po prv\u00fdkr\u00e1t bude adoptovan\u00fd zjednocuj\u00faci politick\u00fd pr\u00edstup ku v\u0161etk\u00fdm typom partnerstiev, po\u010dn\u00fac od verejno-s\u00fakromn\u00fdch partnerstiev, cez ERA-NET, Spolo\u010dn\u00e9 technologick\u00e9 iniciat\u00edvy (JTIs), vlajkov\u00e9 projekty programu Bud\u00face a\u00a0vznikaj\u00face technol\u00f3gie (FET Flagships) a\u00a0dokonca aj znalostn\u00e9 a\u00a0inova\u010dn\u00e9 partnerstv\u00e1 EIT (EIT KICs), v\u0161etky<strong>\u00a0bud\u00fa nies\u0165 jednotn\u00fd n\u00e1zov: Eur\u00f3pske partnerstv\u00e1<\/strong>.<\/p><div class=\"wp-block-spacer\" aria-hidden=\"true\">\u00a0<\/div><h3><strong>Reforma syst\u00e9mu partnerstiev prebehla prostredn\u00edctvom 3 procesov:<\/strong><\/h3><p>1) zjednodu\u0161enie a\u00a0racionaliz\u00e1cia \u0161trukt\u00fary syst\u00e9mu partnerstiev;<\/p><p>2) vytvorenie s\u00fadr\u017en\u00e9ho \u017eivotn\u00e9ho cyklu partnerstiev;<\/p><p>3) preh\u013abenie strategickej orient\u00e1cie partnerstiev.<\/p><div class=\"wp-block-spacer\" aria-hidden=\"true\">\u00a0<\/div><h3><strong><a href=\"https:\/\/eraportal.sk\/horizont-europa\/heu-globalne-vyzvy\/heu-misie\/heu-misie-europsky-vyskumno-inovacne-partnerstva\/rozdelenie-partnerstiev\/\">Rozdelenie partnerstiev do 3 skup\u00edn<\/a>, pod\u013ea ktor\u00fdch sa bude rozli\u0161ova\u0165 ich vn\u00fatorn\u00e9 fungovanie.<\/strong><\/h3><p>Preh\u013ead partnerstiev rozdelen\u00fdch pod\u013ea tematick\u00fdch oblast\u00ed.<\/p>\t\t\t\t\t\t\t\t<\/div>\n\t\t\t\t<\/div>\n\t\t\t\t\t<\/div>\n\t\t\t\t<\/div>\n\t\t<div class=\"elementor-element elementor-element-bb01c65 e-flex e-con-boxed e-con e-parent\" data-id=\"bb01c65\" data-element_type=\"container\">\n\t\t\t\t\t<div class=\"e-con-inner\">\n\t\t\t\t<div class=\"elementor-element elementor-element-e535441 elementor-widget elementor-widget-spacer\" data-id=\"e535441\" data-element_type=\"widget\" data-widget_type=\"spacer.default\">\n\t\t\t\t<div class=\"elementor-widget-container\">\n\t\t\t\t\t\t\t<div class=\"elementor-spacer\">\n\t\t\t<div class=\"elementor-spacer-inner\"><\/div>\n\t\t<\/div>\n\t\t\t\t\t\t<\/div>\n\t\t\t\t<\/div>\n\t\t\t\t\t<\/div>\n\t\t\t\t<\/div>\n\t\t<a class=\"elementor-element elementor-element-5692fb4 e-flex e-con-boxed e-con e-parent\" data-id=\"5692fb4\" data-element_type=\"container\" href=\"https:\/\/eraportal.sk\/horizont-europa\/zdravie\/\">\n\t\t\t\t\t<div class=\"e-con-inner\">\n\t\t<div class=\"elementor-element elementor-element-b27d85e e-flex e-con-boxed e-con e-child\" data-id=\"b27d85e\" data-element_type=\"container\" data-settings=\"{&quot;background_background&quot;:&quot;classic&quot;}\">\n\t\t\t\t\t<div class=\"e-con-inner\">\n\t\t<div class=\"elementor-element elementor-element-6d8e991 e-con-full e-flex e-con e-child\" data-id=\"6d8e991\" data-element_type=\"container\" data-settings=\"{&quot;background_background&quot;:&quot;classic&quot;}\">\n\t\t\t\t<div class=\"elementor-element elementor-element-be76b6c elementor-view-default elementor-widget elementor-widget-icon\" data-id=\"be76b6c\" data-element_type=\"widget\" data-widget_type=\"icon.default\">\n\t\t\t\t<div class=\"elementor-widget-container\">\n\t\t\t\t\t\t\t<div class=\"elementor-icon-wrapper\">\n\t\t\t<div class=\"elementor-icon\">\n\t\t\t<i aria-hidden=\"true\" class=\"icon icon-valentines-heart\"><\/i>\t\t\t<\/div>\n\t\t<\/div>\n\t\t\t\t\t\t<\/div>\n\t\t\t\t<\/div>\n\t\t\t\t<\/div>\n\t\t<div class=\"elementor-element elementor-element-ea6b007 e-flex e-con-boxed e-con e-child\" data-id=\"ea6b007\" data-element_type=\"container\">\n\t\t\t\t\t<div class=\"e-con-inner\">\n\t\t\t\t<div class=\"elementor-element elementor-element-4f771e3 elementor-widget elementor-widget-heading\" data-id=\"4f771e3\" data-element_type=\"widget\" data-widget_type=\"heading.default\">\n\t\t\t\t<div class=\"elementor-widget-container\">\n\t\t\t\t\t<h2 class=\"elementor-heading-title elementor-size-default\">Zdravie<\/h2>\t\t\t\t<\/div>\n\t\t\t\t<\/div>\n\t\t\t\t\t<\/div>\n\t\t\t\t<\/div>\n\t\t\t\t\t<\/div>\n\t\t\t\t<\/div>\n\t\t\t\t\t<\/div>\n\t\t\t\t<\/a>\n\t\t<a class=\"elementor-element elementor-element-2f61c21 e-flex e-con-boxed e-con e-parent\" data-id=\"2f61c21\" data-element_type=\"container\" href=\"https:\/\/eraportal.sk\/horizont-europa\/digitalizacia-priemysel-a-vesmir\/\">\n\t\t\t\t\t<div class=\"e-con-inner\">\n\t\t<div class=\"elementor-element elementor-element-6136fd7 e-flex e-con-boxed e-con e-child\" data-id=\"6136fd7\" data-element_type=\"container\" data-settings=\"{&quot;background_background&quot;:&quot;classic&quot;}\">\n\t\t\t\t\t<div class=\"e-con-inner\">\n\t\t<div class=\"elementor-element elementor-element-4544933 e-con-full e-flex e-con e-child\" data-id=\"4544933\" data-element_type=\"container\" data-settings=\"{&quot;background_background&quot;:&quot;classic&quot;}\">\n\t\t\t\t<div class=\"elementor-element elementor-element-ea17179 elementor-view-default elementor-widget elementor-widget-icon\" data-id=\"ea17179\" data-element_type=\"widget\" data-widget_type=\"icon.default\">\n\t\t\t\t<div class=\"elementor-widget-container\">\n\t\t\t\t\t\t\t<div class=\"elementor-icon-wrapper\">\n\t\t\t<div class=\"elementor-icon\">\n\t\t\t<svg aria-hidden=\"true\" class=\"e-font-icon-svg e-fas-microchip\" viewBox=\"0 0 512 512\" xmlns=\"http:\/\/www.w3.org\/2000\/svg\"><path d=\"M416 48v416c0 26.51-21.49 48-48 48H144c-26.51 0-48-21.49-48-48V48c0-26.51 21.49-48 48-48h224c26.51 0 48 21.49 48 48zm96 58v12a6 6 0 0 1-6 6h-18v6a6 6 0 0 1-6 6h-42V88h42a6 6 0 0 1 6 6v6h18a6 6 0 0 1 6 6zm0 96v12a6 6 0 0 1-6 6h-18v6a6 6 0 0 1-6 6h-42v-48h42a6 6 0 0 1 6 6v6h18a6 6 0 0 1 6 6zm0 96v12a6 6 0 0 1-6 6h-18v6a6 6 0 0 1-6 6h-42v-48h42a6 6 0 0 1 6 6v6h18a6 6 0 0 1 6 6zm0 96v12a6 6 0 0 1-6 6h-18v6a6 6 0 0 1-6 6h-42v-48h42a6 6 0 0 1 6 6v6h18a6 6 0 0 1 6 6zM30 376h42v48H30a6 6 0 0 1-6-6v-6H6a6 6 0 0 1-6-6v-12a6 6 0 0 1 6-6h18v-6a6 6 0 0 1 6-6zm0-96h42v48H30a6 6 0 0 1-6-6v-6H6a6 6 0 0 1-6-6v-12a6 6 0 0 1 6-6h18v-6a6 6 0 0 1 6-6zm0-96h42v48H30a6 6 0 0 1-6-6v-6H6a6 6 0 0 1-6-6v-12a6 6 0 0 1 6-6h18v-6a6 6 0 0 1 6-6zm0-96h42v48H30a6 6 0 0 1-6-6v-6H6a6 6 0 0 1-6-6v-12a6 6 0 0 1 6-6h18v-6a6 6 0 0 1 6-6z\"><\/path><\/svg>\t\t\t<\/div>\n\t\t<\/div>\n\t\t\t\t\t\t<\/div>\n\t\t\t\t<\/div>\n\t\t\t\t<\/div>\n\t\t<div class=\"elementor-element elementor-element-e474fc9 e-flex e-con-boxed e-con e-child\" data-id=\"e474fc9\" data-element_type=\"container\">\n\t\t\t\t\t<div class=\"e-con-inner\">\n\t\t\t\t<div class=\"elementor-element elementor-element-a655f75 elementor-widget elementor-widget-heading\" data-id=\"a655f75\" data-element_type=\"widget\" data-widget_type=\"heading.default\">\n\t\t\t\t<div class=\"elementor-widget-container\">\n\t\t\t\t\t<h2 class=\"elementor-heading-title elementor-size-default\">Digitaliz\u00e1cia, priemysel a vesm\u00edr<\/h2>\t\t\t\t<\/div>\n\t\t\t\t<\/div>\n\t\t\t\t\t<\/div>\n\t\t\t\t<\/div>\n\t\t\t\t\t<\/div>\n\t\t\t\t<\/div>\n\t\t\t\t\t<\/div>\n\t\t\t\t<\/a>\n\t\t<a class=\"elementor-element elementor-element-67ad32b e-flex e-con-boxed e-con e-parent\" data-id=\"67ad32b\" data-element_type=\"container\" href=\"https:\/\/eraportal.sk\/horizont-europa\/klima-energetika-a-mobilita\/\">\n\t\t\t\t\t<div class=\"e-con-inner\">\n\t\t<div class=\"elementor-element elementor-element-25c84bc e-flex e-con-boxed e-con e-child\" data-id=\"25c84bc\" data-element_type=\"container\" data-settings=\"{&quot;background_background&quot;:&quot;classic&quot;}\">\n\t\t\t\t\t<div class=\"e-con-inner\">\n\t\t<div class=\"elementor-element elementor-element-48aa3e1 e-con-full e-flex e-con e-child\" data-id=\"48aa3e1\" data-element_type=\"container\" data-settings=\"{&quot;background_background&quot;:&quot;classic&quot;}\">\n\t\t\t\t<div class=\"elementor-element elementor-element-5df880f elementor-view-default elementor-widget elementor-widget-icon\" data-id=\"5df880f\" data-element_type=\"widget\" data-widget_type=\"icon.default\">\n\t\t\t\t<div class=\"elementor-widget-container\">\n\t\t\t\t\t\t\t<div class=\"elementor-icon-wrapper\">\n\t\t\t<div class=\"elementor-icon\">\n\t\t\t<svg aria-hidden=\"true\" class=\"e-font-icon-svg e-fas-temperature-low\" viewBox=\"0 0 512 512\" xmlns=\"http:\/\/www.w3.org\/2000\/svg\"><path d=\"M416 0c-52.9 0-96 43.1-96 96s43.1 96 96 96 96-43.1 96-96-43.1-96-96-96zm0 128c-17.7 0-32-14.3-32-32s14.3-32 32-32 32 14.3 32 32-14.3 32-32 32zm-160-16C256 50.1 205.9 0 144 0S32 50.1 32 112v166.5C12.3 303.2 0 334 0 368c0 79.5 64.5 144 144 144s144-64.5 144-144c0-34-12.3-64.9-32-89.5V112zM144 448c-44.1 0-80-35.9-80-80 0-25.5 12.2-48.9 32-63.8V112c0-26.5 21.5-48 48-48s48 21.5 48 48v192.2c19.8 14.8 32 38.3 32 63.8 0 44.1-35.9 80-80 80zm16-125.1V304c0-8.8-7.2-16-16-16s-16 7.2-16 16v18.9c-18.6 6.6-32 24.2-32 45.1 0 26.5 21.5 48 48 48s48-21.5 48-48c0-20.9-13.4-38.5-32-45.1z\"><\/path><\/svg>\t\t\t<\/div>\n\t\t<\/div>\n\t\t\t\t\t\t<\/div>\n\t\t\t\t<\/div>\n\t\t\t\t<\/div>\n\t\t<div class=\"elementor-element elementor-element-117de66 e-flex e-con-boxed e-con e-child\" data-id=\"117de66\" data-element_type=\"container\">\n\t\t\t\t\t<div class=\"e-con-inner\">\n\t\t\t\t<div class=\"elementor-element elementor-element-d26cc93 elementor-widget elementor-widget-heading\" data-id=\"d26cc93\" data-element_type=\"widget\" data-widget_type=\"heading.default\">\n\t\t\t\t<div class=\"elementor-widget-container\">\n\t\t\t\t\t<h2 class=\"elementor-heading-title elementor-size-default\">Kl\u00edma, energetika a mobilita<\/h2>\t\t\t\t<\/div>\n\t\t\t\t<\/div>\n\t\t\t\t\t<\/div>\n\t\t\t\t<\/div>\n\t\t\t\t\t<\/div>\n\t\t\t\t<\/div>\n\t\t\t\t\t<\/div>\n\t\t\t\t<\/a>\n\t\t<a class=\"elementor-element elementor-element-88d526b e-flex e-con-boxed e-con e-parent\" data-id=\"88d526b\" data-element_type=\"container\" href=\"https:\/\/eraportal.sk\/horizont-europa\/heu-potraviny-biohospodarstvo-prirodne-zdroje-polnohospodarstvo-a-zivotne-prostredie\/\">\n\t\t\t\t\t<div class=\"e-con-inner\">\n\t\t<div class=\"elementor-element elementor-element-d06fd6d e-flex e-con-boxed e-con e-child\" data-id=\"d06fd6d\" data-element_type=\"container\" data-settings=\"{&quot;background_background&quot;:&quot;classic&quot;}\">\n\t\t\t\t\t<div class=\"e-con-inner\">\n\t\t<div class=\"elementor-element elementor-element-ccd6552 e-con-full e-flex e-con e-child\" data-id=\"ccd6552\" data-element_type=\"container\" data-settings=\"{&quot;background_background&quot;:&quot;classic&quot;}\">\n\t\t\t\t<div class=\"elementor-element elementor-element-e5801df elementor-view-default elementor-widget elementor-widget-icon\" data-id=\"e5801df\" data-element_type=\"widget\" data-widget_type=\"icon.default\">\n\t\t\t\t<div class=\"elementor-widget-container\">\n\t\t\t\t\t\t\t<div class=\"elementor-icon-wrapper\">\n\t\t\t<div class=\"elementor-icon\">\n\t\t\t<svg aria-hidden=\"true\" class=\"e-font-icon-svg e-fas-tree\" viewBox=\"0 0 384 512\" xmlns=\"http:\/\/www.w3.org\/2000\/svg\"><path d=\"M378.31 378.49L298.42 288h30.63c9.01 0 16.98-5 20.78-13.06 3.8-8.04 2.55-17.26-3.28-24.05L268.42 160h28.89c9.1 0 17.3-5.35 20.86-13.61 3.52-8.13 1.86-17.59-4.24-24.08L203.66 4.83c-6.03-6.45-17.28-6.45-23.32 0L70.06 122.31c-6.1 6.49-7.75 15.95-4.24 24.08C69.38 154.65 77.59 160 86.69 160h28.89l-78.14 90.91c-5.81 6.78-7.06 15.99-3.27 24.04C37.97 283 45.93 288 54.95 288h30.63L5.69 378.49c-6 6.79-7.36 16.09-3.56 24.26 3.75 8.05 12 13.25 21.01 13.25H160v24.45l-30.29 48.4c-5.32 10.64 2.42 23.16 14.31 23.16h95.96c11.89 0 19.63-12.52 14.31-23.16L224 440.45V416h136.86c9.01 0 17.26-5.2 21.01-13.25 3.8-8.17 2.44-17.47-3.56-24.26z\"><\/path><\/svg>\t\t\t<\/div>\n\t\t<\/div>\n\t\t\t\t\t\t<\/div>\n\t\t\t\t<\/div>\n\t\t\t\t<\/div>\n\t\t<div class=\"elementor-element elementor-element-6c2a548 e-flex e-con-boxed e-con e-child\" data-id=\"6c2a548\" data-element_type=\"container\">\n\t\t\t\t\t<div class=\"e-con-inner\">\n\t\t\t\t<div class=\"elementor-element elementor-element-9e01f22 elementor-widget elementor-widget-heading\" data-id=\"9e01f22\" data-element_type=\"widget\" data-widget_type=\"heading.default\">\n\t\t\t\t<div class=\"elementor-widget-container\">\n\t\t\t\t\t<h2 class=\"elementor-heading-title elementor-size-default\">Potraviny, biohospod\u00e1rstvo, pr\u00edrodn\u00e9 zdroje, po\u013enohospod\u00e1rstvo a \u017eivotn\u00e9 prostredie<\/h2>\t\t\t\t<\/div>\n\t\t\t\t<\/div>\n\t\t\t\t\t<\/div>\n\t\t\t\t<\/div>\n\t\t\t\t\t<\/div>\n\t\t\t\t<\/div>\n\t\t\t\t\t<\/div>\n\t\t\t\t<\/a>\n\t\t<a class=\"elementor-element elementor-element-31ba68b e-flex e-con-boxed e-con e-parent\" data-id=\"31ba68b\" data-element_type=\"container\" href=\"https:\/\/eraportal.sk\/horizont-europa\/partnerstva-napriec-temami\/\">\n\t\t\t\t\t<div class=\"e-con-inner\">\n\t\t<div class=\"elementor-element elementor-element-941b918 e-flex e-con-boxed e-con e-child\" data-id=\"941b918\" data-element_type=\"container\" data-settings=\"{&quot;background_background&quot;:&quot;classic&quot;}\">\n\t\t\t\t\t<div class=\"e-con-inner\">\n\t\t<div class=\"elementor-element elementor-element-e667b68 e-con-full e-flex e-con e-child\" data-id=\"e667b68\" data-element_type=\"container\" data-settings=\"{&quot;background_background&quot;:&quot;classic&quot;}\">\n\t\t\t\t<div class=\"elementor-element elementor-element-c2a1976 elementor-view-default elementor-widget elementor-widget-icon\" data-id=\"c2a1976\" data-element_type=\"widget\" data-widget_type=\"icon.default\">\n\t\t\t\t<div class=\"elementor-widget-container\">\n\t\t\t\t\t\t\t<div class=\"elementor-icon-wrapper\">\n\t\t\t<div class=\"elementor-icon\">\n\t\t\t<i aria-hidden=\"true\" class=\"icon icon-settings-2\"><\/i>\t\t\t<\/div>\n\t\t<\/div>\n\t\t\t\t\t\t<\/div>\n\t\t\t\t<\/div>\n\t\t\t\t<\/div>\n\t\t<div class=\"elementor-element elementor-element-2f55f81 e-flex e-con-boxed e-con e-child\" data-id=\"2f55f81\" data-element_type=\"container\">\n\t\t\t\t\t<div class=\"e-con-inner\">\n\t\t\t\t<div class=\"elementor-element elementor-element-2124859 elementor-widget elementor-widget-heading\" data-id=\"2124859\" data-element_type=\"widget\" data-widget_type=\"heading.default\">\n\t\t\t\t<div class=\"elementor-widget-container\">\n\t\t\t\t\t<h2 class=\"elementor-heading-title elementor-size-default\">Partnerstv\u00e1 naprie\u010d t\u00e9mami<\/h2>\t\t\t\t<\/div>\n\t\t\t\t<\/div>\n\t\t\t\t\t<\/div>\n\t\t\t\t<\/div>\n\t\t\t\t\t<\/div>\n\t\t\t\t<\/div>\n\t\t\t\t\t<\/div>\n\t\t\t\t<\/a>\n\t\t\t\t<\/div>\n\t\t","protected":false},"excerpt":{"rendered":"<p>Syst\u00e9m eur\u00f3pskej spolupr\u00e1ce prostredn\u00edctvom partnerstiev K\u013e\u00fa\u010dovou novinkou\u00a0programu Horizont Eur\u00f3pa\u00a0je zavedenie nov\u00e9ho pr\u00edstupu k\u00a0eur\u00f3pskym partnerstv\u00e1m. Po prv\u00fdkr\u00e1t bude adoptovan\u00fd zjednocuj\u00faci politick\u00fd pr\u00edstup ku v\u0161etk\u00fdm typom partnerstiev, po\u010dn\u00fac od verejno-s\u00fakromn\u00fdch partnerstiev, cez ERA-NET, Spolo\u010dn\u00e9 technologick\u00e9 iniciat\u00edvy (JTIs), vlajkov\u00e9 projekty programu Bud\u00face a\u00a0vznikaj\u00face technol\u00f3gie (FET Flagships) a\u00a0dokonca aj znalostn\u00e9 a\u00a0inova\u010dn\u00e9 partnerstv\u00e1 EIT (EIT KICs), v\u0161etky\u00a0bud\u00fa nies\u0165 jednotn\u00fd n\u00e1zov: [&hellip;]<\/p>\n","protected":false},"author":1,"featured_media":0,"parent":628,"menu_order":0,"comment_status":"closed","ping_status":"closed","template":"","meta":{"_acf_changed":false,"footnotes":""},"class_list":["post-634","page","type-page","status-publish","hentry"],"yoast_head":"<!-- This site is optimized with the Yoast SEO plugin v24.4 - https:\/\/yoast.com\/wordpress\/plugins\/seo\/ -->\n<title>Eur\u00f3pske partnerstv\u00e1 - Horizont Eur\u00f3pa<\/title>\n<meta name=\"robots\" content=\"index, follow, max-snippet:-1, max-image-preview:large, max-video-preview:-1\" \/>\n<link rel=\"canonical\" href=\"https:\/\/eraportal.sk\/horizont-europa\/heu-globalne-vyzvy\/heu-misie\/heu-misie-europsky-vyskumno-inovacne-partnerstva\/\" \/>\n<meta property=\"og:locale\" content=\"sk_SK\" \/>\n<meta property=\"og:type\" content=\"article\" \/>\n<meta property=\"og:title\" content=\"Eur\u00f3pske partnerstv\u00e1 - Horizont Eur\u00f3pa\" \/>\n<meta property=\"og:description\" content=\"Syst\u00e9m eur\u00f3pskej spolupr\u00e1ce prostredn\u00edctvom partnerstiev K\u013e\u00fa\u010dovou novinkou\u00a0programu Horizont Eur\u00f3pa\u00a0je zavedenie nov\u00e9ho pr\u00edstupu k\u00a0eur\u00f3pskym partnerstv\u00e1m. Po prv\u00fdkr\u00e1t bude adoptovan\u00fd zjednocuj\u00faci politick\u00fd pr\u00edstup ku v\u0161etk\u00fdm typom partnerstiev, po\u010dn\u00fac od verejno-s\u00fakromn\u00fdch partnerstiev, cez ERA-NET, Spolo\u010dn\u00e9 technologick\u00e9 iniciat\u00edvy (JTIs), vlajkov\u00e9 projekty programu Bud\u00face a\u00a0vznikaj\u00face technol\u00f3gie (FET Flagships) a\u00a0dokonca aj znalostn\u00e9 a\u00a0inova\u010dn\u00e9 partnerstv\u00e1 EIT (EIT KICs), v\u0161etky\u00a0bud\u00fa nies\u0165 jednotn\u00fd n\u00e1zov: [&hellip;]\" \/>\n<meta property=\"og:url\" content=\"https:\/\/eraportal.sk\/horizont-europa\/heu-globalne-vyzvy\/heu-misie\/heu-misie-europsky-vyskumno-inovacne-partnerstva\/\" \/>\n<meta property=\"og:site_name\" content=\"Horizont Eur\u00f3pa\" \/>\n<meta property=\"article:modified_time\" content=\"2025-03-10T12:50:44+00:00\" \/>\n<meta name=\"twitter:card\" content=\"summary_large_image\" \/>\n<meta name=\"twitter:label1\" content=\"Predpokladan\u00fd \u010das \u010d\u00edtania\" \/>\n\t<meta name=\"twitter:data1\" content=\"1 min\u00fata\" \/>\n<script type=\"application\/ld+json\" class=\"yoast-schema-graph\">{\"@context\":\"https:\/\/schema.org\",\"@graph\":[{\"@type\":\"WebPage\",\"@id\":\"https:\/\/eraportal.sk\/horizont-europa\/heu-globalne-vyzvy\/heu-misie\/heu-misie-europsky-vyskumno-inovacne-partnerstva\/\",\"url\":\"https:\/\/eraportal.sk\/horizont-europa\/heu-globalne-vyzvy\/heu-misie\/heu-misie-europsky-vyskumno-inovacne-partnerstva\/\",\"name\":\"Eur\u00f3pske partnerstv\u00e1 - Horizont Eur\u00f3pa\",\"isPartOf\":{\"@id\":\"https:\/\/eraportal.sk\/horizont-europa\/#website\"},\"datePublished\":\"2023-11-16T01:43:52+00:00\",\"dateModified\":\"2025-03-10T12:50:44+00:00\",\"breadcrumb\":{\"@id\":\"https:\/\/eraportal.sk\/horizont-europa\/heu-globalne-vyzvy\/heu-misie\/heu-misie-europsky-vyskumno-inovacne-partnerstva\/#breadcrumb\"},\"inLanguage\":\"sk-SK\",\"potentialAction\":[{\"@type\":\"ReadAction\",\"target\":[\"https:\/\/eraportal.sk\/horizont-europa\/heu-globalne-vyzvy\/heu-misie\/heu-misie-europsky-vyskumno-inovacne-partnerstva\/\"]}]},{\"@type\":\"BreadcrumbList\",\"@id\":\"https:\/\/eraportal.sk\/horizont-europa\/heu-globalne-vyzvy\/heu-misie\/heu-misie-europsky-vyskumno-inovacne-partnerstva\/#breadcrumb\",\"itemListElement\":[{\"@type\":\"ListItem\",\"position\":1,\"name\":\"Domovsk\u00e1 str\u00e1nka\",\"item\":\"https:\/\/eraportal.sk\/horizont-europa\/\"},{\"@type\":\"ListItem\",\"position\":2,\"name\":\"Glob\u00e1lne v\u00fdzvy a konkurencieschopnos\u0165 eur\u00f3pskeho priemyslu\",\"item\":\"https:\/\/eraportal.sk\/horizont-europa\/heu-globalne-vyzvy\/\"},{\"@type\":\"ListItem\",\"position\":3,\"name\":\"Misie E\u00da\",\"item\":\"https:\/\/eraportal.sk\/horizont-europa\/heu-globalne-vyzvy\/heu-misie\/\"},{\"@type\":\"ListItem\",\"position\":4,\"name\":\"Eur\u00f3pske partnerstv\u00e1\"}]},{\"@type\":\"WebSite\",\"@id\":\"https:\/\/eraportal.sk\/horizont-europa\/#website\",\"url\":\"https:\/\/eraportal.sk\/horizont-europa\/\",\"name\":\"Horizont Eur\u00f3pa\",\"description\":\"\",\"publisher\":{\"@id\":\"https:\/\/eraportal.sk\/horizont-europa\/#organization\"},\"potentialAction\":[{\"@type\":\"SearchAction\",\"target\":{\"@type\":\"EntryPoint\",\"urlTemplate\":\"https:\/\/eraportal.sk\/horizont-europa\/?s={search_term_string}\"},\"query-input\":{\"@type\":\"PropertyValueSpecification\",\"valueRequired\":true,\"valueName\":\"search_term_string\"}}],\"inLanguage\":\"sk-SK\"},{\"@type\":\"Organization\",\"@id\":\"https:\/\/eraportal.sk\/horizont-europa\/#organization\",\"name\":\"Horizont Eur\u00f3pa\",\"url\":\"https:\/\/eraportal.sk\/horizont-europa\/\",\"logo\":{\"@type\":\"ImageObject\",\"inLanguage\":\"sk-SK\",\"@id\":\"https:\/\/eraportal.sk\/horizont-europa\/#\/schema\/logo\/image\/\",\"url\":\"https:\/\/eraportal.sk\/horizont-europa\/wp-content\/uploads\/sites\/4\/2024\/02\/Favicon_HEU.png\",\"contentUrl\":\"https:\/\/eraportal.sk\/horizont-europa\/wp-content\/uploads\/sites\/4\/2024\/02\/Favicon_HEU.png\",\"width\":512,\"height\":512,\"caption\":\"Horizont Eur\u00f3pa\"},\"image\":{\"@id\":\"https:\/\/eraportal.sk\/horizont-europa\/#\/schema\/logo\/image\/\"}}]}<\/script>\n<!-- \/ Yoast SEO plugin. -->","yoast_head_json":{"title":"Eur\u00f3pske partnerstv\u00e1 - Horizont Eur\u00f3pa","robots":{"index":"index","follow":"follow","max-snippet":"max-snippet:-1","max-image-preview":"max-image-preview:large","max-video-preview":"max-video-preview:-1"},"canonical":"https:\/\/eraportal.sk\/horizont-europa\/heu-globalne-vyzvy\/heu-misie\/heu-misie-europsky-vyskumno-inovacne-partnerstva\/","og_locale":"sk_SK","og_type":"article","og_title":"Eur\u00f3pske partnerstv\u00e1 - Horizont Eur\u00f3pa","og_description":"Syst\u00e9m eur\u00f3pskej spolupr\u00e1ce prostredn\u00edctvom partnerstiev K\u013e\u00fa\u010dovou novinkou\u00a0programu Horizont Eur\u00f3pa\u00a0je zavedenie nov\u00e9ho pr\u00edstupu k\u00a0eur\u00f3pskym partnerstv\u00e1m. Po prv\u00fdkr\u00e1t bude adoptovan\u00fd zjednocuj\u00faci politick\u00fd pr\u00edstup ku v\u0161etk\u00fdm typom partnerstiev, po\u010dn\u00fac od verejno-s\u00fakromn\u00fdch partnerstiev, cez ERA-NET, Spolo\u010dn\u00e9 technologick\u00e9 iniciat\u00edvy (JTIs), vlajkov\u00e9 projekty programu Bud\u00face a\u00a0vznikaj\u00face technol\u00f3gie (FET Flagships) a\u00a0dokonca aj znalostn\u00e9 a\u00a0inova\u010dn\u00e9 partnerstv\u00e1 EIT (EIT KICs), v\u0161etky\u00a0bud\u00fa nies\u0165 jednotn\u00fd n\u00e1zov: [&hellip;]","og_url":"https:\/\/eraportal.sk\/horizont-europa\/heu-globalne-vyzvy\/heu-misie\/heu-misie-europsky-vyskumno-inovacne-partnerstva\/","og_site_name":"Horizont Eur\u00f3pa","article_modified_time":"2025-03-10T12:50:44+00:00","twitter_card":"summary_large_image","twitter_misc":{"Predpokladan\u00fd \u010das \u010d\u00edtania":"1 min\u00fata"},"schema":{"@context":"https:\/\/schema.org","@graph":[{"@type":"WebPage","@id":"https:\/\/eraportal.sk\/horizont-europa\/heu-globalne-vyzvy\/heu-misie\/heu-misie-europsky-vyskumno-inovacne-partnerstva\/","url":"https:\/\/eraportal.sk\/horizont-europa\/heu-globalne-vyzvy\/heu-misie\/heu-misie-europsky-vyskumno-inovacne-partnerstva\/","name":"Eur\u00f3pske partnerstv\u00e1 - Horizont Eur\u00f3pa","isPartOf":{"@id":"https:\/\/eraportal.sk\/horizont-europa\/#website"},"datePublished":"2023-11-16T01:43:52+00:00","dateModified":"2025-03-10T12:50:44+00:00","breadcrumb":{"@id":"https:\/\/eraportal.sk\/horizont-europa\/heu-globalne-vyzvy\/heu-misie\/heu-misie-europsky-vyskumno-inovacne-partnerstva\/#breadcrumb"},"inLanguage":"sk-SK","potentialAction":[{"@type":"ReadAction","target":["https:\/\/eraportal.sk\/horizont-europa\/heu-globalne-vyzvy\/heu-misie\/heu-misie-europsky-vyskumno-inovacne-partnerstva\/"]}]},{"@type":"BreadcrumbList","@id":"https:\/\/eraportal.sk\/horizont-europa\/heu-globalne-vyzvy\/heu-misie\/heu-misie-europsky-vyskumno-inovacne-partnerstva\/#breadcrumb","itemListElement":[{"@type":"ListItem","position":1,"name":"Domovsk\u00e1 str\u00e1nka","item":"https:\/\/eraportal.sk\/horizont-europa\/"},{"@type":"ListItem","position":2,"name":"Glob\u00e1lne v\u00fdzvy a konkurencieschopnos\u0165 eur\u00f3pskeho priemyslu","item":"https:\/\/eraportal.sk\/horizont-europa\/heu-globalne-vyzvy\/"},{"@type":"ListItem","position":3,"name":"Misie E\u00da","item":"https:\/\/eraportal.sk\/horizont-europa\/heu-globalne-vyzvy\/heu-misie\/"},{"@type":"ListItem","position":4,"name":"Eur\u00f3pske partnerstv\u00e1"}]},{"@type":"WebSite","@id":"https:\/\/eraportal.sk\/horizont-europa\/#website","url":"https:\/\/eraportal.sk\/horizont-europa\/","name":"Horizont Eur\u00f3pa","description":"","publisher":{"@id":"https:\/\/eraportal.sk\/horizont-europa\/#organization"},"potentialAction":[{"@type":"SearchAction","target":{"@type":"EntryPoint","urlTemplate":"https:\/\/eraportal.sk\/horizont-europa\/?s={search_term_string}"},"query-input":{"@type":"PropertyValueSpecification","valueRequired":true,"valueName":"search_term_string"}}],"inLanguage":"sk-SK"},{"@type":"Organization","@id":"https:\/\/eraportal.sk\/horizont-europa\/#organization","name":"Horizont Eur\u00f3pa","url":"https:\/\/eraportal.sk\/horizont-europa\/","logo":{"@type":"ImageObject","inLanguage":"sk-SK","@id":"https:\/\/eraportal.sk\/horizont-europa\/#\/schema\/logo\/image\/","url":"https:\/\/eraportal.sk\/horizont-europa\/wp-content\/uploads\/sites\/4\/2024\/02\/Favicon_HEU.png","contentUrl":"https:\/\/eraportal.sk\/horizont-europa\/wp-content\/uploads\/sites\/4\/2024\/02\/Favicon_HEU.png","width":512,"height":512,"caption":"Horizont Eur\u00f3pa"},"image":{"@id":"https:\/\/eraportal.sk\/horizont-europa\/#\/schema\/logo\/image\/"}}]}},"acf":[],"_links":{"self":[{"href":"https:\/\/eraportal.sk\/horizont-europa\/wp-json\/wp\/v2\/pages\/634","targetHints":{"allow":["GET"]}}],"collection":[{"href":"https:\/\/eraportal.sk\/horizont-europa\/wp-json\/wp\/v2\/pages"}],"about":[{"href":"https:\/\/eraportal.sk\/horizont-europa\/wp-json\/wp\/v2\/types\/page"}],"author":[{"embeddable":true,"href":"https:\/\/eraportal.sk\/horizont-europa\/wp-json\/wp\/v2\/users\/1"}],"replies":[{"embeddable":true,"href":"https:\/\/eraportal.sk\/horizont-europa\/wp-json\/wp\/v2\/comments?post=634"}],"version-history":[{"count":38,"href":"https:\/\/eraportal.sk\/horizont-europa\/wp-json\/wp\/v2\/pages\/634\/revisions"}],"predecessor-version":[{"id":26468,"href":"https:\/\/eraportal.sk\/horizont-europa\/wp-json\/wp\/v2\/pages\/634\/revisions\/26468"}],"up":[{"embeddable":true,"href":"https:\/\/eraportal.sk\/horizont-europa\/wp-json\/wp\/v2\/pages\/628"}],"wp:attachment":[{"href":"https:\/\/eraportal.sk\/horizont-europa\/wp-json\/wp\/v2\/media?parent=634"}],"curies":[{"name":"wp","href":"https:\/\/api.w.org\/{rel}","templated":true}]}}