    {"id":55,"date":"2023-11-15T20:11:25","date_gmt":"2023-11-15T19:11:25","guid":{"rendered":"https:\/\/eraportal.ecomcapsule.com\/demohorizont\/?page_id=55"},"modified":"2025-08-15T10:24:34","modified_gmt":"2025-08-15T08:24:34","slug":"hladanie-partnerov-do-konzorcii","status":"publish","type":"page","link":"https:\/\/eraportal.sk\/horizont-europa\/hladanie-partnerov-do-konzorcii\/","title":{"rendered":"H\u013eadanie partnerov do konzorci\u00ed"},"content":{"rendered":"\t\t<div data-elementor-type=\"wp-page\" data-elementor-id=\"55\" class=\"elementor elementor-55\" data-elementor-post-type=\"page\">\n\t\t\t\t<div class=\"elementor-element elementor-element-a8702cc e-flex e-con-boxed e-con e-parent\" data-id=\"a8702cc\" data-element_type=\"container\">\n\t\t\t\t\t<div class=\"e-con-inner\">\n\t\t\t\t<div class=\"elementor-element elementor-element-24d1a00 elementor-widget elementor-widget-text-editor\" data-id=\"24d1a00\" data-element_type=\"widget\" data-widget_type=\"text-editor.default\">\n\t\t\t\t<div class=\"elementor-widget-container\">\n\t\t\t\t\t\t\t\t\t<p>N\u00e1rodn\u00e1 kancel\u00e1ria Horizontu pon\u00faka mo\u017enos\u0165 pom\u00f4c\u0165 v\u00e1m pri h\u013eadan\u00ed partnerov a\/ alebo konzorcia pre va\u0161e projektov\u00e9 n\u00e1mety \u010di n\u00e1pady. Disponujeme kontaktmi, cez ktor\u00e9 m\u00f4\u017eeme diseminova\u0165 v\u00e1\u0161 z\u00e1ujem o zapojenie sa do konzorcia pre konkr\u00e9tnu v\u00fdzvu programu. V pr\u00edpade z\u00e1ujmu vyu\u017eite n\u00e1\u0161 formul\u00e1r ni\u017e\u0161ie a kontaktujte&nbsp;<a href=\"https:\/\/eraportal.sk\/horizont-europa\/heu-narodne-kontaktne-body\/#tabs_desc_62580_1\" target=\"_blank\" rel=\"noopener\">pr\u00edslu\u0161n\u00e9 NCP pre dan\u00fa oblas\u0165, ktor\u00e9 v\u00e1m porad\u00ed ako postupova\u0165.<\/a><\/p>\n<p><strong>Formul\u00e1r pre h\u013eadanie partnerov<\/strong><\/p>\n<p><strong><a href=\"https:\/\/forms.office.com\/e\/YTD04khxfA\">Tento formul\u00e1r<\/a><\/strong>&nbsp;je mo\u017en\u00e9 vyplni\u0165 v pr\u00edpade, \u017ee m\u00e1te z\u00e1ujem o zapojenie sa do v\u00fdziev programu Horizont Eur\u00f3pa a h\u013ead\u00e1te partnerov\/ konzorcium pre svoj projektov\u00fd z\u00e1mer. Po vyplnen\u00ed vieme v\u00e1\u0161 profil post\u00fapi\u0165 na\u0161im partnerom v zahrani\u010d\u00ed a pom\u00f4c\u0165 v\u00e1m s h\u013eadan\u00edm partnerov\/ konzorcia. Ak m\u00e1te z\u00e1ujem o tento typ slu\u017eby N\u00e1rodnej kancel\u00e1rie Horizontu,&nbsp;<a href=\"https:\/\/eraportal.sk\/horizont-europa\/heu-narodne-kontaktne-body\/#tabs_desc_62580_1\" target=\"_blank\" rel=\"noopener\">nev\u00e1hajte n\u00e1s kontaktova\u0165<\/a>. Pozrite si aj na\u0161e&nbsp;<a href=\"https:\/\/youtu.be\/vw41MFbl05A\" target=\"_blank\" rel=\"noopener\">e-learningov\u00e9 video k h\u013eadaniu partnerov do konzorci\u00ed<\/a>.<\/p>\n<p>Vyplnen\u00fd vzor formul\u00e1ra na demon\u0161tra\u010dn\u00e9 a orienta\u010dn\u00e9 \u00fa\u010dely je k dispoz\u00edcii na <a href=\"https:\/\/eraportal.sk\/horizont-europa\/wp-content\/uploads\/sites\/4\/2025\/08\/HE-Partner-Search-SAMPLE-FORM.pdf\"><b>stiahnutie tu<\/b><\/a>.<\/p>\n<p><strong>Crowdhelix \u2013&nbsp;<\/strong><a href=\"https:\/\/crowdhelix.com\/\" target=\"_blank\" rel=\"noopener\">virtu\u00e1lna platforma<\/a>&nbsp;pre vyh\u013ead\u00e1vanie partnerov do konzorci\u00ed pre Horizont Eur\u00f3pa<\/p>\n<h5><a href=\"https:\/\/eraportal.sk\/horizont-europa\/aktualita\/prehlad-najuspesnejsich-ziadatelov-a-krajin-v-horizonte-europa\/\" target=\"_blank\" rel=\"noopener\"><strong>Preh\u013ead naj\u00faspe\u0161nej\u0161\u00edch \u017eiadate\u013eov a kraj\u00edn v Horizonte Eur\u00f3pa (tabu\u013eka)<\/strong><\/a><\/h5>\t\t\t\t\t\t\t\t<\/div>\n\t\t\t\t<\/div>\n\t\t\t\t\t<\/div>\n\t\t\t\t<\/div>\n\t\t\t\t<\/div>\n\t\t","protected":false},"excerpt":{"rendered":"<p>N\u00e1rodn\u00e1 kancel\u00e1ria Horizontu pon\u00faka mo\u017enos\u0165 pom\u00f4c\u0165 v\u00e1m pri h\u013eadan\u00ed partnerov a\/ alebo konzorcia pre va\u0161e projektov\u00e9 n\u00e1mety \u010di n\u00e1pady. Disponujeme kontaktmi, cez ktor\u00e9 m\u00f4\u017eeme diseminova\u0165 v\u00e1\u0161 z\u00e1ujem o zapojenie sa do konzorcia pre konkr\u00e9tnu v\u00fdzvu programu. V pr\u00edpade z\u00e1ujmu vyu\u017eite n\u00e1\u0161 formul\u00e1r ni\u017e\u0161ie a kontaktujte&nbsp;pr\u00edslu\u0161n\u00e9 NCP pre dan\u00fa oblas\u0165, ktor\u00e9 v\u00e1m porad\u00ed ako postupova\u0165. Formul\u00e1r [&hellip;]<\/p>\n","protected":false},"author":1,"featured_media":0,"parent":0,"menu_order":0,"comment_status":"closed","ping_status":"closed","template":"","meta":{"_acf_changed":false,"footnotes":""},"class_list":["post-55","page","type-page","status-publish","hentry"],"yoast_head":"<!-- This site is optimized with the Yoast SEO plugin v24.4 - https:\/\/yoast.com\/wordpress\/plugins\/seo\/ -->\n<title>H\u013eadanie partnerov do konzorci\u00ed - Horizont Eur\u00f3pa<\/title>\n<meta name=\"robots\" content=\"index, follow, max-snippet:-1, max-image-preview:large, max-video-preview:-1\" \/>\n<link rel=\"canonical\" href=\"https:\/\/eraportal.sk\/horizont-europa\/hladanie-partnerov-do-konzorcii\/\" \/>\n<meta property=\"og:locale\" content=\"sk_SK\" \/>\n<meta property=\"og:type\" content=\"article\" \/>\n<meta property=\"og:title\" content=\"H\u013eadanie partnerov do konzorci\u00ed - Horizont Eur\u00f3pa\" \/>\n<meta property=\"og:description\" content=\"N\u00e1rodn\u00e1 kancel\u00e1ria Horizontu pon\u00faka mo\u017enos\u0165 pom\u00f4c\u0165 v\u00e1m pri h\u013eadan\u00ed partnerov a\/ alebo konzorcia pre va\u0161e projektov\u00e9 n\u00e1mety \u010di n\u00e1pady. Disponujeme kontaktmi, cez ktor\u00e9 m\u00f4\u017eeme diseminova\u0165 v\u00e1\u0161 z\u00e1ujem o zapojenie sa do konzorcia pre konkr\u00e9tnu v\u00fdzvu programu. V pr\u00edpade z\u00e1ujmu vyu\u017eite n\u00e1\u0161 formul\u00e1r ni\u017e\u0161ie a kontaktujte&nbsp;pr\u00edslu\u0161n\u00e9 NCP pre dan\u00fa oblas\u0165, ktor\u00e9 v\u00e1m porad\u00ed ako postupova\u0165. Formul\u00e1r [&hellip;]\" \/>\n<meta property=\"og:url\" content=\"https:\/\/eraportal.sk\/horizont-europa\/hladanie-partnerov-do-konzorcii\/\" \/>\n<meta property=\"og:site_name\" content=\"Horizont Eur\u00f3pa\" \/>\n<meta property=\"article:modified_time\" content=\"2025-08-15T08:24:34+00:00\" \/>\n<meta name=\"twitter:card\" content=\"summary_large_image\" \/>\n<meta name=\"twitter:label1\" content=\"Predpokladan\u00fd \u010das \u010d\u00edtania\" \/>\n\t<meta name=\"twitter:data1\" content=\"1 min\u00fata\" \/>\n<script type=\"application\/ld+json\" class=\"yoast-schema-graph\">{\"@context\":\"https:\/\/schema.org\",\"@graph\":[{\"@type\":\"WebPage\",\"@id\":\"https:\/\/eraportal.sk\/horizont-europa\/hladanie-partnerov-do-konzorcii\/\",\"url\":\"https:\/\/eraportal.sk\/horizont-europa\/hladanie-partnerov-do-konzorcii\/\",\"name\":\"H\u013eadanie partnerov do konzorci\u00ed - Horizont Eur\u00f3pa\",\"isPartOf\":{\"@id\":\"https:\/\/eraportal.sk\/horizont-europa\/#website\"},\"datePublished\":\"2023-11-15T19:11:25+00:00\",\"dateModified\":\"2025-08-15T08:24:34+00:00\",\"breadcrumb\":{\"@id\":\"https:\/\/eraportal.sk\/horizont-europa\/hladanie-partnerov-do-konzorcii\/#breadcrumb\"},\"inLanguage\":\"sk-SK\",\"potentialAction\":[{\"@type\":\"ReadAction\",\"target\":[\"https:\/\/eraportal.sk\/horizont-europa\/hladanie-partnerov-do-konzorcii\/\"]}]},{\"@type\":\"BreadcrumbList\",\"@id\":\"https:\/\/eraportal.sk\/horizont-europa\/hladanie-partnerov-do-konzorcii\/#breadcrumb\",\"itemListElement\":[{\"@type\":\"ListItem\",\"position\":1,\"name\":\"Domovsk\u00e1 str\u00e1nka\",\"item\":\"https:\/\/eraportal.sk\/horizont-europa\/\"},{\"@type\":\"ListItem\",\"position\":2,\"name\":\"H\u013eadanie partnerov do konzorci\u00ed\"}]},{\"@type\":\"WebSite\",\"@id\":\"https:\/\/eraportal.sk\/horizont-europa\/#website\",\"url\":\"https:\/\/eraportal.sk\/horizont-europa\/\",\"name\":\"Horizont Eur\u00f3pa\",\"description\":\"\",\"publisher\":{\"@id\":\"https:\/\/eraportal.sk\/horizont-europa\/#organization\"},\"potentialAction\":[{\"@type\":\"SearchAction\",\"target\":{\"@type\":\"EntryPoint\",\"urlTemplate\":\"https:\/\/eraportal.sk\/horizont-europa\/?s={search_term_string}\"},\"query-input\":{\"@type\":\"PropertyValueSpecification\",\"valueRequired\":true,\"valueName\":\"search_term_string\"}}],\"inLanguage\":\"sk-SK\"},{\"@type\":\"Organization\",\"@id\":\"https:\/\/eraportal.sk\/horizont-europa\/#organization\",\"name\":\"Horizont Eur\u00f3pa\",\"url\":\"https:\/\/eraportal.sk\/horizont-europa\/\",\"logo\":{\"@type\":\"ImageObject\",\"inLanguage\":\"sk-SK\",\"@id\":\"https:\/\/eraportal.sk\/horizont-europa\/#\/schema\/logo\/image\/\",\"url\":\"https:\/\/eraportal.sk\/horizont-europa\/wp-content\/uploads\/sites\/4\/2024\/02\/Favicon_HEU.png\",\"contentUrl\":\"https:\/\/eraportal.sk\/horizont-europa\/wp-content\/uploads\/sites\/4\/2024\/02\/Favicon_HEU.png\",\"width\":512,\"height\":512,\"caption\":\"Horizont Eur\u00f3pa\"},\"image\":{\"@id\":\"https:\/\/eraportal.sk\/horizont-europa\/#\/schema\/logo\/image\/\"}}]}<\/script>\n<!-- \/ Yoast SEO plugin. -->","yoast_head_json":{"title":"H\u013eadanie partnerov do konzorci\u00ed - Horizont Eur\u00f3pa","robots":{"index":"index","follow":"follow","max-snippet":"max-snippet:-1","max-image-preview":"max-image-preview:large","max-video-preview":"max-video-preview:-1"},"canonical":"https:\/\/eraportal.sk\/horizont-europa\/hladanie-partnerov-do-konzorcii\/","og_locale":"sk_SK","og_type":"article","og_title":"H\u013eadanie partnerov do konzorci\u00ed - Horizont Eur\u00f3pa","og_description":"N\u00e1rodn\u00e1 kancel\u00e1ria Horizontu pon\u00faka mo\u017enos\u0165 pom\u00f4c\u0165 v\u00e1m pri h\u013eadan\u00ed partnerov a\/ alebo konzorcia pre va\u0161e projektov\u00e9 n\u00e1mety \u010di n\u00e1pady. Disponujeme kontaktmi, cez ktor\u00e9 m\u00f4\u017eeme diseminova\u0165 v\u00e1\u0161 z\u00e1ujem o zapojenie sa do konzorcia pre konkr\u00e9tnu v\u00fdzvu programu. V pr\u00edpade z\u00e1ujmu vyu\u017eite n\u00e1\u0161 formul\u00e1r ni\u017e\u0161ie a kontaktujte&nbsp;pr\u00edslu\u0161n\u00e9 NCP pre dan\u00fa oblas\u0165, ktor\u00e9 v\u00e1m porad\u00ed ako postupova\u0165. Formul\u00e1r [&hellip;]","og_url":"https:\/\/eraportal.sk\/horizont-europa\/hladanie-partnerov-do-konzorcii\/","og_site_name":"Horizont Eur\u00f3pa","article_modified_time":"2025-08-15T08:24:34+00:00","twitter_card":"summary_large_image","twitter_misc":{"Predpokladan\u00fd \u010das \u010d\u00edtania":"1 min\u00fata"},"schema":{"@context":"https:\/\/schema.org","@graph":[{"@type":"WebPage","@id":"https:\/\/eraportal.sk\/horizont-europa\/hladanie-partnerov-do-konzorcii\/","url":"https:\/\/eraportal.sk\/horizont-europa\/hladanie-partnerov-do-konzorcii\/","name":"H\u013eadanie partnerov do konzorci\u00ed - Horizont Eur\u00f3pa","isPartOf":{"@id":"https:\/\/eraportal.sk\/horizont-europa\/#website"},"datePublished":"2023-11-15T19:11:25+00:00","dateModified":"2025-08-15T08:24:34+00:00","breadcrumb":{"@id":"https:\/\/eraportal.sk\/horizont-europa\/hladanie-partnerov-do-konzorcii\/#breadcrumb"},"inLanguage":"sk-SK","potentialAction":[{"@type":"ReadAction","target":["https:\/\/eraportal.sk\/horizont-europa\/hladanie-partnerov-do-konzorcii\/"]}]},{"@type":"BreadcrumbList","@id":"https:\/\/eraportal.sk\/horizont-europa\/hladanie-partnerov-do-konzorcii\/#breadcrumb","itemListElement":[{"@type":"ListItem","position":1,"name":"Domovsk\u00e1 str\u00e1nka","item":"https:\/\/eraportal.sk\/horizont-europa\/"},{"@type":"ListItem","position":2,"name":"H\u013eadanie partnerov do konzorci\u00ed"}]},{"@type":"WebSite","@id":"https:\/\/eraportal.sk\/horizont-europa\/#website","url":"https:\/\/eraportal.sk\/horizont-europa\/","name":"Horizont Eur\u00f3pa","description":"","publisher":{"@id":"https:\/\/eraportal.sk\/horizont-europa\/#organization"},"potentialAction":[{"@type":"SearchAction","target":{"@type":"EntryPoint","urlTemplate":"https:\/\/eraportal.sk\/horizont-europa\/?s={search_term_string}"},"query-input":{"@type":"PropertyValueSpecification","valueRequired":true,"valueName":"search_term_string"}}],"inLanguage":"sk-SK"},{"@type":"Organization","@id":"https:\/\/eraportal.sk\/horizont-europa\/#organization","name":"Horizont Eur\u00f3pa","url":"https:\/\/eraportal.sk\/horizont-europa\/","logo":{"@type":"ImageObject","inLanguage":"sk-SK","@id":"https:\/\/eraportal.sk\/horizont-europa\/#\/schema\/logo\/image\/","url":"https:\/\/eraportal.sk\/horizont-europa\/wp-content\/uploads\/sites\/4\/2024\/02\/Favicon_HEU.png","contentUrl":"https:\/\/eraportal.sk\/horizont-europa\/wp-content\/uploads\/sites\/4\/2024\/02\/Favicon_HEU.png","width":512,"height":512,"caption":"Horizont Eur\u00f3pa"},"image":{"@id":"https:\/\/eraportal.sk\/horizont-europa\/#\/schema\/logo\/image\/"}}]}},"acf":[],"_links":{"self":[{"href":"https:\/\/eraportal.sk\/horizont-europa\/wp-json\/wp\/v2\/pages\/55","targetHints":{"allow":["GET"]}}],"collection":[{"href":"https:\/\/eraportal.sk\/horizont-europa\/wp-json\/wp\/v2\/pages"}],"about":[{"href":"https:\/\/eraportal.sk\/horizont-europa\/wp-json\/wp\/v2\/types\/page"}],"author":[{"embeddable":true,"href":"https:\/\/eraportal.sk\/horizont-europa\/wp-json\/wp\/v2\/users\/1"}],"replies":[{"embeddable":true,"href":"https:\/\/eraportal.sk\/horizont-europa\/wp-json\/wp\/v2\/comments?post=55"}],"version-history":[{"count":20,"href":"https:\/\/eraportal.sk\/horizont-europa\/wp-json\/wp\/v2\/pages\/55\/revisions"}],"predecessor-version":[{"id":28092,"href":"https:\/\/eraportal.sk\/horizont-europa\/wp-json\/wp\/v2\/pages\/55\/revisions\/28092"}],"wp:attachment":[{"href":"https:\/\/eraportal.sk\/horizont-europa\/wp-json\/wp\/v2\/media?parent=55"}],"curies":[{"name":"wp","href":"https:\/\/api.w.org\/{rel}","templated":true}]}}