    {"id":54,"date":"2023-11-15T20:10:58","date_gmt":"2023-11-15T19:10:58","guid":{"rendered":"https:\/\/eraportal.ecomcapsule.com\/demohorizont\/?page_id=54"},"modified":"2024-02-13T19:46:09","modified_gmt":"2024-02-13T18:46:09","slug":"ponuky-zo-zahranicia","status":"publish","type":"page","link":"https:\/\/eraportal.sk\/horizont-europa\/partneri-do-konzorcii\/ponuky-zo-zahranicia\/","title":{"rendered":"Ponuky zo zahrani\u010dia"},"content":{"rendered":"\t\t<div data-elementor-type=\"wp-page\" data-elementor-id=\"54\" class=\"elementor elementor-54\" data-elementor-post-type=\"page\">\n\t\t\t\t<div class=\"elementor-element elementor-element-77fccaa e-flex e-con-boxed e-con e-parent\" data-id=\"77fccaa\" data-element_type=\"container\">\n\t\t\t\t\t<div class=\"e-con-inner\">\n\t\t<div class=\"elementor-element elementor-element-047220e e-con-full e-flex e-con e-child\" data-id=\"047220e\" data-element_type=\"container\">\n\t\t\t\t<div class=\"elementor-element elementor-element-6ee74d3 elementor-widget elementor-widget-shortcode\" data-id=\"6ee74d3\" data-element_type=\"widget\" data-widget_type=\"shortcode.default\">\n\t\t\t\t<div class=\"elementor-widget-container\">\n\t\t\t\t\t\t\t<div class=\"elementor-shortcode\"><form action=\"\/horizont-europa\/wp-json\/wp\/v2\/pages\/54\" method=\"get\">\n                    <label for=\"oblast_slord\">Vyberte Oblas\u0165:<\/label>\n                    <select id=\"oblast_slord\" name=\"oblast_slord\">\n                        <option value=\"\">V\u0161etky Oblasti<\/option><option value=\"akcie-marie-sklodowska-curie\" >Akcie \"Marie Sk\u0142odowska-Curie\"<\/option><option value=\"eticke-otazky\" >Etick\u00e9 ot\u00e1zky<\/option><option value=\"euratom\" >EURATOM<\/option><option value=\"europska-rada-pre-inovacie-eic\" >Eur\u00f3pska rada pre inov\u00e1cie (EIC)<\/option><option value=\"europska-rada-pre-vyskum-erc\" >Eur\u00f3pska rada pre v\u00fdskum (ERC)<\/option><option value=\"europske-inovacne-ekosystemy-eie\" >Eur\u00f3pske inova\u010dn\u00e9 ekosyst\u00e9my (EIE)<\/option><option value=\"europsky-inovacny-a-technologicky-institut-eit\" >Eur\u00f3psky inova\u010dn\u00fd a technologick\u00fd in\u0161tit\u00fat (EIT)<\/option><option value=\"financne-otazky\" >Finan\u010dn\u00e9 ot\u00e1zky<\/option><option value=\"horizont-europa\" >Horizont Eur\u00f3pa<\/option><option value=\"klaster-1-zdravie\" >Klaster 1: Zdravie<\/option><option value=\"klaster-2-kultura-tvorivost-a-inkluzivna-spolocnost\" >Klaster 2: Kult\u00fara; tvorivos\u0165 a inkluz\u00edvna spolo\u010dnos\u0165<\/option><option value=\"klaster-3-civilna-bezpecnost-pre-spolocnost\" >Klaster 3: Civiln\u00e1 bezpe\u010dnos\u0165 pre spolo\u010dnos\u0165<\/option><option value=\"klaster-4-digitalizacia-priemysel-a-vesmir\" >Klaster 4: Digitaliz\u00e1cia; priemysel a vesm\u00edr<\/option><option value=\"klaster-5-klima-energetika-a-mobilita\" >Klaster 5: Kl\u00edma; energetika a mobilita<\/option><option value=\"klaster-6-potraviny-biohospodarstvo-prirodne-zdroje-polnohospodarstvo-a-zivotne-prostredie\" >Klaster 6: Potraviny; biohospod\u00e1rstvo; pr\u00edrodn\u00e9 zdroje; po\u013enohospod\u00e1rstvo a \u017eivotn\u00e9 prostredie<\/option><option value=\"misia-eu-adaptacia-na-zmenu-klimy\" >Misia E\u00da: Adapt\u00e1cia na zmenu kl\u00edmy<\/option><option value=\"misia-eu-adaptacia-na-zmenu-klimy-oblast-spolocenske-transformacie\" >Misia E\u00da: Adapt\u00e1cia na zmenu kl\u00edmy (oblas\u0165: Spolo\u010densk\u00e9 transform\u00e1cie)<\/option><option value=\"misia-eu-dohoda-o-pode-pre-europu\" >Misia E\u00da: Dohoda o p\u00f4de pre Eur\u00f3pu<\/option><option value=\"misia-eu-klimaticky-neutralne-a-inteligentne-mesta\" >Misia E\u00da: Klimaticky neutr\u00e1lne a inteligentn\u00e9 mest\u00e1<\/option><option value=\"misia-eu-ocean-moria-a-vody\" >Misia E\u00da: Oce\u00e1n; moria a vody<\/option><option value=\"misia-eu-rakovina\" >Misia E\u00da: Rakovina<\/option><option value=\"misie\" >Misie<\/option><option value=\"nas-tip\" >N\u00e1\u0161 tip<\/option><option value=\"novy-europsky-bauhaus\" >Nov\u00fd eur\u00f3psky Bauhaus<\/option><option value=\"partnerstva-oblast-digitalizacia-priemysel-a-vesmir\" >Partnerstv\u00e1: oblas\u0165 Digitaliz\u00e1cia; priemysel a vesm\u00edr<\/option><option value=\"partnerstva-oblast-klima-energetika-a-mobilita\" >Partnerstv\u00e1: oblas\u0165 Kl\u00edma; energetika a mobilita<\/option><option value=\"partnerstva-oblast-potraviny\" >Partnerstv\u00e1: oblas\u0165 Potraviny<\/option><option value=\"partnerstva-oblast-potraviny-biohospodarstvo-prirodne-zdroje-polnohospodarstvo-a-zivotne-prostredie\" >Partnerstv\u00e1: oblas\u0165 Potraviny, biohospod\u00e1rstvo, pr\u00edrodn\u00e9 zdroje, po\u013enohospod\u00e1rstvo a \u017eivotn\u00e9 prostredie<\/option><option value=\"partnerstva-oblast-zdravie\" >Partnerstv\u00e1: oblas\u0165 Zdravie<\/option><option value=\"partnerstva-partnerstva-napriec-temami\" >Partnerstv\u00e1: Partnerstv\u00e1 naprie\u010d t\u00e9mami<\/option><option value=\"pravne-otazky\" >Pr\u00e1vne ot\u00e1zky<\/option><option value=\"prirodne-zdroje\" >pr\u00edrodn\u00e9 zdroje<\/option><option value=\"rozsirovanie-ucasti-a-posilnenie-europskeho-vyskumneho-priestoru\" >Roz\u0161irovanie \u00fa\u010dasti a posilnenie Eur\u00f3pskeho v\u00fdskumn\u00e9ho priestoru<\/option><option value=\"spolocne-vyskumne-centrum-jrc\" >Spolo\u010dn\u00e9 v\u00fdskumn\u00e9 centrum (JRC)<\/option><option value=\"vyskumne-infrastruktury\" >V\u00fdskumn\u00e9 infra\u0161trukt\u00fary<\/option><option value=\"widera\" >WIDERA<\/option>                        <label for=\"search_term\" style=\"display: none;\">Vyh\u013ead\u00e1va\u0165:<\/label>\n        <input placeholder=\"H\u013eada\u0165\" type=\"text\" id=\"search_term\" name=\"search_term\" value=\"\"><\/select>\n                    \n                    <input type=\"submit\" name=\"event_filter_submit\" value=\"Pou\u017ei\u0165\">\n                    <a href=\"\/horizont-europa\/wp-json\/wp\/v2\/pages\/54\" class=\"reset-filter\">Obnovi\u0165 filtre<\/a>\n                 <\/form><\/div>\n\t\t\t\t\t\t<\/div>\n\t\t\t\t<\/div>\n\t\t\t\t<\/div>\n\t\t<div class=\"elementor-element elementor-element-2e05076 e-con-full e-flex e-con e-child\" data-id=\"2e05076\" data-element_type=\"container\">\n\t\t\t\t<div class=\"elementor-element elementor-element-9971a66 elementor-widget elementor-widget-shortcode\" data-id=\"9971a66\" data-element_type=\"widget\" data-widget_type=\"shortcode.default\">\n\t\t\t\t<div class=\"elementor-widget-container\">\n\t\t\t\t\t\t\t<div class=\"elementor-shortcode\"><ul class=\"event-list\"><li class=\"event-item\"><h2 class=\"event-title\"><a href=\"https:\/\/eraportal.sk\/horizont-europa\/ponuka-zo-zahranicia\/ponuka-na-spolupracu-tureckych-institucii-ktore-maju-zaujem-zapojit-sa-do-pripravovanych-vyziev-klastra-5\/\">Ponuka na spolupr\u00e1cu tureck\u00fdch in\u0161tit\u00faci\u00ed, ktor\u00e9 maj\u00fa z\u00e1ujem zapoji\u0165 sa do pripravovan\u00fdch v\u00fdziev klastra 5<\/a><\/h2><div class=\"oblast-klaster\">Klaster 5: Kl\u00edma; energetika a mobilita<\/div><div class=\"event-excerpt\">Ponuka pre t\u00e9my destin\u00e1cie 5 a 6 s term\u00ednom otvorenia 4. j\u00fan 2026<\/div>\n                          <a href=\"https:\/\/eraportal.sk\/horizont-europa\/ponuka-zo-zahranicia\/ponuka-na-spolupracu-tureckych-institucii-ktore-maju-zaujem-zapojit-sa-do-pripravovanych-vyziev-klastra-5\/\" class=\"more_info_button\">Viac inform\u00e1ci\u00ed<\/a> <!-- Viac inform\u00e1ci\u00ed button -->\n                          <\/li><li class=\"event-item\"><h2 class=\"event-title\"><a href=\"https:\/\/eraportal.sk\/horizont-europa\/ponuka-zo-zahranicia\/ponuka-na-spolupracu-vo-vyzvach-spolocneho-podniku-pre-ciste-letectvo\/\">Ponuka na spolupr\u00e1cu vo v\u00fdzvach Spolo\u010dn\u00e9ho podniku pre \u010dist\u00e9 letectvo<\/a><\/h2><div class=\"oblast-klaster\">Klaster 5: Kl\u00edma; energetika a mobilita<\/div><div class=\"event-excerpt\">uz\u00e1vierka v\u00fdziev je 19. m\u00e1ja 2026<\/div>\n                          <a href=\"https:\/\/eraportal.sk\/horizont-europa\/ponuka-zo-zahranicia\/ponuka-na-spolupracu-vo-vyzvach-spolocneho-podniku-pre-ciste-letectvo\/\" class=\"more_info_button\">Viac inform\u00e1ci\u00ed<\/a> <!-- Viac inform\u00e1ci\u00ed button -->\n                          <\/li><li class=\"event-item\"><h2 class=\"event-title\"><a href=\"https:\/\/eraportal.sk\/horizont-europa\/ponuka-zo-zahranicia\/batumi-state-maritime-academy-vzdelavacia-a-vyskumna-institucia-z-gruzinska-ponuka-expertizu-v-oblasti-namornych-technologii-a-dopravy\/\">Batumi State Maritime Academy, vzdel\u00e1vacia a v\u00fdskumn\u00e1 in\u0161tit\u00facia z Gruz\u00ednska, pon\u00faka expert\u00edzu v oblasti n\u00e1morn\u00fdch technol\u00f3gi\u00ed a dopravy<\/a><\/h2><div class=\"oblast-klaster\">Klaster 5: Kl\u00edma; energetika a mobilita<\/div><div class=\"event-excerpt\">t\u00e9ma HORIZON-CL5-2026-03-D3-01 sa uzatv\u00e1ra 31.3.2026<\/div>\n                          <a href=\"https:\/\/eraportal.sk\/horizont-europa\/ponuka-zo-zahranicia\/batumi-state-maritime-academy-vzdelavacia-a-vyskumna-institucia-z-gruzinska-ponuka-expertizu-v-oblasti-namornych-technologii-a-dopravy\/\" class=\"more_info_button\">Viac inform\u00e1ci\u00ed<\/a> <!-- Viac inform\u00e1ci\u00ed button -->\n                          <\/li><li class=\"event-item\"><h2 class=\"event-title\"><a href=\"https:\/\/eraportal.sk\/horizont-europa\/ponuka-zo-zahranicia\/francuzska-siet-ekologickych-akterov-ea-eco-entreprises-hlada-partnerov-na-spolupracu-vo-vyzvach-misie-adaptacia-na-zmenu-klimy\/\">Franc\u00fazska sie\u0165 ekologick\u00fdch akt\u00e9rov &#8222;Ea \u00e9co-entreprises&#8220; h\u013ead\u00e1 partnerov na spolupr\u00e1cu vo v\u00fdzvach Misie adapt\u00e1cia na zmenu kl\u00edmy<\/a><\/h2><div class=\"event-excerpt\">uz\u00e1vierka v\u00fdzva je 8. septembra 2026<\/div>\n                          <a href=\"https:\/\/eraportal.sk\/horizont-europa\/ponuka-zo-zahranicia\/francuzska-siet-ekologickych-akterov-ea-eco-entreprises-hlada-partnerov-na-spolupracu-vo-vyzvach-misie-adaptacia-na-zmenu-klimy\/\" class=\"more_info_button\">Viac inform\u00e1ci\u00ed<\/a> <!-- Viac inform\u00e1ci\u00ed button -->\n                          <\/li><li class=\"event-item\"><h2 class=\"event-title\"><a href=\"https:\/\/eraportal.sk\/horizont-europa\/ponuka-zo-zahranicia\/francuzsky-institut-pre-medzinarodne-a-strategicke-zalezitosti-iris-ponuka-expertizu-v-oblasti-prepojenia-klimatickych-zmien-a-bezpecnosti-a-klimatickej-dezinformacie\/\">Franc\u00fazsky in\u0161tit\u00fat pre medzin\u00e1rodn\u00e9 a strategick\u00e9 z\u00e1le\u017eitosti IRIS pon\u00faka expert\u00edzu v oblasti prepojenia klimatick\u00fdch zmien a bezpe\u010dnosti a klimatickej dezinform\u00e1cie<\/a><\/h2><div class=\"oblast-klaster\">Klaster 5: Kl\u00edma; energetika a mobilita<\/div><div class=\"event-excerpt\">uz\u00e1vierka t\u00e9my HORIZON-CL5-2026-07-D1-04 je u\u017e 15. apr\u00edla 2026!<\/div>\n                          <a href=\"https:\/\/eraportal.sk\/horizont-europa\/ponuka-zo-zahranicia\/francuzsky-institut-pre-medzinarodne-a-strategicke-zalezitosti-iris-ponuka-expertizu-v-oblasti-prepojenia-klimatickych-zmien-a-bezpecnosti-a-klimatickej-dezinformacie\/\" class=\"more_info_button\">Viac inform\u00e1ci\u00ed<\/a> <!-- Viac inform\u00e1ci\u00ed button -->\n                          <\/li><li class=\"event-item\"><h2 class=\"event-title\"><a href=\"https:\/\/eraportal.sk\/horizont-europa\/ponuka-zo-zahranicia\/francuzsky-poskytovatel-socialneho-byvania-ako-partner-pre-testovanie-a-hodnotenie-inovativnych-rieseni-v-oblasti-socialneho-byvania-ekologickej-transformacie-a-mestskeho-rozvoja\/\">Franc\u00fazsky poskytovate\u013e soci\u00e1lneho b\u00fdvania ako partner pre testovanie a hodnotenie inovat\u00edvnych rie\u0161en\u00ed v oblasti soci\u00e1lneho b\u00fdvania, ekologickej transform\u00e1cie a mestsk\u00e9ho rozvoja<\/a><\/h2><div class=\"oblast-klaster\">Klaster 5: Kl\u00edma; energetika a mobilita<\/div><div class=\"event-excerpt\">ponuka na spolupr\u00e1cu v t\u00e9mach klastra 5, NEB a Misie \"kl\u00edma\"<\/div>\n                          <a href=\"https:\/\/eraportal.sk\/horizont-europa\/ponuka-zo-zahranicia\/francuzsky-poskytovatel-socialneho-byvania-ako-partner-pre-testovanie-a-hodnotenie-inovativnych-rieseni-v-oblasti-socialneho-byvania-ekologickej-transformacie-a-mestskeho-rozvoja\/\" class=\"more_info_button\">Viac inform\u00e1ci\u00ed<\/a> <!-- Viac inform\u00e1ci\u00ed button -->\n                          <\/li><li class=\"event-item\"><h2 class=\"event-title\"><a href=\"https:\/\/eraportal.sk\/horizont-europa\/ponuka-zo-zahranicia\/spolocnost-sensiphi-hlada-partnerov-do-projektu-v-ramci-temy-horizon-ju-cleanh2-2026-02-01-expertiza-v-oblasti-smart-monitoringu-pre-gh%e2%82%82-zasobniky-novej-generacie\/\">Spolo\u010dnos\u0165 SensiPhi h\u013ead\u00e1 partnerov do projektu v r\u00e1mci t\u00e9my HORIZON-JU-CLEANH2-2026-02-01, expert\u00edza v oblasti smart monitoringu pre GH\u2082 z\u00e1sobn\u00edky novej gener\u00e1cie<\/a><\/h2><div class=\"oblast-klaster\">Klaster 5: Kl\u00edma; energetika a mobilita<\/div><div class=\"event-excerpt\">uz\u00e1vierka v\u00fdzvy je 15. apr\u00edla 2026<\/div>\n                          <a href=\"https:\/\/eraportal.sk\/horizont-europa\/ponuka-zo-zahranicia\/spolocnost-sensiphi-hlada-partnerov-do-projektu-v-ramci-temy-horizon-ju-cleanh2-2026-02-01-expertiza-v-oblasti-smart-monitoringu-pre-gh%e2%82%82-zasobniky-novej-generacie\/\" class=\"more_info_button\">Viac inform\u00e1ci\u00ed<\/a> <!-- Viac inform\u00e1ci\u00ed button -->\n                          <\/li><li class=\"event-item\"><h2 class=\"event-title\"><a href=\"https:\/\/eraportal.sk\/horizont-europa\/ponuka-zo-zahranicia\/anglicka-firma-hydrologiq-ponuka-expertizu-v-oblasti-off-grid-systemov-pre-vyzvu-horizon-cl5-2026-03-d3-21\/\">Anglick\u00e1 firma Hydrologiq pon\u00faka expert\u00edzu v oblasti off-grid syst\u00e9mov pre v\u00fdzvu HORIZON-CL5-2026-03-D3-21<\/a><\/h2><div class=\"oblast-klaster\">Klaster 5: Kl\u00edma; energetika a mobilita<\/div><div class=\"event-excerpt\">uz\u00e1vierka t\u00e9my je u\u017e 31.3.2026<\/div>\n                          <a href=\"https:\/\/eraportal.sk\/horizont-europa\/ponuka-zo-zahranicia\/anglicka-firma-hydrologiq-ponuka-expertizu-v-oblasti-off-grid-systemov-pre-vyzvu-horizon-cl5-2026-03-d3-21\/\" class=\"more_info_button\">Viac inform\u00e1ci\u00ed<\/a> <!-- Viac inform\u00e1ci\u00ed button -->\n                          <\/li><li class=\"event-item\"><h2 class=\"event-title\"><a href=\"https:\/\/eraportal.sk\/horizont-europa\/ponuka-zo-zahranicia\/ponuky-na-spolupracu-z-burzy-partnerov-k-vyzve-spolocneho-podniku-pre-cisty-vodik-na-rok-2026\/\">Ponuky na spolupr\u00e1cu z burzy partnerov k v\u00fdzve Spolo\u010dn\u00e9ho podniku pre \u010dist\u00fd vod\u00edk na rok 2026<\/a><\/h2><div class=\"oblast-klaster\">Klaster 5: Kl\u00edma; energetika a mobilita<\/div><div class=\"event-excerpt\">Aktu\u00e1lne ponuky na spolupr\u00e1cu v projektoch v\u00fdskumu vod\u00edkov\u00fdch technol\u00f3gi\u00ed<\/div>\n                          <a href=\"https:\/\/eraportal.sk\/horizont-europa\/ponuka-zo-zahranicia\/ponuky-na-spolupracu-z-burzy-partnerov-k-vyzve-spolocneho-podniku-pre-cisty-vodik-na-rok-2026\/\" class=\"more_info_button\">Viac inform\u00e1ci\u00ed<\/a> <!-- Viac inform\u00e1ci\u00ed button -->\n                          <\/li><li class=\"event-item\"><h2 class=\"event-title\"><a href=\"https:\/\/eraportal.sk\/horizont-europa\/ponuka-zo-zahranicia\/armenske-vyskumne-centrum-yerevann-ponuka-expertizu-v-oblasti-ai-a-satelitneho-snimkovania-pre-vyzvu-horizon-cl4-2026-04-digital-emerging-09\/\">Arm\u00e9nske v\u00fdskumn\u00e9 centrum YerevaNN pon\u00faka expert\u00edzu v oblasti AI a satelitn\u00e9ho sn\u00edmkovania pre v\u00fdzvu HORIZON-CL4-2026-04-DIGITAL-EMERGING-09<\/a><\/h2><div class=\"oblast-klaster\">Klaster 4: Digitaliz\u00e1cia; priemysel a vesm\u00edr<\/div><div class=\"event-excerpt\">Arm\u00e9nske v\u00fdskumn\u00e9 centrum YerevaNN pon\u00faka expert\u00edzu v oblasti AI modelov pre multi-satelitn\u00e9 d\u00e1ta a dia\u013ekov\u00fd prieskum Zeme do v\u00fdzvy HORIZON-CL4-2026-04-DIGITAL-EMERGING-09...<\/div>\n                          <a href=\"https:\/\/eraportal.sk\/horizont-europa\/ponuka-zo-zahranicia\/armenske-vyskumne-centrum-yerevann-ponuka-expertizu-v-oblasti-ai-a-satelitneho-snimkovania-pre-vyzvu-horizon-cl4-2026-04-digital-emerging-09\/\" class=\"more_info_button\">Viac inform\u00e1ci\u00ed<\/a> <!-- Viac inform\u00e1ci\u00ed button -->\n                          <\/li><\/ul><div class=\"pagination\"><span aria-current=\"page\" class=\"page-numbers current\">1<\/span>\n<a class=\"page-numbers\" href=\"https:\/\/eraportal.sk\/horizont-europa\/wp-json\/wp\/v2\/pages\/54\/page\/2\/\">2<\/a>\n<a class=\"page-numbers\" href=\"https:\/\/eraportal.sk\/horizont-europa\/wp-json\/wp\/v2\/pages\/54\/page\/3\/\">3<\/a>\n<span class=\"page-numbers dots\">&hellip;<\/span>\n<a class=\"page-numbers\" href=\"https:\/\/eraportal.sk\/horizont-europa\/wp-json\/wp\/v2\/pages\/54\/page\/73\/\">73<\/a>\n<a class=\"next page-numbers\" href=\"https:\/\/eraportal.sk\/horizont-europa\/wp-json\/wp\/v2\/pages\/54\/page\/2\/\">\u010ealej &raquo;<\/a><\/div><\/div>\n\t\t\t\t\t\t<\/div>\n\t\t\t\t<\/div>\n\t\t\t\t<\/div>\n\t\t\t\t\t<\/div>\n\t\t\t\t<\/div>\n\t\t\t\t<\/div>\n\t\t","protected":false},"excerpt":{"rendered":"","protected":false},"author":1,"featured_media":0,"parent":53,"menu_order":0,"comment_status":"closed","ping_status":"closed","template":"","meta":{"_acf_changed":false,"footnotes":""},"class_list":["post-54","page","type-page","status-publish","hentry"],"yoast_head":"<!-- This site is optimized with the Yoast SEO plugin v24.4 - https:\/\/yoast.com\/wordpress\/plugins\/seo\/ -->\n<title>Ponuky zo zahrani\u010dia - Horizont Eur\u00f3pa<\/title>\n<meta name=\"robots\" content=\"index, follow, max-snippet:-1, max-image-preview:large, max-video-preview:-1\" \/>\n<link rel=\"canonical\" href=\"https:\/\/eraportal.sk\/horizont-europa\/partneri-do-konzorcii\/ponuky-zo-zahranicia\/\" \/>\n<meta property=\"og:locale\" content=\"sk_SK\" \/>\n<meta property=\"og:type\" content=\"article\" \/>\n<meta property=\"og:title\" content=\"Ponuky zo zahrani\u010dia - Horizont Eur\u00f3pa\" \/>\n<meta property=\"og:url\" content=\"https:\/\/eraportal.sk\/horizont-europa\/partneri-do-konzorcii\/ponuky-zo-zahranicia\/\" \/>\n<meta property=\"og:site_name\" content=\"Horizont Eur\u00f3pa\" \/>\n<meta property=\"article:modified_time\" content=\"2024-02-13T18:46:09+00:00\" \/>\n<meta name=\"twitter:card\" content=\"summary_large_image\" \/>\n<script type=\"application\/ld+json\" class=\"yoast-schema-graph\">{\"@context\":\"https:\/\/schema.org\",\"@graph\":[{\"@type\":\"WebPage\",\"@id\":\"https:\/\/eraportal.sk\/horizont-europa\/partneri-do-konzorcii\/ponuky-zo-zahranicia\/\",\"url\":\"https:\/\/eraportal.sk\/horizont-europa\/partneri-do-konzorcii\/ponuky-zo-zahranicia\/\",\"name\":\"Ponuky zo zahrani\u010dia - Horizont Eur\u00f3pa\",\"isPartOf\":{\"@id\":\"https:\/\/eraportal.sk\/horizont-europa\/#website\"},\"datePublished\":\"2023-11-15T19:10:58+00:00\",\"dateModified\":\"2024-02-13T18:46:09+00:00\",\"breadcrumb\":{\"@id\":\"https:\/\/eraportal.sk\/horizont-europa\/partneri-do-konzorcii\/ponuky-zo-zahranicia\/#breadcrumb\"},\"inLanguage\":\"sk-SK\",\"potentialAction\":[{\"@type\":\"ReadAction\",\"target\":[\"https:\/\/eraportal.sk\/horizont-europa\/partneri-do-konzorcii\/ponuky-zo-zahranicia\/\"]}]},{\"@type\":\"BreadcrumbList\",\"@id\":\"https:\/\/eraportal.sk\/horizont-europa\/partneri-do-konzorcii\/ponuky-zo-zahranicia\/#breadcrumb\",\"itemListElement\":[{\"@type\":\"ListItem\",\"position\":1,\"name\":\"Domovsk\u00e1 str\u00e1nka\",\"item\":\"https:\/\/eraportal.sk\/horizont-europa\/\"},{\"@type\":\"ListItem\",\"position\":2,\"name\":\"Partneri do konzorci\u00ed\",\"item\":\"https:\/\/eraportal.sk\/horizont-europa\/partneri-do-konzorcii\/\"},{\"@type\":\"ListItem\",\"position\":3,\"name\":\"Ponuky zo zahrani\u010dia\"}]},{\"@type\":\"WebSite\",\"@id\":\"https:\/\/eraportal.sk\/horizont-europa\/#website\",\"url\":\"https:\/\/eraportal.sk\/horizont-europa\/\",\"name\":\"Horizont Eur\u00f3pa\",\"description\":\"\",\"publisher\":{\"@id\":\"https:\/\/eraportal.sk\/horizont-europa\/#organization\"},\"potentialAction\":[{\"@type\":\"SearchAction\",\"target\":{\"@type\":\"EntryPoint\",\"urlTemplate\":\"https:\/\/eraportal.sk\/horizont-europa\/?s={search_term_string}\"},\"query-input\":{\"@type\":\"PropertyValueSpecification\",\"valueRequired\":true,\"valueName\":\"search_term_string\"}}],\"inLanguage\":\"sk-SK\"},{\"@type\":\"Organization\",\"@id\":\"https:\/\/eraportal.sk\/horizont-europa\/#organization\",\"name\":\"Horizont Eur\u00f3pa\",\"url\":\"https:\/\/eraportal.sk\/horizont-europa\/\",\"logo\":{\"@type\":\"ImageObject\",\"inLanguage\":\"sk-SK\",\"@id\":\"https:\/\/eraportal.sk\/horizont-europa\/#\/schema\/logo\/image\/\",\"url\":\"https:\/\/eraportal.sk\/horizont-europa\/wp-content\/uploads\/sites\/4\/2024\/02\/Favicon_HEU.png\",\"contentUrl\":\"https:\/\/eraportal.sk\/horizont-europa\/wp-content\/uploads\/sites\/4\/2024\/02\/Favicon_HEU.png\",\"width\":512,\"height\":512,\"caption\":\"Horizont Eur\u00f3pa\"},\"image\":{\"@id\":\"https:\/\/eraportal.sk\/horizont-europa\/#\/schema\/logo\/image\/\"}}]}<\/script>\n<!-- \/ Yoast SEO plugin. -->","yoast_head_json":{"title":"Ponuky zo zahrani\u010dia - Horizont Eur\u00f3pa","robots":{"index":"index","follow":"follow","max-snippet":"max-snippet:-1","max-image-preview":"max-image-preview:large","max-video-preview":"max-video-preview:-1"},"canonical":"https:\/\/eraportal.sk\/horizont-europa\/partneri-do-konzorcii\/ponuky-zo-zahranicia\/","og_locale":"sk_SK","og_type":"article","og_title":"Ponuky zo zahrani\u010dia - Horizont Eur\u00f3pa","og_url":"https:\/\/eraportal.sk\/horizont-europa\/partneri-do-konzorcii\/ponuky-zo-zahranicia\/","og_site_name":"Horizont Eur\u00f3pa","article_modified_time":"2024-02-13T18:46:09+00:00","twitter_card":"summary_large_image","schema":{"@context":"https:\/\/schema.org","@graph":[{"@type":"WebPage","@id":"https:\/\/eraportal.sk\/horizont-europa\/partneri-do-konzorcii\/ponuky-zo-zahranicia\/","url":"https:\/\/eraportal.sk\/horizont-europa\/partneri-do-konzorcii\/ponuky-zo-zahranicia\/","name":"Ponuky zo zahrani\u010dia - Horizont Eur\u00f3pa","isPartOf":{"@id":"https:\/\/eraportal.sk\/horizont-europa\/#website"},"datePublished":"2023-11-15T19:10:58+00:00","dateModified":"2024-02-13T18:46:09+00:00","breadcrumb":{"@id":"https:\/\/eraportal.sk\/horizont-europa\/partneri-do-konzorcii\/ponuky-zo-zahranicia\/#breadcrumb"},"inLanguage":"sk-SK","potentialAction":[{"@type":"ReadAction","target":["https:\/\/eraportal.sk\/horizont-europa\/partneri-do-konzorcii\/ponuky-zo-zahranicia\/"]}]},{"@type":"BreadcrumbList","@id":"https:\/\/eraportal.sk\/horizont-europa\/partneri-do-konzorcii\/ponuky-zo-zahranicia\/#breadcrumb","itemListElement":[{"@type":"ListItem","position":1,"name":"Domovsk\u00e1 str\u00e1nka","item":"https:\/\/eraportal.sk\/horizont-europa\/"},{"@type":"ListItem","position":2,"name":"Partneri do konzorci\u00ed","item":"https:\/\/eraportal.sk\/horizont-europa\/partneri-do-konzorcii\/"},{"@type":"ListItem","position":3,"name":"Ponuky zo zahrani\u010dia"}]},{"@type":"WebSite","@id":"https:\/\/eraportal.sk\/horizont-europa\/#website","url":"https:\/\/eraportal.sk\/horizont-europa\/","name":"Horizont Eur\u00f3pa","description":"","publisher":{"@id":"https:\/\/eraportal.sk\/horizont-europa\/#organization"},"potentialAction":[{"@type":"SearchAction","target":{"@type":"EntryPoint","urlTemplate":"https:\/\/eraportal.sk\/horizont-europa\/?s={search_term_string}"},"query-input":{"@type":"PropertyValueSpecification","valueRequired":true,"valueName":"search_term_string"}}],"inLanguage":"sk-SK"},{"@type":"Organization","@id":"https:\/\/eraportal.sk\/horizont-europa\/#organization","name":"Horizont Eur\u00f3pa","url":"https:\/\/eraportal.sk\/horizont-europa\/","logo":{"@type":"ImageObject","inLanguage":"sk-SK","@id":"https:\/\/eraportal.sk\/horizont-europa\/#\/schema\/logo\/image\/","url":"https:\/\/eraportal.sk\/horizont-europa\/wp-content\/uploads\/sites\/4\/2024\/02\/Favicon_HEU.png","contentUrl":"https:\/\/eraportal.sk\/horizont-europa\/wp-content\/uploads\/sites\/4\/2024\/02\/Favicon_HEU.png","width":512,"height":512,"caption":"Horizont Eur\u00f3pa"},"image":{"@id":"https:\/\/eraportal.sk\/horizont-europa\/#\/schema\/logo\/image\/"}}]}},"acf":[],"_links":{"self":[{"href":"https:\/\/eraportal.sk\/horizont-europa\/wp-json\/wp\/v2\/pages\/54","targetHints":{"allow":["GET"]}}],"collection":[{"href":"https:\/\/eraportal.sk\/horizont-europa\/wp-json\/wp\/v2\/pages"}],"about":[{"href":"https:\/\/eraportal.sk\/horizont-europa\/wp-json\/wp\/v2\/types\/page"}],"author":[{"embeddable":true,"href":"https:\/\/eraportal.sk\/horizont-europa\/wp-json\/wp\/v2\/users\/1"}],"replies":[{"embeddable":true,"href":"https:\/\/eraportal.sk\/horizont-europa\/wp-json\/wp\/v2\/comments?post=54"}],"version-history":[{"count":22,"href":"https:\/\/eraportal.sk\/horizont-europa\/wp-json\/wp\/v2\/pages\/54\/revisions"}],"predecessor-version":[{"id":21475,"href":"https:\/\/eraportal.sk\/horizont-europa\/wp-json\/wp\/v2\/pages\/54\/revisions\/21475"}],"up":[{"embeddable":true,"href":"https:\/\/eraportal.sk\/horizont-europa\/wp-json\/wp\/v2\/pages\/53"}],"wp:attachment":[{"href":"https:\/\/eraportal.sk\/horizont-europa\/wp-json\/wp\/v2\/media?parent=54"}],"curies":[{"name":"wp","href":"https:\/\/api.w.org\/{rel}","templated":true}]}}