    {"id":538,"date":"2023-11-15T22:44:23","date_gmt":"2023-11-15T21:44:23","guid":{"rendered":"https:\/\/eraportal.ecomcapsule.com\/demohorizont\/?page_id=538"},"modified":"2024-08-09T13:36:18","modified_gmt":"2024-08-09T11:36:18","slug":"heu-podujatia","status":"publish","type":"page","link":"https:\/\/eraportal.sk\/horizont-europa\/heu-podujatia\/","title":{"rendered":"Podujatia"},"content":{"rendered":"\t\t<div data-elementor-type=\"wp-page\" data-elementor-id=\"538\" class=\"elementor elementor-538\" data-elementor-post-type=\"page\">\n\t\t\t\t<div class=\"elementor-element elementor-element-41b5d6b e-flex e-con-boxed e-con e-parent\" data-id=\"41b5d6b\" data-element_type=\"container\">\n\t\t\t\t\t<div class=\"e-con-inner\">\n\t\t\t\t<div class=\"elementor-element elementor-element-5d85bbb elementor-widget elementor-widget-shortcode\" data-id=\"5d85bbb\" data-element_type=\"widget\" data-widget_type=\"shortcode.default\">\n\t\t\t\t<div class=\"elementor-widget-container\">\n\t\t\t\t\t\t\t<div class=\"elementor-shortcode\"><form action=\"\/horizont-europa\/wp-json\/wp\/v2\/pages\/538\" method=\"get\">\n                    <label for=\"start_date\">D\u00e1tum Za\u010diatku:<\/label>\n                    <input type=\"date\" id=\"start_date\" name=\"start_date\" value=\"\">\n                    <label for=\"end_date\">D\u00e1tum Konca:<\/label>\n                    <input type=\"date\" id=\"end_date\" name=\"end_date\" value=\"\">\n                    \n                    <label for=\"oblast_slord\">Vyberte Oblas\u0165:<\/label>\n                    <select id=\"oblast_slord\" name=\"oblast_slord\">\n                        <option value=\"\">V\u0161etky Oblasti<\/option><option value=\"akcie-marie-sklodowska-curie\" >Akcie \"Marie Sk\u0142odowska-Curie\"<\/option><option value=\"eticke-otazky\" >Etick\u00e9 ot\u00e1zky<\/option><option value=\"euratom\" >EURATOM<\/option><option value=\"europska-rada-pre-inovacie-eic\" >Eur\u00f3pska rada pre inov\u00e1cie (EIC)<\/option><option value=\"europska-rada-pre-vyskum-erc\" >Eur\u00f3pska rada pre v\u00fdskum (ERC)<\/option><option value=\"europske-inovacne-ekosystemy-eie\" >Eur\u00f3pske inova\u010dn\u00e9 ekosyst\u00e9my (EIE)<\/option><option value=\"europsky-inovacny-a-technologicky-institut-eit\" >Eur\u00f3psky inova\u010dn\u00fd a technologick\u00fd in\u0161tit\u00fat (EIT)<\/option><option value=\"financne-otazky\" >Finan\u010dn\u00e9 ot\u00e1zky<\/option><option value=\"horizont-europa\" >Horizont Eur\u00f3pa<\/option><option value=\"klaster-1-zdravie\" >Klaster 1: Zdravie<\/option><option value=\"klaster-2-kultura-tvorivost-a-inkluzivna-spolocnost\" >Klaster 2: Kult\u00fara; tvorivos\u0165 a inkluz\u00edvna spolo\u010dnos\u0165<\/option><option value=\"klaster-3-civilna-bezpecnost-pre-spolocnost\" >Klaster 3: Civiln\u00e1 bezpe\u010dnos\u0165 pre spolo\u010dnos\u0165<\/option><option value=\"klaster-4-digitalizacia-priemysel-a-vesmir\" >Klaster 4: Digitaliz\u00e1cia; priemysel a vesm\u00edr<\/option><option value=\"klaster-5-klima-energetika-a-mobilita\" >Klaster 5: Kl\u00edma; energetika a mobilita<\/option><option value=\"klaster-6-potraviny-biohospodarstvo-prirodne-zdroje-polnohospodarstvo-a-zivotne-prostredie\" >Klaster 6: Potraviny; biohospod\u00e1rstvo; pr\u00edrodn\u00e9 zdroje; po\u013enohospod\u00e1rstvo a \u017eivotn\u00e9 prostredie<\/option><option value=\"misia-eu-adaptacia-na-zmenu-klimy\" >Misia E\u00da: Adapt\u00e1cia na zmenu kl\u00edmy<\/option><option value=\"misia-eu-adaptacia-na-zmenu-klimy-oblast-spolocenske-transformacie\" >Misia E\u00da: Adapt\u00e1cia na zmenu kl\u00edmy (oblas\u0165: Spolo\u010densk\u00e9 transform\u00e1cie)<\/option><option value=\"misia-eu-dohoda-o-pode-pre-europu\" >Misia E\u00da: Dohoda o p\u00f4de pre Eur\u00f3pu<\/option><option value=\"misia-eu-klimaticky-neutralne-a-inteligentne-mesta\" >Misia E\u00da: Klimaticky neutr\u00e1lne a inteligentn\u00e9 mest\u00e1<\/option><option value=\"misia-eu-ocean-moria-a-vody\" >Misia E\u00da: Oce\u00e1n; moria a vody<\/option><option value=\"misia-eu-rakovina\" >Misia E\u00da: Rakovina<\/option><option value=\"misie\" >Misie<\/option><option value=\"nas-tip\" >N\u00e1\u0161 tip<\/option><option value=\"novy-europsky-bauhaus\" >Nov\u00fd eur\u00f3psky Bauhaus<\/option><option value=\"partnerstva-oblast-digitalizacia-priemysel-a-vesmir\" >Partnerstv\u00e1: oblas\u0165 Digitaliz\u00e1cia; priemysel a vesm\u00edr<\/option><option value=\"partnerstva-oblast-klima-energetika-a-mobilita\" >Partnerstv\u00e1: oblas\u0165 Kl\u00edma; energetika a mobilita<\/option><option value=\"partnerstva-oblast-potraviny\" >Partnerstv\u00e1: oblas\u0165 Potraviny<\/option><option value=\"partnerstva-oblast-potraviny-biohospodarstvo-prirodne-zdroje-polnohospodarstvo-a-zivotne-prostredie\" >Partnerstv\u00e1: oblas\u0165 Potraviny, biohospod\u00e1rstvo, pr\u00edrodn\u00e9 zdroje, po\u013enohospod\u00e1rstvo a \u017eivotn\u00e9 prostredie<\/option><option value=\"partnerstva-oblast-zdravie\" >Partnerstv\u00e1: oblas\u0165 Zdravie<\/option><option value=\"partnerstva-partnerstva-napriec-temami\" >Partnerstv\u00e1: Partnerstv\u00e1 naprie\u010d t\u00e9mami<\/option><option value=\"pravne-otazky\" >Pr\u00e1vne ot\u00e1zky<\/option><option value=\"prirodne-zdroje\" >pr\u00edrodn\u00e9 zdroje<\/option><option value=\"rozsirovanie-ucasti-a-posilnenie-europskeho-vyskumneho-priestoru\" >Roz\u0161irovanie \u00fa\u010dasti a posilnenie Eur\u00f3pskeho v\u00fdskumn\u00e9ho priestoru<\/option><option value=\"spolocne-vyskumne-centrum-jrc\" >Spolo\u010dn\u00e9 v\u00fdskumn\u00e9 centrum (JRC)<\/option><option value=\"vyskumne-infrastruktury\" >V\u00fdskumn\u00e9 infra\u0161trukt\u00fary<\/option><option value=\"widera\" >WIDERA<\/option><\/select>\n\n                    <label for=\"stat\">Vyberte \u0160t\u00e1t:<\/label>\n                    <select id=\"stat\" name=\"stat\">\n                        <option value=\"\">V\u0161etky \u0160t\u00e1ty<\/option><option value=\"\" ><\/option><option value=\"Portugalsko\" >Portugalsko<\/option><option value=\"Nemecko\" >Nemecko<\/option><option value=\"Franc\u00fazsko\" >Franc\u00fazsko<\/option><option value=\"Online\" >Online<\/option><option value=\"\u0160panielsko\" >\u0160panielsko<\/option><option value=\"Slovensko\" >Slovensko<\/option><option value=\"\u010cierna Hora\" >\u010cierna Hora<\/option><option value=\"\u0160v\u00e9dsko\" >\u0160v\u00e9dsko<\/option><option value=\"Luxembursko\" >Luxembursko<\/option><option value=\"\u010cesk\u00e1 republika\" >\u010cesk\u00e1 republika<\/option><option value=\"Taliansko\" >Taliansko<\/option><option value=\"Franc\u00fazsko\/online\" >Franc\u00fazsko\/online<\/option><option value=\"Belgicko\" >Belgicko<\/option><option value=\"Slovakia\" >Slovakia<\/option><option value=\"Belgicko\/online\" >Belgicko\/online<\/option><option value=\"\u010cesko\" >\u010cesko<\/option><option value=\"Rak\u00fasko\" >Rak\u00fasko<\/option><option value=\"\u010cR\" >\u010cR<\/option><option value=\"Ma\u010farsko\" >Ma\u010farsko<\/option><option value=\"Slovensk\u00e1 republika\" >Slovensk\u00e1 republika<\/option><option value=\"SR\" >SR<\/option><option value=\"Brusel\" >Brusel<\/option><option value=\"Po\u013esko\" >Po\u013esko<\/option><option value=\"Holandsko\" >Holandsko<\/option><option value=\"Litva\" >Litva<\/option><option value=\"\u00cdrsko\" >\u00cdrsko<\/option><option value=\"Belgicko, online\" >Belgicko, online<\/option><option value=\"Turecko\" >Turecko<\/option><option value=\"Slovinsko\" >Slovinsko<\/option><option value=\"Gr\u00e9cko\" >Gr\u00e9cko<\/option><option value=\"Rumunsko\" >Rumunsko<\/option><option value=\"Loty\u0161sko\" >Loty\u0161sko<\/option><option value=\"Est\u00f3nsko\" >Est\u00f3nsko<\/option><option value=\"N\u00f3rsko\" >N\u00f3rsko<\/option><option value=\"Izrael\" >Izrael<\/option><option value=\"D\u00e1nsko\" >D\u00e1nsko<\/option><option value=\"Gruz\u00ednsko\" >Gruz\u00ednsko<\/option><option value=\"India\" >India<\/option><option value=\"Bulharsko\" >Bulharsko<\/option><\/select>\n\n                    <label for=\"typ_podujatia\">Vyberte Typ Podujatia:<\/label>\n                    <select id=\"typ_podujatia\" name=\"typ_podujatia\">\n                        <option value=\"\">V\u0161etky Typy<\/option><option value=\"F\u00f3rum\" >F\u00f3rum<\/option><option value=\"Konferencia\" >Konferencia<\/option><option value=\"Prezent\u00e1cia\" >Prezent\u00e1cia<\/option><option value=\"Workshop\" >Workshop<\/option><option value=\"Webin\u00e1r\" >Webin\u00e1r<\/option><option value=\"Brokerage event\" >Brokerage event<\/option><option value=\"Symp\u00f3zium\" >Symp\u00f3zium<\/option><option value=\"Semin\u00e1r\" >Semin\u00e1r<\/option><option value=\"Informa\u010dn\u00fd de\u0148\" >Informa\u010dn\u00fd de\u0148<\/option><option value=\"\" selected><\/option><option value=\"S\u00fa\u0165a\u017e\" >S\u00fa\u0165a\u017e<\/option><option value=\"Festival\" >Festival<\/option><option value=\"Diskusia\" >Diskusia<\/option><option value=\"Odborn\u00fd semin\u00e1r\" >Odborn\u00fd semin\u00e1r<\/option><option value=\"Predn\u00e1\u0161ka\" >Predn\u00e1\u0161ka<\/option><option value=\"Kongres\" >Kongres<\/option><option value=\"De\u0148 otvoren\u00fdch dver\u00ed\" >De\u0148 otvoren\u00fdch dver\u00ed<\/option><option value=\"V\u00fdstava\" >V\u00fdstava<\/option><option value=\"Letn\u00e1 \u0161kola\" >Letn\u00e1 \u0161kola<\/option><option value=\"Hackaton\" >Hackaton<\/option>                        <label for=\"search_term\" style=\"display: none;\">Vyh\u013ead\u00e1va\u0165:<\/label>\n        <input placeholder=\"H\u013eada\u0165\" type=\"text\" id=\"search_term\" name=\"search_term\" value=\"\"><\/select>\n                    \n                    <input type=\"submit\" name=\"event_filter_submit\" value=\"Pou\u017ei\u0165\">\n                    <a href=\"\/horizont-europa\/wp-json\/wp\/v2\/pages\/538\" class=\"reset-filter\">Obnovi\u0165 filtre<\/a>\n                 <\/form><\/div>\n\t\t\t\t\t\t<\/div>\n\t\t\t\t<\/div>\n\t\t\t\t\t<\/div>\n\t\t\t\t<\/div>\n\t\t<div class=\"elementor-element elementor-element-48dc74f e-flex e-con-boxed e-con e-parent\" data-id=\"48dc74f\" data-element_type=\"container\">\n\t\t\t\t\t<div class=\"e-con-inner\">\n\t\t<div class=\"elementor-element elementor-element-4f82baf e-con-full e-flex e-con e-child\" data-id=\"4f82baf\" data-element_type=\"container\">\n\t\t\t\t<div class=\"elementor-element elementor-element-3dded33 elementor-widget elementor-widget-shortcode\" data-id=\"3dded33\" data-element_type=\"widget\" data-widget_type=\"shortcode.default\">\n\t\t\t\t<div class=\"elementor-widget-container\">\n\t\t\t\t\t\t\t<div class=\"elementor-shortcode\"><table class=\"events-table\" style=\"width: 100%;\"><thead>\n                  <tr>\n                    <th>Za\u010diatok<\/th>\n                    <th>Koniec<\/th>\n                    <th>Typ<\/th>\n                    <th>Organiz\u00e1tor<\/th>\n                    <th>N\u00e1zov<\/th>\n                    <th>Miesto konania<\/th>\n                  <\/tr>\n                  <\/thead><tbody><tr><td>09.04.2026 13:00<\/td>\n                <td>09.04.2026 14:00<\/td>\n                <td>Webin\u00e1r<\/td>\n                <td>N\u00e1rodn\u00e1 kancel\u00e1ria Horizontu<\/td>\n                <td><a href='https:\/\/eraportal.sk\/horizont-europa\/podujatie\/na-kave-s-ncp-2026-klaster-6-aktualne\/'>Na k\u00e1ve s NCP 2026 &#8211; Klaster 6 aktu\u00e1lne<\/a><\/td>\n                <td>online <\/td><\/tr><tr><td>09.04.2026 13:00<\/td>\n                <td>09.04.2026 14:00<\/td>\n                <td>Webin\u00e1r<\/td>\n                <td>N\u00e1rodn\u00e1 kancel\u00e1ria Horizontu pri CVTI SR, BIC Bratislava<\/td>\n                <td><a href='https:\/\/eraportal.sk\/horizont-europa\/podujatie\/eic-accelerator-2026-co-je-nove\/'>EIC Accelerator 2026. \u010co je nov\u00e9?<\/a><\/td>\n                <td>online<\/td><\/tr><tr><td>16.04.2026 13:00<\/td>\n                <td>16.04.2026 14:00<\/td>\n                <td>Webin\u00e1r<\/td>\n                <td>N\u00e1rodn\u00e1 kancel\u00e1ria Horizontu<\/td>\n                <td><a href='https:\/\/eraportal.sk\/horizont-europa\/podujatie\/na-kave-s-ncp-2026-inovativna-europa\/'>Na k\u00e1ve s NCP 2026: Inovat\u00edvna Eur\u00f3pa<\/a><\/td>\n                <td>online<\/td><\/tr><tr><td>21.04.2026 13:00<\/td>\n                <td>21.04.2026 15:00<\/td>\n                <td>Webin\u00e1r<\/td>\n                <td>N\u00e1rodn\u00e1 kancel\u00e1ria Horizont<\/td>\n                <td><a href='https:\/\/eraportal.sk\/horizont-europa\/podujatie\/narodny-informacny-den-pre-klaster-4\/'>N\u00e1rodn\u00fd informa\u010dn\u00fd de\u0148 pre Klaster 4<\/a><\/td>\n                <td>Online<\/td><\/tr><tr><td>22.04.2026 09:30<\/td>\n                <td>22.04.2026 12:30<\/td>\n                <td>Webin\u00e1r<\/td>\n                <td>Sty\u010dn\u00e1 kancel\u00e1ria pre v\u00fdskum a v\u00fdvoj v Bruseli (SLORD)<\/td>\n                <td><a href='https:\/\/eraportal.sk\/horizont-europa\/podujatie\/online-matchmakingove-podujatie-pre-klaster-6\/'>Online matchmakingov\u00e9 podujatie pre Klaster 6<\/a><\/td>\n                <td>online<\/td><\/tr><tr><td>23.04.2026 09:00<\/td>\n                <td>24.04.2026 15:00<\/td>\n                <td>Brokerage event<\/td>\n                <td>EARTO, SEREN, EOS, ECSO, IMG- S, Ministerstvo \u0161kolstva, v\u00fdskumu a inov\u00e1ci\u00ed Franc\u00fazska, CMINE\u00a0<\/td>\n                <td><a href='https:\/\/eraportal.sk\/horizont-europa\/podujatie\/smi2g-partnerska-burza-2026\/'>SMI2G &#8211; Partnersk\u00e1 burza 2026<\/a><\/td>\n                <td>Par\u00ed\u017e<\/td><\/tr><tr><td>23.04.2026 13:00<\/td>\n                <td>23.04.2026 14:00<\/td>\n                <td>Webin\u00e1r<\/td>\n                <td>N\u00e1rodn\u00e1 kancel\u00e1ria Horizontu<\/td>\n                <td><a href='https:\/\/eraportal.sk\/horizont-europa\/podujatie\/na-kave-s-ncp-2026-eticke-otazky\/'>Na k\u00e1ve s NCP 2026: Etick\u00e9 ot\u00e1zky<\/a><\/td>\n                <td>online<\/td><\/tr><tr><td>24.04.2026 10:00<\/td>\n                <td>24.04.2026 11:00<\/td>\n                <td>Webin\u00e1r<\/td>\n                <td>N\u00e1rodn\u00e1 kancel\u00e1ria Horizontu<\/td>\n                <td><a href='https:\/\/eraportal.sk\/horizont-europa\/podujatie\/financny-manazment-projektov-lump-sum\/'>Finan\u010dn\u00fd mana\u017ement projektov lump sum<\/a><\/td>\n                <td>online<\/td><\/tr><tr><td>27.04.2026 09:30<\/td>\n                <td>27.04.2026 11:00<\/td>\n                <td>Webin\u00e1r<\/td>\n                <td>Bulgarian Academy of Sciences<\/td>\n                <td><a href='https:\/\/eraportal.sk\/horizont-europa\/podujatie\/online-podujatie-moznost-zucastnit-sa-msca-postdoctoral-fellowships\/'>Online podujatie: mo\u017enos\u0165 z\u00fa\u010dastni\u0165 sa MSCA Postdoctoral Fellowships<\/a><\/td>\n                <td>Online<\/td><\/tr><tr><td>29.04.2026 10:00<\/td>\n                <td>29.04.2026 13:30<\/td>\n                <td>Webin\u00e1r<\/td>\n                <td>ERC NCPs - sie\u0165ovac\u00ed projekr mERCury<\/td>\n                <td><a href='https:\/\/eraportal.sk\/horizont-europa\/podujatie\/towards-an-erc-advanced-grant-from-groundbreaking-idea-to-successful-proposal\/'>Towards an ERC Advanced Grant: from groundbreaking idea to successful proposal<\/a><\/td>\n                <td>Online<\/td><\/tr><\/tbody><\/table><div class=\"pagination\"><span aria-current=\"page\" class=\"page-numbers current\">1<\/span>\n<a class=\"page-numbers\" href=\"https:\/\/eraportal.sk\/horizont-europa\/wp-json\/wp\/v2\/pages\/538\/page\/2\/\">2<\/a>\n<a class=\"next page-numbers\" href=\"https:\/\/eraportal.sk\/horizont-europa\/wp-json\/wp\/v2\/pages\/538\/page\/2\/\">\u010ealej &raquo;<\/a><\/div><\/tbody><\/table><\/div>\n\t\t\t\t\t\t<\/div>\n\t\t\t\t<\/div>\n\t\t\t\t<\/div>\n\t\t\t\t\t<\/div>\n\t\t\t\t<\/div>\n\t\t<div class=\"elementor-element elementor-element-dd2b53f e-flex e-con-boxed e-con e-parent\" data-id=\"dd2b53f\" data-element_type=\"container\">\n\t\t\t\t\t<div class=\"e-con-inner\">\n\t\t\t\t<div class=\"elementor-element elementor-element-0962095 elementor-align-center elementor-widget elementor-widget-button\" data-id=\"0962095\" data-element_type=\"widget\" data-widget_type=\"button.default\">\n\t\t\t\t<div class=\"elementor-widget-container\">\n\t\t\t\t\t\t\t\t\t<div class=\"elementor-button-wrapper\">\n\t\t\t\t\t<a class=\"elementor-button elementor-button-link elementor-size-sm\" href=\"https:\/\/eraportal.sk\/horizont-europa\/podujatia-archiv\/\">\n\t\t\t\t\t\t<span class=\"elementor-button-content-wrapper\">\n\t\t\t\t\t\t\t\t\t<span class=\"elementor-button-text\">Arch\u00edv<\/span>\n\t\t\t\t\t<\/span>\n\t\t\t\t\t<\/a>\n\t\t\t\t<\/div>\n\t\t\t\t\t\t\t\t<\/div>\n\t\t\t\t<\/div>\n\t\t\t\t\t<\/div>\n\t\t\t\t<\/div>\n\t\t\t\t<\/div>\n\t\t","protected":false},"excerpt":{"rendered":"<p>Arch\u00edv<\/p>\n","protected":false},"author":1,"featured_media":0,"parent":0,"menu_order":0,"comment_status":"closed","ping_status":"closed","template":"","meta":{"_acf_changed":false,"footnotes":""},"class_list":["post-538","page","type-page","status-publish","hentry"],"yoast_head":"<!-- This site is optimized with the Yoast SEO plugin v24.4 - https:\/\/yoast.com\/wordpress\/plugins\/seo\/ -->\n<title>Podujatia - Horizont Eur\u00f3pa<\/title>\n<meta name=\"robots\" content=\"index, follow, max-snippet:-1, max-image-preview:large, max-video-preview:-1\" \/>\n<link rel=\"canonical\" href=\"https:\/\/eraportal.sk\/horizont-europa\/heu-podujatia\/\" \/>\n<meta property=\"og:locale\" content=\"sk_SK\" \/>\n<meta property=\"og:type\" content=\"article\" \/>\n<meta property=\"og:title\" content=\"Podujatia - Horizont Eur\u00f3pa\" \/>\n<meta property=\"og:description\" content=\"Arch\u00edv\" \/>\n<meta property=\"og:url\" content=\"https:\/\/eraportal.sk\/horizont-europa\/heu-podujatia\/\" \/>\n<meta property=\"og:site_name\" content=\"Horizont Eur\u00f3pa\" \/>\n<meta property=\"article:modified_time\" content=\"2024-08-09T11:36:18+00:00\" \/>\n<meta name=\"twitter:card\" content=\"summary_large_image\" \/>\n<script type=\"application\/ld+json\" class=\"yoast-schema-graph\">{\"@context\":\"https:\/\/schema.org\",\"@graph\":[{\"@type\":\"WebPage\",\"@id\":\"https:\/\/eraportal.sk\/horizont-europa\/heu-podujatia\/\",\"url\":\"https:\/\/eraportal.sk\/horizont-europa\/heu-podujatia\/\",\"name\":\"Podujatia - Horizont Eur\u00f3pa\",\"isPartOf\":{\"@id\":\"https:\/\/eraportal.sk\/horizont-europa\/#website\"},\"datePublished\":\"2023-11-15T21:44:23+00:00\",\"dateModified\":\"2024-08-09T11:36:18+00:00\",\"breadcrumb\":{\"@id\":\"https:\/\/eraportal.sk\/horizont-europa\/heu-podujatia\/#breadcrumb\"},\"inLanguage\":\"sk-SK\",\"potentialAction\":[{\"@type\":\"ReadAction\",\"target\":[\"https:\/\/eraportal.sk\/horizont-europa\/heu-podujatia\/\"]}]},{\"@type\":\"BreadcrumbList\",\"@id\":\"https:\/\/eraportal.sk\/horizont-europa\/heu-podujatia\/#breadcrumb\",\"itemListElement\":[{\"@type\":\"ListItem\",\"position\":1,\"name\":\"Domovsk\u00e1 str\u00e1nka\",\"item\":\"https:\/\/eraportal.sk\/horizont-europa\/\"},{\"@type\":\"ListItem\",\"position\":2,\"name\":\"Podujatia\"}]},{\"@type\":\"WebSite\",\"@id\":\"https:\/\/eraportal.sk\/horizont-europa\/#website\",\"url\":\"https:\/\/eraportal.sk\/horizont-europa\/\",\"name\":\"Horizont Eur\u00f3pa\",\"description\":\"\",\"publisher\":{\"@id\":\"https:\/\/eraportal.sk\/horizont-europa\/#organization\"},\"potentialAction\":[{\"@type\":\"SearchAction\",\"target\":{\"@type\":\"EntryPoint\",\"urlTemplate\":\"https:\/\/eraportal.sk\/horizont-europa\/?s={search_term_string}\"},\"query-input\":{\"@type\":\"PropertyValueSpecification\",\"valueRequired\":true,\"valueName\":\"search_term_string\"}}],\"inLanguage\":\"sk-SK\"},{\"@type\":\"Organization\",\"@id\":\"https:\/\/eraportal.sk\/horizont-europa\/#organization\",\"name\":\"Horizont Eur\u00f3pa\",\"url\":\"https:\/\/eraportal.sk\/horizont-europa\/\",\"logo\":{\"@type\":\"ImageObject\",\"inLanguage\":\"sk-SK\",\"@id\":\"https:\/\/eraportal.sk\/horizont-europa\/#\/schema\/logo\/image\/\",\"url\":\"https:\/\/eraportal.sk\/horizont-europa\/wp-content\/uploads\/sites\/4\/2024\/02\/Favicon_HEU.png\",\"contentUrl\":\"https:\/\/eraportal.sk\/horizont-europa\/wp-content\/uploads\/sites\/4\/2024\/02\/Favicon_HEU.png\",\"width\":512,\"height\":512,\"caption\":\"Horizont Eur\u00f3pa\"},\"image\":{\"@id\":\"https:\/\/eraportal.sk\/horizont-europa\/#\/schema\/logo\/image\/\"}}]}<\/script>\n<!-- \/ Yoast SEO plugin. -->","yoast_head_json":{"title":"Podujatia - Horizont Eur\u00f3pa","robots":{"index":"index","follow":"follow","max-snippet":"max-snippet:-1","max-image-preview":"max-image-preview:large","max-video-preview":"max-video-preview:-1"},"canonical":"https:\/\/eraportal.sk\/horizont-europa\/heu-podujatia\/","og_locale":"sk_SK","og_type":"article","og_title":"Podujatia - Horizont Eur\u00f3pa","og_description":"Arch\u00edv","og_url":"https:\/\/eraportal.sk\/horizont-europa\/heu-podujatia\/","og_site_name":"Horizont Eur\u00f3pa","article_modified_time":"2024-08-09T11:36:18+00:00","twitter_card":"summary_large_image","schema":{"@context":"https:\/\/schema.org","@graph":[{"@type":"WebPage","@id":"https:\/\/eraportal.sk\/horizont-europa\/heu-podujatia\/","url":"https:\/\/eraportal.sk\/horizont-europa\/heu-podujatia\/","name":"Podujatia - Horizont Eur\u00f3pa","isPartOf":{"@id":"https:\/\/eraportal.sk\/horizont-europa\/#website"},"datePublished":"2023-11-15T21:44:23+00:00","dateModified":"2024-08-09T11:36:18+00:00","breadcrumb":{"@id":"https:\/\/eraportal.sk\/horizont-europa\/heu-podujatia\/#breadcrumb"},"inLanguage":"sk-SK","potentialAction":[{"@type":"ReadAction","target":["https:\/\/eraportal.sk\/horizont-europa\/heu-podujatia\/"]}]},{"@type":"BreadcrumbList","@id":"https:\/\/eraportal.sk\/horizont-europa\/heu-podujatia\/#breadcrumb","itemListElement":[{"@type":"ListItem","position":1,"name":"Domovsk\u00e1 str\u00e1nka","item":"https:\/\/eraportal.sk\/horizont-europa\/"},{"@type":"ListItem","position":2,"name":"Podujatia"}]},{"@type":"WebSite","@id":"https:\/\/eraportal.sk\/horizont-europa\/#website","url":"https:\/\/eraportal.sk\/horizont-europa\/","name":"Horizont Eur\u00f3pa","description":"","publisher":{"@id":"https:\/\/eraportal.sk\/horizont-europa\/#organization"},"potentialAction":[{"@type":"SearchAction","target":{"@type":"EntryPoint","urlTemplate":"https:\/\/eraportal.sk\/horizont-europa\/?s={search_term_string}"},"query-input":{"@type":"PropertyValueSpecification","valueRequired":true,"valueName":"search_term_string"}}],"inLanguage":"sk-SK"},{"@type":"Organization","@id":"https:\/\/eraportal.sk\/horizont-europa\/#organization","name":"Horizont Eur\u00f3pa","url":"https:\/\/eraportal.sk\/horizont-europa\/","logo":{"@type":"ImageObject","inLanguage":"sk-SK","@id":"https:\/\/eraportal.sk\/horizont-europa\/#\/schema\/logo\/image\/","url":"https:\/\/eraportal.sk\/horizont-europa\/wp-content\/uploads\/sites\/4\/2024\/02\/Favicon_HEU.png","contentUrl":"https:\/\/eraportal.sk\/horizont-europa\/wp-content\/uploads\/sites\/4\/2024\/02\/Favicon_HEU.png","width":512,"height":512,"caption":"Horizont Eur\u00f3pa"},"image":{"@id":"https:\/\/eraportal.sk\/horizont-europa\/#\/schema\/logo\/image\/"}}]}},"acf":[],"_links":{"self":[{"href":"https:\/\/eraportal.sk\/horizont-europa\/wp-json\/wp\/v2\/pages\/538","targetHints":{"allow":["GET"]}}],"collection":[{"href":"https:\/\/eraportal.sk\/horizont-europa\/wp-json\/wp\/v2\/pages"}],"about":[{"href":"https:\/\/eraportal.sk\/horizont-europa\/wp-json\/wp\/v2\/types\/page"}],"author":[{"embeddable":true,"href":"https:\/\/eraportal.sk\/horizont-europa\/wp-json\/wp\/v2\/users\/1"}],"replies":[{"embeddable":true,"href":"https:\/\/eraportal.sk\/horizont-europa\/wp-json\/wp\/v2\/comments?post=538"}],"version-history":[{"count":67,"href":"https:\/\/eraportal.sk\/horizont-europa\/wp-json\/wp\/v2\/pages\/538\/revisions"}],"predecessor-version":[{"id":24433,"href":"https:\/\/eraportal.sk\/horizont-europa\/wp-json\/wp\/v2\/pages\/538\/revisions\/24433"}],"wp:attachment":[{"href":"https:\/\/eraportal.sk\/horizont-europa\/wp-json\/wp\/v2\/media?parent=538"}],"curies":[{"name":"wp","href":"https:\/\/api.w.org\/{rel}","templated":true}]}}