    {"id":53,"date":"2023-11-15T20:09:51","date_gmt":"2023-11-15T19:09:51","guid":{"rendered":"https:\/\/eraportal.ecomcapsule.com\/demohorizont\/?page_id=53"},"modified":"2025-05-20T11:19:13","modified_gmt":"2025-05-20T09:19:13","slug":"partneri-do-konzorcii","status":"publish","type":"page","link":"https:\/\/eraportal.sk\/horizont-europa\/partneri-do-konzorcii\/","title":{"rendered":"Partneri do konzorci\u00ed"},"content":{"rendered":"\t\t<div data-elementor-type=\"wp-page\" data-elementor-id=\"53\" class=\"elementor elementor-53\" data-elementor-post-type=\"page\">\n\t\t\t\t<div class=\"elementor-element elementor-element-0fb830e e-flex e-con-boxed e-con e-parent\" data-id=\"0fb830e\" data-element_type=\"container\">\n\t\t\t\t\t<div class=\"e-con-inner\">\n\t\t\t\t<div class=\"elementor-element elementor-element-d066191 elementor-widget elementor-widget-button\" data-id=\"d066191\" data-element_type=\"widget\" data-widget_type=\"button.default\">\n\t\t\t\t<div class=\"elementor-widget-container\">\n\t\t\t\t\t\t\t\t\t<div class=\"elementor-button-wrapper\">\n\t\t\t\t\t<a class=\"elementor-button elementor-button-link elementor-size-lg\" href=\"https:\/\/eraportal.sk\/horizont-europa\/hladanie-partnerov-do-konzorcii\/\">\n\t\t\t\t\t\t<span class=\"elementor-button-content-wrapper\">\n\t\t\t\t\t\t\t\t\t<span class=\"elementor-button-text\">Ponuky zo SR<\/span>\n\t\t\t\t\t<\/span>\n\t\t\t\t\t<\/a>\n\t\t\t\t<\/div>\n\t\t\t\t\t\t\t\t<\/div>\n\t\t\t\t<\/div>\n\t\t\t\t<div class=\"elementor-element elementor-element-a1dc8af elementor-widget elementor-widget-button\" data-id=\"a1dc8af\" data-element_type=\"widget\" data-widget_type=\"button.default\">\n\t\t\t\t<div class=\"elementor-widget-container\">\n\t\t\t\t\t\t\t\t\t<div class=\"elementor-button-wrapper\">\n\t\t\t\t\t<a class=\"elementor-button elementor-button-link elementor-size-lg\" href=\"https:\/\/eraportal.sk\/horizont-europa\/partneri-do-konzorcii\/ponuky-zo-zahranicia\/\">\n\t\t\t\t\t\t<span class=\"elementor-button-content-wrapper\">\n\t\t\t\t\t\t\t\t\t<span class=\"elementor-button-text\">Ponuky zo zahrani\u010dia<\/span>\n\t\t\t\t\t<\/span>\n\t\t\t\t\t<\/a>\n\t\t\t\t<\/div>\n\t\t\t\t\t\t\t\t<\/div>\n\t\t\t\t<\/div>\n\t\t\t\t<div class=\"elementor-element elementor-element-2eb92c5 elementor-widget elementor-widget-button\" data-id=\"2eb92c5\" data-element_type=\"widget\" data-widget_type=\"button.default\">\n\t\t\t\t<div class=\"elementor-widget-container\">\n\t\t\t\t\t\t\t\t\t<div class=\"elementor-button-wrapper\">\n\t\t\t\t\t<a class=\"elementor-button elementor-button-link elementor-size-lg\" href=\"https:\/\/eraportal.sk\/horizont-europa\/partneri-do-konzorcii\/ponuky-cez-sietovacie-projekty\/\">\n\t\t\t\t\t\t<span class=\"elementor-button-content-wrapper\">\n\t\t\t\t\t\t\t\t\t<span class=\"elementor-button-text\">Ponuky cez sie\u0165ovacie projekty<\/span>\n\t\t\t\t\t<\/span>\n\t\t\t\t\t<\/a>\n\t\t\t\t<\/div>\n\t\t\t\t\t\t\t\t<\/div>\n\t\t\t\t<\/div>\n\t\t\t\t\t<\/div>\n\t\t\t\t<\/div>\n\t\t<div class=\"elementor-element elementor-element-026f0fc e-flex e-con-boxed e-con e-parent\" data-id=\"026f0fc\" data-element_type=\"container\">\n\t\t\t\t\t<div class=\"e-con-inner\">\n\t\t\t\t<div class=\"elementor-element elementor-element-c2a4906 elementor-widget elementor-widget-spacer\" data-id=\"c2a4906\" data-element_type=\"widget\" data-widget_type=\"spacer.default\">\n\t\t\t\t<div class=\"elementor-widget-container\">\n\t\t\t\t\t\t\t<div class=\"elementor-spacer\">\n\t\t\t<div class=\"elementor-spacer-inner\"><\/div>\n\t\t<\/div>\n\t\t\t\t\t\t<\/div>\n\t\t\t\t<\/div>\n\t\t\t\t<div class=\"elementor-element elementor-element-73c9f77 elementor-widget elementor-widget-text-editor\" data-id=\"73c9f77\" data-element_type=\"widget\" data-widget_type=\"text-editor.default\">\n\t\t\t\t<div class=\"elementor-widget-container\">\n\t\t\t\t\t\t\t\t\t<h3><strong>Mo\u017enosti h\u013eadania partnerov do projektov\u00fdch konzorci\u00ed<\/strong><\/h3><p>Pri h\u013eadan\u00ed partnera m\u00e1te viacero mo\u017enost\u00ed.<\/p><ol><li>Prv\u00fdm miestom kde h\u013eada\u0165 partnerov je <a href=\"https:\/\/ec.europa.eu\/info\/funding-tenders\/opportunities\/portal\/screen\/opportunities\/topic-search;callCode=null;freeTextSearchKeyword=;matchWholeText=true;typeCodes=1,2;statusCodes=31094502;programmePeriod=null;programCcm2Id=43108390;programDivisionCode=null;focusAreaCode=null;destination=null;mission=null;geographicalZonesCode=null;programmeDivisionProspect=null;startDateLte=null;startDateGte=null;crossCuttingPriorityCode=null;cpvCode=null;performanceOfDelivery=null;sortQuery=sortStatus;orderBy=asc;onlyTenders=false;topicListKey=topicSearchTablePageState\" target=\"_blank\" rel=\"noreferrer noopener\"><strong>EU Funding &amp;Tenders Portal, pod ka\u017edou zverejnenou v\u00fdzvou v \u010dasti Partner Search.<\/strong><\/a>\u00a0N\u00e1jdete tu zoznam z\u00e1ujemcov o podanie projektov\u00e9ho n\u00e1vrh k danej v\u00fdzve, \u010di\u017ee ide o zoznam potenci\u00e1lnych partnerov pre va\u0161e projektov\u00e9 n\u00e1vrhy medzi zaregistrovan\u00fdmi organiz\u00e1ciami na port\u00e1le. Vyh\u013ead\u00e1va\u0165 m\u00f4\u017eete aj zadan\u00edm k\u013e\u00fa\u010dov\u00e9ho slova alebo t\u00e9my, pod\u013ea geografick\u00fdch krit\u00e9ri\u00ed \u010di pod\u013ea typu organiz\u00e1cie, pod\u013ea t\u00e9m, ktor\u00fdch sa organiz\u00e1cie z\u00fa\u010dastnili alebo prejavili z\u00e1ujem o \u00fa\u010das\u0165 v bud\u00facnosti.<\/li><li>\u010ealej v\u00e1m vieme pom\u00f4c\u0165 aj my v\u00a0<strong><a href=\"https:\/\/eraportal.sk\/horizont-europa\/heu-narodne-kontaktne-body\/\">N\u00e1rodnej kancel\u00e1rii Horizontu<\/a><\/strong>, a preto n\u00e1s po\u017eiadajte o \u0161\u00edrenie v\u00e1\u0161ho profilu (<a href=\"https:\/\/eraportal.sk\/wp-content\/uploads\/2023\/02\/Partner_Search_formular_HE.docx\" target=\"_blank\" rel=\"noreferrer noopener\">formul\u00e1r<\/a>) cez na\u0161e kontakty v danej oblasti v r\u00f4znych krajin\u00e1ch.<\/li><li>Na na\u0161om webe si pozrite\u00a0\u010das\u0165\u00a0<strong><a href=\"https:\/\/eraportal.sk\/horizont-europa\/heu-ponuka-partnerstiev\/\" target=\"_blank\" rel=\"noreferrer noopener\">Ponuka partnerstiev do konzorci\u00ed<\/a><\/strong>, kde n\u00e1jdete aj vzor formul\u00e1ra pre h\u013eadanie partnerov.<\/li><li>Partnerov je mo\u017en\u00e9 vyh\u013ead\u00e1va\u0165 aj cez in\u00e9<strong>\u00a0projektov\u00e9 weby<\/strong>\u00a0\u010di\u00a0<strong>datab\u00e1zy NCPs<\/strong>. A\u00a0to bu\u010f\u00a0<strong>v\u0161eobecn\u00e9<\/strong>\u00a0(nezameran\u00e9 na konkr\u00e9tnu oblas\u0165), alebo\u00a0<strong>\u0161pecifick\u00e9\/ tematick\u00e9\u00a0<\/strong>(venuj\u00face sa len jednej spolo\u010denskej oblasti).<\/li><\/ol><div>\u00a0<\/div><ul><li><strong>V\u0160EOBECN\u00c9\u00a0<\/strong>\u2013 na jednom mieste n\u00e1jdete profily in\u0161tit\u00faci\u00ed z r\u00f4znych oblast\u00ed, napr.\u00a0<a href=\"https:\/\/cordis.europa.eu\/en\" target=\"_blank\" rel=\"noreferrer noopener\">CORDIS<\/a>, \u010di\u00a0<strong><a href=\"https:\/\/een.ec.europa.eu\/partnering-opportunities\" target=\"_blank\" rel=\"noreferrer noopener\">Enterprise Europe Network<\/a><\/strong>.<\/li><\/ul><ul><li><strong>\u0160PECIFICK\u00c9<\/strong>\u00a0\u2013 tematicky zameran\u00e9 weby sie\u0165ovac\u00edch projektov programu\u00a0<strong>Horizont Eur\u00f3pa<\/strong>, ktor\u00e9 pon\u00fakaj\u00fa vlastn\u00e9 n\u00e1stroje na vyh\u013ead\u00e1vanie partnerov.<\/li><\/ul><div>\u00a0<\/div><ul><li>pre klaster 1: Zdravie \u2013\u00a0<a href=\"https:\/\/horizoneuropencpportal.eu\/cluster-1\" target=\"_blank\" rel=\"noreferrer noopener\">HNN 3.0<\/a>,<\/li><li>pre klaster 2 \u2013 spolo\u010densk\u00e9 oblasti \u2013\u00a0<a href=\"https:\/\/www.net4society.eu\/en\/Partner-Search-1787.html\" target=\"_blank\" rel=\"noreferrer noopener\">Net4SocietyHE<\/a>,<\/li><li>pre klaster 3: Civiln\u00e1 bezpe\u010dnos\u0165 pre spolo\u010dnos\u0165 \u2013\u00a0<a href=\"https:\/\/www.seren-project.eu\/\" target=\"_blank\" rel=\"noreferrer noopener\">SEREN5<\/a><\/li><li>pre klaster 4: pre informa\u010dn\u00e9 a\u00a0komunika\u010dn\u00e9 technol\u00f3gie\u00a0<a href=\"https:\/\/www.ideal-ist.eu\/\" target=\"_blank\" rel=\"noreferrer noopener\">IDEAL-IST<\/a>, pre vesm\u00edr\u00a0<a href=\"https:\/\/www.ncp-space.net\/\" target=\"_blank\" rel=\"noreferrer noopener\">Cosmos4HE\u00a0<\/a>a pre priemysel\u00a0<a href=\"https:\/\/ncp4industry.eu\/about-us\/\" target=\"_blank\" rel=\"noreferrer noopener\">NCP4Industry<\/a><\/li><li>pre klaster 5 \u2013\u00a0<a href=\"https:\/\/horizoneuropencpportal.eu\/cluster-5\" target=\"_blank\" rel=\"noreferrer noopener\">Greenet<\/a><\/li><li>pre klaster 6 \u2013\u00a0<a href=\"https:\/\/horizoneuropencpportal.eu\/cluster-6\" target=\"_blank\" rel=\"noreferrer noopener\">CARE4BIO<\/a><\/li><li>roz\u0161irovanie \u00fa\u010dasti tzv. widening \u2013\u00a0<a href=\"https:\/\/horizoneuropencpportal.eu\/widening-era\" target=\"_blank\" rel=\"noreferrer noopener\">WIDERA.NET<\/a><\/li><li>platforma pre oblas\u0165 <a href=\"https:\/\/msca.b2match.io\/\" target=\"_blank\" rel=\"noopener\">MSCA<\/a><\/li><\/ul><div>\u00a0<\/div><p>Viac inform\u00e1ci\u00ed o h\u013eadan\u00ed partnerov n\u00e1jdete na<a href=\"https:\/\/ec.europa.eu\/info\/funding-tenders\/opportunities\/portal\/screen\/how-to-participate\/partner-search\" target=\"_blank\" rel=\"noreferrer noopener\"> EU Funding &amp; Tenders Portale<\/a>\u00a0alebo\u00a0<a href=\"https:\/\/eraportal.sk\/horizont-europa\/heu-narodne-kontaktne-body\/\" target=\"_blank\" rel=\"noreferrer noopener\">kontaktujte<\/a>\u00a0Narodn\u00fa kancel\u00e1riu Horizontu.<\/p><div aria-hidden=\"true\">\u00a0<\/div>\t\t\t\t\t\t\t\t<\/div>\n\t\t\t\t<\/div>\n\t\t\t\t\t<\/div>\n\t\t\t\t<\/div>\n\t\t\t\t<\/div>\n\t\t","protected":false},"excerpt":{"rendered":"<p>Ponuky zo SR Ponuky zo zahrani\u010dia Ponuky cez sie\u0165ovacie projekty Mo\u017enosti h\u013eadania partnerov do projektov\u00fdch konzorci\u00ed Pri h\u013eadan\u00ed partnera m\u00e1te viacero mo\u017enost\u00ed. Prv\u00fdm miestom kde h\u013eada\u0165 partnerov je EU Funding &amp;Tenders Portal, pod ka\u017edou zverejnenou v\u00fdzvou v \u010dasti Partner Search.\u00a0N\u00e1jdete tu zoznam z\u00e1ujemcov o podanie projektov\u00e9ho n\u00e1vrh k danej v\u00fdzve, \u010di\u017ee ide o zoznam potenci\u00e1lnych [&hellip;]<\/p>\n","protected":false},"author":1,"featured_media":0,"parent":0,"menu_order":0,"comment_status":"closed","ping_status":"closed","template":"","meta":{"_acf_changed":false,"footnotes":""},"class_list":["post-53","page","type-page","status-publish","hentry"],"yoast_head":"<!-- This site is optimized with the Yoast SEO plugin v24.4 - https:\/\/yoast.com\/wordpress\/plugins\/seo\/ -->\n<title>Partneri do konzorci\u00ed - Horizont Eur\u00f3pa<\/title>\n<meta name=\"robots\" content=\"index, follow, max-snippet:-1, max-image-preview:large, max-video-preview:-1\" \/>\n<link rel=\"canonical\" href=\"https:\/\/eraportal.sk\/horizont-europa\/partneri-do-konzorcii\/\" \/>\n<meta property=\"og:locale\" content=\"sk_SK\" \/>\n<meta property=\"og:type\" content=\"article\" \/>\n<meta property=\"og:title\" content=\"Partneri do konzorci\u00ed - Horizont Eur\u00f3pa\" \/>\n<meta property=\"og:description\" content=\"Ponuky zo SR Ponuky zo zahrani\u010dia Ponuky cez sie\u0165ovacie projekty Mo\u017enosti h\u013eadania partnerov do projektov\u00fdch konzorci\u00ed Pri h\u013eadan\u00ed partnera m\u00e1te viacero mo\u017enost\u00ed. Prv\u00fdm miestom kde h\u013eada\u0165 partnerov je EU Funding &amp;Tenders Portal, pod ka\u017edou zverejnenou v\u00fdzvou v \u010dasti Partner Search.\u00a0N\u00e1jdete tu zoznam z\u00e1ujemcov o podanie projektov\u00e9ho n\u00e1vrh k danej v\u00fdzve, \u010di\u017ee ide o zoznam potenci\u00e1lnych [&hellip;]\" \/>\n<meta property=\"og:url\" content=\"https:\/\/eraportal.sk\/horizont-europa\/partneri-do-konzorcii\/\" \/>\n<meta property=\"og:site_name\" content=\"Horizont Eur\u00f3pa\" \/>\n<meta property=\"article:modified_time\" content=\"2025-05-20T09:19:13+00:00\" \/>\n<meta name=\"twitter:card\" content=\"summary_large_image\" \/>\n<meta name=\"twitter:label1\" content=\"Predpokladan\u00fd \u010das \u010d\u00edtania\" \/>\n\t<meta name=\"twitter:data1\" content=\"2 min\u00faty\" \/>\n<script type=\"application\/ld+json\" class=\"yoast-schema-graph\">{\"@context\":\"https:\/\/schema.org\",\"@graph\":[{\"@type\":\"WebPage\",\"@id\":\"https:\/\/eraportal.sk\/horizont-europa\/partneri-do-konzorcii\/\",\"url\":\"https:\/\/eraportal.sk\/horizont-europa\/partneri-do-konzorcii\/\",\"name\":\"Partneri do konzorci\u00ed - Horizont Eur\u00f3pa\",\"isPartOf\":{\"@id\":\"https:\/\/eraportal.sk\/horizont-europa\/#website\"},\"datePublished\":\"2023-11-15T19:09:51+00:00\",\"dateModified\":\"2025-05-20T09:19:13+00:00\",\"breadcrumb\":{\"@id\":\"https:\/\/eraportal.sk\/horizont-europa\/partneri-do-konzorcii\/#breadcrumb\"},\"inLanguage\":\"sk-SK\",\"potentialAction\":[{\"@type\":\"ReadAction\",\"target\":[\"https:\/\/eraportal.sk\/horizont-europa\/partneri-do-konzorcii\/\"]}]},{\"@type\":\"BreadcrumbList\",\"@id\":\"https:\/\/eraportal.sk\/horizont-europa\/partneri-do-konzorcii\/#breadcrumb\",\"itemListElement\":[{\"@type\":\"ListItem\",\"position\":1,\"name\":\"Domovsk\u00e1 str\u00e1nka\",\"item\":\"https:\/\/eraportal.sk\/horizont-europa\/\"},{\"@type\":\"ListItem\",\"position\":2,\"name\":\"Partneri do konzorci\u00ed\"}]},{\"@type\":\"WebSite\",\"@id\":\"https:\/\/eraportal.sk\/horizont-europa\/#website\",\"url\":\"https:\/\/eraportal.sk\/horizont-europa\/\",\"name\":\"Horizont Eur\u00f3pa\",\"description\":\"\",\"publisher\":{\"@id\":\"https:\/\/eraportal.sk\/horizont-europa\/#organization\"},\"potentialAction\":[{\"@type\":\"SearchAction\",\"target\":{\"@type\":\"EntryPoint\",\"urlTemplate\":\"https:\/\/eraportal.sk\/horizont-europa\/?s={search_term_string}\"},\"query-input\":{\"@type\":\"PropertyValueSpecification\",\"valueRequired\":true,\"valueName\":\"search_term_string\"}}],\"inLanguage\":\"sk-SK\"},{\"@type\":\"Organization\",\"@id\":\"https:\/\/eraportal.sk\/horizont-europa\/#organization\",\"name\":\"Horizont Eur\u00f3pa\",\"url\":\"https:\/\/eraportal.sk\/horizont-europa\/\",\"logo\":{\"@type\":\"ImageObject\",\"inLanguage\":\"sk-SK\",\"@id\":\"https:\/\/eraportal.sk\/horizont-europa\/#\/schema\/logo\/image\/\",\"url\":\"https:\/\/eraportal.sk\/horizont-europa\/wp-content\/uploads\/sites\/4\/2024\/02\/Favicon_HEU.png\",\"contentUrl\":\"https:\/\/eraportal.sk\/horizont-europa\/wp-content\/uploads\/sites\/4\/2024\/02\/Favicon_HEU.png\",\"width\":512,\"height\":512,\"caption\":\"Horizont Eur\u00f3pa\"},\"image\":{\"@id\":\"https:\/\/eraportal.sk\/horizont-europa\/#\/schema\/logo\/image\/\"}}]}<\/script>\n<!-- \/ Yoast SEO plugin. -->","yoast_head_json":{"title":"Partneri do konzorci\u00ed - Horizont Eur\u00f3pa","robots":{"index":"index","follow":"follow","max-snippet":"max-snippet:-1","max-image-preview":"max-image-preview:large","max-video-preview":"max-video-preview:-1"},"canonical":"https:\/\/eraportal.sk\/horizont-europa\/partneri-do-konzorcii\/","og_locale":"sk_SK","og_type":"article","og_title":"Partneri do konzorci\u00ed - Horizont Eur\u00f3pa","og_description":"Ponuky zo SR Ponuky zo zahrani\u010dia Ponuky cez sie\u0165ovacie projekty Mo\u017enosti h\u013eadania partnerov do projektov\u00fdch konzorci\u00ed Pri h\u013eadan\u00ed partnera m\u00e1te viacero mo\u017enost\u00ed. Prv\u00fdm miestom kde h\u013eada\u0165 partnerov je EU Funding &amp;Tenders Portal, pod ka\u017edou zverejnenou v\u00fdzvou v \u010dasti Partner Search.\u00a0N\u00e1jdete tu zoznam z\u00e1ujemcov o podanie projektov\u00e9ho n\u00e1vrh k danej v\u00fdzve, \u010di\u017ee ide o zoznam potenci\u00e1lnych [&hellip;]","og_url":"https:\/\/eraportal.sk\/horizont-europa\/partneri-do-konzorcii\/","og_site_name":"Horizont Eur\u00f3pa","article_modified_time":"2025-05-20T09:19:13+00:00","twitter_card":"summary_large_image","twitter_misc":{"Predpokladan\u00fd \u010das \u010d\u00edtania":"2 min\u00faty"},"schema":{"@context":"https:\/\/schema.org","@graph":[{"@type":"WebPage","@id":"https:\/\/eraportal.sk\/horizont-europa\/partneri-do-konzorcii\/","url":"https:\/\/eraportal.sk\/horizont-europa\/partneri-do-konzorcii\/","name":"Partneri do konzorci\u00ed - Horizont Eur\u00f3pa","isPartOf":{"@id":"https:\/\/eraportal.sk\/horizont-europa\/#website"},"datePublished":"2023-11-15T19:09:51+00:00","dateModified":"2025-05-20T09:19:13+00:00","breadcrumb":{"@id":"https:\/\/eraportal.sk\/horizont-europa\/partneri-do-konzorcii\/#breadcrumb"},"inLanguage":"sk-SK","potentialAction":[{"@type":"ReadAction","target":["https:\/\/eraportal.sk\/horizont-europa\/partneri-do-konzorcii\/"]}]},{"@type":"BreadcrumbList","@id":"https:\/\/eraportal.sk\/horizont-europa\/partneri-do-konzorcii\/#breadcrumb","itemListElement":[{"@type":"ListItem","position":1,"name":"Domovsk\u00e1 str\u00e1nka","item":"https:\/\/eraportal.sk\/horizont-europa\/"},{"@type":"ListItem","position":2,"name":"Partneri do konzorci\u00ed"}]},{"@type":"WebSite","@id":"https:\/\/eraportal.sk\/horizont-europa\/#website","url":"https:\/\/eraportal.sk\/horizont-europa\/","name":"Horizont Eur\u00f3pa","description":"","publisher":{"@id":"https:\/\/eraportal.sk\/horizont-europa\/#organization"},"potentialAction":[{"@type":"SearchAction","target":{"@type":"EntryPoint","urlTemplate":"https:\/\/eraportal.sk\/horizont-europa\/?s={search_term_string}"},"query-input":{"@type":"PropertyValueSpecification","valueRequired":true,"valueName":"search_term_string"}}],"inLanguage":"sk-SK"},{"@type":"Organization","@id":"https:\/\/eraportal.sk\/horizont-europa\/#organization","name":"Horizont Eur\u00f3pa","url":"https:\/\/eraportal.sk\/horizont-europa\/","logo":{"@type":"ImageObject","inLanguage":"sk-SK","@id":"https:\/\/eraportal.sk\/horizont-europa\/#\/schema\/logo\/image\/","url":"https:\/\/eraportal.sk\/horizont-europa\/wp-content\/uploads\/sites\/4\/2024\/02\/Favicon_HEU.png","contentUrl":"https:\/\/eraportal.sk\/horizont-europa\/wp-content\/uploads\/sites\/4\/2024\/02\/Favicon_HEU.png","width":512,"height":512,"caption":"Horizont Eur\u00f3pa"},"image":{"@id":"https:\/\/eraportal.sk\/horizont-europa\/#\/schema\/logo\/image\/"}}]}},"acf":[],"_links":{"self":[{"href":"https:\/\/eraportal.sk\/horizont-europa\/wp-json\/wp\/v2\/pages\/53","targetHints":{"allow":["GET"]}}],"collection":[{"href":"https:\/\/eraportal.sk\/horizont-europa\/wp-json\/wp\/v2\/pages"}],"about":[{"href":"https:\/\/eraportal.sk\/horizont-europa\/wp-json\/wp\/v2\/types\/page"}],"author":[{"embeddable":true,"href":"https:\/\/eraportal.sk\/horizont-europa\/wp-json\/wp\/v2\/users\/1"}],"replies":[{"embeddable":true,"href":"https:\/\/eraportal.sk\/horizont-europa\/wp-json\/wp\/v2\/comments?post=53"}],"version-history":[{"count":38,"href":"https:\/\/eraportal.sk\/horizont-europa\/wp-json\/wp\/v2\/pages\/53\/revisions"}],"predecessor-version":[{"id":27187,"href":"https:\/\/eraportal.sk\/horizont-europa\/wp-json\/wp\/v2\/pages\/53\/revisions\/27187"}],"wp:attachment":[{"href":"https:\/\/eraportal.sk\/horizont-europa\/wp-json\/wp\/v2\/media?parent=53"}],"curies":[{"name":"wp","href":"https:\/\/api.w.org\/{rel}","templated":true}]}}