    {"id":507,"date":"2023-11-15T22:20:51","date_gmt":"2023-11-15T21:20:51","guid":{"rendered":"https:\/\/eraportal.ecomcapsule.com\/demohorizont\/?page_id=507"},"modified":"2024-03-20T11:56:53","modified_gmt":"2024-03-20T10:56:53","slug":"heu-aktuality","status":"publish","type":"page","link":"https:\/\/eraportal.sk\/horizont-europa\/heu-aktuality\/","title":{"rendered":"Aktuality"},"content":{"rendered":"\t\t<div data-elementor-type=\"wp-page\" data-elementor-id=\"507\" class=\"elementor elementor-507\" data-elementor-post-type=\"page\">\n\t\t\t\t<div class=\"elementor-element elementor-element-1086740 e-flex e-con-boxed e-con e-parent\" data-id=\"1086740\" data-element_type=\"container\">\n\t\t\t\t\t<div class=\"e-con-inner\">\n\t\t<div class=\"elementor-element elementor-element-f49ee4c e-con-full e-flex e-con e-child\" data-id=\"f49ee4c\" data-element_type=\"container\">\n\t\t\t\t<div class=\"elementor-element elementor-element-94fee37 elementor-widget elementor-widget-shortcode\" data-id=\"94fee37\" data-element_type=\"widget\" data-widget_type=\"shortcode.default\">\n\t\t\t\t<div class=\"elementor-widget-container\">\n\t\t\t\t\t\t\t<div class=\"elementor-shortcode\"><form action=\"\/horizont-europa\/wp-json\/wp\/v2\/pages\/507\" method=\"get\">\n                    <label for=\"oblast_slord\">Vyberte Oblas\u0165:<\/label>\n                    <select id=\"oblast_slord\" name=\"oblast_slord\">\n                        <option value=\"\">V\u0161etky Oblasti<\/option><option value=\"akcie-marie-sklodowska-curie\" >Akcie \"Marie Sk\u0142odowska-Curie\"<\/option><option value=\"eticke-otazky\" >Etick\u00e9 ot\u00e1zky<\/option><option value=\"euratom\" >EURATOM<\/option><option value=\"europska-rada-pre-inovacie-eic\" >Eur\u00f3pska rada pre inov\u00e1cie (EIC)<\/option><option value=\"europska-rada-pre-vyskum-erc\" >Eur\u00f3pska rada pre v\u00fdskum (ERC)<\/option><option value=\"europske-inovacne-ekosystemy-eie\" >Eur\u00f3pske inova\u010dn\u00e9 ekosyst\u00e9my (EIE)<\/option><option value=\"europsky-inovacny-a-technologicky-institut-eit\" >Eur\u00f3psky inova\u010dn\u00fd a technologick\u00fd in\u0161tit\u00fat (EIT)<\/option><option value=\"financne-otazky\" >Finan\u010dn\u00e9 ot\u00e1zky<\/option><option value=\"horizont-europa\" >Horizont Eur\u00f3pa<\/option><option value=\"klaster-1-zdravie\" >Klaster 1: Zdravie<\/option><option value=\"klaster-2-kultura-tvorivost-a-inkluzivna-spolocnost\" >Klaster 2: Kult\u00fara; tvorivos\u0165 a inkluz\u00edvna spolo\u010dnos\u0165<\/option><option value=\"klaster-3-civilna-bezpecnost-pre-spolocnost\" >Klaster 3: Civiln\u00e1 bezpe\u010dnos\u0165 pre spolo\u010dnos\u0165<\/option><option value=\"klaster-4-digitalizacia-priemysel-a-vesmir\" >Klaster 4: Digitaliz\u00e1cia; priemysel a vesm\u00edr<\/option><option value=\"klaster-5-klima-energetika-a-mobilita\" >Klaster 5: Kl\u00edma; energetika a mobilita<\/option><option value=\"klaster-6-potraviny-biohospodarstvo-prirodne-zdroje-polnohospodarstvo-a-zivotne-prostredie\" >Klaster 6: Potraviny; biohospod\u00e1rstvo; pr\u00edrodn\u00e9 zdroje; po\u013enohospod\u00e1rstvo a \u017eivotn\u00e9 prostredie<\/option><option value=\"misia-eu-adaptacia-na-zmenu-klimy\" >Misia E\u00da: Adapt\u00e1cia na zmenu kl\u00edmy<\/option><option value=\"misia-eu-adaptacia-na-zmenu-klimy-oblast-spolocenske-transformacie\" >Misia E\u00da: Adapt\u00e1cia na zmenu kl\u00edmy (oblas\u0165: Spolo\u010densk\u00e9 transform\u00e1cie)<\/option><option value=\"misia-eu-dohoda-o-pode-pre-europu\" >Misia E\u00da: Dohoda o p\u00f4de pre Eur\u00f3pu<\/option><option value=\"misia-eu-klimaticky-neutralne-a-inteligentne-mesta\" >Misia E\u00da: Klimaticky neutr\u00e1lne a inteligentn\u00e9 mest\u00e1<\/option><option value=\"misia-eu-ocean-moria-a-vody\" >Misia E\u00da: Oce\u00e1n; moria a vody<\/option><option value=\"misia-eu-rakovina\" >Misia E\u00da: Rakovina<\/option><option value=\"misie\" >Misie<\/option><option value=\"nas-tip\" >N\u00e1\u0161 tip<\/option><option value=\"novy-europsky-bauhaus\" >Nov\u00fd eur\u00f3psky Bauhaus<\/option><option value=\"partnerstva-oblast-digitalizacia-priemysel-a-vesmir\" >Partnerstv\u00e1: oblas\u0165 Digitaliz\u00e1cia; priemysel a vesm\u00edr<\/option><option value=\"partnerstva-oblast-klima-energetika-a-mobilita\" >Partnerstv\u00e1: oblas\u0165 Kl\u00edma; energetika a mobilita<\/option><option value=\"partnerstva-oblast-potraviny\" >Partnerstv\u00e1: oblas\u0165 Potraviny<\/option><option value=\"partnerstva-oblast-potraviny-biohospodarstvo-prirodne-zdroje-polnohospodarstvo-a-zivotne-prostredie\" >Partnerstv\u00e1: oblas\u0165 Potraviny, biohospod\u00e1rstvo, pr\u00edrodn\u00e9 zdroje, po\u013enohospod\u00e1rstvo a \u017eivotn\u00e9 prostredie<\/option><option value=\"partnerstva-oblast-zdravie\" >Partnerstv\u00e1: oblas\u0165 Zdravie<\/option><option value=\"partnerstva-partnerstva-napriec-temami\" >Partnerstv\u00e1: Partnerstv\u00e1 naprie\u010d t\u00e9mami<\/option><option value=\"pravne-otazky\" >Pr\u00e1vne ot\u00e1zky<\/option><option value=\"prirodne-zdroje\" >pr\u00edrodn\u00e9 zdroje<\/option><option value=\"rozsirovanie-ucasti-a-posilnenie-europskeho-vyskumneho-priestoru\" >Roz\u0161irovanie \u00fa\u010dasti a posilnenie Eur\u00f3pskeho v\u00fdskumn\u00e9ho priestoru<\/option><option value=\"spolocne-vyskumne-centrum-jrc\" >Spolo\u010dn\u00e9 v\u00fdskumn\u00e9 centrum (JRC)<\/option><option value=\"vyskumne-infrastruktury\" >V\u00fdskumn\u00e9 infra\u0161trukt\u00fary<\/option><option value=\"widera\" >WIDERA<\/option>                    <label for=\"search_term\" style=\"display: none;\">Vyh\u013ead\u00e1va\u0165:<\/label>\n        <input placeholder=\"H\u013eada\u0165\" type=\"text\" id=\"search_term\" name=\"search_term\" value=\"\"><\/select>\n                    <input style=\"margin-top: 20px;\" type=\"submit\" name=\"aktualita_filter_submit\" value=\"Pou\u017ei\u0165\" class=\"aktualita_filter_submit\">\n                    <a href=\"\/horizont-europa\/wp-json\/wp\/v2\/pages\/507\" class=\"reset-filter\">Obnovi\u0165 filtre<\/a>\n                 <\/form><\/div>\n\t\t\t\t\t\t<\/div>\n\t\t\t\t<\/div>\n\t\t\t\t<\/div>\n\t\t\t\t\t<\/div>\n\t\t\t\t<\/div>\n\t\t<div class=\"elementor-element elementor-element-7847a69 e-flex e-con-boxed e-con e-parent\" data-id=\"7847a69\" data-element_type=\"container\">\n\t\t\t\t\t<div class=\"e-con-inner\">\n\t\t<div class=\"elementor-element elementor-element-c131029 e-con-full e-flex e-con e-child\" data-id=\"c131029\" data-element_type=\"container\">\n\t\t\t\t<div class=\"elementor-element elementor-element-1675be7 elementor-widget elementor-widget-shortcode\" data-id=\"1675be7\" data-element_type=\"widget\" data-widget_type=\"shortcode.default\">\n\t\t\t\t<div class=\"elementor-widget-container\">\n\t\t\t\t\t\t\t<div class=\"elementor-shortcode\"><ul class=\"event-list\"><li class=\"event-item\"><div class=\"aktualita-tags\"><span class=\"aktualita-tag tag-vyzva\">V\u00ddZVA<\/span> <\/div><h2 class=\"event-title\"><a href=\"https:\/\/eraportal.sk\/horizont-europa\/aktualita\/innovative-health-initiative-zverejnilo-navrh-znenia-nadchadzajucej-vyzvy\/\">Innovative Health Initiative zverejnilo n\u00e1vrh znenia nadch\u00e1dzaj\u00facej v\u00fdzvy<\/a><\/h2>\n                          <div class=\"event-excerpt\">Nov\u00e9 t\u00e9my zah\u0155\u0148aj\u00fa oblasti, ako napr\u00edklad vyu\u017eitie umelej inteligencie v toxikol\u00f3gii a v\u00fdskum mechanizmov starnutia a s n\u00edm s\u00favisiacich ochoren\u00ed<\/div>\n                          <a href=\"https:\/\/eraportal.sk\/horizont-europa\/aktualita\/innovative-health-initiative-zverejnilo-navrh-znenia-nadchadzajucej-vyzvy\/\" class=\"more_info_button\">Viac inform\u00e1ci\u00ed<\/a> <!-- Viac inform\u00e1ci\u00ed button -->\n                          <\/li><li class=\"event-item\"><h2 class=\"event-title\"><a href=\"https:\/\/eraportal.sk\/horizont-europa\/aktualita\/vysledky-analyzy-pravidiel-horizont-europa-v-novom-interaktivnom-rozhrani\/\">V\u00fdsledky anal\u00fdzy pravidiel Horizont Eur\u00f3pa v novom interakt\u00edvnom rozhran\u00ed<\/a><\/h2>\n                          <div class=\"event-excerpt\">Vysledky anal\u00fdzy publikovan\u00e9 v \u201eHorizon Europe\u2019s Legal, Financial and Administrative Rules \u2013 A Report on their Practical Use\u201c je mo\u017en\u00e9...<\/div>\n                          <a href=\"https:\/\/eraportal.sk\/horizont-europa\/aktualita\/vysledky-analyzy-pravidiel-horizont-europa-v-novom-interaktivnom-rozhrani\/\" class=\"more_info_button\">Viac inform\u00e1ci\u00ed<\/a> <!-- Viac inform\u00e1ci\u00ed button -->\n                          <\/li><li class=\"event-item\"><div class=\"aktualita-tags\"><span class=\"aktualita-tag tag-misie\">MISIE<\/span> <\/div><h2 class=\"event-title\"><a href=\"https:\/\/eraportal.sk\/horizont-europa\/aktualita\/misia-eu-pre-adaptaciu-na-zmenu-klimy-je-v-polovici-a-vysledky-su-viditelne\/\">Misia E\u00da pre adapt\u00e1ciu na zmenu kl\u00edmy je v polovici &#8211; a v\u00fdsledky s\u00fa vidite\u013en\u00e9<\/a><\/h2>\n                          <div class=\"event-excerpt\">Misia prin\u00e1\u0161a v\u00fdsledky aj nov\u00e9 v\u00fdzvy, zapojilo sa do nej 333 regi\u00f3nov a miest z 30 kraj\u00edn, \u010do predstavuje viac...<\/div>\n                          <a href=\"https:\/\/eraportal.sk\/horizont-europa\/aktualita\/misia-eu-pre-adaptaciu-na-zmenu-klimy-je-v-polovici-a-vysledky-su-viditelne\/\" class=\"more_info_button\">Viac inform\u00e1ci\u00ed<\/a> <!-- Viac inform\u00e1ci\u00ed button -->\n                          <\/li><li class=\"event-item\"><div class=\"aktualita-tags\"><span class=\"aktualita-tag tag-vyzva\">V\u00ddZVA<\/span> <\/div><h2 class=\"event-title\"><a href=\"https:\/\/eraportal.sk\/horizont-europa\/aktualita\/informacne-podujatie-k-vyzvam-zameranym-na-baterie-a-clean-industrial-deal\/\">Informa\u010dn\u00e9 podujatie k v\u00fdzvam zameran\u00fdm na bat\u00e9rie a Clean Industrial Deal<\/a><\/h2>\n                          <div class=\"event-excerpt\">5.5.2026 a 8.6.2026 - predstaven\u00e9 bud\u00fa dve v\u00fdzvy Klastra 5: Kl\u00edma, energetika a mobilita - online, Brusel<\/div>\n                          <a href=\"https:\/\/eraportal.sk\/horizont-europa\/aktualita\/informacne-podujatie-k-vyzvam-zameranym-na-baterie-a-clean-industrial-deal\/\" class=\"more_info_button\">Viac inform\u00e1ci\u00ed<\/a> <!-- Viac inform\u00e1ci\u00ed button -->\n                          <\/li><li class=\"event-item\"><div class=\"aktualita-tags\"><span class=\"aktualita-tag tag-vyzva\">V\u00ddZVA<\/span> <\/div><h2 class=\"event-title\"><a href=\"https:\/\/eraportal.sk\/horizont-europa\/aktualita\/spolocny-podnik-pre-cisty-vodik-otvoril-druhu-vyzvu-pda-pre-integrovane-projekty-vodikovych-udoli-v-europe\/\">Spolo\u010dn\u00fd podnik pre \u010dist\u00fd vod\u00edk otvoril druh\u00fa v\u00fdzvu PDA pre integrovan\u00e9 projekty vod\u00edkov\u00fdch \u00fadol\u00ed v Eur\u00f3pe.<\/a><\/h2>\n                          <div class=\"event-excerpt\">v\u00fdzva je otvoren\u00e1 do 26. j\u00fana 2026 do polnoci<\/div>\n                          <a href=\"https:\/\/eraportal.sk\/horizont-europa\/aktualita\/spolocny-podnik-pre-cisty-vodik-otvoril-druhu-vyzvu-pda-pre-integrovane-projekty-vodikovych-udoli-v-europe\/\" class=\"more_info_button\">Viac inform\u00e1ci\u00ed<\/a> <!-- Viac inform\u00e1ci\u00ed button -->\n                          <\/li><li class=\"event-item\"><h2 class=\"event-title\"><a href=\"https:\/\/eraportal.sk\/horizont-europa\/aktualita\/smi2g-2026-klucova-partnerska-burza-pre-klaster-3-sa-uspesne-skoncila\/\">SMI2G 2026 \u2013 k\u013e\u00fa\u010dov\u00e1 partnersk\u00e1 burza pre Klaster 3 sa \u00faspe\u0161ne skon\u010dila<\/a><\/h2>\n                          <div class=\"event-excerpt\">SMI2G 2026 \u2013 k\u013e\u00fa\u010dov\u00e1 partnersk\u00e1 burza pre Klaster 3 zaznamenala vysok\u00fd z\u00e1ujem<\/div>\n                          <a href=\"https:\/\/eraportal.sk\/horizont-europa\/aktualita\/smi2g-2026-klucova-partnerska-burza-pre-klaster-3-sa-uspesne-skoncila\/\" class=\"more_info_button\">Viac inform\u00e1ci\u00ed<\/a> <!-- Viac inform\u00e1ci\u00ed button -->\n                          <\/li><li class=\"event-item\"><div class=\"aktualita-tags\"><span class=\"aktualita-tag tag-horizont-europa\">HORIZONT EUR\u00d3PA<\/span> <\/div><h2 class=\"event-title\"><a href=\"https:\/\/eraportal.sk\/horizont-europa\/aktualita\/zaznam-z-podujatia-narodny-infoden-pre-klaster-4\/\">Z\u00e1znam z podujatia N\u00e1rodn\u00fd infode\u0148 pre Klaster 4<\/a><\/h2>\n                          <div class=\"event-excerpt\">N\u00e1rodn\u00e1 kancel\u00e1ria Horizontu spr\u00edstupnila z\u00e1znam z N\u00e1rodn\u00e9ho informa\u010dn\u00e9ho d\u0148a pre Klaster 4.<\/div>\n                          <a href=\"https:\/\/eraportal.sk\/horizont-europa\/aktualita\/zaznam-z-podujatia-narodny-infoden-pre-klaster-4\/\" class=\"more_info_button\">Viac inform\u00e1ci\u00ed<\/a> <!-- Viac inform\u00e1ci\u00ed button -->\n                          <\/li><li class=\"event-item\"><div class=\"aktualita-tags\"><span class=\"aktualita-tag tag-vyzva\">V\u00ddZVA<\/span> <\/div><h2 class=\"event-title\"><a href=\"https:\/\/eraportal.sk\/horizont-europa\/aktualita\/velky-uspech-slovenskych-deep-tech-startupov-v-scheme-eic-pre-accelerator\/\">Ve\u013ek\u00fd \u00faspech slovensk\u00fdch deep-tech startupov v sch\u00e9me EIC Pre-Accelerator<\/a><\/h2>\n                          <div class=\"event-excerpt\">3 granty priamo z Eur\u00f3pskej komisie a 8 ocenen\u00ed Seal of Excellence posiln\u00ed inova\u010dn\u00fd ekosyst\u00e9m.<\/div>\n                          <a href=\"https:\/\/eraportal.sk\/horizont-europa\/aktualita\/velky-uspech-slovenskych-deep-tech-startupov-v-scheme-eic-pre-accelerator\/\" class=\"more_info_button\">Viac inform\u00e1ci\u00ed<\/a> <!-- Viac inform\u00e1ci\u00ed button -->\n                          <\/li><li class=\"event-item\"><h2 class=\"event-title\"><a href=\"https:\/\/eraportal.sk\/horizont-europa\/aktualita\/okruhly-stol-ako-s-vyskumnou-integritou-a-etikou-na-slovensku\/\">Okr\u00fahly st\u00f4l: Ako s v\u00fdskumnou integritou a etikou na Slovensku<\/a><\/h2>\n                          <div class=\"event-excerpt\">Uskuto\u010dnilo sa podujatie zameran\u00e9 na etiku a v\u00fdskumn\u00fa integritu<\/div>\n                          <a href=\"https:\/\/eraportal.sk\/horizont-europa\/aktualita\/okruhly-stol-ako-s-vyskumnou-integritou-a-etikou-na-slovensku\/\" class=\"more_info_button\">Viac inform\u00e1ci\u00ed<\/a> <!-- Viac inform\u00e1ci\u00ed button -->\n                          <\/li><li class=\"event-item\"><h2 class=\"event-title\"><a href=\"https:\/\/eraportal.sk\/horizont-europa\/aktualita\/msca-cofund-2026-vyzva-uzavreta\/\">MSCA COFUND 2026: v\u00fdzva uzavret\u00e1<\/a><\/h2>\n                          <div class=\"event-excerpt\">Eur\u00f3pska v\u00fdkonn\u00e1 agent\u00fara pre v\u00fdskum (REA) prijala 141 n\u00e1vrhov projektov vo v\u00fdzve MSCA COFUND. V\u00fdzva uzatvoren\u00e1<\/div>\n                          <a href=\"https:\/\/eraportal.sk\/horizont-europa\/aktualita\/msca-cofund-2026-vyzva-uzavreta\/\" class=\"more_info_button\">Viac inform\u00e1ci\u00ed<\/a> <!-- Viac inform\u00e1ci\u00ed button -->\n                          <\/li><\/ul><div class=\"pagination\"><span aria-current=\"page\" class=\"page-numbers current\">1<\/span>\n<a class=\"page-numbers\" href=\"https:\/\/eraportal.sk\/horizont-europa\/wp-json\/wp\/v2\/pages\/507\/page\/2\/\">2<\/a>\n<a class=\"page-numbers\" href=\"https:\/\/eraportal.sk\/horizont-europa\/wp-json\/wp\/v2\/pages\/507\/page\/3\/\">3<\/a>\n<span class=\"page-numbers dots\">&hellip;<\/span>\n<a class=\"page-numbers\" href=\"https:\/\/eraportal.sk\/horizont-europa\/wp-json\/wp\/v2\/pages\/507\/page\/120\/\">120<\/a>\n<a class=\"next page-numbers\" href=\"https:\/\/eraportal.sk\/horizont-europa\/wp-json\/wp\/v2\/pages\/507\/page\/2\/\">\u010ealej &raquo;<\/a><\/div><\/div>\n\t\t\t\t\t\t<\/div>\n\t\t\t\t<\/div>\n\t\t\t\t<\/div>\n\t\t\t\t\t<\/div>\n\t\t\t\t<\/div>\n\t\t\t\t<\/div>\n\t\t","protected":false},"excerpt":{"rendered":"","protected":false},"author":1,"featured_media":0,"parent":0,"menu_order":0,"comment_status":"closed","ping_status":"closed","template":"","meta":{"_acf_changed":false,"footnotes":""},"class_list":["post-507","page","type-page","status-publish","hentry"],"yoast_head":"<!-- This site is optimized with the Yoast SEO plugin v24.4 - https:\/\/yoast.com\/wordpress\/plugins\/seo\/ -->\n<title>Aktuality - Horizont Eur\u00f3pa<\/title>\n<meta name=\"robots\" content=\"index, follow, max-snippet:-1, max-image-preview:large, max-video-preview:-1\" \/>\n<link rel=\"canonical\" href=\"https:\/\/eraportal.sk\/horizont-europa\/heu-aktuality\/\" \/>\n<meta property=\"og:locale\" content=\"sk_SK\" \/>\n<meta property=\"og:type\" content=\"article\" \/>\n<meta property=\"og:title\" content=\"Aktuality - Horizont Eur\u00f3pa\" \/>\n<meta property=\"og:url\" content=\"https:\/\/eraportal.sk\/horizont-europa\/heu-aktuality\/\" \/>\n<meta property=\"og:site_name\" content=\"Horizont Eur\u00f3pa\" \/>\n<meta property=\"article:modified_time\" content=\"2024-03-20T10:56:53+00:00\" \/>\n<meta name=\"twitter:card\" content=\"summary_large_image\" \/>\n<script type=\"application\/ld+json\" class=\"yoast-schema-graph\">{\"@context\":\"https:\/\/schema.org\",\"@graph\":[{\"@type\":\"WebPage\",\"@id\":\"https:\/\/eraportal.sk\/horizont-europa\/heu-aktuality\/\",\"url\":\"https:\/\/eraportal.sk\/horizont-europa\/heu-aktuality\/\",\"name\":\"Aktuality - Horizont Eur\u00f3pa\",\"isPartOf\":{\"@id\":\"https:\/\/eraportal.sk\/horizont-europa\/#website\"},\"datePublished\":\"2023-11-15T21:20:51+00:00\",\"dateModified\":\"2024-03-20T10:56:53+00:00\",\"breadcrumb\":{\"@id\":\"https:\/\/eraportal.sk\/horizont-europa\/heu-aktuality\/#breadcrumb\"},\"inLanguage\":\"sk-SK\",\"potentialAction\":[{\"@type\":\"ReadAction\",\"target\":[\"https:\/\/eraportal.sk\/horizont-europa\/heu-aktuality\/\"]}]},{\"@type\":\"BreadcrumbList\",\"@id\":\"https:\/\/eraportal.sk\/horizont-europa\/heu-aktuality\/#breadcrumb\",\"itemListElement\":[{\"@type\":\"ListItem\",\"position\":1,\"name\":\"Domovsk\u00e1 str\u00e1nka\",\"item\":\"https:\/\/eraportal.sk\/horizont-europa\/\"},{\"@type\":\"ListItem\",\"position\":2,\"name\":\"Aktuality\"}]},{\"@type\":\"WebSite\",\"@id\":\"https:\/\/eraportal.sk\/horizont-europa\/#website\",\"url\":\"https:\/\/eraportal.sk\/horizont-europa\/\",\"name\":\"Horizont Eur\u00f3pa\",\"description\":\"\",\"publisher\":{\"@id\":\"https:\/\/eraportal.sk\/horizont-europa\/#organization\"},\"potentialAction\":[{\"@type\":\"SearchAction\",\"target\":{\"@type\":\"EntryPoint\",\"urlTemplate\":\"https:\/\/eraportal.sk\/horizont-europa\/?s={search_term_string}\"},\"query-input\":{\"@type\":\"PropertyValueSpecification\",\"valueRequired\":true,\"valueName\":\"search_term_string\"}}],\"inLanguage\":\"sk-SK\"},{\"@type\":\"Organization\",\"@id\":\"https:\/\/eraportal.sk\/horizont-europa\/#organization\",\"name\":\"Horizont Eur\u00f3pa\",\"url\":\"https:\/\/eraportal.sk\/horizont-europa\/\",\"logo\":{\"@type\":\"ImageObject\",\"inLanguage\":\"sk-SK\",\"@id\":\"https:\/\/eraportal.sk\/horizont-europa\/#\/schema\/logo\/image\/\",\"url\":\"https:\/\/eraportal.sk\/horizont-europa\/wp-content\/uploads\/sites\/4\/2024\/02\/Favicon_HEU.png\",\"contentUrl\":\"https:\/\/eraportal.sk\/horizont-europa\/wp-content\/uploads\/sites\/4\/2024\/02\/Favicon_HEU.png\",\"width\":512,\"height\":512,\"caption\":\"Horizont Eur\u00f3pa\"},\"image\":{\"@id\":\"https:\/\/eraportal.sk\/horizont-europa\/#\/schema\/logo\/image\/\"}}]}<\/script>\n<!-- \/ Yoast SEO plugin. -->","yoast_head_json":{"title":"Aktuality - Horizont Eur\u00f3pa","robots":{"index":"index","follow":"follow","max-snippet":"max-snippet:-1","max-image-preview":"max-image-preview:large","max-video-preview":"max-video-preview:-1"},"canonical":"https:\/\/eraportal.sk\/horizont-europa\/heu-aktuality\/","og_locale":"sk_SK","og_type":"article","og_title":"Aktuality - Horizont Eur\u00f3pa","og_url":"https:\/\/eraportal.sk\/horizont-europa\/heu-aktuality\/","og_site_name":"Horizont Eur\u00f3pa","article_modified_time":"2024-03-20T10:56:53+00:00","twitter_card":"summary_large_image","schema":{"@context":"https:\/\/schema.org","@graph":[{"@type":"WebPage","@id":"https:\/\/eraportal.sk\/horizont-europa\/heu-aktuality\/","url":"https:\/\/eraportal.sk\/horizont-europa\/heu-aktuality\/","name":"Aktuality - Horizont Eur\u00f3pa","isPartOf":{"@id":"https:\/\/eraportal.sk\/horizont-europa\/#website"},"datePublished":"2023-11-15T21:20:51+00:00","dateModified":"2024-03-20T10:56:53+00:00","breadcrumb":{"@id":"https:\/\/eraportal.sk\/horizont-europa\/heu-aktuality\/#breadcrumb"},"inLanguage":"sk-SK","potentialAction":[{"@type":"ReadAction","target":["https:\/\/eraportal.sk\/horizont-europa\/heu-aktuality\/"]}]},{"@type":"BreadcrumbList","@id":"https:\/\/eraportal.sk\/horizont-europa\/heu-aktuality\/#breadcrumb","itemListElement":[{"@type":"ListItem","position":1,"name":"Domovsk\u00e1 str\u00e1nka","item":"https:\/\/eraportal.sk\/horizont-europa\/"},{"@type":"ListItem","position":2,"name":"Aktuality"}]},{"@type":"WebSite","@id":"https:\/\/eraportal.sk\/horizont-europa\/#website","url":"https:\/\/eraportal.sk\/horizont-europa\/","name":"Horizont Eur\u00f3pa","description":"","publisher":{"@id":"https:\/\/eraportal.sk\/horizont-europa\/#organization"},"potentialAction":[{"@type":"SearchAction","target":{"@type":"EntryPoint","urlTemplate":"https:\/\/eraportal.sk\/horizont-europa\/?s={search_term_string}"},"query-input":{"@type":"PropertyValueSpecification","valueRequired":true,"valueName":"search_term_string"}}],"inLanguage":"sk-SK"},{"@type":"Organization","@id":"https:\/\/eraportal.sk\/horizont-europa\/#organization","name":"Horizont Eur\u00f3pa","url":"https:\/\/eraportal.sk\/horizont-europa\/","logo":{"@type":"ImageObject","inLanguage":"sk-SK","@id":"https:\/\/eraportal.sk\/horizont-europa\/#\/schema\/logo\/image\/","url":"https:\/\/eraportal.sk\/horizont-europa\/wp-content\/uploads\/sites\/4\/2024\/02\/Favicon_HEU.png","contentUrl":"https:\/\/eraportal.sk\/horizont-europa\/wp-content\/uploads\/sites\/4\/2024\/02\/Favicon_HEU.png","width":512,"height":512,"caption":"Horizont Eur\u00f3pa"},"image":{"@id":"https:\/\/eraportal.sk\/horizont-europa\/#\/schema\/logo\/image\/"}}]}},"acf":[],"_links":{"self":[{"href":"https:\/\/eraportal.sk\/horizont-europa\/wp-json\/wp\/v2\/pages\/507","targetHints":{"allow":["GET"]}}],"collection":[{"href":"https:\/\/eraportal.sk\/horizont-europa\/wp-json\/wp\/v2\/pages"}],"about":[{"href":"https:\/\/eraportal.sk\/horizont-europa\/wp-json\/wp\/v2\/types\/page"}],"author":[{"embeddable":true,"href":"https:\/\/eraportal.sk\/horizont-europa\/wp-json\/wp\/v2\/users\/1"}],"replies":[{"embeddable":true,"href":"https:\/\/eraportal.sk\/horizont-europa\/wp-json\/wp\/v2\/comments?post=507"}],"version-history":[{"count":64,"href":"https:\/\/eraportal.sk\/horizont-europa\/wp-json\/wp\/v2\/pages\/507\/revisions"}],"predecessor-version":[{"id":22640,"href":"https:\/\/eraportal.sk\/horizont-europa\/wp-json\/wp\/v2\/pages\/507\/revisions\/22640"}],"wp:attachment":[{"href":"https:\/\/eraportal.sk\/horizont-europa\/wp-json\/wp\/v2\/media?parent=507"}],"curies":[{"name":"wp","href":"https:\/\/api.w.org\/{rel}","templated":true}]}}