    {"id":50,"date":"2023-11-15T20:05:00","date_gmt":"2023-11-15T19:05:00","guid":{"rendered":"https:\/\/eraportal.ecomcapsule.com\/demohorizont\/?page_id=50"},"modified":"2024-02-24T14:26:17","modified_gmt":"2024-02-24T13:26:17","slug":"e-learning","status":"publish","type":"page","link":"https:\/\/eraportal.sk\/horizont-europa\/e-learning\/","title":{"rendered":"E &#8211; learning"},"content":{"rendered":"\t\t<div data-elementor-type=\"wp-page\" data-elementor-id=\"50\" class=\"elementor elementor-50\" data-elementor-post-type=\"page\">\n\t\t\t\t<div class=\"elementor-element elementor-element-fbc64a6 e-flex e-con-boxed e-con e-parent\" data-id=\"fbc64a6\" data-element_type=\"container\">\n\t\t\t\t\t<div class=\"e-con-inner\">\n\t\t\t\t<div class=\"elementor-element elementor-element-04bede9 elementor-widget elementor-widget-text-editor\" data-id=\"04bede9\" data-element_type=\"widget\" data-widget_type=\"text-editor.default\">\n\t\t\t\t<div class=\"elementor-widget-container\">\n\t\t\t\t\t\t\t\t\t<p><strong>Etika a\u00a0Horizont Eur\u00f3pa<\/strong>\u00a0\u2013 e-learningov\u00e9 video venovan\u00e9 t\u00e9me v\u00fdskumn\u00e1 etika a\u00a0integrita v\u00a0<a href=\"https:\/\/eraportal.sk\/horizont-europa\/heu-o-programe\/\" target=\"_blank\" rel=\"noreferrer noopener\">programe Horizont Eur\u00f3pa<\/a>.<\/p>\t\t\t\t\t\t\t\t<\/div>\n\t\t\t\t<\/div>\n\t\t\t\t<div class=\"elementor-element elementor-element-ba1d273 elementor-widget__width-initial elementor-widget elementor-widget-video\" data-id=\"ba1d273\" data-element_type=\"widget\" data-settings=\"{&quot;youtube_url&quot;:&quot;https:\\\/\\\/youtu.be\\\/tfHAXGuNIqc&quot;,&quot;video_type&quot;:&quot;youtube&quot;,&quot;controls&quot;:&quot;yes&quot;}\" data-widget_type=\"video.default\">\n\t\t\t\t<div class=\"elementor-widget-container\">\n\t\t\t\t\t\t\t<div class=\"elementor-wrapper elementor-open-inline\">\n\t\t\t<div class=\"elementor-video\"><\/div>\t\t<\/div>\n\t\t\t\t\t\t<\/div>\n\t\t\t\t<\/div>\n\t\t\t\t<div class=\"elementor-element elementor-element-5790dd9 elementor-widget elementor-widget-spacer\" data-id=\"5790dd9\" data-element_type=\"widget\" data-widget_type=\"spacer.default\">\n\t\t\t\t<div class=\"elementor-widget-container\">\n\t\t\t\t\t\t\t<div class=\"elementor-spacer\">\n\t\t\t<div class=\"elementor-spacer-inner\"><\/div>\n\t\t<\/div>\n\t\t\t\t\t\t<\/div>\n\t\t\t\t<\/div>\n\t\t\t\t\t<\/div>\n\t\t\t\t<\/div>\n\t\t<div class=\"elementor-element elementor-element-3ebba11 e-flex e-con-boxed e-con e-parent\" data-id=\"3ebba11\" data-element_type=\"container\">\n\t\t\t\t\t<div class=\"e-con-inner\">\n\t\t\t\t<div class=\"elementor-element elementor-element-eb67546 elementor-widget elementor-widget-text-editor\" data-id=\"eb67546\" data-element_type=\"widget\" data-widget_type=\"text-editor.default\">\n\t\t\t\t<div class=\"elementor-widget-container\">\n\t\t\t\t\t\t\t\t\t<p><strong>Pl\u00e1n rodovej rovnosti (GEP)<\/strong>\u00a0\u2013 e-learningov\u00e9 video o \u010fal\u0161om d\u00f4vode pre\u010do je d\u00f4le\u017eit\u00e9 ma\u0165 v in\u0161tit\u00facii implementovan\u00fd pl\u00e1n rodovej rovnosti. GEP je jedn\u00fdm z krit\u00e9ri\u00ed zapojenia sa in\u0161tit\u00facie do programu Horizont Eur\u00f3pa.<\/p>\t\t\t\t\t\t\t\t<\/div>\n\t\t\t\t<\/div>\n\t\t\t\t<div class=\"elementor-element elementor-element-428de32 elementor-widget__width-initial elementor-widget elementor-widget-video\" data-id=\"428de32\" data-element_type=\"widget\" data-settings=\"{&quot;youtube_url&quot;:&quot;https:\\\/\\\/youtu.be\\\/xCIBJEOADJI&quot;,&quot;video_type&quot;:&quot;youtube&quot;,&quot;controls&quot;:&quot;yes&quot;}\" data-widget_type=\"video.default\">\n\t\t\t\t<div class=\"elementor-widget-container\">\n\t\t\t\t\t\t\t<div class=\"elementor-wrapper elementor-open-inline\">\n\t\t\t<div class=\"elementor-video\"><\/div>\t\t<\/div>\n\t\t\t\t\t\t<\/div>\n\t\t\t\t<\/div>\n\t\t\t\t<div class=\"elementor-element elementor-element-948e6a7 elementor-widget elementor-widget-spacer\" data-id=\"948e6a7\" data-element_type=\"widget\" data-widget_type=\"spacer.default\">\n\t\t\t\t<div class=\"elementor-widget-container\">\n\t\t\t\t\t\t\t<div class=\"elementor-spacer\">\n\t\t\t<div class=\"elementor-spacer-inner\"><\/div>\n\t\t<\/div>\n\t\t\t\t\t\t<\/div>\n\t\t\t\t<\/div>\n\t\t\t\t\t<\/div>\n\t\t\t\t<\/div>\n\t\t<div class=\"elementor-element elementor-element-7c48a63 e-flex e-con-boxed e-con e-parent\" data-id=\"7c48a63\" data-element_type=\"container\">\n\t\t\t\t\t<div class=\"e-con-inner\">\n\t\t\t\t<div class=\"elementor-element elementor-element-1519f13 elementor-widget elementor-widget-text-editor\" data-id=\"1519f13\" data-element_type=\"widget\" data-widget_type=\"text-editor.default\">\n\t\t\t\t<div class=\"elementor-widget-container\">\n\t\t\t\t\t\t\t\t\t<p><strong>H\u013eadanie partnerov do konzorci\u00ed\u00a0<\/strong>\u2013 e-learningov\u00e9 video o tom ako a kde m\u00f4\u017eete h\u013eada\u0165 partnerov do medzin\u00e1rodn\u00fdch konzorci\u00ed pre projektov\u00e9 n\u00e1vrhy do programu Horizont Eur\u00f3pa. Pr\u00edprava pitch prezent\u00e1cie.<\/p>\t\t\t\t\t\t\t\t<\/div>\n\t\t\t\t<\/div>\n\t\t\t\t<div class=\"elementor-element elementor-element-f479193 elementor-widget__width-initial elementor-widget elementor-widget-video\" data-id=\"f479193\" data-element_type=\"widget\" data-settings=\"{&quot;youtube_url&quot;:&quot;https:\\\/\\\/youtu.be\\\/vw41MFbl05A&quot;,&quot;video_type&quot;:&quot;youtube&quot;,&quot;controls&quot;:&quot;yes&quot;}\" data-widget_type=\"video.default\">\n\t\t\t\t<div class=\"elementor-widget-container\">\n\t\t\t\t\t\t\t<div class=\"elementor-wrapper elementor-open-inline\">\n\t\t\t<div class=\"elementor-video\"><\/div>\t\t<\/div>\n\t\t\t\t\t\t<\/div>\n\t\t\t\t<\/div>\n\t\t\t\t<div class=\"elementor-element elementor-element-746e372 elementor-widget elementor-widget-spacer\" data-id=\"746e372\" data-element_type=\"widget\" data-widget_type=\"spacer.default\">\n\t\t\t\t<div class=\"elementor-widget-container\">\n\t\t\t\t\t\t\t<div class=\"elementor-spacer\">\n\t\t\t<div class=\"elementor-spacer-inner\"><\/div>\n\t\t<\/div>\n\t\t\t\t\t\t<\/div>\n\t\t\t\t<\/div>\n\t\t\t\t\t<\/div>\n\t\t\t\t<\/div>\n\t\t<div class=\"elementor-element elementor-element-b1ff764 e-flex e-con-boxed e-con e-parent\" data-id=\"b1ff764\" data-element_type=\"container\">\n\t\t\t\t\t<div class=\"e-con-inner\">\n\t\t\t\t<div class=\"elementor-element elementor-element-d00fd7f elementor-widget elementor-widget-text-editor\" data-id=\"d00fd7f\" data-element_type=\"widget\" data-widget_type=\"text-editor.default\">\n\t\t\t\t<div class=\"elementor-widget-container\">\n\t\t\t\t\t\t\t\t\t<p><strong>Registr\u00e1cia na port\u00e1l Eur\u00f3pskej komisie. EU login a\u00a0PIC<\/strong>\u00a0\u2013 e-learningov\u00e9 video o\u00a0tom ako si vytvori\u0165 prihlasovac\u00ed \u00fa\u010det a\u00a0zaregistrova\u0165 organiz\u00e1ciu aj pre\u00a0<a href=\"https:\/\/eraportal.sk\/horizont-europa\/heu-o-programe\/\" target=\"_blank\" rel=\"noreferrer noopener\">program Horizont Eur\u00f3pa<\/a>.<\/p>\t\t\t\t\t\t\t\t<\/div>\n\t\t\t\t<\/div>\n\t\t\t\t<div class=\"elementor-element elementor-element-e91c391 elementor-widget__width-initial elementor-widget elementor-widget-video\" data-id=\"e91c391\" data-element_type=\"widget\" data-settings=\"{&quot;youtube_url&quot;:&quot;https:\\\/\\\/youtu.be\\\/XiGnBvDy9L4&quot;,&quot;video_type&quot;:&quot;youtube&quot;,&quot;controls&quot;:&quot;yes&quot;}\" data-widget_type=\"video.default\">\n\t\t\t\t<div class=\"elementor-widget-container\">\n\t\t\t\t\t\t\t<div class=\"elementor-wrapper elementor-open-inline\">\n\t\t\t<div class=\"elementor-video\"><\/div>\t\t<\/div>\n\t\t\t\t\t\t<\/div>\n\t\t\t\t<\/div>\n\t\t\t\t<div class=\"elementor-element elementor-element-5e6fe4c elementor-widget elementor-widget-spacer\" data-id=\"5e6fe4c\" data-element_type=\"widget\" data-widget_type=\"spacer.default\">\n\t\t\t\t<div class=\"elementor-widget-container\">\n\t\t\t\t\t\t\t<div class=\"elementor-spacer\">\n\t\t\t<div class=\"elementor-spacer-inner\"><\/div>\n\t\t<\/div>\n\t\t\t\t\t\t<\/div>\n\t\t\t\t<\/div>\n\t\t\t\t\t<\/div>\n\t\t\t\t<\/div>\n\t\t<div class=\"elementor-element elementor-element-b598c25 e-flex e-con-boxed e-con e-parent\" data-id=\"b598c25\" data-element_type=\"container\">\n\t\t\t\t\t<div class=\"e-con-inner\">\n\t\t\t\t<div class=\"elementor-element elementor-element-df786f2 elementor-widget elementor-widget-toggle\" data-id=\"df786f2\" data-element_type=\"widget\" data-widget_type=\"toggle.default\">\n\t\t\t\t<div class=\"elementor-widget-container\">\n\t\t\t\t\t\t\t<div class=\"elementor-toggle\">\n\t\t\t\t\t\t\t<div class=\"elementor-toggle-item\">\n\t\t\t\t\t<div id=\"elementor-tab-title-2341\" class=\"elementor-tab-title\" data-tab=\"1\" role=\"button\" aria-controls=\"elementor-tab-content-2341\" aria-expanded=\"false\">\n\t\t\t\t\t\t\t\t\t\t\t\t<span class=\"elementor-toggle-icon elementor-toggle-icon-left\" aria-hidden=\"true\">\n\t\t\t\t\t\t\t\t\t\t\t\t\t\t\t<span class=\"elementor-toggle-icon-closed\"><svg class=\"e-font-icon-svg e-fas-caret-right\" viewBox=\"0 0 192 512\" xmlns=\"http:\/\/www.w3.org\/2000\/svg\"><path d=\"M0 384.662V127.338c0-17.818 21.543-26.741 34.142-14.142l128.662 128.662c7.81 7.81 7.81 20.474 0 28.284L34.142 398.804C21.543 411.404 0 402.48 0 384.662z\"><\/path><\/svg><\/span>\n\t\t\t\t\t\t\t\t<span class=\"elementor-toggle-icon-opened\"><svg class=\"elementor-toggle-icon-opened e-font-icon-svg e-fas-caret-up\" viewBox=\"0 0 320 512\" xmlns=\"http:\/\/www.w3.org\/2000\/svg\"><path d=\"M288.662 352H31.338c-17.818 0-26.741-21.543-14.142-34.142l128.662-128.662c7.81-7.81 20.474-7.81 28.284 0l128.662 128.662c12.6 12.599 3.676 34.142-14.142 34.142z\"><\/path><\/svg><\/span>\n\t\t\t\t\t\t\t\t\t\t\t\t\t<\/span>\n\t\t\t\t\t\t\t\t\t\t\t\t<a class=\"elementor-toggle-title\" tabindex=\"0\">\u010eAL\u0160IE E-LEARNINGOV\u00c9 KURZY<\/a>\n\t\t\t\t\t<\/div>\n\n\t\t\t\t\t<div id=\"elementor-tab-content-2341\" class=\"elementor-tab-content elementor-clearfix\" data-tab=\"1\" role=\"region\" aria-labelledby=\"elementor-tab-title-2341\"><div class=\"partner-orange\"><div id=\"target-id6555275f2ced3\" class=\"collapseomatic_content \"><p><strong>Viac e-learningov\u00fdch kurzov<\/strong>\u00a0v anglickom jazyku n\u00e1jdete na web str\u00e1nke projektu Bridge2HE v \u010dasti<strong><a href=\"https:\/\/courses.horizoneuropencpportal.eu\/\" target=\"_blank\" rel=\"noreferrer noopener\">\u00a0Horizon Europe NCP virtual campus<\/a><\/strong>. Kurzy s\u00fa zdarma, pr\u00edstupn\u00e9 aj \u0161irokej verejnosti a m\u00f4\u017eu by\u0165 pre v\u00e1s \u010fal\u0161\u00edch zdrojom inform\u00e1ci\u00ed v pr\u00edpade, \u017ee m\u00e1te z\u00e1ujem o \u00fa\u010das\u0165 v projektoch programu Horizontu Eur\u00f3pa. Na kurzy je potrebn\u00e9 sa registrova\u0165 na\u00a0<strong><a href=\"https:\/\/courses.horizoneuropencpportal.eu\/\" target=\"_blank\" rel=\"noreferrer noopener\">NCP Port\u00e1li pre Horizont Eur\u00f3pa<\/a><\/strong>. Kurzy obsahuj\u00fa predn\u00e1\u0161ky, videa, odkazy na zdroje \u010fal\u0161\u00edch inform\u00e1ci\u00ed i testovacie ot\u00e1zky, ktor\u00fdmi over\u00edte va\u0161e z\u00edskan\u00e9 vedomosti. \u00a0<\/p><\/div><\/div><\/div>\n\t\t\t\t<\/div>\n\t\t\t\t\t\t\t\t<\/div>\n\t\t\t\t\t\t<\/div>\n\t\t\t\t<\/div>\n\t\t\t\t\t<\/div>\n\t\t\t\t<\/div>\n\t\t\t\t<\/div>\n\t\t","protected":false},"excerpt":{"rendered":"<p>Etika a\u00a0Horizont Eur\u00f3pa\u00a0\u2013 e-learningov\u00e9 video venovan\u00e9 t\u00e9me v\u00fdskumn\u00e1 etika a\u00a0integrita v\u00a0programe Horizont Eur\u00f3pa. https:\/\/youtu.be\/tfHAXGuNIqc Pl\u00e1n rodovej rovnosti (GEP)\u00a0\u2013 e-learningov\u00e9 video o \u010fal\u0161om d\u00f4vode pre\u010do je d\u00f4le\u017eit\u00e9 ma\u0165 v in\u0161tit\u00facii implementovan\u00fd pl\u00e1n rodovej rovnosti. GEP je jedn\u00fdm z krit\u00e9ri\u00ed zapojenia sa in\u0161tit\u00facie do programu Horizont Eur\u00f3pa. https:\/\/youtu.be\/xCIBJEOADJI H\u013eadanie partnerov do konzorci\u00ed\u00a0\u2013 e-learningov\u00e9 video o tom ako [&hellip;]<\/p>\n","protected":false},"author":1,"featured_media":0,"parent":0,"menu_order":0,"comment_status":"closed","ping_status":"closed","template":"","meta":{"_acf_changed":false,"footnotes":""},"class_list":["post-50","page","type-page","status-publish","hentry"],"yoast_head":"<!-- This site is optimized with the Yoast SEO plugin v24.4 - https:\/\/yoast.com\/wordpress\/plugins\/seo\/ -->\n<title>E - learning - Horizont Eur\u00f3pa<\/title>\n<meta name=\"robots\" content=\"index, follow, max-snippet:-1, max-image-preview:large, max-video-preview:-1\" \/>\n<link rel=\"canonical\" href=\"https:\/\/eraportal.sk\/horizont-europa\/e-learning\/\" \/>\n<meta property=\"og:locale\" content=\"sk_SK\" \/>\n<meta property=\"og:type\" content=\"article\" \/>\n<meta property=\"og:title\" content=\"E - learning - Horizont Eur\u00f3pa\" \/>\n<meta property=\"og:description\" content=\"Etika a\u00a0Horizont Eur\u00f3pa\u00a0\u2013 e-learningov\u00e9 video venovan\u00e9 t\u00e9me v\u00fdskumn\u00e1 etika a\u00a0integrita v\u00a0programe Horizont Eur\u00f3pa. https:\/\/youtu.be\/tfHAXGuNIqc Pl\u00e1n rodovej rovnosti (GEP)\u00a0\u2013 e-learningov\u00e9 video o \u010fal\u0161om d\u00f4vode pre\u010do je d\u00f4le\u017eit\u00e9 ma\u0165 v in\u0161tit\u00facii implementovan\u00fd pl\u00e1n rodovej rovnosti. GEP je jedn\u00fdm z krit\u00e9ri\u00ed zapojenia sa in\u0161tit\u00facie do programu Horizont Eur\u00f3pa. https:\/\/youtu.be\/xCIBJEOADJI H\u013eadanie partnerov do konzorci\u00ed\u00a0\u2013 e-learningov\u00e9 video o tom ako [&hellip;]\" \/>\n<meta property=\"og:url\" content=\"https:\/\/eraportal.sk\/horizont-europa\/e-learning\/\" \/>\n<meta property=\"og:site_name\" content=\"Horizont Eur\u00f3pa\" \/>\n<meta property=\"article:modified_time\" content=\"2024-02-24T13:26:17+00:00\" \/>\n<meta name=\"twitter:card\" content=\"summary_large_image\" \/>\n<meta name=\"twitter:label1\" content=\"Predpokladan\u00fd \u010das \u010d\u00edtania\" \/>\n\t<meta name=\"twitter:data1\" content=\"1 min\u00fata\" \/>\n<script type=\"application\/ld+json\" class=\"yoast-schema-graph\">{\"@context\":\"https:\/\/schema.org\",\"@graph\":[{\"@type\":\"WebPage\",\"@id\":\"https:\/\/eraportal.sk\/horizont-europa\/e-learning\/\",\"url\":\"https:\/\/eraportal.sk\/horizont-europa\/e-learning\/\",\"name\":\"E - learning - Horizont Eur\u00f3pa\",\"isPartOf\":{\"@id\":\"https:\/\/eraportal.sk\/horizont-europa\/#website\"},\"datePublished\":\"2023-11-15T19:05:00+00:00\",\"dateModified\":\"2024-02-24T13:26:17+00:00\",\"breadcrumb\":{\"@id\":\"https:\/\/eraportal.sk\/horizont-europa\/e-learning\/#breadcrumb\"},\"inLanguage\":\"sk-SK\",\"potentialAction\":[{\"@type\":\"ReadAction\",\"target\":[\"https:\/\/eraportal.sk\/horizont-europa\/e-learning\/\"]}]},{\"@type\":\"BreadcrumbList\",\"@id\":\"https:\/\/eraportal.sk\/horizont-europa\/e-learning\/#breadcrumb\",\"itemListElement\":[{\"@type\":\"ListItem\",\"position\":1,\"name\":\"Domovsk\u00e1 str\u00e1nka\",\"item\":\"https:\/\/eraportal.sk\/horizont-europa\/\"},{\"@type\":\"ListItem\",\"position\":2,\"name\":\"E &#8211; learning\"}]},{\"@type\":\"WebSite\",\"@id\":\"https:\/\/eraportal.sk\/horizont-europa\/#website\",\"url\":\"https:\/\/eraportal.sk\/horizont-europa\/\",\"name\":\"Horizont Eur\u00f3pa\",\"description\":\"\",\"publisher\":{\"@id\":\"https:\/\/eraportal.sk\/horizont-europa\/#organization\"},\"potentialAction\":[{\"@type\":\"SearchAction\",\"target\":{\"@type\":\"EntryPoint\",\"urlTemplate\":\"https:\/\/eraportal.sk\/horizont-europa\/?s={search_term_string}\"},\"query-input\":{\"@type\":\"PropertyValueSpecification\",\"valueRequired\":true,\"valueName\":\"search_term_string\"}}],\"inLanguage\":\"sk-SK\"},{\"@type\":\"Organization\",\"@id\":\"https:\/\/eraportal.sk\/horizont-europa\/#organization\",\"name\":\"Horizont Eur\u00f3pa\",\"url\":\"https:\/\/eraportal.sk\/horizont-europa\/\",\"logo\":{\"@type\":\"ImageObject\",\"inLanguage\":\"sk-SK\",\"@id\":\"https:\/\/eraportal.sk\/horizont-europa\/#\/schema\/logo\/image\/\",\"url\":\"https:\/\/eraportal.sk\/horizont-europa\/wp-content\/uploads\/sites\/4\/2024\/02\/Favicon_HEU.png\",\"contentUrl\":\"https:\/\/eraportal.sk\/horizont-europa\/wp-content\/uploads\/sites\/4\/2024\/02\/Favicon_HEU.png\",\"width\":512,\"height\":512,\"caption\":\"Horizont Eur\u00f3pa\"},\"image\":{\"@id\":\"https:\/\/eraportal.sk\/horizont-europa\/#\/schema\/logo\/image\/\"}}]}<\/script>\n<!-- \/ Yoast SEO plugin. -->","yoast_head_json":{"title":"E - learning - Horizont Eur\u00f3pa","robots":{"index":"index","follow":"follow","max-snippet":"max-snippet:-1","max-image-preview":"max-image-preview:large","max-video-preview":"max-video-preview:-1"},"canonical":"https:\/\/eraportal.sk\/horizont-europa\/e-learning\/","og_locale":"sk_SK","og_type":"article","og_title":"E - learning - Horizont Eur\u00f3pa","og_description":"Etika a\u00a0Horizont Eur\u00f3pa\u00a0\u2013 e-learningov\u00e9 video venovan\u00e9 t\u00e9me v\u00fdskumn\u00e1 etika a\u00a0integrita v\u00a0programe Horizont Eur\u00f3pa. https:\/\/youtu.be\/tfHAXGuNIqc Pl\u00e1n rodovej rovnosti (GEP)\u00a0\u2013 e-learningov\u00e9 video o \u010fal\u0161om d\u00f4vode pre\u010do je d\u00f4le\u017eit\u00e9 ma\u0165 v in\u0161tit\u00facii implementovan\u00fd pl\u00e1n rodovej rovnosti. GEP je jedn\u00fdm z krit\u00e9ri\u00ed zapojenia sa in\u0161tit\u00facie do programu Horizont Eur\u00f3pa. https:\/\/youtu.be\/xCIBJEOADJI H\u013eadanie partnerov do konzorci\u00ed\u00a0\u2013 e-learningov\u00e9 video o tom ako [&hellip;]","og_url":"https:\/\/eraportal.sk\/horizont-europa\/e-learning\/","og_site_name":"Horizont Eur\u00f3pa","article_modified_time":"2024-02-24T13:26:17+00:00","twitter_card":"summary_large_image","twitter_misc":{"Predpokladan\u00fd \u010das \u010d\u00edtania":"1 min\u00fata"},"schema":{"@context":"https:\/\/schema.org","@graph":[{"@type":"WebPage","@id":"https:\/\/eraportal.sk\/horizont-europa\/e-learning\/","url":"https:\/\/eraportal.sk\/horizont-europa\/e-learning\/","name":"E - learning - Horizont Eur\u00f3pa","isPartOf":{"@id":"https:\/\/eraportal.sk\/horizont-europa\/#website"},"datePublished":"2023-11-15T19:05:00+00:00","dateModified":"2024-02-24T13:26:17+00:00","breadcrumb":{"@id":"https:\/\/eraportal.sk\/horizont-europa\/e-learning\/#breadcrumb"},"inLanguage":"sk-SK","potentialAction":[{"@type":"ReadAction","target":["https:\/\/eraportal.sk\/horizont-europa\/e-learning\/"]}]},{"@type":"BreadcrumbList","@id":"https:\/\/eraportal.sk\/horizont-europa\/e-learning\/#breadcrumb","itemListElement":[{"@type":"ListItem","position":1,"name":"Domovsk\u00e1 str\u00e1nka","item":"https:\/\/eraportal.sk\/horizont-europa\/"},{"@type":"ListItem","position":2,"name":"E &#8211; learning"}]},{"@type":"WebSite","@id":"https:\/\/eraportal.sk\/horizont-europa\/#website","url":"https:\/\/eraportal.sk\/horizont-europa\/","name":"Horizont Eur\u00f3pa","description":"","publisher":{"@id":"https:\/\/eraportal.sk\/horizont-europa\/#organization"},"potentialAction":[{"@type":"SearchAction","target":{"@type":"EntryPoint","urlTemplate":"https:\/\/eraportal.sk\/horizont-europa\/?s={search_term_string}"},"query-input":{"@type":"PropertyValueSpecification","valueRequired":true,"valueName":"search_term_string"}}],"inLanguage":"sk-SK"},{"@type":"Organization","@id":"https:\/\/eraportal.sk\/horizont-europa\/#organization","name":"Horizont Eur\u00f3pa","url":"https:\/\/eraportal.sk\/horizont-europa\/","logo":{"@type":"ImageObject","inLanguage":"sk-SK","@id":"https:\/\/eraportal.sk\/horizont-europa\/#\/schema\/logo\/image\/","url":"https:\/\/eraportal.sk\/horizont-europa\/wp-content\/uploads\/sites\/4\/2024\/02\/Favicon_HEU.png","contentUrl":"https:\/\/eraportal.sk\/horizont-europa\/wp-content\/uploads\/sites\/4\/2024\/02\/Favicon_HEU.png","width":512,"height":512,"caption":"Horizont Eur\u00f3pa"},"image":{"@id":"https:\/\/eraportal.sk\/horizont-europa\/#\/schema\/logo\/image\/"}}]}},"acf":[],"_links":{"self":[{"href":"https:\/\/eraportal.sk\/horizont-europa\/wp-json\/wp\/v2\/pages\/50","targetHints":{"allow":["GET"]}}],"collection":[{"href":"https:\/\/eraportal.sk\/horizont-europa\/wp-json\/wp\/v2\/pages"}],"about":[{"href":"https:\/\/eraportal.sk\/horizont-europa\/wp-json\/wp\/v2\/types\/page"}],"author":[{"embeddable":true,"href":"https:\/\/eraportal.sk\/horizont-europa\/wp-json\/wp\/v2\/users\/1"}],"replies":[{"embeddable":true,"href":"https:\/\/eraportal.sk\/horizont-europa\/wp-json\/wp\/v2\/comments?post=50"}],"version-history":[{"count":7,"href":"https:\/\/eraportal.sk\/horizont-europa\/wp-json\/wp\/v2\/pages\/50\/revisions"}],"predecessor-version":[{"id":2129,"href":"https:\/\/eraportal.sk\/horizont-europa\/wp-json\/wp\/v2\/pages\/50\/revisions\/2129"}],"wp:attachment":[{"href":"https:\/\/eraportal.sk\/horizont-europa\/wp-json\/wp\/v2\/media?parent=50"}],"curies":[{"name":"wp","href":"https:\/\/api.w.org\/{rel}","templated":true}]}}