    {"id":453,"date":"2023-11-15T22:02:51","date_gmt":"2023-11-15T21:02:51","guid":{"rendered":"https:\/\/eraportal.ecomcapsule.com\/demohorizont\/?page_id=453"},"modified":"2024-02-22T09:28:59","modified_gmt":"2024-02-22T08:28:59","slug":"kde-nas-najdete","status":"publish","type":"page","link":"https:\/\/eraportal.sk\/horizont-europa\/heu-narodne-kontaktne-body\/kde-nas-najdete\/","title":{"rendered":"Kde n\u00e1s n\u00e1jdete?"},"content":{"rendered":"\t\t<div data-elementor-type=\"wp-page\" data-elementor-id=\"453\" class=\"elementor elementor-453\" data-elementor-post-type=\"page\">\n\t\t\t\t<div class=\"elementor-element elementor-element-3a1bc5b e-flex e-con-boxed e-con e-parent\" data-id=\"3a1bc5b\" data-element_type=\"container\">\n\t\t\t\t\t<div class=\"e-con-inner\">\n\t\t\t\t<div class=\"elementor-element elementor-element-80bd27e elementor-widget elementor-widget-text-editor\" data-id=\"80bd27e\" data-element_type=\"widget\" data-widget_type=\"text-editor.default\">\n\t\t\t\t<div class=\"elementor-widget-container\">\n\t\t\t\t\t\t\t\t\t<p><strong>N\u00e1rodn\u00e1 kancel\u00e1ria Horizontu<\/strong> pozost\u00e1vaj\u00faca z N\u00e1rodn\u00fdch kontaktn\u00fdch bodov r\u00e1mcov\u00e9ho programu Horizont Eur\u00f3pa a m\u00e1 s\u00eddlo v CVTI SR.<\/p>\t\t\t\t\t\t\t\t<\/div>\n\t\t\t\t<\/div>\n\t\t\t\t\t<\/div>\n\t\t\t\t<\/div>\n\t\t<div class=\"elementor-element elementor-element-1272bb0 e-flex e-con-boxed e-con e-parent\" data-id=\"1272bb0\" data-element_type=\"container\">\n\t\t\t\t\t<div class=\"e-con-inner\">\n\t\t\t\t<div class=\"elementor-element elementor-element-044094e elementor-widget elementor-widget-spacer\" data-id=\"044094e\" data-element_type=\"widget\" data-widget_type=\"spacer.default\">\n\t\t\t\t<div class=\"elementor-widget-container\">\n\t\t\t\t\t\t\t<div class=\"elementor-spacer\">\n\t\t\t<div class=\"elementor-spacer-inner\"><\/div>\n\t\t<\/div>\n\t\t\t\t\t\t<\/div>\n\t\t\t\t<\/div>\n\t\t\t\t\t<\/div>\n\t\t\t\t<\/div>\n\t\t<div class=\"elementor-element elementor-element-17d8115 e-flex e-con-boxed e-con e-parent\" data-id=\"17d8115\" data-element_type=\"container\">\n\t\t\t\t\t<div class=\"e-con-inner\">\n\t\t<div class=\"elementor-element elementor-element-ae3ee8c e-con-full e-flex e-con e-child\" data-id=\"ae3ee8c\" data-element_type=\"container\">\n\t\t\t\t<div class=\"elementor-element elementor-element-a31fef0 elementor-widget__width-initial elementor-widget elementor-widget-text-editor\" data-id=\"a31fef0\" data-element_type=\"widget\" data-widget_type=\"text-editor.default\">\n\t\t\t\t<div class=\"elementor-widget-container\">\n\t\t\t\t\t\t\t\t\t<p><strong>Centrum vedecko-technick\u00fdch inform\u00e1ci\u00ed Slovenskej republiky (CVTI SR)<\/strong><\/p><p><b><br><\/b><span style=\"font-weight: 400\">Lama\u010dsk\u00e1 cesta 8\/A<\/span><span style=\"font-weight: 400\"><br><\/span><span style=\"font-weight: 400\">840 05 Bratislava<\/span><span style=\"font-weight: 400\"><br><\/span><span style=\"font-weight: 400\">Slovensk\u00e1 republika<\/span><\/p>\n<p><span style=\"font-weight: 400\">tel: +421 2 69253 164<\/span><span style=\"font-weight: 400\"><br><\/span><span style=\"font-weight: 400\">email: horizont@cvtisr.sk<\/span><\/p>\n<p><span style=\"font-weight: 400\">I\u010cO: 00151882<\/span><span style=\"font-weight: 400\"><br><\/span><span style=\"font-weight: 400\">I\u010c DPH: SK2020798395<\/span><\/p>\n<p><span style=\"font-weight: 400\">\u0160t\u00e1tna pokladnica<\/span><\/p>\n<p><span style=\"font-weight: 400\">IBAN: SK05 8180 0000 0070 0006 4743<\/span><span style=\"font-weight: 400\"><br><\/span><span style=\"font-weight: 400\">SPSRSKBAXXX<\/span><\/p>\t\t\t\t\t\t\t\t<\/div>\n\t\t\t\t<\/div>\n\t\t\t\t<\/div>\n\t\t<div class=\"elementor-element elementor-element-9bbb32a e-con-full e-flex e-con e-child\" data-id=\"9bbb32a\" data-element_type=\"container\">\n\t\t\t\t<div class=\"elementor-element elementor-element-7d4ce0a elementor-widget elementor-widget-google_maps\" data-id=\"7d4ce0a\" data-element_type=\"widget\" data-widget_type=\"google_maps.default\">\n\t\t\t\t<div class=\"elementor-widget-container\">\n\t\t\t\t\t\t\t<div class=\"elementor-custom-embed\">\n\t\t\t<iframe loading=\"lazy\"\n\t\t\t\t\tsrc=\"https:\/\/maps.google.com\/maps?q=Centrum%20vedecko-technick%C3%BDch%20inform%C3%A1ci%C3%AD%20SR%20Lama%C4%8Dsk%C3%A1%20cesta%208A%2C%20811%2004%20Star%C3%A9%20Mesto&#038;t=m&#038;z=13&#038;output=embed&#038;iwloc=near\"\n\t\t\t\t\ttitle=\"Centrum vedecko-technick\u00fdch inform\u00e1ci\u00ed SR Lama\u010dsk\u00e1 cesta 8A, 811 04 Star\u00e9 Mesto\"\n\t\t\t\t\taria-label=\"Centrum vedecko-technick\u00fdch inform\u00e1ci\u00ed SR Lama\u010dsk\u00e1 cesta 8A, 811 04 Star\u00e9 Mesto\"\n\t\t\t><\/iframe>\n\t\t<\/div>\n\t\t\t\t\t\t<\/div>\n\t\t\t\t<\/div>\n\t\t\t\t<\/div>\n\t\t\t\t\t<\/div>\n\t\t\t\t<\/div>\n\t\t<div class=\"elementor-element elementor-element-10734ad e-flex e-con-boxed e-con e-parent\" data-id=\"10734ad\" data-element_type=\"container\">\n\t\t\t\t\t<div class=\"e-con-inner\">\n\t\t\t\t<div class=\"elementor-element elementor-element-e07948a elementor-widget elementor-widget-spacer\" data-id=\"e07948a\" data-element_type=\"widget\" data-widget_type=\"spacer.default\">\n\t\t\t\t<div class=\"elementor-widget-container\">\n\t\t\t\t\t\t\t<div class=\"elementor-spacer\">\n\t\t\t<div class=\"elementor-spacer-inner\"><\/div>\n\t\t<\/div>\n\t\t\t\t\t\t<\/div>\n\t\t\t\t<\/div>\n\t\t\t\t\t<\/div>\n\t\t\t\t<\/div>\n\t\t<div class=\"elementor-element elementor-element-88a1a0d e-flex e-con-boxed e-con e-parent\" data-id=\"88a1a0d\" data-element_type=\"container\">\n\t\t\t\t\t<div class=\"e-con-inner\">\n\t\t<div class=\"elementor-element elementor-element-d9c7929 e-con-full e-flex e-con e-child\" data-id=\"d9c7929\" data-element_type=\"container\">\n\t\t\t\t<div class=\"elementor-element elementor-element-40f2c56 elementor-widget elementor-widget-text-editor\" data-id=\"40f2c56\" data-element_type=\"widget\" data-widget_type=\"text-editor.default\">\n\t\t\t\t<div class=\"elementor-widget-container\">\n\t\t\t\t\t\t\t\t\t<p><a href=\"https:\/\/imhd.sk\/ba\/planovac-cesty\" target=\"_blank\" rel=\"noopener\">Doprava<\/a>:\u00a0<br \/><strong>Hlavn\u00e1 vlakov\u00e1 stanica<\/strong><br \/>zast\u00e1vka &#8222;Pod Stanicou (SAV)&#8220;, smer zast\u00e1vka &#8222;Patr\u00f3nka&#8220; (autobusy \u010d. 21, 34, 63; trolejbus \u010d. 42 )<\/p><p><strong>Autobusov\u00e1 stanica Mlynsk\u00e9 Nivy<\/strong><br \/>zast\u00e1vka &#8222;Autobusov\u00e1 stanica&#8220;, smer zast\u00e1vka &#8222;Patr\u00f3nka&#8220; (autobus \u010d. 21, trolejbus \u010d. 42)<\/p><p><strong>GPS s\u00faradnice:<\/strong>\u00a0S\u00a048.16987\u00b0, V\u00a017.07459\u00b0<\/p>\t\t\t\t\t\t\t\t<\/div>\n\t\t\t\t<\/div>\n\t\t\t\t<\/div>\n\t\t\t\t\t<\/div>\n\t\t\t\t<\/div>\n\t\t\t\t<\/div>\n\t\t","protected":false},"excerpt":{"rendered":"<p>N\u00e1rodn\u00e1 kancel\u00e1ria Horizontu pozost\u00e1vaj\u00faca z N\u00e1rodn\u00fdch kontaktn\u00fdch bodov r\u00e1mcov\u00e9ho programu Horizont Eur\u00f3pa a m\u00e1 s\u00eddlo v CVTI SR. Centrum vedecko-technick\u00fdch inform\u00e1ci\u00ed Slovenskej republiky (CVTI SR) Lama\u010dsk\u00e1 cesta 8\/A840 05 BratislavaSlovensk\u00e1 republika tel: +421 2 69253 164email: horizont@cvtisr.sk I\u010cO: 00151882I\u010c DPH: SK2020798395 \u0160t\u00e1tna pokladnica IBAN: SK05 8180 0000 0070 0006 4743SPSRSKBAXXX Doprava:\u00a0Hlavn\u00e1 vlakov\u00e1 stanicazast\u00e1vka &#8222;Pod Stanicou [&hellip;]<\/p>\n","protected":false},"author":1,"featured_media":0,"parent":52,"menu_order":0,"comment_status":"closed","ping_status":"closed","template":"","meta":{"_acf_changed":false,"footnotes":""},"class_list":["post-453","page","type-page","status-publish","hentry"],"yoast_head":"<!-- This site is optimized with the Yoast SEO plugin v24.4 - https:\/\/yoast.com\/wordpress\/plugins\/seo\/ -->\n<title>Kde n\u00e1s n\u00e1jdete? - Horizont Eur\u00f3pa<\/title>\n<meta name=\"robots\" content=\"index, follow, max-snippet:-1, max-image-preview:large, max-video-preview:-1\" \/>\n<link rel=\"canonical\" href=\"https:\/\/eraportal.sk\/horizont-europa\/heu-narodne-kontaktne-body\/kde-nas-najdete\/\" \/>\n<meta property=\"og:locale\" content=\"sk_SK\" \/>\n<meta property=\"og:type\" content=\"article\" \/>\n<meta property=\"og:title\" content=\"Kde n\u00e1s n\u00e1jdete? - Horizont Eur\u00f3pa\" \/>\n<meta property=\"og:description\" content=\"N\u00e1rodn\u00e1 kancel\u00e1ria Horizontu pozost\u00e1vaj\u00faca z N\u00e1rodn\u00fdch kontaktn\u00fdch bodov r\u00e1mcov\u00e9ho programu Horizont Eur\u00f3pa a m\u00e1 s\u00eddlo v CVTI SR. Centrum vedecko-technick\u00fdch inform\u00e1ci\u00ed Slovenskej republiky (CVTI SR) Lama\u010dsk\u00e1 cesta 8\/A840 05 BratislavaSlovensk\u00e1 republika tel: +421 2 69253 164email: horizont@cvtisr.sk I\u010cO: 00151882I\u010c DPH: SK2020798395 \u0160t\u00e1tna pokladnica IBAN: SK05 8180 0000 0070 0006 4743SPSRSKBAXXX Doprava:\u00a0Hlavn\u00e1 vlakov\u00e1 stanicazast\u00e1vka &#8222;Pod Stanicou [&hellip;]\" \/>\n<meta property=\"og:url\" content=\"https:\/\/eraportal.sk\/horizont-europa\/heu-narodne-kontaktne-body\/kde-nas-najdete\/\" \/>\n<meta property=\"og:site_name\" content=\"Horizont Eur\u00f3pa\" \/>\n<meta property=\"article:modified_time\" content=\"2024-02-22T08:28:59+00:00\" \/>\n<meta name=\"twitter:card\" content=\"summary_large_image\" \/>\n<meta name=\"twitter:label1\" content=\"Predpokladan\u00fd \u010das \u010d\u00edtania\" \/>\n\t<meta name=\"twitter:data1\" content=\"1 min\u00fata\" \/>\n<script type=\"application\/ld+json\" class=\"yoast-schema-graph\">{\"@context\":\"https:\/\/schema.org\",\"@graph\":[{\"@type\":\"WebPage\",\"@id\":\"https:\/\/eraportal.sk\/horizont-europa\/heu-narodne-kontaktne-body\/kde-nas-najdete\/\",\"url\":\"https:\/\/eraportal.sk\/horizont-europa\/heu-narodne-kontaktne-body\/kde-nas-najdete\/\",\"name\":\"Kde n\u00e1s n\u00e1jdete? - Horizont Eur\u00f3pa\",\"isPartOf\":{\"@id\":\"https:\/\/eraportal.sk\/horizont-europa\/#website\"},\"datePublished\":\"2023-11-15T21:02:51+00:00\",\"dateModified\":\"2024-02-22T08:28:59+00:00\",\"breadcrumb\":{\"@id\":\"https:\/\/eraportal.sk\/horizont-europa\/heu-narodne-kontaktne-body\/kde-nas-najdete\/#breadcrumb\"},\"inLanguage\":\"sk-SK\",\"potentialAction\":[{\"@type\":\"ReadAction\",\"target\":[\"https:\/\/eraportal.sk\/horizont-europa\/heu-narodne-kontaktne-body\/kde-nas-najdete\/\"]}]},{\"@type\":\"BreadcrumbList\",\"@id\":\"https:\/\/eraportal.sk\/horizont-europa\/heu-narodne-kontaktne-body\/kde-nas-najdete\/#breadcrumb\",\"itemListElement\":[{\"@type\":\"ListItem\",\"position\":1,\"name\":\"Domovsk\u00e1 str\u00e1nka\",\"item\":\"https:\/\/eraportal.sk\/horizont-europa\/\"},{\"@type\":\"ListItem\",\"position\":2,\"name\":\"N\u00e1rodn\u00e9 kontaktn\u00e9 body\",\"item\":\"https:\/\/eraportal.sk\/horizont-europa\/heu-narodne-kontaktne-body\/\"},{\"@type\":\"ListItem\",\"position\":3,\"name\":\"Kde n\u00e1s n\u00e1jdete?\"}]},{\"@type\":\"WebSite\",\"@id\":\"https:\/\/eraportal.sk\/horizont-europa\/#website\",\"url\":\"https:\/\/eraportal.sk\/horizont-europa\/\",\"name\":\"Horizont Eur\u00f3pa\",\"description\":\"\",\"publisher\":{\"@id\":\"https:\/\/eraportal.sk\/horizont-europa\/#organization\"},\"potentialAction\":[{\"@type\":\"SearchAction\",\"target\":{\"@type\":\"EntryPoint\",\"urlTemplate\":\"https:\/\/eraportal.sk\/horizont-europa\/?s={search_term_string}\"},\"query-input\":{\"@type\":\"PropertyValueSpecification\",\"valueRequired\":true,\"valueName\":\"search_term_string\"}}],\"inLanguage\":\"sk-SK\"},{\"@type\":\"Organization\",\"@id\":\"https:\/\/eraportal.sk\/horizont-europa\/#organization\",\"name\":\"Horizont Eur\u00f3pa\",\"url\":\"https:\/\/eraportal.sk\/horizont-europa\/\",\"logo\":{\"@type\":\"ImageObject\",\"inLanguage\":\"sk-SK\",\"@id\":\"https:\/\/eraportal.sk\/horizont-europa\/#\/schema\/logo\/image\/\",\"url\":\"https:\/\/eraportal.sk\/horizont-europa\/wp-content\/uploads\/sites\/4\/2024\/02\/Favicon_HEU.png\",\"contentUrl\":\"https:\/\/eraportal.sk\/horizont-europa\/wp-content\/uploads\/sites\/4\/2024\/02\/Favicon_HEU.png\",\"width\":512,\"height\":512,\"caption\":\"Horizont Eur\u00f3pa\"},\"image\":{\"@id\":\"https:\/\/eraportal.sk\/horizont-europa\/#\/schema\/logo\/image\/\"}}]}<\/script>\n<!-- \/ Yoast SEO plugin. -->","yoast_head_json":{"title":"Kde n\u00e1s n\u00e1jdete? - Horizont Eur\u00f3pa","robots":{"index":"index","follow":"follow","max-snippet":"max-snippet:-1","max-image-preview":"max-image-preview:large","max-video-preview":"max-video-preview:-1"},"canonical":"https:\/\/eraportal.sk\/horizont-europa\/heu-narodne-kontaktne-body\/kde-nas-najdete\/","og_locale":"sk_SK","og_type":"article","og_title":"Kde n\u00e1s n\u00e1jdete? - Horizont Eur\u00f3pa","og_description":"N\u00e1rodn\u00e1 kancel\u00e1ria Horizontu pozost\u00e1vaj\u00faca z N\u00e1rodn\u00fdch kontaktn\u00fdch bodov r\u00e1mcov\u00e9ho programu Horizont Eur\u00f3pa a m\u00e1 s\u00eddlo v CVTI SR. Centrum vedecko-technick\u00fdch inform\u00e1ci\u00ed Slovenskej republiky (CVTI SR) Lama\u010dsk\u00e1 cesta 8\/A840 05 BratislavaSlovensk\u00e1 republika tel: +421 2 69253 164email: horizont@cvtisr.sk I\u010cO: 00151882I\u010c DPH: SK2020798395 \u0160t\u00e1tna pokladnica IBAN: SK05 8180 0000 0070 0006 4743SPSRSKBAXXX Doprava:\u00a0Hlavn\u00e1 vlakov\u00e1 stanicazast\u00e1vka &#8222;Pod Stanicou [&hellip;]","og_url":"https:\/\/eraportal.sk\/horizont-europa\/heu-narodne-kontaktne-body\/kde-nas-najdete\/","og_site_name":"Horizont Eur\u00f3pa","article_modified_time":"2024-02-22T08:28:59+00:00","twitter_card":"summary_large_image","twitter_misc":{"Predpokladan\u00fd \u010das \u010d\u00edtania":"1 min\u00fata"},"schema":{"@context":"https:\/\/schema.org","@graph":[{"@type":"WebPage","@id":"https:\/\/eraportal.sk\/horizont-europa\/heu-narodne-kontaktne-body\/kde-nas-najdete\/","url":"https:\/\/eraportal.sk\/horizont-europa\/heu-narodne-kontaktne-body\/kde-nas-najdete\/","name":"Kde n\u00e1s n\u00e1jdete? - Horizont Eur\u00f3pa","isPartOf":{"@id":"https:\/\/eraportal.sk\/horizont-europa\/#website"},"datePublished":"2023-11-15T21:02:51+00:00","dateModified":"2024-02-22T08:28:59+00:00","breadcrumb":{"@id":"https:\/\/eraportal.sk\/horizont-europa\/heu-narodne-kontaktne-body\/kde-nas-najdete\/#breadcrumb"},"inLanguage":"sk-SK","potentialAction":[{"@type":"ReadAction","target":["https:\/\/eraportal.sk\/horizont-europa\/heu-narodne-kontaktne-body\/kde-nas-najdete\/"]}]},{"@type":"BreadcrumbList","@id":"https:\/\/eraportal.sk\/horizont-europa\/heu-narodne-kontaktne-body\/kde-nas-najdete\/#breadcrumb","itemListElement":[{"@type":"ListItem","position":1,"name":"Domovsk\u00e1 str\u00e1nka","item":"https:\/\/eraportal.sk\/horizont-europa\/"},{"@type":"ListItem","position":2,"name":"N\u00e1rodn\u00e9 kontaktn\u00e9 body","item":"https:\/\/eraportal.sk\/horizont-europa\/heu-narodne-kontaktne-body\/"},{"@type":"ListItem","position":3,"name":"Kde n\u00e1s n\u00e1jdete?"}]},{"@type":"WebSite","@id":"https:\/\/eraportal.sk\/horizont-europa\/#website","url":"https:\/\/eraportal.sk\/horizont-europa\/","name":"Horizont Eur\u00f3pa","description":"","publisher":{"@id":"https:\/\/eraportal.sk\/horizont-europa\/#organization"},"potentialAction":[{"@type":"SearchAction","target":{"@type":"EntryPoint","urlTemplate":"https:\/\/eraportal.sk\/horizont-europa\/?s={search_term_string}"},"query-input":{"@type":"PropertyValueSpecification","valueRequired":true,"valueName":"search_term_string"}}],"inLanguage":"sk-SK"},{"@type":"Organization","@id":"https:\/\/eraportal.sk\/horizont-europa\/#organization","name":"Horizont Eur\u00f3pa","url":"https:\/\/eraportal.sk\/horizont-europa\/","logo":{"@type":"ImageObject","inLanguage":"sk-SK","@id":"https:\/\/eraportal.sk\/horizont-europa\/#\/schema\/logo\/image\/","url":"https:\/\/eraportal.sk\/horizont-europa\/wp-content\/uploads\/sites\/4\/2024\/02\/Favicon_HEU.png","contentUrl":"https:\/\/eraportal.sk\/horizont-europa\/wp-content\/uploads\/sites\/4\/2024\/02\/Favicon_HEU.png","width":512,"height":512,"caption":"Horizont Eur\u00f3pa"},"image":{"@id":"https:\/\/eraportal.sk\/horizont-europa\/#\/schema\/logo\/image\/"}}]}},"acf":[],"_links":{"self":[{"href":"https:\/\/eraportal.sk\/horizont-europa\/wp-json\/wp\/v2\/pages\/453","targetHints":{"allow":["GET"]}}],"collection":[{"href":"https:\/\/eraportal.sk\/horizont-europa\/wp-json\/wp\/v2\/pages"}],"about":[{"href":"https:\/\/eraportal.sk\/horizont-europa\/wp-json\/wp\/v2\/types\/page"}],"author":[{"embeddable":true,"href":"https:\/\/eraportal.sk\/horizont-europa\/wp-json\/wp\/v2\/users\/1"}],"replies":[{"embeddable":true,"href":"https:\/\/eraportal.sk\/horizont-europa\/wp-json\/wp\/v2\/comments?post=453"}],"version-history":[{"count":22,"href":"https:\/\/eraportal.sk\/horizont-europa\/wp-json\/wp\/v2\/pages\/453\/revisions"}],"predecessor-version":[{"id":21855,"href":"https:\/\/eraportal.sk\/horizont-europa\/wp-json\/wp\/v2\/pages\/453\/revisions\/21855"}],"up":[{"embeddable":true,"href":"https:\/\/eraportal.sk\/horizont-europa\/wp-json\/wp\/v2\/pages\/52"}],"wp:attachment":[{"href":"https:\/\/eraportal.sk\/horizont-europa\/wp-json\/wp\/v2\/media?parent=453"}],"curies":[{"name":"wp","href":"https:\/\/api.w.org\/{rel}","templated":true}]}}