    {"id":43,"date":"2023-11-15T20:04:31","date_gmt":"2023-11-15T19:04:31","guid":{"rendered":"https:\/\/eraportal.ecomcapsule.com\/demohorizont\/?page_id=43"},"modified":"2024-05-03T10:20:28","modified_gmt":"2024-05-03T08:20:28","slug":"struktura","status":"publish","type":"page","link":"https:\/\/eraportal.sk\/horizont-europa\/heu-o-programe\/struktura\/","title":{"rendered":"\u0160trukt\u00fara"},"content":{"rendered":"\t\t<div data-elementor-type=\"wp-page\" data-elementor-id=\"43\" class=\"elementor elementor-43\" data-elementor-post-type=\"page\">\n\t\t\t\t<div class=\"elementor-element elementor-element-8b8fcdf e-flex e-con-boxed e-con e-parent\" data-id=\"8b8fcdf\" data-element_type=\"container\">\n\t\t\t\t\t<div class=\"e-con-inner\">\n\t\t\t\t<div class=\"elementor-element elementor-element-4ac124a elementor-widget elementor-widget-image\" data-id=\"4ac124a\" data-element_type=\"widget\" data-widget_type=\"image.default\">\n\t\t\t\t<div class=\"elementor-widget-container\">\n\t\t\t\t\t\t\t\t\t\t\t\t\t\t\t<img fetchpriority=\"high\" decoding=\"async\" width=\"800\" height=\"467\" src=\"https:\/\/eraportal.sk\/horizont-europa\/wp-content\/uploads\/sites\/4\/2023\/11\/stiahnut-3-1024x598.jpeg\" class=\"attachment-large size-large wp-image-263\" alt=\"\" srcset=\"https:\/\/eraportal.sk\/horizont-europa\/wp-content\/uploads\/sites\/4\/2023\/11\/stiahnut-3-1024x598.jpeg 1024w, https:\/\/eraportal.sk\/horizont-europa\/wp-content\/uploads\/sites\/4\/2023\/11\/stiahnut-3-300x175.jpeg 300w, https:\/\/eraportal.sk\/horizont-europa\/wp-content\/uploads\/sites\/4\/2023\/11\/stiahnut-3-768x449.jpeg 768w, https:\/\/eraportal.sk\/horizont-europa\/wp-content\/uploads\/sites\/4\/2023\/11\/stiahnut-3.jpeg 1224w\" sizes=\"(max-width: 800px) 100vw, 800px\" \/>\t\t\t\t\t\t\t\t\t\t\t\t\t\t\t<\/div>\n\t\t\t\t<\/div>\n\t\t\t\t<div class=\"elementor-element elementor-element-572ee07 elementor-widget elementor-widget-spacer\" data-id=\"572ee07\" data-element_type=\"widget\" data-widget_type=\"spacer.default\">\n\t\t\t\t<div class=\"elementor-widget-container\">\n\t\t\t\t\t\t\t<div class=\"elementor-spacer\">\n\t\t\t<div class=\"elementor-spacer-inner\"><\/div>\n\t\t<\/div>\n\t\t\t\t\t\t<\/div>\n\t\t\t\t<\/div>\n\t\t\t\t<div class=\"elementor-element elementor-element-deeee2c elementor-widget elementor-widget-text-editor\" data-id=\"deeee2c\" data-element_type=\"widget\" data-widget_type=\"text-editor.default\">\n\t\t\t\t<div class=\"elementor-widget-container\">\n\t\t\t\t\t\t\t\t\t<p>Program<strong> sa bude realizova\u0165 prostredn\u00edctvom troch hlavn\u00fdch pilierov:<\/strong><\/p><p><strong>I. pilier \u201eExcelentn\u00e1 veda\u201c<\/strong>\u00a0bude posil\u0148ova\u0165 excelentnos\u0165 vedeckej z\u00e1kladne Eur\u00f3pskej \u00fanie. Cie\u013eom je na\u010falej podporova\u0165 projekty hrani\u010dn\u00e9ho v\u00fdskumu, ktor\u00e9 by mali by\u0165 vymedzen\u00e9 a riaden\u00e9 samotn\u00fdmi v\u00fdskumn\u00fdmi pracovn\u00edkmi prostredn\u00edctvom\u00a0<strong>Eur\u00f3pskej rady pre v\u00fdskum (ERC)<\/strong>, \u0161tipendiami na finan\u010dn\u00e9 prostriedky a v\u00fdmenami v\u00fdskumn\u00fdch pracovn\u00edkov v r\u00e1mci\u00a0<strong>Akci\u00ed Marie Sk\u0142odowska-Curie<\/strong>\u00a0a investovania do\u00a0<strong>v\u00fdskumn\u00fdch infra\u0161trukt\u00far (vr\u00e1tane e-infra\u0161trukt\u00far) svetovej \u00farovne<\/strong>.<\/p><p><strong>II. pilier \u201eGlob\u00e1lne v\u00fdzvy a konkurencieschopnos\u0165 eur\u00f3pskeho priemyslu\u201c\u00a0<\/strong>bude posil\u0148ova\u0165 k\u013e\u00fa\u010dov\u00e9 technol\u00f3gie a rie\u0161enia na podporu polit\u00edk E\u00da a cie\u013eov udr\u017eate\u013en\u00e9ho rozvoja. Bude priamo podporova\u0165 v\u00fdskum t\u00fdkaj\u00faci sa ve\u013ek\u00fdch spolo\u010densk\u00fdch v\u00fdziev a posil\u0148ova\u0165 technologick\u00e9 a priemyseln\u00e9 kapacity. Z jeho prostriedkov bud\u00fa \u010derpa\u0165 aj v\u00fdskumno-inova\u010dn\u00e9 misie E\u00da s ambici\u00f3znymi cie\u013emi, ktor\u00e9 sa zaoberaj\u00fa niektor\u00fdmi z najv\u00e4\u010d\u0161\u00edch spolo\u010densk\u00fdch probl\u00e9mov a v\u00fdziev.<\/p><p>II. pilier zah\u0155\u0148a\u00a0aj\u00a0<strong>aktivity Spolo\u010dn\u00e9ho v\u00fdskumn\u00e9ho centra (JRC)<\/strong>, ktor\u00e9 podporuje tvorcov polit\u00edk E\u00da a \u010dlensk\u00fdch \u0161t\u00e1tov prostredn\u00edctvom nez\u00e1visl\u00fdch vedeck\u00fdch poznatkov a technickou podporou.<\/p><p>Druh\u00fd pilier programu bude rozdelen\u00fd na \u0161es\u0165 nasledovn\u00fdch klastrov:<\/p><ol><li><strong>Zdravie<\/strong><\/li><li><strong>Kult\u00fara, tvorivos\u0165 a inkluz\u00edvna spolo\u010dnos\u0165<\/strong><\/li><li><strong>Civiln\u00e1 bezpe\u010dnos\u0165 pre spolo\u010dnos\u0165<\/strong><\/li><li><strong>Digitaliz\u00e1cia, priemysel a vesm\u00edr<\/strong><\/li><li><strong>Kl\u00edma, energetika a mobilita<\/strong><\/li><li><strong>Potraviny, biohospod\u00e1rstvo, pr\u00edrodn\u00e9 zdroje, po\u013enohospod\u00e1rstvo a\u00a0\u017eivotn\u00e9 prostredie<\/strong><\/li><\/ol><div>\u00a0<\/div><div>\u00a0<\/div><p><strong>III. pilier \u201eInovat\u00edvna Eur\u00f3pa\u201c<\/strong>\u00a0bude stimulova\u0165 prelomov\u00e9 rie\u0161enia, ktor\u00e9 prispievaj\u00fa k budovaniu trhu a ekosyst\u00e9mov priazniv\u00fdch pre inov\u00e1cie. Zameran\u00fd bude na to, aby sa Eur\u00f3pa stala k\u013e\u00fa\u010dov\u00fdm hr\u00e1\u010dom v inov\u00e1ci\u00e1ch vytv\u00e1raj\u00facich trh prostredn\u00edctvom\u00a0<strong>Eur\u00f3pskej rady pre inov\u00e1cie (EIC)<\/strong>.<\/p><p>III. pilier programu Horizont Eur\u00f3pa pom\u00f4\u017ee rozvin\u00fa\u0165 celkov\u00fa oblas\u0165 inov\u00e1ci\u00ed v Eur\u00f3pe, a to aj \u010fal\u0161\u00edm posilnen\u00edm\u00a0<strong>Eur\u00f3pskeho inova\u010dn\u00e9ho a technologick\u00e9ho in\u0161tit\u00fatu (EIT)<\/strong>\u00a0na podporu integr\u00e1cie akt\u00e9rov so spolo\u010dn\u00fdm cie\u013eom rozvoja inov\u00e1ci\u00ed v oblasti v\u00fdskumu, vysoko\u0161kolsk\u00e9ho vzdel\u00e1vania a podnikania. S\u00fa\u010das\u0165ou piliera je aj oblas\u0165\u00a0<strong>Eur\u00f3pske inova\u010dn\u00e9 ekosyst\u00e9my\u00a0<\/strong>(European innovation ecosystems), sl\u00fa\u017eiaca na posil\u0148ovanie prepojenosti a v\u00fdkonnosti eur\u00f3pskeho v\u00fdskumno-inova\u010dn\u00e9ho prostredia.<\/p><div>\u00a0<\/div><div>Eur\u00f3pska komisia (EK) z\u00e1rove\u0148 posilnila opatrenia, ktor\u00e9 s\u00fa ur\u010den\u00e9 pre krajiny so slab\u0161\u00edmi v\u00fdskumno-inova\u010dn\u00fdmi v\u00fdsledkami. Tieto opatrenia patria do \u010dasti programu s n\u00e1zvom \u201e<strong>Roz\u0161irovanie \u00fa\u010dasti a posilnenie Eur\u00f3pskeho v\u00fdskumn\u00e9ho priestoru\u201c\u00a0<\/strong>(Widening Participation and Strengthening the European Research Area). \u00a0Zlo\u017eka<strong>\u00a0\u201eRoz\u0161irovanie \u00fa\u010dasti a \u0161\u00edrenie excelentnosti\u201c\u00a0<\/strong>(Widening participation and spreading excellence) bude zdru\u017eova\u0165<strong>\u00a0sch\u00e9my Teaming, Twinning, ERA Chair a COST.\u00a0<\/strong><\/div><p>\u010eal\u0161ia zlo\u017eka tejto \u010dasti programu s n\u00e1zvom\u00a0<strong>\u201eReforma a\u00a0zlep\u0161enie eur\u00f3pskeho syst\u00e9mu v\u00fdskumu a inov\u00e1ci\u00ed\u201c<\/strong>\u00a0(Reforming and Enhancing the European R&amp;I system) zah\u0155\u0148a aj \u010dinnosti t\u00fdkaj\u00face sa monitorovania a hodnotenia r\u00e1mcov\u00e9ho programu, predv\u00eddav\u00fdch \u010dinnost\u00ed, \u0161\u00edrenia a vyu\u017e\u00edvania v\u00fdsledkov, moderniz\u00e1cie eur\u00f3pskych univerz\u00edt, podpory a posilnenia medzin\u00e1rodnej spolupr\u00e1ce a vedy, spolo\u010dnosti a ob\u010danov.<\/p>\t\t\t\t\t\t\t\t<\/div>\n\t\t\t\t<\/div>\n\t\t\t\t\t<\/div>\n\t\t\t\t<\/div>\n\t\t\t\t<\/div>\n\t\t","protected":false},"excerpt":{"rendered":"<p>Program sa bude realizova\u0165 prostredn\u00edctvom troch hlavn\u00fdch pilierov: I. pilier \u201eExcelentn\u00e1 veda\u201c\u00a0bude posil\u0148ova\u0165 excelentnos\u0165 vedeckej z\u00e1kladne Eur\u00f3pskej \u00fanie. Cie\u013eom je na\u010falej podporova\u0165 projekty hrani\u010dn\u00e9ho v\u00fdskumu, ktor\u00e9 by mali by\u0165 vymedzen\u00e9 a riaden\u00e9 samotn\u00fdmi v\u00fdskumn\u00fdmi pracovn\u00edkmi prostredn\u00edctvom\u00a0Eur\u00f3pskej rady pre v\u00fdskum (ERC), \u0161tipendiami na finan\u010dn\u00e9 prostriedky a v\u00fdmenami v\u00fdskumn\u00fdch pracovn\u00edkov v r\u00e1mci\u00a0Akci\u00ed Marie Sk\u0142odowska-Curie\u00a0a investovania do\u00a0v\u00fdskumn\u00fdch infra\u0161trukt\u00far [&hellip;]<\/p>\n","protected":false},"author":1,"featured_media":0,"parent":45,"menu_order":0,"comment_status":"closed","ping_status":"closed","template":"","meta":{"_acf_changed":false,"footnotes":""},"class_list":["post-43","page","type-page","status-publish","hentry"],"yoast_head":"<!-- This site is optimized with the Yoast SEO plugin v24.4 - https:\/\/yoast.com\/wordpress\/plugins\/seo\/ -->\n<title>\u0160trukt\u00fara - Horizont Eur\u00f3pa<\/title>\n<meta name=\"robots\" content=\"index, follow, max-snippet:-1, max-image-preview:large, max-video-preview:-1\" \/>\n<link rel=\"canonical\" href=\"https:\/\/eraportal.sk\/horizont-europa\/heu-o-programe\/struktura\/\" \/>\n<meta property=\"og:locale\" content=\"sk_SK\" \/>\n<meta property=\"og:type\" content=\"article\" \/>\n<meta property=\"og:title\" content=\"\u0160trukt\u00fara - Horizont Eur\u00f3pa\" \/>\n<meta property=\"og:description\" content=\"Program sa bude realizova\u0165 prostredn\u00edctvom troch hlavn\u00fdch pilierov: I. pilier \u201eExcelentn\u00e1 veda\u201c\u00a0bude posil\u0148ova\u0165 excelentnos\u0165 vedeckej z\u00e1kladne Eur\u00f3pskej \u00fanie. Cie\u013eom je na\u010falej podporova\u0165 projekty hrani\u010dn\u00e9ho v\u00fdskumu, ktor\u00e9 by mali by\u0165 vymedzen\u00e9 a riaden\u00e9 samotn\u00fdmi v\u00fdskumn\u00fdmi pracovn\u00edkmi prostredn\u00edctvom\u00a0Eur\u00f3pskej rady pre v\u00fdskum (ERC), \u0161tipendiami na finan\u010dn\u00e9 prostriedky a v\u00fdmenami v\u00fdskumn\u00fdch pracovn\u00edkov v r\u00e1mci\u00a0Akci\u00ed Marie Sk\u0142odowska-Curie\u00a0a investovania do\u00a0v\u00fdskumn\u00fdch infra\u0161trukt\u00far [&hellip;]\" \/>\n<meta property=\"og:url\" content=\"https:\/\/eraportal.sk\/horizont-europa\/heu-o-programe\/struktura\/\" \/>\n<meta property=\"og:site_name\" content=\"Horizont Eur\u00f3pa\" \/>\n<meta property=\"article:modified_time\" content=\"2024-05-03T08:20:28+00:00\" \/>\n<meta property=\"og:image\" content=\"https:\/\/eraportal.sk\/horizont-europa\/wp-content\/uploads\/sites\/4\/2023\/11\/stiahnut-3-1024x598.jpeg\" \/>\n<meta name=\"twitter:card\" content=\"summary_large_image\" \/>\n<meta name=\"twitter:label1\" content=\"Predpokladan\u00fd \u010das \u010d\u00edtania\" \/>\n\t<meta name=\"twitter:data1\" content=\"3 min\u00faty\" \/>\n<script type=\"application\/ld+json\" class=\"yoast-schema-graph\">{\"@context\":\"https:\/\/schema.org\",\"@graph\":[{\"@type\":\"WebPage\",\"@id\":\"https:\/\/eraportal.sk\/horizont-europa\/heu-o-programe\/struktura\/\",\"url\":\"https:\/\/eraportal.sk\/horizont-europa\/heu-o-programe\/struktura\/\",\"name\":\"\u0160trukt\u00fara - Horizont Eur\u00f3pa\",\"isPartOf\":{\"@id\":\"https:\/\/eraportal.sk\/horizont-europa\/#website\"},\"primaryImageOfPage\":{\"@id\":\"https:\/\/eraportal.sk\/horizont-europa\/heu-o-programe\/struktura\/#primaryimage\"},\"image\":{\"@id\":\"https:\/\/eraportal.sk\/horizont-europa\/heu-o-programe\/struktura\/#primaryimage\"},\"thumbnailUrl\":\"https:\/\/eraportal.sk\/horizont-europa\/wp-content\/uploads\/sites\/4\/2023\/11\/stiahnut-3-1024x598.jpeg\",\"datePublished\":\"2023-11-15T19:04:31+00:00\",\"dateModified\":\"2024-05-03T08:20:28+00:00\",\"breadcrumb\":{\"@id\":\"https:\/\/eraportal.sk\/horizont-europa\/heu-o-programe\/struktura\/#breadcrumb\"},\"inLanguage\":\"sk-SK\",\"potentialAction\":[{\"@type\":\"ReadAction\",\"target\":[\"https:\/\/eraportal.sk\/horizont-europa\/heu-o-programe\/struktura\/\"]}]},{\"@type\":\"ImageObject\",\"inLanguage\":\"sk-SK\",\"@id\":\"https:\/\/eraportal.sk\/horizont-europa\/heu-o-programe\/struktura\/#primaryimage\",\"url\":\"https:\/\/eraportal.sk\/horizont-europa\/wp-content\/uploads\/sites\/4\/2023\/11\/stiahnut-3.jpeg\",\"contentUrl\":\"https:\/\/eraportal.sk\/horizont-europa\/wp-content\/uploads\/sites\/4\/2023\/11\/stiahnut-3.jpeg\",\"width\":1224,\"height\":715},{\"@type\":\"BreadcrumbList\",\"@id\":\"https:\/\/eraportal.sk\/horizont-europa\/heu-o-programe\/struktura\/#breadcrumb\",\"itemListElement\":[{\"@type\":\"ListItem\",\"position\":1,\"name\":\"Domovsk\u00e1 str\u00e1nka\",\"item\":\"https:\/\/eraportal.sk\/horizont-europa\/\"},{\"@type\":\"ListItem\",\"position\":2,\"name\":\"O programe\",\"item\":\"https:\/\/eraportal.sk\/horizont-europa\/heu-o-programe\/\"},{\"@type\":\"ListItem\",\"position\":3,\"name\":\"\u0160trukt\u00fara\"}]},{\"@type\":\"WebSite\",\"@id\":\"https:\/\/eraportal.sk\/horizont-europa\/#website\",\"url\":\"https:\/\/eraportal.sk\/horizont-europa\/\",\"name\":\"Horizont Eur\u00f3pa\",\"description\":\"\",\"publisher\":{\"@id\":\"https:\/\/eraportal.sk\/horizont-europa\/#organization\"},\"potentialAction\":[{\"@type\":\"SearchAction\",\"target\":{\"@type\":\"EntryPoint\",\"urlTemplate\":\"https:\/\/eraportal.sk\/horizont-europa\/?s={search_term_string}\"},\"query-input\":{\"@type\":\"PropertyValueSpecification\",\"valueRequired\":true,\"valueName\":\"search_term_string\"}}],\"inLanguage\":\"sk-SK\"},{\"@type\":\"Organization\",\"@id\":\"https:\/\/eraportal.sk\/horizont-europa\/#organization\",\"name\":\"Horizont Eur\u00f3pa\",\"url\":\"https:\/\/eraportal.sk\/horizont-europa\/\",\"logo\":{\"@type\":\"ImageObject\",\"inLanguage\":\"sk-SK\",\"@id\":\"https:\/\/eraportal.sk\/horizont-europa\/#\/schema\/logo\/image\/\",\"url\":\"https:\/\/eraportal.sk\/horizont-europa\/wp-content\/uploads\/sites\/4\/2024\/02\/Favicon_HEU.png\",\"contentUrl\":\"https:\/\/eraportal.sk\/horizont-europa\/wp-content\/uploads\/sites\/4\/2024\/02\/Favicon_HEU.png\",\"width\":512,\"height\":512,\"caption\":\"Horizont Eur\u00f3pa\"},\"image\":{\"@id\":\"https:\/\/eraportal.sk\/horizont-europa\/#\/schema\/logo\/image\/\"}}]}<\/script>\n<!-- \/ Yoast SEO plugin. -->","yoast_head_json":{"title":"\u0160trukt\u00fara - Horizont Eur\u00f3pa","robots":{"index":"index","follow":"follow","max-snippet":"max-snippet:-1","max-image-preview":"max-image-preview:large","max-video-preview":"max-video-preview:-1"},"canonical":"https:\/\/eraportal.sk\/horizont-europa\/heu-o-programe\/struktura\/","og_locale":"sk_SK","og_type":"article","og_title":"\u0160trukt\u00fara - Horizont Eur\u00f3pa","og_description":"Program sa bude realizova\u0165 prostredn\u00edctvom troch hlavn\u00fdch pilierov: I. pilier \u201eExcelentn\u00e1 veda\u201c\u00a0bude posil\u0148ova\u0165 excelentnos\u0165 vedeckej z\u00e1kladne Eur\u00f3pskej \u00fanie. Cie\u013eom je na\u010falej podporova\u0165 projekty hrani\u010dn\u00e9ho v\u00fdskumu, ktor\u00e9 by mali by\u0165 vymedzen\u00e9 a riaden\u00e9 samotn\u00fdmi v\u00fdskumn\u00fdmi pracovn\u00edkmi prostredn\u00edctvom\u00a0Eur\u00f3pskej rady pre v\u00fdskum (ERC), \u0161tipendiami na finan\u010dn\u00e9 prostriedky a v\u00fdmenami v\u00fdskumn\u00fdch pracovn\u00edkov v r\u00e1mci\u00a0Akci\u00ed Marie Sk\u0142odowska-Curie\u00a0a investovania do\u00a0v\u00fdskumn\u00fdch infra\u0161trukt\u00far [&hellip;]","og_url":"https:\/\/eraportal.sk\/horizont-europa\/heu-o-programe\/struktura\/","og_site_name":"Horizont Eur\u00f3pa","article_modified_time":"2024-05-03T08:20:28+00:00","og_image":[{"url":"https:\/\/eraportal.sk\/horizont-europa\/wp-content\/uploads\/sites\/4\/2023\/11\/stiahnut-3-1024x598.jpeg","type":"","width":"","height":""}],"twitter_card":"summary_large_image","twitter_misc":{"Predpokladan\u00fd \u010das \u010d\u00edtania":"3 min\u00faty"},"schema":{"@context":"https:\/\/schema.org","@graph":[{"@type":"WebPage","@id":"https:\/\/eraportal.sk\/horizont-europa\/heu-o-programe\/struktura\/","url":"https:\/\/eraportal.sk\/horizont-europa\/heu-o-programe\/struktura\/","name":"\u0160trukt\u00fara - Horizont Eur\u00f3pa","isPartOf":{"@id":"https:\/\/eraportal.sk\/horizont-europa\/#website"},"primaryImageOfPage":{"@id":"https:\/\/eraportal.sk\/horizont-europa\/heu-o-programe\/struktura\/#primaryimage"},"image":{"@id":"https:\/\/eraportal.sk\/horizont-europa\/heu-o-programe\/struktura\/#primaryimage"},"thumbnailUrl":"https:\/\/eraportal.sk\/horizont-europa\/wp-content\/uploads\/sites\/4\/2023\/11\/stiahnut-3-1024x598.jpeg","datePublished":"2023-11-15T19:04:31+00:00","dateModified":"2024-05-03T08:20:28+00:00","breadcrumb":{"@id":"https:\/\/eraportal.sk\/horizont-europa\/heu-o-programe\/struktura\/#breadcrumb"},"inLanguage":"sk-SK","potentialAction":[{"@type":"ReadAction","target":["https:\/\/eraportal.sk\/horizont-europa\/heu-o-programe\/struktura\/"]}]},{"@type":"ImageObject","inLanguage":"sk-SK","@id":"https:\/\/eraportal.sk\/horizont-europa\/heu-o-programe\/struktura\/#primaryimage","url":"https:\/\/eraportal.sk\/horizont-europa\/wp-content\/uploads\/sites\/4\/2023\/11\/stiahnut-3.jpeg","contentUrl":"https:\/\/eraportal.sk\/horizont-europa\/wp-content\/uploads\/sites\/4\/2023\/11\/stiahnut-3.jpeg","width":1224,"height":715},{"@type":"BreadcrumbList","@id":"https:\/\/eraportal.sk\/horizont-europa\/heu-o-programe\/struktura\/#breadcrumb","itemListElement":[{"@type":"ListItem","position":1,"name":"Domovsk\u00e1 str\u00e1nka","item":"https:\/\/eraportal.sk\/horizont-europa\/"},{"@type":"ListItem","position":2,"name":"O programe","item":"https:\/\/eraportal.sk\/horizont-europa\/heu-o-programe\/"},{"@type":"ListItem","position":3,"name":"\u0160trukt\u00fara"}]},{"@type":"WebSite","@id":"https:\/\/eraportal.sk\/horizont-europa\/#website","url":"https:\/\/eraportal.sk\/horizont-europa\/","name":"Horizont Eur\u00f3pa","description":"","publisher":{"@id":"https:\/\/eraportal.sk\/horizont-europa\/#organization"},"potentialAction":[{"@type":"SearchAction","target":{"@type":"EntryPoint","urlTemplate":"https:\/\/eraportal.sk\/horizont-europa\/?s={search_term_string}"},"query-input":{"@type":"PropertyValueSpecification","valueRequired":true,"valueName":"search_term_string"}}],"inLanguage":"sk-SK"},{"@type":"Organization","@id":"https:\/\/eraportal.sk\/horizont-europa\/#organization","name":"Horizont Eur\u00f3pa","url":"https:\/\/eraportal.sk\/horizont-europa\/","logo":{"@type":"ImageObject","inLanguage":"sk-SK","@id":"https:\/\/eraportal.sk\/horizont-europa\/#\/schema\/logo\/image\/","url":"https:\/\/eraportal.sk\/horizont-europa\/wp-content\/uploads\/sites\/4\/2024\/02\/Favicon_HEU.png","contentUrl":"https:\/\/eraportal.sk\/horizont-europa\/wp-content\/uploads\/sites\/4\/2024\/02\/Favicon_HEU.png","width":512,"height":512,"caption":"Horizont Eur\u00f3pa"},"image":{"@id":"https:\/\/eraportal.sk\/horizont-europa\/#\/schema\/logo\/image\/"}}]}},"acf":[],"_links":{"self":[{"href":"https:\/\/eraportal.sk\/horizont-europa\/wp-json\/wp\/v2\/pages\/43","targetHints":{"allow":["GET"]}}],"collection":[{"href":"https:\/\/eraportal.sk\/horizont-europa\/wp-json\/wp\/v2\/pages"}],"about":[{"href":"https:\/\/eraportal.sk\/horizont-europa\/wp-json\/wp\/v2\/types\/page"}],"author":[{"embeddable":true,"href":"https:\/\/eraportal.sk\/horizont-europa\/wp-json\/wp\/v2\/users\/1"}],"replies":[{"embeddable":true,"href":"https:\/\/eraportal.sk\/horizont-europa\/wp-json\/wp\/v2\/comments?post=43"}],"version-history":[{"count":13,"href":"https:\/\/eraportal.sk\/horizont-europa\/wp-json\/wp\/v2\/pages\/43\/revisions"}],"predecessor-version":[{"id":23299,"href":"https:\/\/eraportal.sk\/horizont-europa\/wp-json\/wp\/v2\/pages\/43\/revisions\/23299"}],"up":[{"embeddable":true,"href":"https:\/\/eraportal.sk\/horizont-europa\/wp-json\/wp\/v2\/pages\/45"}],"wp:attachment":[{"href":"https:\/\/eraportal.sk\/horizont-europa\/wp-json\/wp\/v2\/media?parent=43"}],"curies":[{"name":"wp","href":"https:\/\/api.w.org\/{rel}","templated":true}]}}