    {"id":42,"date":"2023-11-15T20:04:08","date_gmt":"2023-11-15T19:04:08","guid":{"rendered":"https:\/\/eraportal.ecomcapsule.com\/demohorizont\/?page_id=42"},"modified":"2025-05-13T11:14:29","modified_gmt":"2025-05-13T09:14:29","slug":"ako-funguje","status":"publish","type":"page","link":"https:\/\/eraportal.sk\/horizont-europa\/heu-o-programe\/ako-funguje\/","title":{"rendered":"Ako funguje"},"content":{"rendered":"\t\t<div data-elementor-type=\"wp-page\" data-elementor-id=\"42\" class=\"elementor elementor-42\" data-elementor-post-type=\"page\">\n\t\t\t\t<div class=\"elementor-element elementor-element-f797cfc e-flex e-con-boxed e-con e-parent\" data-id=\"f797cfc\" data-element_type=\"container\">\n\t\t\t\t\t<div class=\"e-con-inner\">\n\t\t\t\t<div class=\"elementor-element elementor-element-3e846d9 elementor-widget elementor-widget-heading\" data-id=\"3e846d9\" data-element_type=\"widget\" data-widget_type=\"heading.default\">\n\t\t\t\t<div class=\"elementor-widget-container\">\n\t\t\t\t\t<h2 class=\"elementor-heading-title elementor-size-default\">Ako funguje program?<\/h2>\t\t\t\t<\/div>\n\t\t\t\t<\/div>\n\t\t\t\t<div class=\"elementor-element elementor-element-4bea5dc elementor-widget elementor-widget-text-editor\" data-id=\"4bea5dc\" data-element_type=\"widget\" data-widget_type=\"text-editor.default\">\n\t\t\t\t<div class=\"elementor-widget-container\">\n\t\t\t\t\t\t\t\t\t<p><strong>1.\u00a0\u00a0<\/strong><strong>Ako sa tvoria pracovn\u00e9 programy?<\/strong><\/p><ul><li><strong>Programov\u00fd v\u00fdbor (Programme Committee\/PC)<\/strong>\u00a0je konzulta\u010dn\u00fd org\u00e1n EK. Predsedom ka\u017ed\u00e9ho PC je z\u00e1stupca Eur\u00f3pskej komisie a \u010dlenmi s\u00fa\u00a0<strong>n\u00e1rodn\u00ed deleg\u00e1ti<\/strong> a experti zastupuj\u00faci \u010dlensk\u00e9 \u0161t\u00e1ty E\u00da a asociovan\u00e9 krajiny. Slovensk\u00fdch n\u00e1rodn\u00fdch deleg\u00e1tov a\u00a0 expertov nominuje minister \u0161kolstva, v\u00fdskumu, v\u00fdvoja a ml\u00e1de\u017ee SR. Rokovania PC sa uskuto\u010d\u0148uj\u00fa pravidelne pod veden\u00edm EK nieko\u013ekokr\u00e1t ro\u010dne.<\/li><li>Na PC rokovania sa h\u013ead\u00e1 konsenzus n\u00e1rodn\u00fdch stanov\u00edsk \u010dlensk\u00fdch a asociovan\u00fdch \u0161t\u00e1tov E\u00da k\u00a0zneniu\u00a0<strong>pracovn\u00fdch programov<\/strong>. N\u00e1rodn\u00ed deleg\u00e1ti m\u00f4\u017eu pracovn\u00fd program pripomienkova\u0165 a m\u00f4\u017eu vyslovova\u0165 s\u00fahlas\/nes\u00fahlas s pripomienkami a n\u00e1vrhmi in\u00fdch n\u00e1rodn\u00fdch deleg\u00e1tov. Po dosiahnut\u00ed v\u0161eobecn\u00e9ho konsenzu sa pracovn\u00fd program schv\u00e1li, vr\u00e1tane znenia konkr\u00e9tnych v\u00fdziev na predkladanie projektov\u00fdch n\u00e1vrhov v r\u00e1mci programu Horizont Eur\u00f3pa.<\/li><\/ul><ul><li>Pracovn\u00fd program je z\u00e1kladn\u00fd dokument programu Horizont Eur\u00f3pa, ktor\u00fd obsahuje presn\u00e9 znenie v\u00fdziev na predkladanie projektov\u00fdch n\u00e1vrhov v\u00a0r\u00e1mci jednotliv\u00fdch tematick\u00fdch oblast\u00ed.<\/li><li>Hlasovacie pr\u00e1vo maj\u00fa len n\u00e1rodn\u00ed deleg\u00e1ti, a\u00a0to 1 hlas za krajinu. Spravidla ka\u017ed\u00e9 2 roky doch\u00e1dza k zverejneniu pracovn\u00e9ho programu na nadch\u00e1dzaj\u00face obdobie.<\/li><\/ul><div>\u00a0<\/div><p><a href=\"https:\/\/eraportal.sk\/horizont-europa\/wp-content\/uploads\/sites\/4\/2024\/08\/Delegati_web_9_2024.xlsx\" target=\"_blank\" rel=\"noopener\">\u00a0\u00a0\u00a0\u00a0\u00a0\u00a0 Zoznam deleg\u00e1tov<\/a>\u00a0jednotliv\u00fdch pracovn\u00fdch v\u00fdborov<\/p><p><strong>2. Predkladanie a hodnotenie \u017eiadosti\/projektov\u00e9ho n\u00e1vrhu:<\/strong><\/p><ul><li>Ka\u017ed\u00e1 v\u00fdzva obsahuje o. i. inform\u00e1ciu o tom, ak\u00fd typ aktiv\u00edt bude podporen\u00fd:<ul><li><a href=\"https:\/\/ec.europa.eu\/info\/funding-tenders\/opportunities\/docs\/2021-2027\/horizon\/temp-form\/af\/af_he-csa_en.pdf\" target=\"_blank\" rel=\"noopener\">CSA (coordination and support actions)<\/a><\/li><li><a href=\"https:\/\/ec.europa.eu\/info\/funding-tenders\/opportunities\/docs\/2021-2027\/horizon\/temp-form\/af\/af_he-ria-ia_en.pdf\" target=\"_blank\" rel=\"noopener\">RIA (research and innovation action)<\/a><\/li><li><a href=\"https:\/\/ec.europa.eu\/info\/funding-tenders\/opportunities\/docs\/2021-2027\/horizon\/temp-form\/af\/af_he-ria-ia_en.pdf\" target=\"_blank\" rel=\"noopener\">IA (innovation action).<\/a><\/li><\/ul><\/li><li>V\u00fdzva taktie\u017e presne uv\u00e1dza, ak\u00e9 o\u010dak\u00e1van\u00e9 v\u00fdstupy (expected outcomes) maj\u00fa by\u0165 v\u00a0\u017eiadosti\/projektovom n\u00e1vrhu rozpracovan\u00e9.<\/li><li>St\u00e1le viac v\u00fdziev bude vyu\u017e\u00edva\u0165 rozpo\u010det vo forme\u00a0<a href=\"https:\/\/ec.europa.eu\/info\/funding-tenders\/opportunities\/docs\/2021-2027\/common\/guidance\/how-to-manage-your-lump-sum-grants_en.pdf\" target=\"_blank\" rel=\"noopener\">pau\u0161\u00e1lnej sumy (lump sum)<\/a>.<\/li><li>\u017diadosti\/projektov\u00e9 n\u00e1vrhy sa predkladaj\u00fa online cez port\u00e1l (EU Funding and Tenders Portal), kde mus\u00ed by\u0165 subjekt\u00a0<a href=\"https:\/\/youtu.be\/XiGnBvDy9L4\" target=\"_blank\" rel=\"noopener\">registrovan\u00fd<\/a>.<\/li><li>\u0160trukt\u00fara a\u00a0forma projektov\u00e9ho riadenia nie s\u00fa s\u00fa\u010das\u0165ou hodnotiacich krit\u00e9ri\u00ed,<\/li><li>Povinn\u00fd vo v\u0161etk\u00fdch horizontov\u00fdch projektoch je pracovn\u00fd bal\u00edk (work package WP) zameran\u00fd na komunik\u00e1ciu\/disemin\u00e1ciu\/exploat\u00e1ciu v\u00fdstupov projektu.<\/li><li>Hodnotenie projektov\u00fdch n\u00e1vrhov zvy\u010dajne trv\u00e1 3 \u2013 5 mesiacov.<\/li><li>V pr\u00edpade schv\u00e1len\u00fdch projektov\u00fdch n\u00e1vrhov Eur\u00f3pska komisia iniciuje podpis\u00a0<a href=\"https:\/\/ec.europa.eu\/info\/funding-tenders\/opportunities\/docs\/2021-2027\/common\/agr-contr\/general-mga_horizon-euratom_en.pdf\" target=\"_blank\" rel=\"noopener\">grantovej dohody<\/a>.<\/li><\/ul><div>\u00a0<\/div><p><strong>3.\u00a0<\/strong><strong>\u0160\u00edrenie a\u00a0vyu\u017e\u00edvanie v\u00fdsledkov:<\/strong>\u00a0stimuly pre kontinu\u00e1lne reportovanie o \u0161\u00edren\u00ed a vyu\u017e\u00edvan\u00ed v\u00fdsledkov po skon\u010den\u00ed obdobia trvania projektu, ktor\u00e9 posl\u00fa\u017ei ako d\u00f4le\u017eit\u00e1 sp\u00e4tn\u00e1 v\u00e4zba. Potrebn\u00e9 je dodr\u017eiava\u0165 princ\u00edpy otvorenej vedy.<\/p><p>Viac inform\u00e1ci\u00ed sa dozviete na <a href=\"https:\/\/research-and-innovation.ec.europa.eu\/funding\/funding-opportunities\/funding-programmes-and-open-calls\/horizon-europe_en\">ofici\u00e1lnej str\u00e1nke programu<\/a>.<\/p>\t\t\t\t\t\t\t\t<\/div>\n\t\t\t\t<\/div>\n\t\t\t\t\t<\/div>\n\t\t\t\t<\/div>\n\t\t\t\t<\/div>\n\t\t","protected":false},"excerpt":{"rendered":"<p>Ako funguje program? 1.\u00a0\u00a0Ako sa tvoria pracovn\u00e9 programy? Programov\u00fd v\u00fdbor (Programme Committee\/PC)\u00a0je konzulta\u010dn\u00fd org\u00e1n EK. Predsedom ka\u017ed\u00e9ho PC je z\u00e1stupca Eur\u00f3pskej komisie a \u010dlenmi s\u00fa\u00a0n\u00e1rodn\u00ed deleg\u00e1ti a experti zastupuj\u00faci \u010dlensk\u00e9 \u0161t\u00e1ty E\u00da a asociovan\u00e9 krajiny. Slovensk\u00fdch n\u00e1rodn\u00fdch deleg\u00e1tov a\u00a0 expertov nominuje minister \u0161kolstva, v\u00fdskumu, v\u00fdvoja a ml\u00e1de\u017ee SR. Rokovania PC sa uskuto\u010d\u0148uj\u00fa pravidelne pod veden\u00edm [&hellip;]<\/p>\n","protected":false},"author":1,"featured_media":0,"parent":45,"menu_order":0,"comment_status":"closed","ping_status":"closed","template":"","meta":{"_acf_changed":false,"footnotes":""},"class_list":["post-42","page","type-page","status-publish","hentry"],"yoast_head":"<!-- This site is optimized with the Yoast SEO plugin v24.4 - https:\/\/yoast.com\/wordpress\/plugins\/seo\/ -->\n<title>Ako funguje - Horizont Eur\u00f3pa<\/title>\n<meta name=\"robots\" content=\"index, follow, max-snippet:-1, max-image-preview:large, max-video-preview:-1\" \/>\n<link rel=\"canonical\" href=\"https:\/\/eraportal.sk\/horizont-europa\/heu-o-programe\/ako-funguje\/\" \/>\n<meta property=\"og:locale\" content=\"sk_SK\" \/>\n<meta property=\"og:type\" content=\"article\" \/>\n<meta property=\"og:title\" content=\"Ako funguje - Horizont Eur\u00f3pa\" \/>\n<meta property=\"og:description\" content=\"Ako funguje program? 1.\u00a0\u00a0Ako sa tvoria pracovn\u00e9 programy? Programov\u00fd v\u00fdbor (Programme Committee\/PC)\u00a0je konzulta\u010dn\u00fd org\u00e1n EK. Predsedom ka\u017ed\u00e9ho PC je z\u00e1stupca Eur\u00f3pskej komisie a \u010dlenmi s\u00fa\u00a0n\u00e1rodn\u00ed deleg\u00e1ti a experti zastupuj\u00faci \u010dlensk\u00e9 \u0161t\u00e1ty E\u00da a asociovan\u00e9 krajiny. Slovensk\u00fdch n\u00e1rodn\u00fdch deleg\u00e1tov a\u00a0 expertov nominuje minister \u0161kolstva, v\u00fdskumu, v\u00fdvoja a ml\u00e1de\u017ee SR. Rokovania PC sa uskuto\u010d\u0148uj\u00fa pravidelne pod veden\u00edm [&hellip;]\" \/>\n<meta property=\"og:url\" content=\"https:\/\/eraportal.sk\/horizont-europa\/heu-o-programe\/ako-funguje\/\" \/>\n<meta property=\"og:site_name\" content=\"Horizont Eur\u00f3pa\" \/>\n<meta property=\"article:modified_time\" content=\"2025-05-13T09:14:29+00:00\" \/>\n<meta name=\"twitter:card\" content=\"summary_large_image\" \/>\n<meta name=\"twitter:label1\" content=\"Predpokladan\u00fd \u010das \u010d\u00edtania\" \/>\n\t<meta name=\"twitter:data1\" content=\"2 min\u00faty\" \/>\n<script type=\"application\/ld+json\" class=\"yoast-schema-graph\">{\"@context\":\"https:\/\/schema.org\",\"@graph\":[{\"@type\":\"WebPage\",\"@id\":\"https:\/\/eraportal.sk\/horizont-europa\/heu-o-programe\/ako-funguje\/\",\"url\":\"https:\/\/eraportal.sk\/horizont-europa\/heu-o-programe\/ako-funguje\/\",\"name\":\"Ako funguje - Horizont Eur\u00f3pa\",\"isPartOf\":{\"@id\":\"https:\/\/eraportal.sk\/horizont-europa\/#website\"},\"datePublished\":\"2023-11-15T19:04:08+00:00\",\"dateModified\":\"2025-05-13T09:14:29+00:00\",\"breadcrumb\":{\"@id\":\"https:\/\/eraportal.sk\/horizont-europa\/heu-o-programe\/ako-funguje\/#breadcrumb\"},\"inLanguage\":\"sk-SK\",\"potentialAction\":[{\"@type\":\"ReadAction\",\"target\":[\"https:\/\/eraportal.sk\/horizont-europa\/heu-o-programe\/ako-funguje\/\"]}]},{\"@type\":\"BreadcrumbList\",\"@id\":\"https:\/\/eraportal.sk\/horizont-europa\/heu-o-programe\/ako-funguje\/#breadcrumb\",\"itemListElement\":[{\"@type\":\"ListItem\",\"position\":1,\"name\":\"Domovsk\u00e1 str\u00e1nka\",\"item\":\"https:\/\/eraportal.sk\/horizont-europa\/\"},{\"@type\":\"ListItem\",\"position\":2,\"name\":\"O programe\",\"item\":\"https:\/\/eraportal.sk\/horizont-europa\/heu-o-programe\/\"},{\"@type\":\"ListItem\",\"position\":3,\"name\":\"Ako funguje\"}]},{\"@type\":\"WebSite\",\"@id\":\"https:\/\/eraportal.sk\/horizont-europa\/#website\",\"url\":\"https:\/\/eraportal.sk\/horizont-europa\/\",\"name\":\"Horizont Eur\u00f3pa\",\"description\":\"\",\"publisher\":{\"@id\":\"https:\/\/eraportal.sk\/horizont-europa\/#organization\"},\"potentialAction\":[{\"@type\":\"SearchAction\",\"target\":{\"@type\":\"EntryPoint\",\"urlTemplate\":\"https:\/\/eraportal.sk\/horizont-europa\/?s={search_term_string}\"},\"query-input\":{\"@type\":\"PropertyValueSpecification\",\"valueRequired\":true,\"valueName\":\"search_term_string\"}}],\"inLanguage\":\"sk-SK\"},{\"@type\":\"Organization\",\"@id\":\"https:\/\/eraportal.sk\/horizont-europa\/#organization\",\"name\":\"Horizont Eur\u00f3pa\",\"url\":\"https:\/\/eraportal.sk\/horizont-europa\/\",\"logo\":{\"@type\":\"ImageObject\",\"inLanguage\":\"sk-SK\",\"@id\":\"https:\/\/eraportal.sk\/horizont-europa\/#\/schema\/logo\/image\/\",\"url\":\"https:\/\/eraportal.sk\/horizont-europa\/wp-content\/uploads\/sites\/4\/2024\/02\/Favicon_HEU.png\",\"contentUrl\":\"https:\/\/eraportal.sk\/horizont-europa\/wp-content\/uploads\/sites\/4\/2024\/02\/Favicon_HEU.png\",\"width\":512,\"height\":512,\"caption\":\"Horizont Eur\u00f3pa\"},\"image\":{\"@id\":\"https:\/\/eraportal.sk\/horizont-europa\/#\/schema\/logo\/image\/\"}}]}<\/script>\n<!-- \/ Yoast SEO plugin. -->","yoast_head_json":{"title":"Ako funguje - Horizont Eur\u00f3pa","robots":{"index":"index","follow":"follow","max-snippet":"max-snippet:-1","max-image-preview":"max-image-preview:large","max-video-preview":"max-video-preview:-1"},"canonical":"https:\/\/eraportal.sk\/horizont-europa\/heu-o-programe\/ako-funguje\/","og_locale":"sk_SK","og_type":"article","og_title":"Ako funguje - Horizont Eur\u00f3pa","og_description":"Ako funguje program? 1.\u00a0\u00a0Ako sa tvoria pracovn\u00e9 programy? Programov\u00fd v\u00fdbor (Programme Committee\/PC)\u00a0je konzulta\u010dn\u00fd org\u00e1n EK. Predsedom ka\u017ed\u00e9ho PC je z\u00e1stupca Eur\u00f3pskej komisie a \u010dlenmi s\u00fa\u00a0n\u00e1rodn\u00ed deleg\u00e1ti a experti zastupuj\u00faci \u010dlensk\u00e9 \u0161t\u00e1ty E\u00da a asociovan\u00e9 krajiny. Slovensk\u00fdch n\u00e1rodn\u00fdch deleg\u00e1tov a\u00a0 expertov nominuje minister \u0161kolstva, v\u00fdskumu, v\u00fdvoja a ml\u00e1de\u017ee SR. Rokovania PC sa uskuto\u010d\u0148uj\u00fa pravidelne pod veden\u00edm [&hellip;]","og_url":"https:\/\/eraportal.sk\/horizont-europa\/heu-o-programe\/ako-funguje\/","og_site_name":"Horizont Eur\u00f3pa","article_modified_time":"2025-05-13T09:14:29+00:00","twitter_card":"summary_large_image","twitter_misc":{"Predpokladan\u00fd \u010das \u010d\u00edtania":"2 min\u00faty"},"schema":{"@context":"https:\/\/schema.org","@graph":[{"@type":"WebPage","@id":"https:\/\/eraportal.sk\/horizont-europa\/heu-o-programe\/ako-funguje\/","url":"https:\/\/eraportal.sk\/horizont-europa\/heu-o-programe\/ako-funguje\/","name":"Ako funguje - Horizont Eur\u00f3pa","isPartOf":{"@id":"https:\/\/eraportal.sk\/horizont-europa\/#website"},"datePublished":"2023-11-15T19:04:08+00:00","dateModified":"2025-05-13T09:14:29+00:00","breadcrumb":{"@id":"https:\/\/eraportal.sk\/horizont-europa\/heu-o-programe\/ako-funguje\/#breadcrumb"},"inLanguage":"sk-SK","potentialAction":[{"@type":"ReadAction","target":["https:\/\/eraportal.sk\/horizont-europa\/heu-o-programe\/ako-funguje\/"]}]},{"@type":"BreadcrumbList","@id":"https:\/\/eraportal.sk\/horizont-europa\/heu-o-programe\/ako-funguje\/#breadcrumb","itemListElement":[{"@type":"ListItem","position":1,"name":"Domovsk\u00e1 str\u00e1nka","item":"https:\/\/eraportal.sk\/horizont-europa\/"},{"@type":"ListItem","position":2,"name":"O programe","item":"https:\/\/eraportal.sk\/horizont-europa\/heu-o-programe\/"},{"@type":"ListItem","position":3,"name":"Ako funguje"}]},{"@type":"WebSite","@id":"https:\/\/eraportal.sk\/horizont-europa\/#website","url":"https:\/\/eraportal.sk\/horizont-europa\/","name":"Horizont Eur\u00f3pa","description":"","publisher":{"@id":"https:\/\/eraportal.sk\/horizont-europa\/#organization"},"potentialAction":[{"@type":"SearchAction","target":{"@type":"EntryPoint","urlTemplate":"https:\/\/eraportal.sk\/horizont-europa\/?s={search_term_string}"},"query-input":{"@type":"PropertyValueSpecification","valueRequired":true,"valueName":"search_term_string"}}],"inLanguage":"sk-SK"},{"@type":"Organization","@id":"https:\/\/eraportal.sk\/horizont-europa\/#organization","name":"Horizont Eur\u00f3pa","url":"https:\/\/eraportal.sk\/horizont-europa\/","logo":{"@type":"ImageObject","inLanguage":"sk-SK","@id":"https:\/\/eraportal.sk\/horizont-europa\/#\/schema\/logo\/image\/","url":"https:\/\/eraportal.sk\/horizont-europa\/wp-content\/uploads\/sites\/4\/2024\/02\/Favicon_HEU.png","contentUrl":"https:\/\/eraportal.sk\/horizont-europa\/wp-content\/uploads\/sites\/4\/2024\/02\/Favicon_HEU.png","width":512,"height":512,"caption":"Horizont Eur\u00f3pa"},"image":{"@id":"https:\/\/eraportal.sk\/horizont-europa\/#\/schema\/logo\/image\/"}}]}},"acf":[],"_links":{"self":[{"href":"https:\/\/eraportal.sk\/horizont-europa\/wp-json\/wp\/v2\/pages\/42","targetHints":{"allow":["GET"]}}],"collection":[{"href":"https:\/\/eraportal.sk\/horizont-europa\/wp-json\/wp\/v2\/pages"}],"about":[{"href":"https:\/\/eraportal.sk\/horizont-europa\/wp-json\/wp\/v2\/types\/page"}],"author":[{"embeddable":true,"href":"https:\/\/eraportal.sk\/horizont-europa\/wp-json\/wp\/v2\/users\/1"}],"replies":[{"embeddable":true,"href":"https:\/\/eraportal.sk\/horizont-europa\/wp-json\/wp\/v2\/comments?post=42"}],"version-history":[{"count":40,"href":"https:\/\/eraportal.sk\/horizont-europa\/wp-json\/wp\/v2\/pages\/42\/revisions"}],"predecessor-version":[{"id":27068,"href":"https:\/\/eraportal.sk\/horizont-europa\/wp-json\/wp\/v2\/pages\/42\/revisions\/27068"}],"up":[{"embeddable":true,"href":"https:\/\/eraportal.sk\/horizont-europa\/wp-json\/wp\/v2\/pages\/45"}],"wp:attachment":[{"href":"https:\/\/eraportal.sk\/horizont-europa\/wp-json\/wp\/v2\/media?parent=42"}],"curies":[{"name":"wp","href":"https:\/\/api.w.org\/{rel}","templated":true}]}}