    {"id":29666,"date":"2026-02-09T13:00:00","date_gmt":"2026-02-09T12:00:00","guid":{"rendered":"https:\/\/eraportal.sk\/horizont-europa\/?page_id=29666"},"modified":"2026-04-09T13:57:26","modified_gmt":"2026-04-09T11:57:26","slug":"na-kave-s-ncp-2026-horizont-europa-otazky-a-odpovede","status":"publish","type":"page","link":"https:\/\/eraportal.sk\/horizont-europa\/heu-narodne-kontaktne-body\/na-kave-s-ncp-2026-horizont-europa-otazky-a-odpovede\/","title":{"rendered":"Na k\u00e1ve s NCP 2026 &#8211; Horizont Eur\u00f3pa: ot\u00e1zky a odpovede"},"content":{"rendered":"\t\t<div data-elementor-type=\"wp-page\" data-elementor-id=\"29666\" class=\"elementor elementor-29666\" data-elementor-post-type=\"page\">\n\t\t\t\t<div class=\"elementor-element elementor-element-718e17ee e-flex e-con-boxed e-con e-parent\" data-id=\"718e17ee\" data-element_type=\"container\">\n\t\t\t\t\t<div class=\"e-con-inner\">\n\t\t\t\t<div class=\"elementor-element elementor-element-78face74 elementor-widget elementor-widget-text-editor\" data-id=\"78face74\" data-element_type=\"widget\" data-widget_type=\"text-editor.default\">\n\t\t\t\t<div class=\"elementor-widget-container\">\n\t\t\t\t\t\t\t\t\t\n<h5 class=\"wp-block-heading\">\u00a0<\/h5>\n\n<p>\u00a0<\/p>\n\n<p>V N\u00e1rodnej kancel\u00e1rii Horizontu sme pre v\u00e1s pripravili pokra\u010dovanie \u00faspe\u0161n\u00e9ho pravideln\u00e9ho podujatia s n\u00e1zvom Na k\u00e1ve s NCPs. Bude ma\u0165 nov\u00fa podobu, ktorej sme prisp\u00f4sobili aj n\u00e1zov. Webin\u00e1r sa vol\u00e1 <strong>Na k\u00e1ve s NCP 2026 &#8211; Horizont Eur\u00f3pa: ot\u00e1zky a odpovede<\/strong>, bude sa kona\u0165 <strong>ka\u017ed\u00fd \u0161tvrtok v \u010dase od 13-14<\/strong> <strong>hod<\/strong> a bude reflektova\u0165 v\u00fdlu\u010dne va\u0161e po\u017eiadavky.<\/p>\n\n<p>Z\u00e1ujemcovia a z\u00e1ujemkyne musia <strong>vopred zasla\u0165 svoje ot\u00e1zky<\/strong> t\u00fdkaj\u00face sa po\u017eiadaviek na \u0161pecifick\u00fa t\u00e9mu &#8211; zoznam t\u00e9m a d\u00e1tum, kedy sa im budeme venova\u0165, je uveden\u00fd v tabu\u013eke. Ot\u00e1zky sa m\u00f4\u017eu t\u00fdka\u0165 v\u00fdziev, pravidiel \u00fa\u010dasti, pr\u00edpravy projektov \u010di financovania. Odpovede n\u00e1sledne spracuj\u00fa a po\u010das webin\u00e1ra bud\u00fa prezentova\u0165 n\u00e1rodn\u00e9 kontaktn\u00e9 body, odborn\u00edci a odborn\u00ed\u010dky z na\u0161ej N\u00e1rodnej kancel\u00e1rie Horizontu.<\/p>\n\n<p>Webin\u00e1r je ur\u010den\u00fd pre v\u0161etk\u00fdch, ktor\u00ed sa chc\u00fa lep\u0161ie zorientova\u0165 v programe Horizont Eur\u00f3pa &#8211; od za\u010diato\u010dn\u00edkov a\u017e po sk\u00fasen\u00fdch \u017eiadate\u013eov.<\/p>\n\n<p>Postup je nasledovn\u00fd:<\/p>\n\n<ol class=\"wp-block-list\">\n<li class=\"has-medium-font-size\">V tabu\u013eke ni\u017e\u0161ie si vyh\u013ead\u00e1te t\u00e9mu, ktor\u00e1 v\u00e1s zauj\u00edma a d\u00e1tum, kedy by ste chceli dosta\u0165 odpove\u010f na va\u0161u ot\u00e1zku.<\/li>\n\n<li class=\"has-medium-font-size\">Zaregistrujete sa cez str\u00e1nku konkr\u00e9tneho podujatia (uveden\u00e9 je v\u017edy v sekcii <strong>Podujatia <\/strong>na hlavnej str\u00e1nke) a do registra\u010dn\u00e9ho formul\u00e1ra nap\u00ed\u0161ete va\u0161u ot\u00e1zku.<\/li>\n\n<li class=\"has-medium-font-size\">V ur\u010den\u00fd de\u0148 sa cez odkaz <strong><a href=\"https:\/\/video.nti.sk\/live?307522NB1N16EF84\" target=\"_blank\" rel=\"noreferrer noopener\">https:\/\/video.nti.sk\/live?307522NB1N16EF84<\/a><\/strong> pripoj\u00edte k webin\u00e1ru.<\/li>\n\n<li class=\"has-medium-font-size\">Upozor\u0148ujeme, \u017ee odpoveda\u0165 budeme len na <strong>ot\u00e1zky vopred zaznamenan\u00e9 v registra\u010dnom formul\u00e1ri.<\/strong> Diskusia ani kladenie ot\u00e1zok po\u010das podujatia nie je mo\u017en\u00e1.<\/li>\n<\/ol>\n\n<p>\u00a0<\/p>\n\n<p>Odkaz na vysielanie: <strong><a href=\"https:\/\/video.nti.sk\/live?307522NB1N16EF84\" target=\"_blank\" rel=\"noreferrer noopener\">https:\/\/video.nti.sk\/live?307522NB1N16EF84<\/a><\/strong><\/p>\n\n<p>Arch\u00edv predch\u00e1dzaj\u00facich podujat\u00ed Na k\u00e1ve s NCPs za roky 2024 a 2025 n\u00e1jdete <a href=\"https:\/\/eraportal.sk\/horizont-europa\/heu-narodne-kontaktne-body\/na-kave-s-ncps\/\">v tomto odkaze<\/a>.<\/p>\n\n<p>Harmonogram t\u00e9m a d\u00e1tumy vysielania:<\/p>\n\n<figure class=\"wp-block-table\">\n<table class=\"has-fixed-layout\">\n<tbody>\n<tr>\n<td>19. febru\u00e1r 2026<\/td>\n<td>ERC \u2013 Eur\u00f3pska rada pre v\u00fdskum<\/td>\n<\/tr>\n<tr>\n<td>26. febru\u00e1r 2026<\/td>\n<td>Klaster 1 \u2013 Zdravie<\/td>\n<\/tr>\n<tr>\n<td>5. marec 2026<\/td>\n<td>Klaster 2 \u2013 Kult\u00fara, tvorivos\u0165 a\u00a0inkluz\u00edvna spolo\u010dnos\u0165<\/td>\n<\/tr>\n<tr>\n<td>12. marec 2026<\/td>\n<td>MSCA \u2013 Marie Sk\u0142odowska Curie Actions<\/td>\n<\/tr>\n<tr>\n<td>19. marec 2026<\/td>\n<td>Klaster 3 \u2013 Civiln\u00e1 bezpe\u010dnos\u0165 pre spolo\u010dnos\u0165<\/td>\n<\/tr>\n<tr>\n<td>26. marec 2026<\/td>\n<td>Klaster 4 \u2013 Digitaliz\u00e1cia, priemysel a vesm\u00edr<\/td>\n<\/tr>\n<tr>\n<td>31. marec 2026 (utorok)<\/td>\n<td>Klaster 5 \u2013 Kl\u00edma, energetika a mobilita<\/td>\n<\/tr>\n<tr>\n<td>9. apr\u00edl 2026<\/td>\n<td>Klaster 6 \u2013 Potraviny, biohospod\u00e1rstvo, pr\u00edrodn\u00e9 zdroje, po\u013enohospod\u00e1rstvo a\u00a0\u017eivotn\u00e9 prostredie<\/td>\n<\/tr>\n<tr>\n<td>16. apr\u00edl 2026<\/td>\n<td>Inovat\u00edvna Eur\u00f3pa<\/td>\n<\/tr>\n<tr>\n<td>23. apr\u00edl 2026<\/td>\n<td>Etick\u00e9 ot\u00e1zky<\/td>\n<\/tr>\n<tr>\n<td>30. apr\u00edl 2026<\/td>\n<td>V\u00fdskumn\u00e9 infra\u0161trukt\u00fary<\/td>\n<\/tr>\n<tr>\n<td>7. m\u00e1j 2026<\/td>\n<td>WIDERA<\/td>\n<\/tr>\n<tr>\n<td>14. m\u00e1j 2026<\/td>\n<td>ERC \u2013 Eur\u00f3pska v\u00fdskumn\u00e1 rada<\/td>\n<\/tr>\n<tr><\/tr>\n<\/tbody>\n<\/table>\n<\/figure>\t\t\t\t\t\t\t\t<\/div>\n\t\t\t\t<\/div>\n\t\t\t\t\t<\/div>\n\t\t\t\t<\/div>\n\t\t\t\t<\/div>\n\t\t","protected":false},"excerpt":{"rendered":"<p>\u00a0 \u00a0 V N\u00e1rodnej kancel\u00e1rii Horizontu sme pre v\u00e1s pripravili pokra\u010dovanie \u00faspe\u0161n\u00e9ho pravideln\u00e9ho podujatia s n\u00e1zvom Na k\u00e1ve s NCPs. Bude ma\u0165 nov\u00fa podobu, ktorej sme prisp\u00f4sobili aj n\u00e1zov. Webin\u00e1r sa vol\u00e1 Na k\u00e1ve s NCP 2026 &#8211; Horizont Eur\u00f3pa: ot\u00e1zky a odpovede, bude sa kona\u0165 ka\u017ed\u00fd \u0161tvrtok v \u010dase od 13-14 hod a bude [&hellip;]<\/p>\n","protected":false},"author":234,"featured_media":0,"parent":52,"menu_order":0,"comment_status":"closed","ping_status":"closed","template":"","meta":{"_acf_changed":false,"footnotes":""},"class_list":["post-29666","page","type-page","status-publish","hentry"],"yoast_head":"<!-- This site is optimized with the Yoast SEO plugin v24.4 - https:\/\/yoast.com\/wordpress\/plugins\/seo\/ -->\n<title>Na k\u00e1ve s NCP 2026 - Horizont Eur\u00f3pa: ot\u00e1zky a odpovede - Horizont Eur\u00f3pa<\/title>\n<meta name=\"robots\" content=\"index, follow, max-snippet:-1, max-image-preview:large, max-video-preview:-1\" \/>\n<link rel=\"canonical\" href=\"https:\/\/eraportal.sk\/horizont-europa\/heu-narodne-kontaktne-body\/na-kave-s-ncp-2026-horizont-europa-otazky-a-odpovede\/\" \/>\n<meta property=\"og:locale\" content=\"sk_SK\" \/>\n<meta property=\"og:type\" content=\"article\" \/>\n<meta property=\"og:title\" content=\"Na k\u00e1ve s NCP 2026 - Horizont Eur\u00f3pa: ot\u00e1zky a odpovede - Horizont Eur\u00f3pa\" \/>\n<meta property=\"og:description\" content=\"\u00a0 \u00a0 V N\u00e1rodnej kancel\u00e1rii Horizontu sme pre v\u00e1s pripravili pokra\u010dovanie \u00faspe\u0161n\u00e9ho pravideln\u00e9ho podujatia s n\u00e1zvom Na k\u00e1ve s NCPs. Bude ma\u0165 nov\u00fa podobu, ktorej sme prisp\u00f4sobili aj n\u00e1zov. Webin\u00e1r sa vol\u00e1 Na k\u00e1ve s NCP 2026 &#8211; Horizont Eur\u00f3pa: ot\u00e1zky a odpovede, bude sa kona\u0165 ka\u017ed\u00fd \u0161tvrtok v \u010dase od 13-14 hod a bude [&hellip;]\" \/>\n<meta property=\"og:url\" content=\"https:\/\/eraportal.sk\/horizont-europa\/heu-narodne-kontaktne-body\/na-kave-s-ncp-2026-horizont-europa-otazky-a-odpovede\/\" \/>\n<meta property=\"og:site_name\" content=\"Horizont Eur\u00f3pa\" \/>\n<meta property=\"article:modified_time\" content=\"2026-04-09T11:57:26+00:00\" \/>\n<meta name=\"twitter:card\" content=\"summary_large_image\" \/>\n<meta name=\"twitter:label1\" content=\"Predpokladan\u00fd \u010das \u010d\u00edtania\" \/>\n\t<meta name=\"twitter:data1\" content=\"2 min\u00faty\" \/>\n<script type=\"application\/ld+json\" class=\"yoast-schema-graph\">{\"@context\":\"https:\/\/schema.org\",\"@graph\":[{\"@type\":\"WebPage\",\"@id\":\"https:\/\/eraportal.sk\/horizont-europa\/heu-narodne-kontaktne-body\/na-kave-s-ncp-2026-horizont-europa-otazky-a-odpovede\/\",\"url\":\"https:\/\/eraportal.sk\/horizont-europa\/heu-narodne-kontaktne-body\/na-kave-s-ncp-2026-horizont-europa-otazky-a-odpovede\/\",\"name\":\"Na k\u00e1ve s NCP 2026 - Horizont Eur\u00f3pa: ot\u00e1zky a odpovede - Horizont Eur\u00f3pa\",\"isPartOf\":{\"@id\":\"https:\/\/eraportal.sk\/horizont-europa\/#website\"},\"datePublished\":\"2026-02-09T12:00:00+00:00\",\"dateModified\":\"2026-04-09T11:57:26+00:00\",\"breadcrumb\":{\"@id\":\"https:\/\/eraportal.sk\/horizont-europa\/heu-narodne-kontaktne-body\/na-kave-s-ncp-2026-horizont-europa-otazky-a-odpovede\/#breadcrumb\"},\"inLanguage\":\"sk-SK\",\"potentialAction\":[{\"@type\":\"ReadAction\",\"target\":[\"https:\/\/eraportal.sk\/horizont-europa\/heu-narodne-kontaktne-body\/na-kave-s-ncp-2026-horizont-europa-otazky-a-odpovede\/\"]}]},{\"@type\":\"BreadcrumbList\",\"@id\":\"https:\/\/eraportal.sk\/horizont-europa\/heu-narodne-kontaktne-body\/na-kave-s-ncp-2026-horizont-europa-otazky-a-odpovede\/#breadcrumb\",\"itemListElement\":[{\"@type\":\"ListItem\",\"position\":1,\"name\":\"Domovsk\u00e1 str\u00e1nka\",\"item\":\"https:\/\/eraportal.sk\/horizont-europa\/\"},{\"@type\":\"ListItem\",\"position\":2,\"name\":\"N\u00e1rodn\u00e9 kontaktn\u00e9 body\",\"item\":\"https:\/\/eraportal.sk\/horizont-europa\/heu-narodne-kontaktne-body\/\"},{\"@type\":\"ListItem\",\"position\":3,\"name\":\"Na k\u00e1ve s NCP 2026 &#8211; Horizont Eur\u00f3pa: ot\u00e1zky a odpovede\"}]},{\"@type\":\"WebSite\",\"@id\":\"https:\/\/eraportal.sk\/horizont-europa\/#website\",\"url\":\"https:\/\/eraportal.sk\/horizont-europa\/\",\"name\":\"Horizont Eur\u00f3pa\",\"description\":\"\",\"publisher\":{\"@id\":\"https:\/\/eraportal.sk\/horizont-europa\/#organization\"},\"potentialAction\":[{\"@type\":\"SearchAction\",\"target\":{\"@type\":\"EntryPoint\",\"urlTemplate\":\"https:\/\/eraportal.sk\/horizont-europa\/?s={search_term_string}\"},\"query-input\":{\"@type\":\"PropertyValueSpecification\",\"valueRequired\":true,\"valueName\":\"search_term_string\"}}],\"inLanguage\":\"sk-SK\"},{\"@type\":\"Organization\",\"@id\":\"https:\/\/eraportal.sk\/horizont-europa\/#organization\",\"name\":\"Horizont Eur\u00f3pa\",\"url\":\"https:\/\/eraportal.sk\/horizont-europa\/\",\"logo\":{\"@type\":\"ImageObject\",\"inLanguage\":\"sk-SK\",\"@id\":\"https:\/\/eraportal.sk\/horizont-europa\/#\/schema\/logo\/image\/\",\"url\":\"https:\/\/eraportal.sk\/horizont-europa\/wp-content\/uploads\/sites\/4\/2024\/02\/Favicon_HEU.png\",\"contentUrl\":\"https:\/\/eraportal.sk\/horizont-europa\/wp-content\/uploads\/sites\/4\/2024\/02\/Favicon_HEU.png\",\"width\":512,\"height\":512,\"caption\":\"Horizont Eur\u00f3pa\"},\"image\":{\"@id\":\"https:\/\/eraportal.sk\/horizont-europa\/#\/schema\/logo\/image\/\"}}]}<\/script>\n<!-- \/ Yoast SEO plugin. -->","yoast_head_json":{"title":"Na k\u00e1ve s NCP 2026 - Horizont Eur\u00f3pa: ot\u00e1zky a odpovede - Horizont Eur\u00f3pa","robots":{"index":"index","follow":"follow","max-snippet":"max-snippet:-1","max-image-preview":"max-image-preview:large","max-video-preview":"max-video-preview:-1"},"canonical":"https:\/\/eraportal.sk\/horizont-europa\/heu-narodne-kontaktne-body\/na-kave-s-ncp-2026-horizont-europa-otazky-a-odpovede\/","og_locale":"sk_SK","og_type":"article","og_title":"Na k\u00e1ve s NCP 2026 - Horizont Eur\u00f3pa: ot\u00e1zky a odpovede - Horizont Eur\u00f3pa","og_description":"\u00a0 \u00a0 V N\u00e1rodnej kancel\u00e1rii Horizontu sme pre v\u00e1s pripravili pokra\u010dovanie \u00faspe\u0161n\u00e9ho pravideln\u00e9ho podujatia s n\u00e1zvom Na k\u00e1ve s NCPs. Bude ma\u0165 nov\u00fa podobu, ktorej sme prisp\u00f4sobili aj n\u00e1zov. Webin\u00e1r sa vol\u00e1 Na k\u00e1ve s NCP 2026 &#8211; Horizont Eur\u00f3pa: ot\u00e1zky a odpovede, bude sa kona\u0165 ka\u017ed\u00fd \u0161tvrtok v \u010dase od 13-14 hod a bude [&hellip;]","og_url":"https:\/\/eraportal.sk\/horizont-europa\/heu-narodne-kontaktne-body\/na-kave-s-ncp-2026-horizont-europa-otazky-a-odpovede\/","og_site_name":"Horizont Eur\u00f3pa","article_modified_time":"2026-04-09T11:57:26+00:00","twitter_card":"summary_large_image","twitter_misc":{"Predpokladan\u00fd \u010das \u010d\u00edtania":"2 min\u00faty"},"schema":{"@context":"https:\/\/schema.org","@graph":[{"@type":"WebPage","@id":"https:\/\/eraportal.sk\/horizont-europa\/heu-narodne-kontaktne-body\/na-kave-s-ncp-2026-horizont-europa-otazky-a-odpovede\/","url":"https:\/\/eraportal.sk\/horizont-europa\/heu-narodne-kontaktne-body\/na-kave-s-ncp-2026-horizont-europa-otazky-a-odpovede\/","name":"Na k\u00e1ve s NCP 2026 - Horizont Eur\u00f3pa: ot\u00e1zky a odpovede - Horizont Eur\u00f3pa","isPartOf":{"@id":"https:\/\/eraportal.sk\/horizont-europa\/#website"},"datePublished":"2026-02-09T12:00:00+00:00","dateModified":"2026-04-09T11:57:26+00:00","breadcrumb":{"@id":"https:\/\/eraportal.sk\/horizont-europa\/heu-narodne-kontaktne-body\/na-kave-s-ncp-2026-horizont-europa-otazky-a-odpovede\/#breadcrumb"},"inLanguage":"sk-SK","potentialAction":[{"@type":"ReadAction","target":["https:\/\/eraportal.sk\/horizont-europa\/heu-narodne-kontaktne-body\/na-kave-s-ncp-2026-horizont-europa-otazky-a-odpovede\/"]}]},{"@type":"BreadcrumbList","@id":"https:\/\/eraportal.sk\/horizont-europa\/heu-narodne-kontaktne-body\/na-kave-s-ncp-2026-horizont-europa-otazky-a-odpovede\/#breadcrumb","itemListElement":[{"@type":"ListItem","position":1,"name":"Domovsk\u00e1 str\u00e1nka","item":"https:\/\/eraportal.sk\/horizont-europa\/"},{"@type":"ListItem","position":2,"name":"N\u00e1rodn\u00e9 kontaktn\u00e9 body","item":"https:\/\/eraportal.sk\/horizont-europa\/heu-narodne-kontaktne-body\/"},{"@type":"ListItem","position":3,"name":"Na k\u00e1ve s NCP 2026 &#8211; Horizont Eur\u00f3pa: ot\u00e1zky a odpovede"}]},{"@type":"WebSite","@id":"https:\/\/eraportal.sk\/horizont-europa\/#website","url":"https:\/\/eraportal.sk\/horizont-europa\/","name":"Horizont Eur\u00f3pa","description":"","publisher":{"@id":"https:\/\/eraportal.sk\/horizont-europa\/#organization"},"potentialAction":[{"@type":"SearchAction","target":{"@type":"EntryPoint","urlTemplate":"https:\/\/eraportal.sk\/horizont-europa\/?s={search_term_string}"},"query-input":{"@type":"PropertyValueSpecification","valueRequired":true,"valueName":"search_term_string"}}],"inLanguage":"sk-SK"},{"@type":"Organization","@id":"https:\/\/eraportal.sk\/horizont-europa\/#organization","name":"Horizont Eur\u00f3pa","url":"https:\/\/eraportal.sk\/horizont-europa\/","logo":{"@type":"ImageObject","inLanguage":"sk-SK","@id":"https:\/\/eraportal.sk\/horizont-europa\/#\/schema\/logo\/image\/","url":"https:\/\/eraportal.sk\/horizont-europa\/wp-content\/uploads\/sites\/4\/2024\/02\/Favicon_HEU.png","contentUrl":"https:\/\/eraportal.sk\/horizont-europa\/wp-content\/uploads\/sites\/4\/2024\/02\/Favicon_HEU.png","width":512,"height":512,"caption":"Horizont Eur\u00f3pa"},"image":{"@id":"https:\/\/eraportal.sk\/horizont-europa\/#\/schema\/logo\/image\/"}}]}},"acf":[],"_links":{"self":[{"href":"https:\/\/eraportal.sk\/horizont-europa\/wp-json\/wp\/v2\/pages\/29666","targetHints":{"allow":["GET"]}}],"collection":[{"href":"https:\/\/eraportal.sk\/horizont-europa\/wp-json\/wp\/v2\/pages"}],"about":[{"href":"https:\/\/eraportal.sk\/horizont-europa\/wp-json\/wp\/v2\/types\/page"}],"author":[{"embeddable":true,"href":"https:\/\/eraportal.sk\/horizont-europa\/wp-json\/wp\/v2\/users\/234"}],"replies":[{"embeddable":true,"href":"https:\/\/eraportal.sk\/horizont-europa\/wp-json\/wp\/v2\/comments?post=29666"}],"version-history":[{"count":26,"href":"https:\/\/eraportal.sk\/horizont-europa\/wp-json\/wp\/v2\/pages\/29666\/revisions"}],"predecessor-version":[{"id":31033,"href":"https:\/\/eraportal.sk\/horizont-europa\/wp-json\/wp\/v2\/pages\/29666\/revisions\/31033"}],"up":[{"embeddable":true,"href":"https:\/\/eraportal.sk\/horizont-europa\/wp-json\/wp\/v2\/pages\/52"}],"wp:attachment":[{"href":"https:\/\/eraportal.sk\/horizont-europa\/wp-json\/wp\/v2\/media?parent=29666"}],"curies":[{"name":"wp","href":"https:\/\/api.w.org\/{rel}","templated":true}]}}