    {"id":27896,"date":"2025-08-01T11:12:38","date_gmt":"2025-08-01T09:12:38","guid":{"rendered":"https:\/\/eraportal.sk\/horizont-europa\/?page_id=27896"},"modified":"2025-10-14T15:16:40","modified_gmt":"2025-10-14T13:16:40","slug":"pribehy-uspesnych","status":"publish","type":"page","link":"https:\/\/eraportal.sk\/horizont-europa\/heu-o-programe\/pribehy-uspesnych\/","title":{"rendered":"Pr\u00edbehy \u00faspe\u0161n\u00fdch"},"content":{"rendered":"\t\t<div data-elementor-type=\"wp-page\" data-elementor-id=\"27896\" class=\"elementor elementor-27896\" data-elementor-post-type=\"page\">\n\t\t\t\t<div class=\"elementor-element elementor-element-9a6b3b8 e-flex e-con-boxed e-con e-parent\" data-id=\"9a6b3b8\" data-element_type=\"container\">\n\t\t\t\t\t<div class=\"e-con-inner\">\n\t\t\t\t<div class=\"elementor-element elementor-element-1d64706 elementor-widget elementor-widget-heading\" data-id=\"1d64706\" data-element_type=\"widget\" data-widget_type=\"heading.default\">\n\t\t\t\t<div class=\"elementor-widget-container\">\n\t\t\t\t\t<h2 class=\"elementor-heading-title elementor-size-default\">Poznaj\u00fa vz\u00e1cnos\u0165 dreva, pred \u00fapravou ho skenuj\u00fa<\/h2>\t\t\t\t<\/div>\n\t\t\t\t<\/div>\n\t\t\t\t\t<\/div>\n\t\t\t\t<\/div>\n\t\t<div class=\"elementor-element elementor-element-e93d112 e-flex e-con-boxed e-con e-parent\" data-id=\"e93d112\" data-element_type=\"container\">\n\t\t\t\t\t<div class=\"e-con-inner\">\n\t\t\t\t<div class=\"elementor-element elementor-element-b2ec635 elementor-widget elementor-widget-text-editor\" data-id=\"b2ec635\" data-element_type=\"widget\" data-widget_type=\"text-editor.default\">\n\t\t\t\t<div class=\"elementor-widget-container\">\n\t\t\t\t\t\t\t\t\t<p>Chceli nap\u00edsa\u0165 dobr\u00fd projekt, aby z\u00edskali financie na inov\u00e1cie v oblasti spracovania dreva &#8211; tak\u00fd bol z\u00e1mer v\u00fdskumn\u00edkov a v\u00fdskumn\u00ed\u010dok z <a href=\"https:\/\/www.lignosilva.eu\/\"><strong>Centra excelentnosti LignoSilva<\/strong><\/a>, ktor\u00e9 patr\u00ed pod N\u00e1rodn\u00e9 lesn\u00edcke centrum vo Zvolene. <em>&#8222;Na t\u00fd\u017ede\u0148 sme sa ubytovali v hor\u00e1ch, aby n\u00e1s ni\u010d a nikto neru\u0161il. Ka\u017ed\u00fd de\u0148 sme pracovali na projekte, mali brainstorming, rozm\u00fd\u0161\u013eali nad zlep\u0161eniami a venovali pozornos\u0165 najmen\u0161\u00edm detailom,&#8220;<\/em> opisuje Tom\u00e1\u0161 Gerge\u013e, ved\u00faci Centra.<\/p><p>Projekt v r\u00e1mci <strong>Horizontu Eur\u00f3pa<\/strong> vyhodnotili z\u00e1stupcovia Eur\u00f3pskej komisie ako vynikaj\u00faci, ale eur\u00f3pske peniaze na\u0148 u\u017e nezostali.<em> &#8222;Dostali sme v\u0161ak <a href=\"https:\/\/eraportal.sk\/horizont-europa\/aktualita\/mh-sr-spustilo-vyzvu-pre-drzitelov-seal-of-excellence\/\"><strong>Seal of Excellence<\/strong><\/a>, teda Pe\u010da\u0165 excelentnosti. S \u0148ou sme sp\u013a\u0148ali krit\u00e9ri\u00e1 na podporu z n\u00e1rodn\u00fdch zdrojov. Financie pri\u0161li z Ministerstva hospod\u00e1rstva SR.&#8220;<\/em> V \u010fal\u0161om kole u\u017e uspeli aj v samotnej sch\u00e9me <strong>Horizontu Eur\u00f3pa<\/strong>. Na projekt <a href=\"https:\/\/cordis.europa.eu\/project\/id\/101059552\"><strong>Upgrade of the Centre of Excellence LignoSilva<\/strong><\/a> z\u00edskali podporu vo v\u00fd\u0161ke 14,7 mili\u00f3na eur pre dvoch slovensk\u00fdch partnerov &#8211; N\u00e1rodn\u00e9 lesn\u00edcke centrum a V\u00fdskumn\u00fd \u00fastav papiera a celul\u00f3zy. <em>&#8222;K projektu prisl\u00facha aj komplement\u00e1rne financovanie v rovnakej v\u00fd\u0161ke, teda 14,7 mili\u00f3na eur, z Programu Slovensko,&#8220;<\/em> hovor\u00ed Tom\u00e1\u0161 Gerge\u013e.\u00a0<\/p><p>Jedn\u00fdm z hlavn\u00fdch v\u00fdskumn\u00fdch programov projektu je <strong>CT skenovanie dreva,<\/strong> aby sa <strong>surovina optim\u00e1lne vyu\u017eila<\/strong>. Zameriavaj\u00fa na listnat\u00e9 dreviny. Nov\u00e9 postupy sa vyu\u017e\u00edvaj\u00fa napr\u00edklad pri v\u00fdrobe sudov na drah\u00fd alkohol. Svoje sk\u00fasenosti s Horizontom Eur\u00f3pa radi zdie\u013eaj\u00fa s t\u00fdmi, ktor\u00ed sa chc\u00fa zapoji\u0165. <em>&#8222;\u00daspech v Horizonte Eur\u00f3pa n\u00e1m vyrie\u0161il mno\u017estvo (aj existenci\u00e1lnych) probl\u00e9mov. Je to ide\u00e1lna pr\u00edle\u017eitos\u0165, ako sa zapoji\u0165 do \u0161pi\u010dkov\u00e9ho eur\u00f3pskeho v\u00fdskumu,&#8220;<\/em> kon\u0161tatuje Tom\u00e1\u0161 Gerge\u013e.\u00a0<\/p><p>Aktu\u00e1lne inform\u00e1cie o v\u00fdzvach, kontakty a podujatia t\u00fdkaj\u00face sa programu <strong>Horizont Eur\u00f3pa<\/strong> n\u00e1jdete <a href=\"https:\/\/eraportal.sk\/horizont-europa\/\">na na\u0161ej webstr\u00e1nke. <\/a>\u00a0<\/p><p>Text a video: L\u00fddia Kokavcov\u00e1<\/p>\t\t\t\t\t\t\t\t<\/div>\n\t\t\t\t<\/div>\n\t\t\t\t\t<\/div>\n\t\t\t\t<\/div>\n\t\t<div class=\"elementor-element elementor-element-a8cca56 e-flex e-con-boxed e-con e-parent\" data-id=\"a8cca56\" data-element_type=\"container\">\n\t\t\t\t\t<div class=\"e-con-inner\">\n\t\t\t\t<div class=\"elementor-element elementor-element-78126ff elementor-widget elementor-widget-video\" data-id=\"78126ff\" data-element_type=\"widget\" data-settings=\"{&quot;video_type&quot;:&quot;hosted&quot;,&quot;controls&quot;:&quot;yes&quot;}\" data-widget_type=\"video.default\">\n\t\t\t\t<div class=\"elementor-widget-container\">\n\t\t\t\t\t\t\t<div class=\"e-hosted-video elementor-wrapper elementor-open-inline\">\n\t\t\t\t\t<video class=\"elementor-video\" src=\"https:\/\/eraportal.sk\/horizont-europa\/wp-content\/uploads\/sites\/4\/2025\/08\/LignoSilva-FINALhor-Video3.mp4\" controls=\"\" preload=\"metadata\" controlsList=\"nodownload\"><\/video>\n\t\t\t\t<\/div>\n\t\t\t\t\t\t<\/div>\n\t\t\t\t<\/div>\n\t\t\t\t\t<\/div>\n\t\t\t\t<\/div>\n\t\t<div class=\"elementor-element elementor-element-55ae62b e-flex e-con-boxed e-con e-parent\" data-id=\"55ae62b\" data-element_type=\"container\">\n\t\t\t\t\t<div class=\"e-con-inner\">\n\t\t\t\t<div class=\"elementor-element elementor-element-af40710 elementor-widget elementor-widget-heading\" data-id=\"af40710\" data-element_type=\"widget\" data-widget_type=\"heading.default\">\n\t\t\t\t<div class=\"elementor-widget-container\">\n\t\t\t\t\t<h2 class=\"elementor-heading-title elementor-size-default\">Divadlo bez domova je in\u0161pir\u00e1ciou naprie\u010d Eur\u00f3pou<\/h2>\t\t\t\t<\/div>\n\t\t\t\t<\/div>\n\t\t\t\t\t<\/div>\n\t\t\t\t<\/div>\n\t\t<div class=\"elementor-element elementor-element-42231ed e-grid e-con-boxed e-con e-parent\" data-id=\"42231ed\" data-element_type=\"container\">\n\t\t\t\t\t<div class=\"e-con-inner\">\n\t\t\t\t<div class=\"elementor-element elementor-element-4311cb8 elementor-widget elementor-widget-text-editor\" data-id=\"4311cb8\" data-element_type=\"widget\" data-widget_type=\"text-editor.default\">\n\t\t\t\t<div class=\"elementor-widget-container\">\n\t\t\t\t\t\t\t\t\t<p><em>\u201ePred dvomi rokmi oslovil Nicolas, ve\u013emi \u0161ikovn\u00fd mu\u017e z Nov\u00e9ho Z\u00e9landu, ktor\u00fd pracuje na tamoj\u0161ej univerzite. Vraj dostal na n\u00e1s kontakt a tip od istej srbskej organiz\u00e1cie, s ktorou sme nieko\u013eko rokov spolupracovali. Nicolas h\u013eadal potenci\u00e1lneho partnera do projektu,\u201c<\/em> opisuje divadeln\u00fd re\u017eis\u00e9r a\u00a0princip\u00e1l <strong><a href=\"http:\/\/bbpt.divadlobezdomova.sk\/divadlobezdomova\/WELCOME.html\">Divadla bez domova<\/a>,<\/strong> Patrik Krebs, cestu k programu <strong>Horizont Eur\u00f3pa<\/strong>. Predch\u00e1dzalo jej ve\u013ea ne\u010dakan\u00fdch okamihov, ale najm\u00e4 mno\u017estvo tvorivej pr\u00e1ce.<\/p><p>Znie to ne\u010dakane, ale pr\u00edle\u017eitos\u0165ou pre umenie s\u00fa aj s\u00fa\u010dasn\u00e9 migra\u010dn\u00e9 vlny a s nimi spojen\u00e9 v\u00fdzvy na soci\u00e1lne za\u010dle\u0148ovanie, zachovanie rozmanitosti a z\u00e1rove\u0148 s\u00fadr\u017enosti. Pr\u00e1ve v Divadle bez domova maj\u00fa s inkl\u00faziou a prekon\u00e1van\u00edm z\u00e1\u0165a\u017eov\u00fdch situ\u00e1ci\u00ed dlhoro\u010dn\u00e9 sk\u00fasenosti. <em>\u201ePon\u00fakame postupy, ktor\u00e9 m\u00f4\u017eu in\u0161pirova\u0165 aj \u013eud\u00ed pracuj\u00facich v inej oblasti, napr\u00edklad s de\u0165mi z\u00a0vyl\u00fa\u010den\u00fdch komun\u00edt alebo nekompletn\u00fdch rod\u00edn. Na\u0161ou pr\u00e1cou ich chceme motivova\u0165 a vzdel\u00e1va\u0165,\u201c<\/em> hovor\u00ed Patrik Krebs. Pr\u00e1ve <strong>sk\u00faman\u00edm r\u00f4znych umeleck\u00fdch met\u00f3d<\/strong> sa daj\u00fa <strong>zlep\u0161i\u0165 medzikult\u00farne kompetencie<\/strong> a\u00a0<strong>posilni\u0165 inkl\u00fazia det\u00ed a\u00a0mlad\u00fdch \u013eud\u00ed<\/strong> v\u00a0Eur\u00f3pe aj mimo nej.<\/p><p>V Divadle spo\u010diatku v\u00e1hali, \u010di maj\u00fa ponuku do <strong><a href=\"https:\/\/cordis.europa.eu\/project\/id\/101177351\">projektu INTRACOMP<\/a><\/strong> prija\u0165 \u2013 a to aj napriek tomu, \u017ee ide o etablovan\u00fa zna\u010dku bratislavsk\u00e9ho umeleck\u00e9ho \u017eivota. Sk\u00fasenosti mali toti\u017e najm\u00e4 s ove\u013ea men\u0161\u00edmi projektmi a ke\u010f\u017ee dbaj\u00fa na svoju dobr\u00fa poves\u0165 a renom\u00e9, nechceli s\u013e\u00fabi\u0165 nie\u010do, \u010do by nesk\u00f4r nemohli splni\u0165. <em>\u201eNeboli sme si celkom ist\u00ed, \u010di v\u00f4bec sa m\u00e1me odv\u00e1\u017ei\u0165 na tak\u00fato ve\u013ek\u00fa spolupr\u00e1cu. Tak\u017ee okrem in\u00e9ho sme Nicolasa pozvali k n\u00e1m, aby n\u00e1s e\u0161te v pr\u00edpravnej f\u00e1ze nav\u0161t\u00edvil osobne. A vtedy sme dostali definit\u00edvnu ponuku &#8211; a radi sme na \u0148u zareagovali. Dnes mus\u00edm skon\u0161tatova\u0165, \u017ee sme ve\u013emi radi, \u017ee sme sa odv\u00e1\u017eili,\u201c<\/em> kon\u0161tatuje Patrik Krebs. \u00a0<\/p><p>Aktu\u00e1lne inform\u00e1cie o v\u00fdzvach, kontakty a podujatia t\u00fdkaj\u00face sa programu <strong>Horizont Eur\u00f3pa<\/strong> n\u00e1jdete <a href=\"https:\/\/eraportal.sk\/horizont-europa\/\">na na\u0161ej webstr\u00e1nke. <\/a>\u00a0<\/p><p>Text a video: L\u00fddia Kokavcov\u00e1<\/p>\t\t\t\t\t\t\t\t<\/div>\n\t\t\t\t<\/div>\n\t\t\t\t<div class=\"elementor-element elementor-element-45e59ba elementor-widget elementor-widget-video\" data-id=\"45e59ba\" data-element_type=\"widget\" data-settings=\"{&quot;video_type&quot;:&quot;hosted&quot;,&quot;controls&quot;:&quot;yes&quot;}\" data-widget_type=\"video.default\">\n\t\t\t\t<div class=\"elementor-widget-container\">\n\t\t\t\t\t\t\t<div class=\"e-hosted-video elementor-wrapper elementor-open-inline\">\n\t\t\t\t\t<video class=\"elementor-video\" src=\"https:\/\/eraportal.sk\/horizont-europa\/wp-content\/uploads\/sites\/4\/2025\/08\/Divadlo-bez-domova6.mp4\" controls=\"\" preload=\"metadata\" controlsList=\"nodownload\"><\/video>\n\t\t\t\t<\/div>\n\t\t\t\t\t\t<\/div>\n\t\t\t\t<\/div>\n\t\t\t\t\t<\/div>\n\t\t\t\t<\/div>\n\t\t<div class=\"elementor-element elementor-element-1c7e3f9 e-flex e-con-boxed e-con e-parent\" data-id=\"1c7e3f9\" data-element_type=\"container\">\n\t\t\t\t\t<div class=\"e-con-inner\">\n\t\t\t\t<div class=\"elementor-element elementor-element-1aaf07c elementor-widget elementor-widget-heading\" data-id=\"1aaf07c\" data-element_type=\"widget\" data-widget_type=\"heading.default\">\n\t\t\t\t<div class=\"elementor-widget-container\">\n\t\t\t\t\t<h2 class=\"elementor-heading-title elementor-size-default\">K v\u00fdrobe biohnoj\u00edv ich priviedla n\u00e1hoda<\/h2>\t\t\t\t<\/div>\n\t\t\t\t<\/div>\n\t\t\t\t\t<\/div>\n\t\t\t\t<\/div>\n\t\t<div class=\"elementor-element elementor-element-b51d203 e-flex e-con-boxed e-con e-parent\" data-id=\"b51d203\" data-element_type=\"container\">\n\t\t\t\t\t<div class=\"e-con-inner\">\n\t\t\t\t<div class=\"elementor-element elementor-element-1cc6df3 elementor-widget elementor-widget-text-editor\" data-id=\"1cc6df3\" data-element_type=\"widget\" data-widget_type=\"text-editor.default\">\n\t\t\t\t<div class=\"elementor-widget-container\">\n\t\t\t\t\t\t\t\t\t<p>V\u0161etci po\u013enohospod\u00e1ri alebo pestovate\u013esk\u00e9 firmy, ktor\u00fdm z\u00e1le\u017e\u00ed na kvalite p\u00f4dy, u\u017e roky poznaj\u00fa slovensk\u00fa firmu <a href=\"https:\/\/www.ekolive.sk\/\"><strong>Ekolive<\/strong><\/a>. A to aj za hranicami Slovenska, vr\u00e1tane kraj\u00edn subsaharskej Afriky. Ich biohnojiv\u00e1 &#8211; alebo <strong>biostimulanty &#8211; <\/strong>si v medzin\u00e1rodnom meradle z\u00edskavaj\u00fa \u010doraz v\u00e4\u010d\u0161iu popularitu. V\u010faka obsahu miner\u00e1lov, mikroorganizmov a ich enz\u00fdmov, <strong>p\u00f4du neza\u0165a\u017euj\u00fa<\/strong> a <strong>pom\u00e1haj\u00fa obnovi\u0165 jej organick\u00e9 funkcie<\/strong>.\u00a0<\/p><p><em>&#8222;Za v\u0161etko m\u00f4\u017ee n\u00e1hoda,&#8220;<\/em> tvrd\u00ed konate\u013e spolo\u010dnosti Jaroslav \u0160uba. P\u00f4vodne sa toti\u017e venovali pou\u017e\u00edvaniu bakt\u00e9ri\u00ed na \u010distenie p\u00f4dy, \u00fapravu miner\u00e1lnych nerastov a extrakciu kovov z priemyseln\u00fdch odpadov. <em>&#8222;Kontrol\u00f3ri v jednej z eur\u00f3pskych kraj\u00edn, kde sme robili v\u00fdskum, boli ve\u013emi pr\u00edsni. Chceli od n\u00e1s potvrdenie, \u017ee v\u00fdluh, ktor\u00fdm \u010dist\u00edme nerastn\u00e9 suroviny, je naozaj organick\u00fd. Zistili sme, \u017ee tam, kde sme ho vylievali, za\u010dala r\u00e1s\u0165 vysok\u00e1 zelen\u00e1 tr\u00e1va,&#8220;<\/em> opisuje takmer flemingovsk\u00e9 podmienky objavu Jaroslav \u0160uba. Spolu s v\u00fdskumn\u00ed\u010dkou Darinou \u0160tyriakovou sa teda vydali cestou v\u00fdskumu a v\u00fdroby biostimulantov. V\u00fdluh z miner\u00e1lov obsahuje prvky d\u00f4le\u017eit\u00e9 pre po\u013enohospod\u00e1rstvo, ako je \u017eelezo, mang\u00e1n, zinok a hor\u010d\u00edk.<\/p><p>O financovanie z programu Horizont Eur\u00f3pa sa uch\u00e1dzali nieko\u013ekokr\u00e1t. Oplatilo sa, z\u00edskali ho hne\u010f na dva projekty. Jedn\u00fdm z nich je <strong><a href=\"https:\/\/cordis.europa.eu\/project\/id\/101080377\">C-Sink<\/a><\/strong>, podporuj\u00faci zadr\u017eiavanie uhl\u00edka v p\u00f4de, aby sa nedost\u00e1val do ovzdu\u0161ia v podobe \u0161kodliv\u00e9ho CO2. <em>&#8222;Hoci nie sme ve\u013ek\u00e1 firma, stali sme sa s\u00fa\u010das\u0165ou glob\u00e1lneho v\u00fdskumu. V\u010faka Horizontu Eur\u00f3pa sme sa nau\u010dili rozm\u00fd\u0161\u013ea\u0165 celkom inak, medzin\u00e1rodn\u00e9 konzorcium n\u00e1s v\u00fdznamne posunulo vpred,&#8220;<\/em> kon\u0161tatuje Jaroslav \u0160uba.<\/p><p>Aktu\u00e1lne inform\u00e1cie o v\u00fdzvach, kontakty a podujatia t\u00fdkaj\u00face sa programu <strong>Horizont Eur\u00f3pa<\/strong> n\u00e1jdete <a href=\"https:\/\/eraportal.sk\/horizont-europa\/\">na na\u0161ej webstr\u00e1nke. <\/a><\/p><p>Text a video: L\u00fddia Kokavcov\u00e1<\/p>\t\t\t\t\t\t\t\t<\/div>\n\t\t\t\t<\/div>\n\t\t\t\t\t<\/div>\n\t\t\t\t<\/div>\n\t\t<div class=\"elementor-element elementor-element-88f4d52 e-flex e-con-boxed e-con e-parent\" data-id=\"88f4d52\" data-element_type=\"container\">\n\t\t\t\t\t<div class=\"e-con-inner\">\n\t\t\t\t<div class=\"elementor-element elementor-element-9cec344 elementor-widget elementor-widget-video\" data-id=\"9cec344\" data-element_type=\"widget\" data-settings=\"{&quot;video_type&quot;:&quot;hosted&quot;,&quot;controls&quot;:&quot;yes&quot;}\" data-widget_type=\"video.default\">\n\t\t\t\t<div class=\"elementor-widget-container\">\n\t\t\t\t\t\t\t<div class=\"e-hosted-video elementor-wrapper elementor-open-inline\">\n\t\t\t\t\t<video class=\"elementor-video\" src=\"https:\/\/eraportal.sk\/horizont-europa\/wp-content\/uploads\/sites\/4\/2025\/10\/Ekolive7.mp4\" controls=\"\" preload=\"metadata\" controlsList=\"nodownload\"><\/video>\n\t\t\t\t<\/div>\n\t\t\t\t\t\t<\/div>\n\t\t\t\t<\/div>\n\t\t\t\t\t<\/div>\n\t\t\t\t<\/div>\n\t\t\t\t<\/div>\n\t\t","protected":false},"excerpt":{"rendered":"<p>Poznaj\u00fa vz\u00e1cnos\u0165 dreva, pred \u00fapravou ho skenuj\u00fa Chceli nap\u00edsa\u0165 dobr\u00fd projekt, aby z\u00edskali financie na inov\u00e1cie v oblasti spracovania dreva &#8211; tak\u00fd bol z\u00e1mer v\u00fdskumn\u00edkov a v\u00fdskumn\u00ed\u010dok z Centra excelentnosti LignoSilva, ktor\u00e9 patr\u00ed pod N\u00e1rodn\u00e9 lesn\u00edcke centrum vo Zvolene. &#8222;Na t\u00fd\u017ede\u0148 sme sa ubytovali v hor\u00e1ch, aby n\u00e1s ni\u010d a nikto neru\u0161il. Ka\u017ed\u00fd de\u0148 sme [&hellip;]<\/p>\n","protected":false},"author":13,"featured_media":0,"parent":45,"menu_order":0,"comment_status":"closed","ping_status":"closed","template":"","meta":{"_acf_changed":false,"footnotes":""},"class_list":["post-27896","page","type-page","status-publish","hentry"],"yoast_head":"<!-- This site is optimized with the Yoast SEO plugin v24.4 - https:\/\/yoast.com\/wordpress\/plugins\/seo\/ -->\n<title>Pr\u00edbehy \u00faspe\u0161n\u00fdch - Horizont Eur\u00f3pa<\/title>\n<meta name=\"description\" content=\"Pr\u00edbehy \u00faspe\u0161n\u00fdch - In\u0161pir\u00e1cia pre vedu, inov\u00e1cie a samospr\u00e1vu \u2013 re\u00e1lne pr\u00edklady z prostredia ERA, ktor\u00e9 menia politiku aj spolo\u010dnos\u0165.\" \/>\n<meta name=\"robots\" content=\"index, follow, max-snippet:-1, max-image-preview:large, max-video-preview:-1\" \/>\n<link rel=\"canonical\" href=\"https:\/\/eraportal.sk\/horizont-europa\/heu-o-programe\/pribehy-uspesnych\/\" \/>\n<meta property=\"og:locale\" content=\"sk_SK\" \/>\n<meta property=\"og:type\" content=\"article\" \/>\n<meta property=\"og:title\" content=\"Pr\u00edbehy \u00faspe\u0161n\u00fdch - Horizont Eur\u00f3pa\" \/>\n<meta property=\"og:description\" content=\"Pr\u00edbehy \u00faspe\u0161n\u00fdch - In\u0161pir\u00e1cia pre vedu, inov\u00e1cie a samospr\u00e1vu \u2013 re\u00e1lne pr\u00edklady z prostredia ERA, ktor\u00e9 menia politiku aj spolo\u010dnos\u0165.\" \/>\n<meta property=\"og:url\" content=\"https:\/\/eraportal.sk\/horizont-europa\/heu-o-programe\/pribehy-uspesnych\/\" \/>\n<meta property=\"og:site_name\" content=\"Horizont Eur\u00f3pa\" \/>\n<meta property=\"article:modified_time\" content=\"2025-10-14T13:16:40+00:00\" \/>\n<meta name=\"twitter:card\" content=\"summary_large_image\" \/>\n<meta name=\"twitter:label1\" content=\"Predpokladan\u00fd \u010das \u010d\u00edtania\" \/>\n\t<meta name=\"twitter:data1\" content=\"5 min\u00fat\" \/>\n<script type=\"application\/ld+json\" class=\"yoast-schema-graph\">{\"@context\":\"https:\/\/schema.org\",\"@graph\":[{\"@type\":\"WebPage\",\"@id\":\"https:\/\/eraportal.sk\/horizont-europa\/heu-o-programe\/pribehy-uspesnych\/\",\"url\":\"https:\/\/eraportal.sk\/horizont-europa\/heu-o-programe\/pribehy-uspesnych\/\",\"name\":\"Pr\u00edbehy \u00faspe\u0161n\u00fdch - Horizont Eur\u00f3pa\",\"isPartOf\":{\"@id\":\"https:\/\/eraportal.sk\/horizont-europa\/#website\"},\"datePublished\":\"2025-08-01T09:12:38+00:00\",\"dateModified\":\"2025-10-14T13:16:40+00:00\",\"description\":\"Pr\u00edbehy \u00faspe\u0161n\u00fdch - In\u0161pir\u00e1cia pre vedu, inov\u00e1cie a samospr\u00e1vu \u2013 re\u00e1lne pr\u00edklady z prostredia ERA, ktor\u00e9 menia politiku aj spolo\u010dnos\u0165.\",\"breadcrumb\":{\"@id\":\"https:\/\/eraportal.sk\/horizont-europa\/heu-o-programe\/pribehy-uspesnych\/#breadcrumb\"},\"inLanguage\":\"sk-SK\",\"potentialAction\":[{\"@type\":\"ReadAction\",\"target\":[\"https:\/\/eraportal.sk\/horizont-europa\/heu-o-programe\/pribehy-uspesnych\/\"]}]},{\"@type\":\"BreadcrumbList\",\"@id\":\"https:\/\/eraportal.sk\/horizont-europa\/heu-o-programe\/pribehy-uspesnych\/#breadcrumb\",\"itemListElement\":[{\"@type\":\"ListItem\",\"position\":1,\"name\":\"Domovsk\u00e1 str\u00e1nka\",\"item\":\"https:\/\/eraportal.sk\/horizont-europa\/\"},{\"@type\":\"ListItem\",\"position\":2,\"name\":\"O programe\",\"item\":\"https:\/\/eraportal.sk\/horizont-europa\/heu-o-programe\/\"},{\"@type\":\"ListItem\",\"position\":3,\"name\":\"Pr\u00edbehy \u00faspe\u0161n\u00fdch\"}]},{\"@type\":\"WebSite\",\"@id\":\"https:\/\/eraportal.sk\/horizont-europa\/#website\",\"url\":\"https:\/\/eraportal.sk\/horizont-europa\/\",\"name\":\"Horizont Eur\u00f3pa\",\"description\":\"\",\"publisher\":{\"@id\":\"https:\/\/eraportal.sk\/horizont-europa\/#organization\"},\"potentialAction\":[{\"@type\":\"SearchAction\",\"target\":{\"@type\":\"EntryPoint\",\"urlTemplate\":\"https:\/\/eraportal.sk\/horizont-europa\/?s={search_term_string}\"},\"query-input\":{\"@type\":\"PropertyValueSpecification\",\"valueRequired\":true,\"valueName\":\"search_term_string\"}}],\"inLanguage\":\"sk-SK\"},{\"@type\":\"Organization\",\"@id\":\"https:\/\/eraportal.sk\/horizont-europa\/#organization\",\"name\":\"Horizont Eur\u00f3pa\",\"url\":\"https:\/\/eraportal.sk\/horizont-europa\/\",\"logo\":{\"@type\":\"ImageObject\",\"inLanguage\":\"sk-SK\",\"@id\":\"https:\/\/eraportal.sk\/horizont-europa\/#\/schema\/logo\/image\/\",\"url\":\"https:\/\/eraportal.sk\/horizont-europa\/wp-content\/uploads\/sites\/4\/2024\/02\/Favicon_HEU.png\",\"contentUrl\":\"https:\/\/eraportal.sk\/horizont-europa\/wp-content\/uploads\/sites\/4\/2024\/02\/Favicon_HEU.png\",\"width\":512,\"height\":512,\"caption\":\"Horizont Eur\u00f3pa\"},\"image\":{\"@id\":\"https:\/\/eraportal.sk\/horizont-europa\/#\/schema\/logo\/image\/\"}}]}<\/script>\n<!-- \/ Yoast SEO plugin. -->","yoast_head_json":{"title":"Pr\u00edbehy \u00faspe\u0161n\u00fdch - Horizont Eur\u00f3pa","description":"Pr\u00edbehy \u00faspe\u0161n\u00fdch - In\u0161pir\u00e1cia pre vedu, inov\u00e1cie a samospr\u00e1vu \u2013 re\u00e1lne pr\u00edklady z prostredia ERA, ktor\u00e9 menia politiku aj spolo\u010dnos\u0165.","robots":{"index":"index","follow":"follow","max-snippet":"max-snippet:-1","max-image-preview":"max-image-preview:large","max-video-preview":"max-video-preview:-1"},"canonical":"https:\/\/eraportal.sk\/horizont-europa\/heu-o-programe\/pribehy-uspesnych\/","og_locale":"sk_SK","og_type":"article","og_title":"Pr\u00edbehy \u00faspe\u0161n\u00fdch - Horizont Eur\u00f3pa","og_description":"Pr\u00edbehy \u00faspe\u0161n\u00fdch - In\u0161pir\u00e1cia pre vedu, inov\u00e1cie a samospr\u00e1vu \u2013 re\u00e1lne pr\u00edklady z prostredia ERA, ktor\u00e9 menia politiku aj spolo\u010dnos\u0165.","og_url":"https:\/\/eraportal.sk\/horizont-europa\/heu-o-programe\/pribehy-uspesnych\/","og_site_name":"Horizont Eur\u00f3pa","article_modified_time":"2025-10-14T13:16:40+00:00","twitter_card":"summary_large_image","twitter_misc":{"Predpokladan\u00fd \u010das \u010d\u00edtania":"5 min\u00fat"},"schema":{"@context":"https:\/\/schema.org","@graph":[{"@type":"WebPage","@id":"https:\/\/eraportal.sk\/horizont-europa\/heu-o-programe\/pribehy-uspesnych\/","url":"https:\/\/eraportal.sk\/horizont-europa\/heu-o-programe\/pribehy-uspesnych\/","name":"Pr\u00edbehy \u00faspe\u0161n\u00fdch - Horizont Eur\u00f3pa","isPartOf":{"@id":"https:\/\/eraportal.sk\/horizont-europa\/#website"},"datePublished":"2025-08-01T09:12:38+00:00","dateModified":"2025-10-14T13:16:40+00:00","description":"Pr\u00edbehy \u00faspe\u0161n\u00fdch - In\u0161pir\u00e1cia pre vedu, inov\u00e1cie a samospr\u00e1vu \u2013 re\u00e1lne pr\u00edklady z prostredia ERA, ktor\u00e9 menia politiku aj spolo\u010dnos\u0165.","breadcrumb":{"@id":"https:\/\/eraportal.sk\/horizont-europa\/heu-o-programe\/pribehy-uspesnych\/#breadcrumb"},"inLanguage":"sk-SK","potentialAction":[{"@type":"ReadAction","target":["https:\/\/eraportal.sk\/horizont-europa\/heu-o-programe\/pribehy-uspesnych\/"]}]},{"@type":"BreadcrumbList","@id":"https:\/\/eraportal.sk\/horizont-europa\/heu-o-programe\/pribehy-uspesnych\/#breadcrumb","itemListElement":[{"@type":"ListItem","position":1,"name":"Domovsk\u00e1 str\u00e1nka","item":"https:\/\/eraportal.sk\/horizont-europa\/"},{"@type":"ListItem","position":2,"name":"O programe","item":"https:\/\/eraportal.sk\/horizont-europa\/heu-o-programe\/"},{"@type":"ListItem","position":3,"name":"Pr\u00edbehy \u00faspe\u0161n\u00fdch"}]},{"@type":"WebSite","@id":"https:\/\/eraportal.sk\/horizont-europa\/#website","url":"https:\/\/eraportal.sk\/horizont-europa\/","name":"Horizont Eur\u00f3pa","description":"","publisher":{"@id":"https:\/\/eraportal.sk\/horizont-europa\/#organization"},"potentialAction":[{"@type":"SearchAction","target":{"@type":"EntryPoint","urlTemplate":"https:\/\/eraportal.sk\/horizont-europa\/?s={search_term_string}"},"query-input":{"@type":"PropertyValueSpecification","valueRequired":true,"valueName":"search_term_string"}}],"inLanguage":"sk-SK"},{"@type":"Organization","@id":"https:\/\/eraportal.sk\/horizont-europa\/#organization","name":"Horizont Eur\u00f3pa","url":"https:\/\/eraportal.sk\/horizont-europa\/","logo":{"@type":"ImageObject","inLanguage":"sk-SK","@id":"https:\/\/eraportal.sk\/horizont-europa\/#\/schema\/logo\/image\/","url":"https:\/\/eraportal.sk\/horizont-europa\/wp-content\/uploads\/sites\/4\/2024\/02\/Favicon_HEU.png","contentUrl":"https:\/\/eraportal.sk\/horizont-europa\/wp-content\/uploads\/sites\/4\/2024\/02\/Favicon_HEU.png","width":512,"height":512,"caption":"Horizont Eur\u00f3pa"},"image":{"@id":"https:\/\/eraportal.sk\/horizont-europa\/#\/schema\/logo\/image\/"}}]}},"acf":[],"_links":{"self":[{"href":"https:\/\/eraportal.sk\/horizont-europa\/wp-json\/wp\/v2\/pages\/27896","targetHints":{"allow":["GET"]}}],"collection":[{"href":"https:\/\/eraportal.sk\/horizont-europa\/wp-json\/wp\/v2\/pages"}],"about":[{"href":"https:\/\/eraportal.sk\/horizont-europa\/wp-json\/wp\/v2\/types\/page"}],"author":[{"embeddable":true,"href":"https:\/\/eraportal.sk\/horizont-europa\/wp-json\/wp\/v2\/users\/13"}],"replies":[{"embeddable":true,"href":"https:\/\/eraportal.sk\/horizont-europa\/wp-json\/wp\/v2\/comments?post=27896"}],"version-history":[{"count":52,"href":"https:\/\/eraportal.sk\/horizont-europa\/wp-json\/wp\/v2\/pages\/27896\/revisions"}],"predecessor-version":[{"id":28497,"href":"https:\/\/eraportal.sk\/horizont-europa\/wp-json\/wp\/v2\/pages\/27896\/revisions\/28497"}],"up":[{"embeddable":true,"href":"https:\/\/eraportal.sk\/horizont-europa\/wp-json\/wp\/v2\/pages\/45"}],"wp:attachment":[{"href":"https:\/\/eraportal.sk\/horizont-europa\/wp-json\/wp\/v2\/media?parent=27896"}],"curies":[{"name":"wp","href":"https:\/\/api.w.org\/{rel}","templated":true}]}}