    {"id":27855,"date":"2025-07-31T09:01:44","date_gmt":"2025-07-31T07:01:44","guid":{"rendered":"https:\/\/eraportal.sk\/horizont-europa\/?page_id=27855"},"modified":"2026-01-13T14:55:57","modified_gmt":"2026-01-13T13:55:57","slug":"burzy-partnerov","status":"publish","type":"page","link":"https:\/\/eraportal.sk\/horizont-europa\/domov\/burzy-partnerov\/","title":{"rendered":"Burzy partnerov"},"content":{"rendered":"\t\t<div data-elementor-type=\"wp-page\" data-elementor-id=\"27855\" class=\"elementor elementor-27855\" data-elementor-post-type=\"page\">\n\t\t\t\t<div class=\"elementor-element elementor-element-ad59f5b e-flex e-con-boxed e-con e-parent\" data-id=\"ad59f5b\" data-element_type=\"container\">\n\t\t\t\t\t<div class=\"e-con-inner\">\n\t\t\t\t<div class=\"elementor-element elementor-element-c6a9839 elementor-widget elementor-widget-text-editor\" data-id=\"c6a9839\" data-element_type=\"widget\" data-widget_type=\"text-editor.default\">\n\t\t\t\t<div class=\"elementor-widget-container\">\n\t\t\t\t\t\t\t\t\t<p>Prin\u00e1\u0161ame v\u00e1m preh\u013ead podujat\u00ed, sl\u00fa\u017eiacich ako platforma pri budovan\u00ed profesion\u00e1lnych kontaktov a partnerstiev. Vo v\u0161eobecnosti s\u00fa networkingov\u00e9 podujatia miestom stret\u00e1vania sa odborn\u00edkov a nadv\u00e4zovania spolupr\u00e1ce. Rozdiely v aktivit\u00e1ch s\u00fa nasledovn\u00e9:<\/p><p><strong>Matchmaking event \/ matchmakingov\u00e9 podujatie<\/strong> &#8211; \u0161trukt\u00farovan\u00e9 podujatie, kde sa \u00fa\u010dastn\u00edci (firmy, v\u00fdskumn\u00edci alebo podnikatelia) na z\u00e1klade spolo\u010dn\u00fdch z\u00e1ujmov vopred dohodn\u00fa na dvojiciach (p\u00e1rovanie) s cie\u013eom individu\u00e1lneho stretnutia. Prvkami matchmakingov\u00e9ho podujatia je registr\u00e1cia na platforme (b2b match, b2match), vyh\u013eadanie potenci\u00e1lneho partnera a pl\u00e1novan\u00e9 stretnutie v trvan\u00ed 20-30 min\u00fat.\u00a0Uskuto\u010d\u0148uje sa spravidla v r\u00e1mci v\u00fdziev na financovanie z E\u00da, ve\u013etrhov alebo inova\u010dn\u00fdch summitov.<\/p><p><strong>Brokerage event \/ burza partnerov<\/strong> \u2013 je zameran\u00e1 na sp\u00e1janie partnerov (mal\u00e9 a stredn\u00e9 podniky, univerzity a v\u00fdskumn\u00e9 centr\u00e1) s d\u00f4razom na konkr\u00e9tne v\u00fdzvy, programy financovania alebo priemyseln\u00e9 odvetvia. Prim\u00e1rnym cie\u013eom je budovanie konzorci\u00ed alebo h\u013eadanie partnerov pre projekty financovan\u00e9 E\u00da (Horizont Eur\u00f3pa, CBE JU a pod.). S\u00fa\u010das\u0165ou burzy partnerov m\u00f4\u017ee by\u0165 aj mo\u017enos\u0165 <strong>pitch prezent\u00e1cie<\/strong>, v ktorej z\u00e1ujemca o grant stru\u010dne predstav\u00ed svoj projektov\u00fd z\u00e1mer.<\/p><p><strong>Networking event \/ sie\u0165ovacie podujatie<\/strong> &#8211; neform\u00e1lnej\u0161ie alebo \u010diasto\u010dne \u0161trukt\u00farovan\u00e9 stretnutie, ktor\u00e9ho cie\u013eom je pom\u00f4c\u0165 budova\u0165 si kontakty v spolo\u010denskom alebo profesion\u00e1lnom prostred\u00ed.<\/p><p><strong>Open day \/ De\u0148 otvoren\u00fdch dver\u00ed<\/strong> &#8211; podujatie, ktor\u00e9 spravidla organizuj\u00fa univerzity alebo vzdel\u00e1vacie in\u0161tit\u00facie. Poz\u00fdvaj\u00fa verejnos\u0165, najm\u00e4 potenci\u00e1lnych \u0161tudentov alebo pracovn\u00edkov na n\u00e1v\u0161tevu a prehliadku priestorov, zozn\u00e1menie sa s ponukou aktiv\u00edt a \u017eivotom v in\u0161tit\u00facii.<\/p><p><strong><em>Centrum vedecko-technick\u00fdch inform\u00e1ci\u00ed SR<\/em><\/strong> poskytuje finan\u010dn\u00fa podporu spojen\u00fa s \u00fa\u010das\u0165ou na podujatiach t\u00fdkaj\u00facich sa programu sch\u00e9my WIDERA v programe Horizont Eur\u00f3pa. Pr\u00edpadn\u00e9 ot\u00e1zky adresujte na <strong>cestovnegranty@cvtisr.sk.<\/strong><\/p>\t\t\t\t\t\t\t\t<\/div>\n\t\t\t\t<\/div>\n\t\t\t\t\t<\/div>\n\t\t\t\t<\/div>\n\t\t<div class=\"elementor-element elementor-element-f93bafb e-flex e-con-boxed e-con e-parent\" data-id=\"f93bafb\" data-element_type=\"container\">\n\t\t\t\t\t<div class=\"e-con-inner\">\n\t\t\t\t<div class=\"elementor-element elementor-element-d61c0c9 elementor-widget__width-initial elementor-widget elementor-widget-text-editor\" data-id=\"d61c0c9\" data-element_type=\"widget\" data-widget_type=\"text-editor.default\">\n\t\t\t\t<div class=\"elementor-widget-container\">\n\t\t\t\t\t\t\t\t\t<p>\u00a0<\/p><table><tbody><tr><td width=\"105\"><strong>N\u00e1zov podujatia\u00a0 \u00a0 \u00a0 \u00a0<\/strong><\/td><td width=\"131\"><strong>Oblas\u0165<\/strong><\/td><td width=\"91\"><strong>Term\u00edn<\/strong><\/td><td width=\"58\"><strong>Form\u00e1t<\/strong><\/td><td width=\"108\"><strong>Miesto<\/strong><\/td><td width=\"312\"><strong>Registr\u00e1cia<\/strong><\/td><td width=\"269\"><strong>Podrobnosti<\/strong><\/td><\/tr><tr><td colspan=\"7\" width=\"1074\"><p><strong>BROKERAGE \/ MATCHMAKING EVENTS<\/strong><\/p><p><strong>\u00a0<\/strong><\/p><\/td><\/tr><tr><td width=\"105\">Cluster Health Horizon Europe Brokerage Event 2026<\/td><td width=\"131\"><strong>zdravie<\/strong>, n\u00e1stroje v oblasti zdravia, digit\u00e1lne zdravie, zdravotn\u00edcke syst\u00e9my, verejn\u00e9 zdravie, participat\u00edvne pr\u00edstupy<\/td><td width=\"91\">26.-30. janu\u00e1r 2026<\/td><td width=\"58\">online<\/td><td width=\"108\">\u00a0<\/td><td width=\"312\"><a href=\"https:\/\/www.b2match.com\/e\/cluster-health-horizon-europe-brokerage-2026\/sign-up\/create-account\">https:\/\/www.b2match.com\/e\/cluster-health-horizon-europe-brokerage-2026\/sign-up\/create-account<\/a><\/td><td width=\"269\"><a href=\"https:\/\/www.b2match.com\/e\/cluster-health-horizon-europe-brokerage-2026\">https:\/\/www.b2match.com\/e\/cluster-health-horizon-europe-brokerage-2026<\/a><\/td><\/tr><tr><td width=\"105\">Info Day and Brokerage Event: AI \u2013 Data \u2013 Robotics<\/td><td width=\"131\"><strong>Klaster 4<\/strong>, robotika, AI, program Digit\u00e1lna Eur\u00f3pa<\/td><td width=\"91\">28. janu\u00e1r 2026<\/td><td width=\"58\">hybrid<\/td><td width=\"108\">Covent Garden Place Rogier 16, 1210 &#8211; Saint-Josse-Ten-Noode, Brusel, Belgicko<\/td><td width=\"312\"><a href=\"https:\/\/adr-association.eu\/form\/futureready-online-registration2\">https:\/\/adr-association.eu\/form\/futureready-online-registration2<\/a><\/td><td width=\"269\"><a href=\"https:\/\/adr-association.eu\/events\/info-and-brokerage-event-2026\">https:\/\/adr-association.eu\/events\/info-and-brokerage-event-2026<\/a><\/td><\/tr><tr><td width=\"105\">Horizon Europe Missions Brokerage Event 2026<\/td><td width=\"131\"><strong>misie<\/strong> &#8211; klimatick\u00e1 zmena, rakovina, obnova oce\u00e1nov a v\u00f4d do roku 2030, klimaticky neutr\u00e1lne a inteligentn\u00e9 mest\u00e1, dohoda o p\u00f4de pre Eur\u00f3pu<\/td><td width=\"91\">28.-29. janu\u00e1r 2026<\/td><td width=\"58\"><p>\u00a0<\/p>online<p>\u00a0<\/p><\/td><td width=\"108\">\u00a0<\/td><td width=\"312\"><a href=\"https:\/\/www.b2match.com\/e\/missions-horizon-europe-brokerage-2026\/sign-up\/create-account\">https:\/\/www.b2match.com\/e\/missions-horizon-europe-brokerage-2026\/sign-up\/create-account<\/a><\/td><td width=\"269\"><a href=\"https:\/\/www.b2match.com\/e\/missions-horizon-europe-brokerage-2026\">https:\/\/www.b2match.com\/e\/missions-horizon-europe-brokerage-2026<\/a><\/td><\/tr><tr><td width=\"105\">ALICE Brokerage event Horizon Europe 2026<\/td><td width=\"131\"><strong>logistika,<\/strong> dod\u00e1vate\u013esk\u00e9 re\u0165azce, digit\u00e1lne inov\u00e1cie, v\u00fdskumn\u00e1 spolupr\u00e1ca<\/td><td width=\"91\">2.-3. febru\u00e1r 2026<\/td><td width=\"58\">on-site<\/td><td width=\"108\">Tangla Hotel, Avenue Emmanuel Mounier 5, 1200 Brusel, Belgicko<\/td><td width=\"312\"><a href=\"https:\/\/www.b2match.com\/e\/alice-brokerage-he-2026\/sign-up\/create-account\">https:\/\/www.b2match.com\/e\/alice-brokerage-he-2026\/sign-up\/create-account<\/a><\/td><td width=\"269\"><a href=\"https:\/\/www.etp-logistics.eu\/agendabrokerageevent2026\/\">https:\/\/www.etp-logistics.eu\/agendabrokerageevent2026\/<\/a><\/td><\/tr><tr><td width=\"105\">ECS Brokerage Event 2026<\/td><td width=\"131\">Chips Joint Undertaking (Chips JU), <strong>elektronick\u00e9 komponenty a syst\u00e9my<\/strong> (ECS) v programe Horizont Eur\u00f3pa \/ Digit\u00e1lna Eur\u00f3pa<\/td><td width=\"91\">4.-5. febru\u00e1r 2026<\/td><td width=\"58\">on-site<\/td><td width=\"108\">The Egg, Rue Bara 175, 1070 Brusel, Belgicko<\/td><td width=\"312\"><a href=\"https:\/\/eu-ems.com\/register.asp?event_id=4912\">https:\/\/eu-ems.com\/register.asp?event_id=4912<\/a><\/td><td width=\"269\"><a href=\"https:\/\/ecs-brokerage-event.eu\/\">https:\/\/ecs-brokerage-event.eu\/<\/a><\/td><\/tr><tr><td width=\"105\">III International Brokerage Event on Green Hydrogen<\/td><td width=\"131\"><strong>zelen\u00fd vod\u00edk<\/strong> a jeho re\u0165azec, energetick\u00e1 transform\u00e1cia, udr\u017eate\u013enos\u0165 a priemysel<\/td><td width=\"91\">4.-13. febru\u00e1r 2026<\/td><td width=\"58\">hybrid<\/td><td width=\"108\">Palacio de congresos Casa Col\u00f3n, Plaza del Punto, 6.21003 Huelva, \u0160panielsko<\/td><td width=\"312\"><a href=\"https:\/\/www.b2match.com\/e\/h2v2026\/sign-up\/create-account\">https:\/\/www.b2match.com\/e\/h2v2026\/sign-up\/create-account<\/a><\/td><td width=\"269\"><a href=\"https:\/\/www.b2match.com\/e\/h2v2026\">https:\/\/www.b2match.com\/e\/h2v2026<\/a><\/td><\/tr><tr><td width=\"105\">KETs 2026 EU Brokerage Event<\/td><td width=\"131\"><strong>Klastre 4, 5 a 6<\/strong><\/td><td width=\"91\">5. febru\u00e1r 2026<\/td><td width=\"58\">hybrid<\/td><td width=\"108\">IHK Haus der Wirtschaft, Lammstrasse 13.17, 761 33 Karlsruhe, Nemecko<\/td><td width=\"312\"><a href=\"https:\/\/www.b2match.com\/e\/kets-2026\/sign-up\/create-account\">https:\/\/www.b2match.com\/e\/kets-2026\/sign-up\/create-account<\/a><\/td><td width=\"269\"><a href=\"https:\/\/www.b2match.com\/e\/kets-2026\/components\/60263\/info\">https:\/\/www.b2match.com\/e\/kets-2026\/components\/60263\/info<\/a><\/td><\/tr><tr><td width=\"105\">TEPPIES brokerage event for Horizon Europe Work programme 2026<\/td><td width=\"131\"><strong>Klaster 4 (textiln\u00e9 v\u00fdrobky bud\u00facnosti<\/strong> \u2013 Strategick\u00fd program v\u00fdskumu a inov\u00e1ci\u00ed (SRIA))<\/td><td width=\"91\">6. febru\u00e1r 2026<\/td><td width=\"58\">online<\/td><td width=\"108\">\u00a0<\/td><td width=\"312\"><a href=\"https:\/\/textile-platform-25517858.hubspotpagebuilder.eu\/textile-etp-membership-form\">https:\/\/textile-platform-25517858.hubspotpagebuilder.eu\/textile-etp-membership-form<\/a><\/td><td width=\"269\"><a href=\"https:\/\/www.textile-platform.eu\/events\/teppies-brokerage-event-2026\">https:\/\/www.textile-platform.eu\/events\/teppies-brokerage-event-2026<\/a><\/td><\/tr><tr><td width=\"105\">Online Brokerage Event Artificial intelligence in Horizon Europe calls<\/td><td width=\"131\"><strong>Klastre 1, 2, 4, 5 a 6, misia E\u00da &#8211; Mest\u00e1<\/strong><\/td><td width=\"91\">5. febru\u00e1r 2026<\/td><td width=\"58\">online<\/td><td width=\"108\">\u00a0<\/td><td width=\"312\"><a href=\"https:\/\/cluster2-community-platform.b2match.io\/signup\">https:\/\/cluster2-community-platform.b2match.io\/signup<\/a><\/td><td width=\"269\"><a href=\"https:\/\/cluster2-community-platform.b2match.io\/page-3011\">https:\/\/cluster2-community-platform.b2match.io\/page-3011<\/a><\/td><\/tr><tr><td width=\"105\">\u00a0<\/td><td width=\"131\">\u00a0<\/td><td width=\"91\">\u00a0<\/td><td width=\"58\">\u00a0<\/td><td width=\"108\">\u00a0<\/td><td width=\"312\">\u00a0<\/td><td width=\"269\">\u00a0<\/td><\/tr><tr><td width=\"105\">\u00a0<\/td><td width=\"131\">\u00a0<\/td><td width=\"91\">\u00a0<\/td><td width=\"58\">\u00a0<\/td><td width=\"108\">\u00a0<\/td><td width=\"312\">\u00a0<\/td><td width=\"269\">\u00a0<\/td><\/tr><tr><td colspan=\"7\" width=\"1074\"><p><strong>NETWORKING EVENTS \/ OPEN DAYS<\/strong><\/p><p><strong>\u00a0<\/strong><\/p><\/td><\/tr><tr><td width=\"105\">Successful R&amp;I in Europe 2026<\/td><td width=\"131\"><strong>Klastre 1-6<\/strong><\/td><td width=\"91\">19.-20. febru\u00e1r 2026<\/td><td width=\"58\">\u00a0<\/td><td width=\"108\">Van der Valk Airporthotel, D\u00fcsseldorf, Nemecko<\/td><td width=\"312\"><a href=\"https:\/\/express.converia.de\/frontend\/index.php?sub=1957\">https:\/\/express.converia.de\/frontend\/index.php?sub=1957<\/a><\/td><td width=\"269\"><a href=\"https:\/\/horizont.zenit.de\/en\/events\/successful-r-i-in-europe-2026\/\">https:\/\/horizont.zenit.de\/en\/events\/successful-r-i-in-europe-2026\/<\/a><\/td><\/tr><\/tbody><\/table>\t\t\t\t\t\t\t\t<\/div>\n\t\t\t\t<\/div>\n\t\t\t\t\t<\/div>\n\t\t\t\t<\/div>\n\t\t\t\t<\/div>\n\t\t","protected":false},"excerpt":{"rendered":"<p>Prin\u00e1\u0161ame v\u00e1m preh\u013ead podujat\u00ed, sl\u00fa\u017eiacich ako platforma pri budovan\u00ed profesion\u00e1lnych kontaktov a partnerstiev. Vo v\u0161eobecnosti s\u00fa networkingov\u00e9 podujatia miestom stret\u00e1vania sa odborn\u00edkov a nadv\u00e4zovania spolupr\u00e1ce. Rozdiely v aktivit\u00e1ch s\u00fa nasledovn\u00e9: Matchmaking event \/ matchmakingov\u00e9 podujatie &#8211; \u0161trukt\u00farovan\u00e9 podujatie, kde sa \u00fa\u010dastn\u00edci (firmy, v\u00fdskumn\u00edci alebo podnikatelia) na z\u00e1klade spolo\u010dn\u00fdch z\u00e1ujmov vopred dohodn\u00fa na dvojiciach (p\u00e1rovanie) s [&hellip;]<\/p>\n","protected":false},"author":13,"featured_media":0,"parent":2294,"menu_order":0,"comment_status":"closed","ping_status":"closed","template":"","meta":{"_acf_changed":false,"footnotes":""},"class_list":["post-27855","page","type-page","status-publish","hentry"],"yoast_head":"<!-- This site is optimized with the Yoast SEO plugin v24.4 - https:\/\/yoast.com\/wordpress\/plugins\/seo\/ -->\n<title>Burzy partnerov - Horizont Eur\u00f3pa<\/title>\n<meta name=\"description\" content=\"Burzy partnerov - organizovan\u00e9 stretnutia, ktor\u00fdch cie\u013eom je podpori\u0165 nadv\u00e4zovanie nov\u00fdch kontaktov, partnerstiev a spolupr\u00e1c, najm\u00e4 v oblasti v\u00fdskumu, inov\u00e1ci\u00ed, podnikania a projektov financovan\u00fdch z verejn\u00fdch alebo eur\u00f3pskych zdrojov.\" \/>\n<meta name=\"robots\" content=\"index, follow, max-snippet:-1, max-image-preview:large, max-video-preview:-1\" \/>\n<link rel=\"canonical\" href=\"https:\/\/eraportal.sk\/horizont-europa\/domov\/burzy-partnerov\/\" \/>\n<meta property=\"og:locale\" content=\"sk_SK\" \/>\n<meta property=\"og:type\" content=\"article\" \/>\n<meta property=\"og:title\" content=\"Burzy partnerov - Horizont Eur\u00f3pa\" \/>\n<meta property=\"og:description\" content=\"Burzy partnerov - organizovan\u00e9 stretnutia, ktor\u00fdch cie\u013eom je podpori\u0165 nadv\u00e4zovanie nov\u00fdch kontaktov, partnerstiev a spolupr\u00e1c, najm\u00e4 v oblasti v\u00fdskumu, inov\u00e1ci\u00ed, podnikania a projektov financovan\u00fdch z verejn\u00fdch alebo eur\u00f3pskych zdrojov.\" \/>\n<meta property=\"og:url\" content=\"https:\/\/eraportal.sk\/horizont-europa\/domov\/burzy-partnerov\/\" \/>\n<meta property=\"og:site_name\" content=\"Horizont Eur\u00f3pa\" \/>\n<meta property=\"article:modified_time\" content=\"2026-01-13T13:55:57+00:00\" \/>\n<meta name=\"twitter:card\" content=\"summary_large_image\" \/>\n<meta name=\"twitter:label1\" content=\"Predpokladan\u00fd \u010das \u010d\u00edtania\" \/>\n\t<meta name=\"twitter:data1\" content=\"3 min\u00faty\" \/>\n<script type=\"application\/ld+json\" class=\"yoast-schema-graph\">{\"@context\":\"https:\/\/schema.org\",\"@graph\":[{\"@type\":\"WebPage\",\"@id\":\"https:\/\/eraportal.sk\/horizont-europa\/domov\/burzy-partnerov\/\",\"url\":\"https:\/\/eraportal.sk\/horizont-europa\/domov\/burzy-partnerov\/\",\"name\":\"Burzy partnerov - Horizont Eur\u00f3pa\",\"isPartOf\":{\"@id\":\"https:\/\/eraportal.sk\/horizont-europa\/#website\"},\"datePublished\":\"2025-07-31T07:01:44+00:00\",\"dateModified\":\"2026-01-13T13:55:57+00:00\",\"description\":\"Burzy partnerov - organizovan\u00e9 stretnutia, ktor\u00fdch cie\u013eom je podpori\u0165 nadv\u00e4zovanie nov\u00fdch kontaktov, partnerstiev a spolupr\u00e1c, najm\u00e4 v oblasti v\u00fdskumu, inov\u00e1ci\u00ed, podnikania a projektov financovan\u00fdch z verejn\u00fdch alebo eur\u00f3pskych zdrojov.\",\"breadcrumb\":{\"@id\":\"https:\/\/eraportal.sk\/horizont-europa\/domov\/burzy-partnerov\/#breadcrumb\"},\"inLanguage\":\"sk-SK\",\"potentialAction\":[{\"@type\":\"ReadAction\",\"target\":[\"https:\/\/eraportal.sk\/horizont-europa\/domov\/burzy-partnerov\/\"]}]},{\"@type\":\"BreadcrumbList\",\"@id\":\"https:\/\/eraportal.sk\/horizont-europa\/domov\/burzy-partnerov\/#breadcrumb\",\"itemListElement\":[{\"@type\":\"ListItem\",\"position\":1,\"name\":\"Domovsk\u00e1 str\u00e1nka\",\"item\":\"https:\/\/eraportal.sk\/horizont-europa\/\"},{\"@type\":\"ListItem\",\"position\":2,\"name\":\"Domov\",\"item\":\"https:\/\/eraportal.sk\/horizont-europa\/\"},{\"@type\":\"ListItem\",\"position\":3,\"name\":\"Burzy partnerov\"}]},{\"@type\":\"WebSite\",\"@id\":\"https:\/\/eraportal.sk\/horizont-europa\/#website\",\"url\":\"https:\/\/eraportal.sk\/horizont-europa\/\",\"name\":\"Horizont Eur\u00f3pa\",\"description\":\"\",\"publisher\":{\"@id\":\"https:\/\/eraportal.sk\/horizont-europa\/#organization\"},\"potentialAction\":[{\"@type\":\"SearchAction\",\"target\":{\"@type\":\"EntryPoint\",\"urlTemplate\":\"https:\/\/eraportal.sk\/horizont-europa\/?s={search_term_string}\"},\"query-input\":{\"@type\":\"PropertyValueSpecification\",\"valueRequired\":true,\"valueName\":\"search_term_string\"}}],\"inLanguage\":\"sk-SK\"},{\"@type\":\"Organization\",\"@id\":\"https:\/\/eraportal.sk\/horizont-europa\/#organization\",\"name\":\"Horizont Eur\u00f3pa\",\"url\":\"https:\/\/eraportal.sk\/horizont-europa\/\",\"logo\":{\"@type\":\"ImageObject\",\"inLanguage\":\"sk-SK\",\"@id\":\"https:\/\/eraportal.sk\/horizont-europa\/#\/schema\/logo\/image\/\",\"url\":\"https:\/\/eraportal.sk\/horizont-europa\/wp-content\/uploads\/sites\/4\/2024\/02\/Favicon_HEU.png\",\"contentUrl\":\"https:\/\/eraportal.sk\/horizont-europa\/wp-content\/uploads\/sites\/4\/2024\/02\/Favicon_HEU.png\",\"width\":512,\"height\":512,\"caption\":\"Horizont Eur\u00f3pa\"},\"image\":{\"@id\":\"https:\/\/eraportal.sk\/horizont-europa\/#\/schema\/logo\/image\/\"}}]}<\/script>\n<!-- \/ Yoast SEO plugin. -->","yoast_head_json":{"title":"Burzy partnerov - Horizont Eur\u00f3pa","description":"Burzy partnerov - organizovan\u00e9 stretnutia, ktor\u00fdch cie\u013eom je podpori\u0165 nadv\u00e4zovanie nov\u00fdch kontaktov, partnerstiev a spolupr\u00e1c, najm\u00e4 v oblasti v\u00fdskumu, inov\u00e1ci\u00ed, podnikania a projektov financovan\u00fdch z verejn\u00fdch alebo eur\u00f3pskych zdrojov.","robots":{"index":"index","follow":"follow","max-snippet":"max-snippet:-1","max-image-preview":"max-image-preview:large","max-video-preview":"max-video-preview:-1"},"canonical":"https:\/\/eraportal.sk\/horizont-europa\/domov\/burzy-partnerov\/","og_locale":"sk_SK","og_type":"article","og_title":"Burzy partnerov - Horizont Eur\u00f3pa","og_description":"Burzy partnerov - organizovan\u00e9 stretnutia, ktor\u00fdch cie\u013eom je podpori\u0165 nadv\u00e4zovanie nov\u00fdch kontaktov, partnerstiev a spolupr\u00e1c, najm\u00e4 v oblasti v\u00fdskumu, inov\u00e1ci\u00ed, podnikania a projektov financovan\u00fdch z verejn\u00fdch alebo eur\u00f3pskych zdrojov.","og_url":"https:\/\/eraportal.sk\/horizont-europa\/domov\/burzy-partnerov\/","og_site_name":"Horizont Eur\u00f3pa","article_modified_time":"2026-01-13T13:55:57+00:00","twitter_card":"summary_large_image","twitter_misc":{"Predpokladan\u00fd \u010das \u010d\u00edtania":"3 min\u00faty"},"schema":{"@context":"https:\/\/schema.org","@graph":[{"@type":"WebPage","@id":"https:\/\/eraportal.sk\/horizont-europa\/domov\/burzy-partnerov\/","url":"https:\/\/eraportal.sk\/horizont-europa\/domov\/burzy-partnerov\/","name":"Burzy partnerov - Horizont Eur\u00f3pa","isPartOf":{"@id":"https:\/\/eraportal.sk\/horizont-europa\/#website"},"datePublished":"2025-07-31T07:01:44+00:00","dateModified":"2026-01-13T13:55:57+00:00","description":"Burzy partnerov - organizovan\u00e9 stretnutia, ktor\u00fdch cie\u013eom je podpori\u0165 nadv\u00e4zovanie nov\u00fdch kontaktov, partnerstiev a spolupr\u00e1c, najm\u00e4 v oblasti v\u00fdskumu, inov\u00e1ci\u00ed, podnikania a projektov financovan\u00fdch z verejn\u00fdch alebo eur\u00f3pskych zdrojov.","breadcrumb":{"@id":"https:\/\/eraportal.sk\/horizont-europa\/domov\/burzy-partnerov\/#breadcrumb"},"inLanguage":"sk-SK","potentialAction":[{"@type":"ReadAction","target":["https:\/\/eraportal.sk\/horizont-europa\/domov\/burzy-partnerov\/"]}]},{"@type":"BreadcrumbList","@id":"https:\/\/eraportal.sk\/horizont-europa\/domov\/burzy-partnerov\/#breadcrumb","itemListElement":[{"@type":"ListItem","position":1,"name":"Domovsk\u00e1 str\u00e1nka","item":"https:\/\/eraportal.sk\/horizont-europa\/"},{"@type":"ListItem","position":2,"name":"Domov","item":"https:\/\/eraportal.sk\/horizont-europa\/"},{"@type":"ListItem","position":3,"name":"Burzy partnerov"}]},{"@type":"WebSite","@id":"https:\/\/eraportal.sk\/horizont-europa\/#website","url":"https:\/\/eraportal.sk\/horizont-europa\/","name":"Horizont Eur\u00f3pa","description":"","publisher":{"@id":"https:\/\/eraportal.sk\/horizont-europa\/#organization"},"potentialAction":[{"@type":"SearchAction","target":{"@type":"EntryPoint","urlTemplate":"https:\/\/eraportal.sk\/horizont-europa\/?s={search_term_string}"},"query-input":{"@type":"PropertyValueSpecification","valueRequired":true,"valueName":"search_term_string"}}],"inLanguage":"sk-SK"},{"@type":"Organization","@id":"https:\/\/eraportal.sk\/horizont-europa\/#organization","name":"Horizont Eur\u00f3pa","url":"https:\/\/eraportal.sk\/horizont-europa\/","logo":{"@type":"ImageObject","inLanguage":"sk-SK","@id":"https:\/\/eraportal.sk\/horizont-europa\/#\/schema\/logo\/image\/","url":"https:\/\/eraportal.sk\/horizont-europa\/wp-content\/uploads\/sites\/4\/2024\/02\/Favicon_HEU.png","contentUrl":"https:\/\/eraportal.sk\/horizont-europa\/wp-content\/uploads\/sites\/4\/2024\/02\/Favicon_HEU.png","width":512,"height":512,"caption":"Horizont Eur\u00f3pa"},"image":{"@id":"https:\/\/eraportal.sk\/horizont-europa\/#\/schema\/logo\/image\/"}}]}},"acf":[],"_links":{"self":[{"href":"https:\/\/eraportal.sk\/horizont-europa\/wp-json\/wp\/v2\/pages\/27855","targetHints":{"allow":["GET"]}}],"collection":[{"href":"https:\/\/eraportal.sk\/horizont-europa\/wp-json\/wp\/v2\/pages"}],"about":[{"href":"https:\/\/eraportal.sk\/horizont-europa\/wp-json\/wp\/v2\/types\/page"}],"author":[{"embeddable":true,"href":"https:\/\/eraportal.sk\/horizont-europa\/wp-json\/wp\/v2\/users\/13"}],"replies":[{"embeddable":true,"href":"https:\/\/eraportal.sk\/horizont-europa\/wp-json\/wp\/v2\/comments?post=27855"}],"version-history":[{"count":110,"href":"https:\/\/eraportal.sk\/horizont-europa\/wp-json\/wp\/v2\/pages\/27855\/revisions"}],"predecessor-version":[{"id":29162,"href":"https:\/\/eraportal.sk\/horizont-europa\/wp-json\/wp\/v2\/pages\/27855\/revisions\/29162"}],"up":[{"embeddable":true,"href":"https:\/\/eraportal.sk\/horizont-europa\/wp-json\/wp\/v2\/pages\/2294"}],"wp:attachment":[{"href":"https:\/\/eraportal.sk\/horizont-europa\/wp-json\/wp\/v2\/media?parent=27855"}],"curies":[{"name":"wp","href":"https:\/\/api.w.org\/{rel}","templated":true}]}}