    {"id":24333,"date":"2024-08-06T10:42:04","date_gmt":"2024-08-06T08:42:04","guid":{"rendered":"https:\/\/eraportal.sk\/horizont-europa\/?page_id=24333"},"modified":"2024-11-22T08:41:09","modified_gmt":"2024-11-22T07:41:09","slug":"ponuka-konzultacnych-spolocnosti","status":"publish","type":"page","link":"https:\/\/eraportal.sk\/horizont-europa\/ponuka-konzultacnych-spolocnosti\/","title":{"rendered":"Ponuka konzulta\u010dn\u00fdch spolo\u010dnost\u00ed"},"content":{"rendered":"\t\t<div data-elementor-type=\"wp-page\" data-elementor-id=\"24333\" class=\"elementor elementor-24333\" data-elementor-post-type=\"page\">\n\t\t\t\t<div class=\"elementor-element elementor-element-9cfa18d e-flex e-con-boxed e-con e-parent\" data-id=\"9cfa18d\" data-element_type=\"container\">\n\t\t\t\t\t<div class=\"e-con-inner\">\n\t\t\t\t\t<\/div>\n\t\t\t\t<\/div>\n\t\t<div class=\"elementor-element elementor-element-4cb2bd9 e-flex e-con-boxed elementor-invisible e-con e-parent\" data-id=\"4cb2bd9\" data-element_type=\"container\" data-settings=\"{&quot;motion_fx_motion_fx_mouse&quot;:&quot;yes&quot;,&quot;animation&quot;:&quot;slideInDown&quot;}\">\n\t\t\t\t\t<div class=\"e-con-inner\">\n\t\t<div class=\"elementor-element elementor-element-3e4ca19 e-con-full e-flex e-con e-child\" data-id=\"3e4ca19\" data-element_type=\"container\">\n\t\t\t\t<div class=\"elementor-element elementor-element-e2bf749 elementor-widget elementor-widget-text-editor\" data-id=\"e2bf749\" data-element_type=\"widget\" data-widget_type=\"text-editor.default\">\n\t\t\t\t<div class=\"elementor-widget-container\">\n\t\t\t\t\t\t\t\t\t<p><strong><a href=\"https:\/\/eraportal.sk\/horizont-europa\/wp-content\/uploads\/sites\/4\/2024\/08\/Formular_konzultacne-spolocnosti_JOH_vNKH.pdf\">Johanes &amp; Partner s.r.o.<\/a><\/strong><\/p>\t\t\t\t\t\t\t\t<\/div>\n\t\t\t\t<\/div>\n\t\t\t\t<\/div>\n\t\t<div class=\"elementor-element elementor-element-9b7507d e-con-full e-flex e-con e-child\" data-id=\"9b7507d\" data-element_type=\"container\">\n\t\t\t\t<div class=\"elementor-element elementor-element-34c97b7 elementor-widget elementor-widget-text-editor\" data-id=\"34c97b7\" data-element_type=\"widget\" data-widget_type=\"text-editor.default\">\n\t\t\t\t<div class=\"elementor-widget-container\">\n\t\t\t\t\t\t\t\t\t<p><strong><a href=\"https:\/\/eraportal.sk\/horizont-europa\/wp-content\/uploads\/sites\/4\/2024\/08\/Formular_konzultacne-spolocnosti_KPMG_vNKH.pdf\">KPMG in Slovakia<\/a><\/strong><\/p>\t\t\t\t\t\t\t\t<\/div>\n\t\t\t\t<\/div>\n\t\t\t\t<\/div>\n\t\t\t\t\t<\/div>\n\t\t\t\t<\/div>\n\t\t\t\t<\/div>\n\t\t","protected":false},"excerpt":{"rendered":"<p>KPMG in Slovakia    <\/p>\n","protected":false},"author":13,"featured_media":0,"parent":0,"menu_order":0,"comment_status":"closed","ping_status":"closed","template":"","meta":{"_acf_changed":false,"footnotes":""},"class_list":["post-24333","page","type-page","status-publish","hentry"],"yoast_head":"<!-- This site is optimized with the Yoast SEO plugin v24.4 - https:\/\/yoast.com\/wordpress\/plugins\/seo\/ -->\n<title>Ponuka konzulta\u010dn\u00fdch spolo\u010dnost\u00ed - Horizont Eur\u00f3pa<\/title>\n<meta name=\"description\" content=\"Ponuka konzulta\u010dn\u00fdch spolo\u010dnost\u00ed podanie projektu v programe Horizont Eur\u00f3pa\" \/>\n<meta name=\"robots\" content=\"index, follow, max-snippet:-1, max-image-preview:large, max-video-preview:-1\" \/>\n<link rel=\"canonical\" href=\"https:\/\/eraportal.sk\/horizont-europa\/ponuka-konzultacnych-spolocnosti\/\" \/>\n<meta property=\"og:locale\" content=\"sk_SK\" \/>\n<meta property=\"og:type\" content=\"article\" \/>\n<meta property=\"og:title\" content=\"Ponuka konzulta\u010dn\u00fdch spolo\u010dnost\u00ed - Horizont Eur\u00f3pa\" \/>\n<meta property=\"og:description\" content=\"Ponuka konzulta\u010dn\u00fdch spolo\u010dnost\u00ed podanie projektu v programe Horizont Eur\u00f3pa\" \/>\n<meta property=\"og:url\" content=\"https:\/\/eraportal.sk\/horizont-europa\/ponuka-konzultacnych-spolocnosti\/\" \/>\n<meta property=\"og:site_name\" content=\"Horizont Eur\u00f3pa\" \/>\n<meta property=\"article:modified_time\" content=\"2024-11-22T07:41:09+00:00\" \/>\n<meta name=\"twitter:card\" content=\"summary_large_image\" \/>\n<meta name=\"twitter:label1\" content=\"Predpokladan\u00fd \u010das \u010d\u00edtania\" \/>\n\t<meta name=\"twitter:data1\" content=\"1 min\u00fata\" \/>\n<script type=\"application\/ld+json\" class=\"yoast-schema-graph\">{\"@context\":\"https:\/\/schema.org\",\"@graph\":[{\"@type\":\"WebPage\",\"@id\":\"https:\/\/eraportal.sk\/horizont-europa\/ponuka-konzultacnych-spolocnosti\/\",\"url\":\"https:\/\/eraportal.sk\/horizont-europa\/ponuka-konzultacnych-spolocnosti\/\",\"name\":\"Ponuka konzulta\u010dn\u00fdch spolo\u010dnost\u00ed - Horizont Eur\u00f3pa\",\"isPartOf\":{\"@id\":\"https:\/\/eraportal.sk\/horizont-europa\/#website\"},\"datePublished\":\"2024-08-06T08:42:04+00:00\",\"dateModified\":\"2024-11-22T07:41:09+00:00\",\"description\":\"Ponuka konzulta\u010dn\u00fdch spolo\u010dnost\u00ed podanie projektu v programe Horizont Eur\u00f3pa\",\"breadcrumb\":{\"@id\":\"https:\/\/eraportal.sk\/horizont-europa\/ponuka-konzultacnych-spolocnosti\/#breadcrumb\"},\"inLanguage\":\"sk-SK\",\"potentialAction\":[{\"@type\":\"ReadAction\",\"target\":[\"https:\/\/eraportal.sk\/horizont-europa\/ponuka-konzultacnych-spolocnosti\/\"]}]},{\"@type\":\"BreadcrumbList\",\"@id\":\"https:\/\/eraportal.sk\/horizont-europa\/ponuka-konzultacnych-spolocnosti\/#breadcrumb\",\"itemListElement\":[{\"@type\":\"ListItem\",\"position\":1,\"name\":\"Domovsk\u00e1 str\u00e1nka\",\"item\":\"https:\/\/eraportal.sk\/horizont-europa\/\"},{\"@type\":\"ListItem\",\"position\":2,\"name\":\"Ponuka konzulta\u010dn\u00fdch spolo\u010dnost\u00ed\"}]},{\"@type\":\"WebSite\",\"@id\":\"https:\/\/eraportal.sk\/horizont-europa\/#website\",\"url\":\"https:\/\/eraportal.sk\/horizont-europa\/\",\"name\":\"Horizont Eur\u00f3pa\",\"description\":\"\",\"publisher\":{\"@id\":\"https:\/\/eraportal.sk\/horizont-europa\/#organization\"},\"potentialAction\":[{\"@type\":\"SearchAction\",\"target\":{\"@type\":\"EntryPoint\",\"urlTemplate\":\"https:\/\/eraportal.sk\/horizont-europa\/?s={search_term_string}\"},\"query-input\":{\"@type\":\"PropertyValueSpecification\",\"valueRequired\":true,\"valueName\":\"search_term_string\"}}],\"inLanguage\":\"sk-SK\"},{\"@type\":\"Organization\",\"@id\":\"https:\/\/eraportal.sk\/horizont-europa\/#organization\",\"name\":\"Horizont Eur\u00f3pa\",\"url\":\"https:\/\/eraportal.sk\/horizont-europa\/\",\"logo\":{\"@type\":\"ImageObject\",\"inLanguage\":\"sk-SK\",\"@id\":\"https:\/\/eraportal.sk\/horizont-europa\/#\/schema\/logo\/image\/\",\"url\":\"https:\/\/eraportal.sk\/horizont-europa\/wp-content\/uploads\/sites\/4\/2024\/02\/Favicon_HEU.png\",\"contentUrl\":\"https:\/\/eraportal.sk\/horizont-europa\/wp-content\/uploads\/sites\/4\/2024\/02\/Favicon_HEU.png\",\"width\":512,\"height\":512,\"caption\":\"Horizont Eur\u00f3pa\"},\"image\":{\"@id\":\"https:\/\/eraportal.sk\/horizont-europa\/#\/schema\/logo\/image\/\"}}]}<\/script>\n<!-- \/ Yoast SEO plugin. -->","yoast_head_json":{"title":"Ponuka konzulta\u010dn\u00fdch spolo\u010dnost\u00ed - Horizont Eur\u00f3pa","description":"Ponuka konzulta\u010dn\u00fdch spolo\u010dnost\u00ed podanie projektu v programe Horizont Eur\u00f3pa","robots":{"index":"index","follow":"follow","max-snippet":"max-snippet:-1","max-image-preview":"max-image-preview:large","max-video-preview":"max-video-preview:-1"},"canonical":"https:\/\/eraportal.sk\/horizont-europa\/ponuka-konzultacnych-spolocnosti\/","og_locale":"sk_SK","og_type":"article","og_title":"Ponuka konzulta\u010dn\u00fdch spolo\u010dnost\u00ed - Horizont Eur\u00f3pa","og_description":"Ponuka konzulta\u010dn\u00fdch spolo\u010dnost\u00ed podanie projektu v programe Horizont Eur\u00f3pa","og_url":"https:\/\/eraportal.sk\/horizont-europa\/ponuka-konzultacnych-spolocnosti\/","og_site_name":"Horizont Eur\u00f3pa","article_modified_time":"2024-11-22T07:41:09+00:00","twitter_card":"summary_large_image","twitter_misc":{"Predpokladan\u00fd \u010das \u010d\u00edtania":"1 min\u00fata"},"schema":{"@context":"https:\/\/schema.org","@graph":[{"@type":"WebPage","@id":"https:\/\/eraportal.sk\/horizont-europa\/ponuka-konzultacnych-spolocnosti\/","url":"https:\/\/eraportal.sk\/horizont-europa\/ponuka-konzultacnych-spolocnosti\/","name":"Ponuka konzulta\u010dn\u00fdch spolo\u010dnost\u00ed - Horizont Eur\u00f3pa","isPartOf":{"@id":"https:\/\/eraportal.sk\/horizont-europa\/#website"},"datePublished":"2024-08-06T08:42:04+00:00","dateModified":"2024-11-22T07:41:09+00:00","description":"Ponuka konzulta\u010dn\u00fdch spolo\u010dnost\u00ed podanie projektu v programe Horizont Eur\u00f3pa","breadcrumb":{"@id":"https:\/\/eraportal.sk\/horizont-europa\/ponuka-konzultacnych-spolocnosti\/#breadcrumb"},"inLanguage":"sk-SK","potentialAction":[{"@type":"ReadAction","target":["https:\/\/eraportal.sk\/horizont-europa\/ponuka-konzultacnych-spolocnosti\/"]}]},{"@type":"BreadcrumbList","@id":"https:\/\/eraportal.sk\/horizont-europa\/ponuka-konzultacnych-spolocnosti\/#breadcrumb","itemListElement":[{"@type":"ListItem","position":1,"name":"Domovsk\u00e1 str\u00e1nka","item":"https:\/\/eraportal.sk\/horizont-europa\/"},{"@type":"ListItem","position":2,"name":"Ponuka konzulta\u010dn\u00fdch spolo\u010dnost\u00ed"}]},{"@type":"WebSite","@id":"https:\/\/eraportal.sk\/horizont-europa\/#website","url":"https:\/\/eraportal.sk\/horizont-europa\/","name":"Horizont Eur\u00f3pa","description":"","publisher":{"@id":"https:\/\/eraportal.sk\/horizont-europa\/#organization"},"potentialAction":[{"@type":"SearchAction","target":{"@type":"EntryPoint","urlTemplate":"https:\/\/eraportal.sk\/horizont-europa\/?s={search_term_string}"},"query-input":{"@type":"PropertyValueSpecification","valueRequired":true,"valueName":"search_term_string"}}],"inLanguage":"sk-SK"},{"@type":"Organization","@id":"https:\/\/eraportal.sk\/horizont-europa\/#organization","name":"Horizont Eur\u00f3pa","url":"https:\/\/eraportal.sk\/horizont-europa\/","logo":{"@type":"ImageObject","inLanguage":"sk-SK","@id":"https:\/\/eraportal.sk\/horizont-europa\/#\/schema\/logo\/image\/","url":"https:\/\/eraportal.sk\/horizont-europa\/wp-content\/uploads\/sites\/4\/2024\/02\/Favicon_HEU.png","contentUrl":"https:\/\/eraportal.sk\/horizont-europa\/wp-content\/uploads\/sites\/4\/2024\/02\/Favicon_HEU.png","width":512,"height":512,"caption":"Horizont Eur\u00f3pa"},"image":{"@id":"https:\/\/eraportal.sk\/horizont-europa\/#\/schema\/logo\/image\/"}}]}},"acf":[],"_links":{"self":[{"href":"https:\/\/eraportal.sk\/horizont-europa\/wp-json\/wp\/v2\/pages\/24333","targetHints":{"allow":["GET"]}}],"collection":[{"href":"https:\/\/eraportal.sk\/horizont-europa\/wp-json\/wp\/v2\/pages"}],"about":[{"href":"https:\/\/eraportal.sk\/horizont-europa\/wp-json\/wp\/v2\/types\/page"}],"author":[{"embeddable":true,"href":"https:\/\/eraportal.sk\/horizont-europa\/wp-json\/wp\/v2\/users\/13"}],"replies":[{"embeddable":true,"href":"https:\/\/eraportal.sk\/horizont-europa\/wp-json\/wp\/v2\/comments?post=24333"}],"version-history":[{"count":27,"href":"https:\/\/eraportal.sk\/horizont-europa\/wp-json\/wp\/v2\/pages\/24333\/revisions"}],"predecessor-version":[{"id":25381,"href":"https:\/\/eraportal.sk\/horizont-europa\/wp-json\/wp\/v2\/pages\/24333\/revisions\/25381"}],"wp:attachment":[{"href":"https:\/\/eraportal.sk\/horizont-europa\/wp-json\/wp\/v2\/media?parent=24333"}],"curies":[{"name":"wp","href":"https:\/\/api.w.org\/{rel}","templated":true}]}}