    {"id":22574,"date":"2024-03-14T16:14:50","date_gmt":"2024-03-14T15:14:50","guid":{"rendered":"https:\/\/new.eraportal.sk\/horizont-europa\/?page_id=22574"},"modified":"2026-02-05T12:24:52","modified_gmt":"2026-02-05T11:24:52","slug":"na-kave-s-ncps","status":"publish","type":"page","link":"https:\/\/eraportal.sk\/horizont-europa\/heu-narodne-kontaktne-body\/na-kave-s-ncps\/","title":{"rendered":"Na k\u00e1ve s NCPs 2024, 2025 &#8211; arch\u00edv"},"content":{"rendered":"\t\t<div data-elementor-type=\"wp-page\" data-elementor-id=\"22574\" class=\"elementor elementor-22574\" data-elementor-post-type=\"page\">\n\t\t\t\t<div class=\"elementor-element elementor-element-1881561 e-flex e-con-boxed e-con e-parent\" data-id=\"1881561\" data-element_type=\"container\">\n\t\t\t\t\t<div class=\"e-con-inner\">\n\t\t\t\t<div class=\"elementor-element elementor-element-72df22c elementor-widget elementor-widget-text-editor\" data-id=\"72df22c\" data-element_type=\"widget\" data-widget_type=\"text-editor.default\">\n\t\t\t\t<div class=\"elementor-widget-container\">\n\t\t\t\t\t\t\t\t\t<p><strong>Na k\u00e1ve s NCPs<\/strong> bola s\u00e9ria pravideln\u00fdch online podujat\u00ed v rokoch 2024-2025, tematicky navrhnut\u00fdch tak, aby reagovali na aktu\u00e1lne potreby, podnety a po\u017eiadavky s\u00favisiace s programom Horizont Eur\u00f3pa. Raz za mesiac sa N\u00e1rodn\u00e9 kontaktn\u00e9 body (NCPs) venovali \u0161pecifickej t\u00e9me vo forme videokonferencie s mo\u017enos\u0165ou interakt\u00edvne kl\u00e1s\u0165 ot\u00e1zky po\u010das podujatia. Arch\u00edv podujat\u00ed a z\u00e1znamy webin\u00e1rov n\u00e1jdete ni\u017e\u0161ie.\u00a0<\/p><p><strong>Arch\u00edv webin\u00e1rov z roka 2025:<\/strong><\/p><table><tbody><tr><td width=\"151\"><p><strong>2025<\/strong><\/p><\/td><td width=\"151\"><p><strong>T\u00e9ma<\/strong><\/p><\/td><td width=\"151\"><p><strong>Komu je t\u00e9ma ur\u010den\u00e1<\/strong><\/p><\/td><td width=\"151\"><p><strong>Z\u00e1znam a jednotliv\u00e9 kapitoly (v min.)<br \/><\/strong><\/p><\/td><\/tr><tr><td width=\"151\"><p>23.1.2025<\/p><\/td><td width=\"151\"><p><strong>Projekty lump sum<\/strong><\/p><\/td><td width=\"151\"><p>Mierne pokro\u010dil\u00ed<\/p><\/td><td width=\"151\"><p><a href=\"https:\/\/video.nti.sk\/rec\/?11106766TZ3Z6TQ77\">Z\u00c1ZNAM<\/a><\/p><ul><li>03,20 &#8211; Pre\u010do financovanie\u00a0 lump sum?<\/li><li>05,15 &#8211; Hlavn\u00e9 pozit\u00edva<\/li><li>15,45 &#8211; Princ\u00edpy zjednodu\u0161enia<\/li><li>22,35 &#8211; Naj\u010dastej\u0161ie ot\u00e1zky<\/li><li>36,50 &#8211; Tabu\u013eky detailn\u00e9ho rozpo\u010dtu<\/li><li>45,10 &#8211; Reportovanie grantu<\/li><li>46,24 &#8211; D\u00f4le\u017eit\u00e9 pr\u00edru\u010dky<\/li><\/ul><\/td><\/tr><tr><td width=\"151\"><p>20.2.2025<\/p><\/td><td width=\"151\"><p><strong>\u010cas\u0165 A &#8211; formul\u00e1ra \u017eiadosti \u00a0<\/strong><\/p><\/td><td width=\"151\"><p>Za\u010diato\u010dn\u00edci<\/p><\/td><td width=\"151\"><p><a href=\"https:\/\/video.nti.sk\/rec\/?1122344S9RB7LYB80\">Z\u00c1ZNAM<\/a><\/p><ul><li>01,24 &#8211; Prihl\u00e1senie sa do F&amp;O Portal, vyh\u013eadanie v\u00fdzvy, vytvorenie \u017eiadosti<\/li><li>07,00 &#8211; Koordin\u00e1tor a \u00fa\u010dastn\u00edk, popis projektu<\/li><li>15,30 &#8211; Z\u00e1kladn\u00e9 inform\u00e1cie o projekte, \u00fa\u010dastn\u00edci, rozpo\u010det<\/li><li>36,30 &#8211; Etick\u00e9 kateg\u00f3rie v \u017eiadosti<\/li><li>55,15 &#8211; \u0160pecifick\u00e9 kateg\u00f3rie<\/li><li>59,20 &#8211; Pl\u00e1n rodovej rovnosti<\/li><li>1,01,50 &#8211; U\u017eito\u010dn\u00e9 linky<\/li><\/ul><\/td><\/tr><tr><td width=\"151\"><p>20.3.2025<\/p><\/td><td width=\"151\"><p><strong>Ako vystava\u0165 konzorcium\u00a0<\/strong><\/p><\/td><td width=\"151\"><p>Za\u010diato\u010dn\u00edci, mierne pokro\u010dil\u00ed<\/p><\/td><td width=\"151\"><p><a href=\"https:\/\/video.nti.sk\/rec?11256657U7OLZ0Q31\">Z\u00c1ZNAM<\/a>, <a href=\"https:\/\/eraportal.sk\/horizont-europa\/wp-content\/uploads\/sites\/4\/2025\/03\/Kava-20032025-final.pdf\">prezent\u00e1cia<\/a><\/p><ul><li>04,35 &#8211; Predstavenie host\u00ed: Martin Kahanec (CELSI) a Patrik Krebs (Divadlo bez domova, DbD)<\/li><li>08,20 &#8211; Sk\u00fasenosti DbD a CELSI s budovan\u00edm konzorcia<\/li><li>17,45 &#8211; Definovanie cie\u013eov a obsahu projektu<\/li><li>21,17 &#8211; Zlo\u017eenie a v\u00fdber \u010dlenov konzorcia<\/li><li>27,45 &#8211; Vyv\u00e1\u017eenos\u0165 a projektov\u00ed partneri\u00a0<\/li><li>35,10 &#8211; Rozdelenie \u00faloh a zodpovednosti<\/li><li>47,25 &#8211; Oplat\u00ed sa by\u0165 v konzorciu? (praktick\u00e9 sk\u00fasenosti DbD, CELSI)<\/li><\/ul><\/td><\/tr><tr><td width=\"151\"><p>24.4.2025<\/p><\/td><td width=\"151\"><p><strong>H\u013eadanie partnerov<\/strong> (Funding and tenders opportunity portal, mo\u017enosti n\u00e1rodn\u00fdch kontaktn\u00fdch bodov, 10 naj\u00faspe\u0161nej\u0161\u00edch koordin\u00e1torov v\u00a0ka\u017edej oblasti programu Horizont Eur\u00f3pa a\u00a0i.)\u00a0<\/p><p>Praktick\u00e9 rady, <strong>ako si pripravi\u0165<\/strong> <strong>pitch prezent\u00e1ciu<\/strong>, <strong>ako vyplni\u0165 formul\u00e1r Partner search<\/strong><\/p><\/td><td width=\"151\"><p>Za\u010diato\u010dn\u00edci<\/p><\/td><td width=\"151\"><p><a href=\"https:\/\/video.nti.sk\/rec\/?1128935S2JWH3ZV14\">Z\u00c1ZNAM<\/a><\/p><ul><li>02,15 &#8211; Pr\u00e1ca s EU Funding &amp; Tenders Portal<\/li><li>10,20 &#8211; Burzy partnerov a pokrytie cestovn\u00fdch n\u00e1kladov<\/li><li>14,10 &#8211; Sie\u0165ovacie projekty a \u00faspe\u0161n\u00ed koordin\u00e1tori v E\u00da<\/li><li>20,40 &#8211; Pr\u00edprava a obsah pitch prezent\u00e1cie<\/li><li>25,55 &#8211; Formul\u00e1r na h\u013eadanie partnerov zo Slovenska<\/li><li>Hos\u0165 Miroslav Kone\u010dn\u00fd, ADDSEN Consulting (34,10 pr\u00edprava a realiz\u00e1cia projektu, 43,00 sta\u0148te sa koordin\u00e1torom)<\/li><li>Q&amp;A<\/li><\/ul><\/td><\/tr><tr><td width=\"151\"><p>22.5.2025<\/p><\/td><td width=\"151\"><p><strong>H\u013eadanie partnerov<\/strong> prostredn\u00edctvom <strong>platformy Crowdhelix<\/strong> alebo \u00fa\u010das\u0165ou na \u0161koleniach poriadan\u00fdch <strong>EARMA<\/strong><\/p><\/td><td width=\"151\"><p>Pokro\u010dil\u00ed<\/p><\/td><td width=\"151\"><p><a href=\"https:\/\/video.nti.sk\/rec?1132589PA97X2IS86\">Z\u00c1ZNAM<\/a><\/p><ul><li>03,20 &#8211; Predstavenie platformy EARMA<\/li><li>09,40 &#8211; Funkcionality platformy EARMA<\/li><li>16,10 &#8211; EARMA Academy<\/li><li>22,15 &#8211; V\u00fdhody \u010dlenstva v EARMA + cestovn\u00e9 granty<\/li><li>27,00 &#8211; Platforma Crowdhelix a jej funkcionality + v\u00fdhody \u010dlenstva<\/li><li>35,45 &#8211; N\u00e1stroj Hop On ako mo\u017enos\u0165 dosta\u0165 sa do schv\u00e1len\u00fdch projektov<\/li><li>Hos\u0165 Ladislav Vargov\u010d\u00edk (TUKE): Sk\u00fasenosti s n\u00e1strojom Hop On a \u00fa\u010das\u0165 v schv\u00e1lenom projekte<\/li><\/ul><\/td><\/tr><tr><td width=\"151\"><p>19.6.2025<\/p><\/td><td width=\"151\"><p>\u010co je <strong>TRL + ochrana pr\u00e1v du\u0161evn\u00e9ho vlastn\u00edctva<\/strong> v r\u00f4znych typoch projektov a \u0161t\u00e1di\u00ed rozpracovanosti\u00a0<\/p><\/td><td width=\"151\"><p>Mierne pokro\u010dil\u00ed, pokro\u010dil\u00ed<\/p><\/td><td width=\"151\"><p><a href=\"https:\/\/video.nti.sk\/rec?1154144LZUT80X491\">Z\u00c1ZNAM<\/a><\/p><ul><li>02,50 &#8211; Skratka TRL a jej atrib\u00faty<\/li><li>07,40 &#8211; TRL v sch\u00e9me Horizontu Eur\u00f3pa<\/li><li>10,40 &#8211; Vlastn\u00e9 stanovenie TRL<\/li><li>13,30 &#8211; Hostka: Juli\u00e1na Bez\u00e1kov\u00e1 (CVTI SR): Patenty a re\u0161er\u0161 na stav techniky, vyh\u013ead\u00e1vanie v datab\u00e1zach<\/li><li>30,00 &#8211; Hostka: Barbara T\u00f3thov\u00e1 (CVTI SR): Patenty, vyn\u00e1lezy a ochrana du\u0161evn\u00e9ho vlastn\u00edctva, TRL a komercializ\u00e1cia\u00a0<\/li><li>Hos\u0165: Enriko Mali\u0148\u00e1k (Powerful Medical, s.r.o.): Predstavenie spolo\u010dnosti a jej IPR (t.j. ochrany du\u0161evn\u00e9ho vlastn\u00edctva)<\/li><\/ul><\/td><\/tr><tr><td width=\"151\"><p>18.9.2025<\/p><\/td><td width=\"151\"><p>Podpora <strong>v\u00fdskumn\u00fdch infra\u0161trukt\u00far<\/strong> na eur\u00f3pskej a n\u00e1rodnej \u00farovni\u00a0<\/p><\/td><td width=\"151\"><p>Za\u010diato\u010dn\u00edci, mierne pokro\u010dil\u00ed, pokro\u010dil\u00ed<\/p><\/td><td width=\"151\"><p><a href=\"https:\/\/video.nti.sk\/rec\/?115598490U9WKGA79\">Z\u00c1ZNAM\u00a0<\/a><\/p><ul><li>03,20 &#8211; Hos\u0165: Tom\u00e1\u0161 Michalek (M\u0160VVaM SR): V\u00fdskumn\u00e9 infra\u0161trukt\u00fary v slovenskom kontexte, cestovn\u00e1 mapa v\u00fdskumn\u00fdch infra\u0161trukt\u00far 2020-2030<\/li><li>21,50 &#8211; Hostka: Denisa Fed\u00e1kov\u00e1 (ESFRI): Strategick\u00e9 a pracovn\u00e9 skupiny, cestovn\u00e1 mapa 2026<\/li><li>36,50 &#8211; Podpora infra\u0161trukt\u00far ESFRI v Horizonte Eur\u00f3pa na roky 2026-2027<\/li><li>41,30 &#8211; N\u00e1vrh pracovn\u00e9ho programu 2026-2027, preh\u013ead o\u010dak\u00e1van\u00fdch v\u00fdziev a slovensk\u00e1 \u00fa\u010das\u0165 v programe<\/li><li>50,20 &#8211; Hos\u0165: Tom\u00e1\u0161 MIchalek (M\u0160VVaM SR): Hodnotenie a financovanie v\u00fdskumn\u00fdch infra\u0161trukt\u00far, \u017eiados\u0165 o financovanie n\u00e1rodnej platformy v\u00fdsk. infra\u0161trukt\u00fary<\/li><li>1,01,05 &#8211; Q &amp; A<\/li><\/ul><\/td><\/tr><tr><td width=\"151\"><p>23.10.2025<\/p><\/td><td width=\"151\"><p>Sk\u00fasenosti s\u202f<strong>auditmi medzin\u00e1rodn\u00fdch projektov<\/strong>\u00a0<\/p><\/td><td width=\"151\"><p>Pokro\u010dil\u00ed<\/p><\/td><td width=\"151\"><p><a href=\"https:\/\/video.nti.sk\/rec\/?1158359GIZAF94A67\">Z\u00c1ZNAM<\/a><\/p><ul><li>04,10 &#8211; Hos\u0165: Martin Johanes (Johanes &amp; Partner): Ako si n\u00e1js\u0165 aud\u00edtora na Slovensku, zmluvn\u00fd vz\u0165ah s aud\u00edtorom<\/li><li>9,45 &#8211; Hos\u0165: Martin Johanes (Johanes &amp; Partner): \u010co je audit a \u010do je jeho predmetom?\u00a0\u00a0<\/li><li>17,55 &#8211; CFS &#8211; Osved\u010denie o finan\u010dn\u00fdch v\u00fdkazoch<\/li><li>29,00 &#8211; Krit\u00e9ri\u00e1 opr\u00e1vnenosti n\u00e1kladov<\/li><li>31,25 &#8211; Hos\u0165: Martin Johanes (Johanes &amp; Partners): Rozpo\u010dtov\u00e9 kateg\u00f3rie v Horizonte Eur\u00f3pa, doklady na predlo\u017eenie v audite<\/li><li>55,30 &#8211; Druhostup\u0148ov\u00fd audit (vykon\u00e1va Eur\u00f3pska komisia)<\/li><\/ul><\/td><\/tr><tr><td width=\"151\"><p>20.11.2025<\/p><\/td><td width=\"151\"><p>Nov\u00fd eur\u00f3psky Bauhaus<\/p><\/td><td width=\"151\"><p>Za\u010diato\u010dn\u00edci, mierne pokro\u010dil\u00ed<\/p><\/td><td width=\"151\"><p><a href=\"https:\/\/video.nti.sk\/rec?1168286GY2A939B81\">Z\u00c1ZNAM<\/a><\/p><ul><li>03,00 &#8211; Hos\u0165: Peter Be\u0148u\u0161ka (Manifest 2020): Historick\u00fd Bauhaus a s\u00fa\u010dasn\u00fd New European Bauhaus<\/li><li>16,20 &#8211; Hostka: M\u00e1ria Be\u0148a\u010dkov\u00e1 Ri\u0161kov\u00e1 (Manifest 2020): Komunita NEB a partneri iniciat\u00edvy NEB na Slovensku<\/li><li>24,50 Hostka: \u013dubica \u0160imkovicov\u00e1 (Manifest 2020): Deklar\u00e1cia a aktivity NEB Slovensko<\/li><li>34,30 &#8211; Hostka: Zuzana R\u00e9veszov\u00e1 (Spolka): Sk\u00fasenosti a projekt v s\u00fa\u0165a\u017ei NEB Prize<\/li><li>45,45 &#8211; Hostka: Jana Ondrejmi\u0161kov\u00e1 (\u00darad pre \u00fazemn\u00e9 pl\u00e1novanie a v\u00fdstavbu SR): NEB ako agenda \u00daradu<\/li><li>49,30 &#8211; N\u00e1pl\u0148 \u010dinnosti NCP pre NEB (Elena \u017d\u00e1kov\u00e1, N\u00e1rodn\u00e1 kancel\u00e1ria Horizontu &#8211; NKH), NEB a Klaster 5 (Miroslava Tu\u017einsk\u00e1, NKH), NEB v III.pilieri Horizontu Eur\u00f3pa (Peter Szuttor, EIT, EIE, EIC)<\/li><\/ul><\/td><\/tr><tr><td width=\"151\">\u00a0<\/td><td width=\"151\">\u00a0<\/td><td width=\"151\">\u00a0<\/td><td width=\"151\">\u00a0<\/td><\/tr><\/tbody><\/table><p><strong>Arch\u00edv webin\u00e1rov z roku 2024:<\/strong><\/p><table width=\"1138\"><tbody><tr><td width=\"101\"><strong>D\u00e1tum:<\/strong><\/td><td width=\"315\"><strong>T\u00e9ma:<\/strong><\/td><td width=\"205\"><strong>Komu je t\u00e9ma ur\u010den\u00e1<\/strong>:<\/td><\/tr><tr><td width=\"101\">29.2.2024<\/td><td width=\"315\">\u010cas\u0165 B \u2013 technical proposal &#8211;\u00a0<a href=\"https:\/\/eraportal.sk\/horizont-europa\/wp-content\/uploads\/sites\/4\/2024\/03\/29_2_2024_Nalezitosti-projektovej-ziadosti_final.pdf\" target=\"_blank\" rel=\"noreferrer noopener\" data-rich-text-format-boundary=\"true\">prezent\u00e1cia<\/a><br data-rich-text-line-break=\"true\" \/><a href=\"https:\/\/video.nti.sk\/rec\/?1068977NZF92QWD16\">Z\u00c1ZNAM<\/a><\/td><td width=\"205\">(Mierne) pokro\u010dil\u00ed\u00a0<\/td><\/tr><tr><td width=\"101\">21.3.2024<\/td><td width=\"315\">Ako si vybra\u0165 a \u010d\u00edta\u0165 t\u00e9mu v\u00fdzvy na predkladanie projektovej \u017eiadosti &#8211; <a href=\"https:\/\/eraportal.sk\/horizont-europa\/wp-content\/uploads\/sites\/4\/2024\/03\/How-to-read-the-topic-21032024FINALx.pdf\" target=\"_blank\" rel=\"noopener\">prezent\u00e1cia.<\/a>\u00a0\u00a0<a href=\"https:\/\/video.nti.sk\/rec?1071037R2DHN8Z985\" target=\"_blank\" rel=\"noopener\">Z\u00c1ZNAM<\/a><\/td><td width=\"205\">Za\u010diato\u010dn\u00edci \/ mierne pokro\u010dil\u00ed\u00a0<\/td><\/tr><tr><td width=\"101\">18.4.2024<\/td><td width=\"315\">\u010co je nov\u00e9 v EIC Accelerator a podpore tech startupov &#8211; <a href=\"https:\/\/eraportal.sk\/horizont-europa\/wp-content\/uploads\/sites\/4\/2024\/05\/InnoTalks-Kava-EIC-2024-04-18.pdf\" target=\"_blank\" rel=\"noopener\">prezent\u00e1cia.<\/a>\u00a0 <a href=\"https:\/\/video.nti.sk\/rec\/?1073153Y1TBDJNW35\" target=\"_blank\" rel=\"noopener\">Z\u00c1ZNAM<\/a><\/td><td width=\"205\">Za\u010diato\u010dn\u00edci \/ mierne pokro\u010dil\u00ed\u00a0<\/td><\/tr><tr><td width=\"101\">23.5.2024<\/td><td width=\"315\">Siln\u00fd koordin\u00e1tor &#8211; z\u00e1kladn\u00fd predpoklad \u00faspechu<a href=\"https:\/\/video.nti.sk\/rec?1080986AP8OJC5992\" target=\"_blank\" rel=\"noopener\">\u00a0 Z\u00c1ZNAM<\/a><\/td><td width=\"205\">Za\u010diato\u010dn\u00edci \/ mierne pokro\u010dil\u00ed\u00a0<\/td><\/tr><tr><td width=\"101\">27.6.2024<\/td><td width=\"315\">Person\u00e1lne v\u00fddavky \u00a0<a href=\"https:\/\/video.nti.sk\/rec\/?1100794G0D4R8M845\">Z\u00c1ZNAM<\/a><\/td><td width=\"205\">Pokro\u010dil\u00ed\u00a0<\/td><\/tr><tr><td width=\"101\">26.9.2024<\/td><td width=\"315\">Kask\u00e1dov\u00e9 financovanie \u00a0<a href=\"https:\/\/video.nti.sk\/rec\/?10860804XW3QDP141\">Z\u00c1ZNAM<\/a><\/td><td width=\"205\">(Mierne) pokro\u010dil\u00ed\u00a0<\/td><\/tr><tr><td width=\"101\">24.10.2024<\/td><td width=\"315\">Zozn\u00e1mte sa s EITAktu\u00e1lne pr\u00edle\u017eitosti Eur\u00f3pskeho inova\u010dn\u00e9ho a technologick\u00e9ho in\u0161tit\u00fatu\u00a0Dozviete sa viac aj o EIT Health, EIT Urban Mobility, EIT Water, EIT HEI Initiative a pod.Prezent\u00e1cie &#8211; <a href=\"https:\/\/eraportal.sk\/horizont-europa\/wp-content\/uploads\/sites\/4\/2024\/10\/Kava-s-NCP_NKH.pdf\">1<\/a>, <a href=\"https:\/\/eraportal.sk\/horizont-europa\/wp-content\/uploads\/sites\/4\/2024\/10\/EIT-webinar-na-ka\u0301ve-s-NCPs_CIVITTA.pdf\">2<\/a>, <a href=\"https:\/\/eraportal.sk\/horizont-europa\/wp-content\/uploads\/sites\/4\/2024\/10\/CIVITTA-RAPTOR-KE.pdf\">3<\/a>. \u00a0<a href=\"https:\/\/video.nti.sk\/rec\/?1088434Y79W58L492\">Z\u00c1ZNAM<\/a><\/td><td width=\"205\">Za\u010diato\u010dn\u00edci \/ mierne pokro\u010dil\u00ed\u00a0<\/td><\/tr><tr><td width=\"101\">28.11.2024<\/td><td width=\"315\">Podpora a prekon\u00e1vanie prek\u00e1\u017eok pri zap\u00e1jan\u00ed sa do programu HE.<a href=\"https:\/\/video.nti.sk\/rec\/?11091563JUE8A6094\" target=\"_blank\" rel=\"noopener\">\u00a0 Z\u00c1ZNAM<\/a><\/td><td width=\"205\">Za\u010diato\u010dn\u00edci \/ mierne pokro\u010dil\u00ed<\/td><\/tr><\/tbody><\/table>\t\t\t\t\t\t\t\t<\/div>\n\t\t\t\t<\/div>\n\t\t\t\t\t<\/div>\n\t\t\t\t<\/div>\n\t\t\t\t<\/div>\n\t\t","protected":false},"excerpt":{"rendered":"<p>Na k\u00e1ve s NCPs bola s\u00e9ria pravideln\u00fdch online podujat\u00ed v rokoch 2024-2025, tematicky navrhnut\u00fdch tak, aby reagovali na aktu\u00e1lne potreby, podnety a po\u017eiadavky s\u00favisiace s programom Horizont Eur\u00f3pa. Raz za mesiac sa N\u00e1rodn\u00e9 kontaktn\u00e9 body (NCPs) venovali \u0161pecifickej t\u00e9me vo forme videokonferencie s mo\u017enos\u0165ou interakt\u00edvne kl\u00e1s\u0165 ot\u00e1zky po\u010das podujatia. Arch\u00edv podujat\u00ed a z\u00e1znamy webin\u00e1rov n\u00e1jdete [&hellip;]<\/p>\n","protected":false},"author":1,"featured_media":0,"parent":52,"menu_order":0,"comment_status":"closed","ping_status":"closed","template":"","meta":{"_acf_changed":false,"footnotes":""},"class_list":["post-22574","page","type-page","status-publish","hentry"],"yoast_head":"<!-- This site is optimized with the Yoast SEO plugin v24.4 - https:\/\/yoast.com\/wordpress\/plugins\/seo\/ -->\n<title>Na k\u00e1ve s NCPs 2024, 2025 - arch\u00edv - Horizont Eur\u00f3pa<\/title>\n<meta name=\"robots\" content=\"index, follow, max-snippet:-1, max-image-preview:large, max-video-preview:-1\" \/>\n<link rel=\"canonical\" href=\"https:\/\/eraportal.sk\/horizont-europa\/heu-narodne-kontaktne-body\/na-kave-s-ncps\/\" \/>\n<meta property=\"og:locale\" content=\"sk_SK\" \/>\n<meta property=\"og:type\" content=\"article\" \/>\n<meta property=\"og:title\" content=\"Na k\u00e1ve s NCPs 2024, 2025 - arch\u00edv - Horizont Eur\u00f3pa\" \/>\n<meta property=\"og:description\" content=\"Na k\u00e1ve s NCPs bola s\u00e9ria pravideln\u00fdch online podujat\u00ed v rokoch 2024-2025, tematicky navrhnut\u00fdch tak, aby reagovali na aktu\u00e1lne potreby, podnety a po\u017eiadavky s\u00favisiace s programom Horizont Eur\u00f3pa. Raz za mesiac sa N\u00e1rodn\u00e9 kontaktn\u00e9 body (NCPs) venovali \u0161pecifickej t\u00e9me vo forme videokonferencie s mo\u017enos\u0165ou interakt\u00edvne kl\u00e1s\u0165 ot\u00e1zky po\u010das podujatia. Arch\u00edv podujat\u00ed a z\u00e1znamy webin\u00e1rov n\u00e1jdete [&hellip;]\" \/>\n<meta property=\"og:url\" content=\"https:\/\/eraportal.sk\/horizont-europa\/heu-narodne-kontaktne-body\/na-kave-s-ncps\/\" \/>\n<meta property=\"og:site_name\" content=\"Horizont Eur\u00f3pa\" \/>\n<meta property=\"article:modified_time\" content=\"2026-02-05T11:24:52+00:00\" \/>\n<meta name=\"twitter:card\" content=\"summary_large_image\" \/>\n<meta name=\"twitter:label1\" content=\"Predpokladan\u00fd \u010das \u010d\u00edtania\" \/>\n\t<meta name=\"twitter:data1\" content=\"5 min\u00fat\" \/>\n<script type=\"application\/ld+json\" class=\"yoast-schema-graph\">{\"@context\":\"https:\/\/schema.org\",\"@graph\":[{\"@type\":\"WebPage\",\"@id\":\"https:\/\/eraportal.sk\/horizont-europa\/heu-narodne-kontaktne-body\/na-kave-s-ncps\/\",\"url\":\"https:\/\/eraportal.sk\/horizont-europa\/heu-narodne-kontaktne-body\/na-kave-s-ncps\/\",\"name\":\"Na k\u00e1ve s NCPs 2024, 2025 - arch\u00edv - Horizont Eur\u00f3pa\",\"isPartOf\":{\"@id\":\"https:\/\/eraportal.sk\/horizont-europa\/#website\"},\"datePublished\":\"2024-03-14T15:14:50+00:00\",\"dateModified\":\"2026-02-05T11:24:52+00:00\",\"breadcrumb\":{\"@id\":\"https:\/\/eraportal.sk\/horizont-europa\/heu-narodne-kontaktne-body\/na-kave-s-ncps\/#breadcrumb\"},\"inLanguage\":\"sk-SK\",\"potentialAction\":[{\"@type\":\"ReadAction\",\"target\":[\"https:\/\/eraportal.sk\/horizont-europa\/heu-narodne-kontaktne-body\/na-kave-s-ncps\/\"]}]},{\"@type\":\"BreadcrumbList\",\"@id\":\"https:\/\/eraportal.sk\/horizont-europa\/heu-narodne-kontaktne-body\/na-kave-s-ncps\/#breadcrumb\",\"itemListElement\":[{\"@type\":\"ListItem\",\"position\":1,\"name\":\"Domovsk\u00e1 str\u00e1nka\",\"item\":\"https:\/\/eraportal.sk\/horizont-europa\/\"},{\"@type\":\"ListItem\",\"position\":2,\"name\":\"N\u00e1rodn\u00e9 kontaktn\u00e9 body\",\"item\":\"https:\/\/eraportal.sk\/horizont-europa\/heu-narodne-kontaktne-body\/\"},{\"@type\":\"ListItem\",\"position\":3,\"name\":\"Na k\u00e1ve s NCPs 2024, 2025 &#8211; arch\u00edv\"}]},{\"@type\":\"WebSite\",\"@id\":\"https:\/\/eraportal.sk\/horizont-europa\/#website\",\"url\":\"https:\/\/eraportal.sk\/horizont-europa\/\",\"name\":\"Horizont Eur\u00f3pa\",\"description\":\"\",\"publisher\":{\"@id\":\"https:\/\/eraportal.sk\/horizont-europa\/#organization\"},\"potentialAction\":[{\"@type\":\"SearchAction\",\"target\":{\"@type\":\"EntryPoint\",\"urlTemplate\":\"https:\/\/eraportal.sk\/horizont-europa\/?s={search_term_string}\"},\"query-input\":{\"@type\":\"PropertyValueSpecification\",\"valueRequired\":true,\"valueName\":\"search_term_string\"}}],\"inLanguage\":\"sk-SK\"},{\"@type\":\"Organization\",\"@id\":\"https:\/\/eraportal.sk\/horizont-europa\/#organization\",\"name\":\"Horizont Eur\u00f3pa\",\"url\":\"https:\/\/eraportal.sk\/horizont-europa\/\",\"logo\":{\"@type\":\"ImageObject\",\"inLanguage\":\"sk-SK\",\"@id\":\"https:\/\/eraportal.sk\/horizont-europa\/#\/schema\/logo\/image\/\",\"url\":\"https:\/\/eraportal.sk\/horizont-europa\/wp-content\/uploads\/sites\/4\/2024\/02\/Favicon_HEU.png\",\"contentUrl\":\"https:\/\/eraportal.sk\/horizont-europa\/wp-content\/uploads\/sites\/4\/2024\/02\/Favicon_HEU.png\",\"width\":512,\"height\":512,\"caption\":\"Horizont Eur\u00f3pa\"},\"image\":{\"@id\":\"https:\/\/eraportal.sk\/horizont-europa\/#\/schema\/logo\/image\/\"}}]}<\/script>\n<!-- \/ Yoast SEO plugin. -->","yoast_head_json":{"title":"Na k\u00e1ve s NCPs 2024, 2025 - arch\u00edv - Horizont Eur\u00f3pa","robots":{"index":"index","follow":"follow","max-snippet":"max-snippet:-1","max-image-preview":"max-image-preview:large","max-video-preview":"max-video-preview:-1"},"canonical":"https:\/\/eraportal.sk\/horizont-europa\/heu-narodne-kontaktne-body\/na-kave-s-ncps\/","og_locale":"sk_SK","og_type":"article","og_title":"Na k\u00e1ve s NCPs 2024, 2025 - arch\u00edv - Horizont Eur\u00f3pa","og_description":"Na k\u00e1ve s NCPs bola s\u00e9ria pravideln\u00fdch online podujat\u00ed v rokoch 2024-2025, tematicky navrhnut\u00fdch tak, aby reagovali na aktu\u00e1lne potreby, podnety a po\u017eiadavky s\u00favisiace s programom Horizont Eur\u00f3pa. Raz za mesiac sa N\u00e1rodn\u00e9 kontaktn\u00e9 body (NCPs) venovali \u0161pecifickej t\u00e9me vo forme videokonferencie s mo\u017enos\u0165ou interakt\u00edvne kl\u00e1s\u0165 ot\u00e1zky po\u010das podujatia. Arch\u00edv podujat\u00ed a z\u00e1znamy webin\u00e1rov n\u00e1jdete [&hellip;]","og_url":"https:\/\/eraportal.sk\/horizont-europa\/heu-narodne-kontaktne-body\/na-kave-s-ncps\/","og_site_name":"Horizont Eur\u00f3pa","article_modified_time":"2026-02-05T11:24:52+00:00","twitter_card":"summary_large_image","twitter_misc":{"Predpokladan\u00fd \u010das \u010d\u00edtania":"5 min\u00fat"},"schema":{"@context":"https:\/\/schema.org","@graph":[{"@type":"WebPage","@id":"https:\/\/eraportal.sk\/horizont-europa\/heu-narodne-kontaktne-body\/na-kave-s-ncps\/","url":"https:\/\/eraportal.sk\/horizont-europa\/heu-narodne-kontaktne-body\/na-kave-s-ncps\/","name":"Na k\u00e1ve s NCPs 2024, 2025 - arch\u00edv - Horizont Eur\u00f3pa","isPartOf":{"@id":"https:\/\/eraportal.sk\/horizont-europa\/#website"},"datePublished":"2024-03-14T15:14:50+00:00","dateModified":"2026-02-05T11:24:52+00:00","breadcrumb":{"@id":"https:\/\/eraportal.sk\/horizont-europa\/heu-narodne-kontaktne-body\/na-kave-s-ncps\/#breadcrumb"},"inLanguage":"sk-SK","potentialAction":[{"@type":"ReadAction","target":["https:\/\/eraportal.sk\/horizont-europa\/heu-narodne-kontaktne-body\/na-kave-s-ncps\/"]}]},{"@type":"BreadcrumbList","@id":"https:\/\/eraportal.sk\/horizont-europa\/heu-narodne-kontaktne-body\/na-kave-s-ncps\/#breadcrumb","itemListElement":[{"@type":"ListItem","position":1,"name":"Domovsk\u00e1 str\u00e1nka","item":"https:\/\/eraportal.sk\/horizont-europa\/"},{"@type":"ListItem","position":2,"name":"N\u00e1rodn\u00e9 kontaktn\u00e9 body","item":"https:\/\/eraportal.sk\/horizont-europa\/heu-narodne-kontaktne-body\/"},{"@type":"ListItem","position":3,"name":"Na k\u00e1ve s NCPs 2024, 2025 &#8211; arch\u00edv"}]},{"@type":"WebSite","@id":"https:\/\/eraportal.sk\/horizont-europa\/#website","url":"https:\/\/eraportal.sk\/horizont-europa\/","name":"Horizont Eur\u00f3pa","description":"","publisher":{"@id":"https:\/\/eraportal.sk\/horizont-europa\/#organization"},"potentialAction":[{"@type":"SearchAction","target":{"@type":"EntryPoint","urlTemplate":"https:\/\/eraportal.sk\/horizont-europa\/?s={search_term_string}"},"query-input":{"@type":"PropertyValueSpecification","valueRequired":true,"valueName":"search_term_string"}}],"inLanguage":"sk-SK"},{"@type":"Organization","@id":"https:\/\/eraportal.sk\/horizont-europa\/#organization","name":"Horizont Eur\u00f3pa","url":"https:\/\/eraportal.sk\/horizont-europa\/","logo":{"@type":"ImageObject","inLanguage":"sk-SK","@id":"https:\/\/eraportal.sk\/horizont-europa\/#\/schema\/logo\/image\/","url":"https:\/\/eraportal.sk\/horizont-europa\/wp-content\/uploads\/sites\/4\/2024\/02\/Favicon_HEU.png","contentUrl":"https:\/\/eraportal.sk\/horizont-europa\/wp-content\/uploads\/sites\/4\/2024\/02\/Favicon_HEU.png","width":512,"height":512,"caption":"Horizont Eur\u00f3pa"},"image":{"@id":"https:\/\/eraportal.sk\/horizont-europa\/#\/schema\/logo\/image\/"}}]}},"acf":[],"_links":{"self":[{"href":"https:\/\/eraportal.sk\/horizont-europa\/wp-json\/wp\/v2\/pages\/22574","targetHints":{"allow":["GET"]}}],"collection":[{"href":"https:\/\/eraportal.sk\/horizont-europa\/wp-json\/wp\/v2\/pages"}],"about":[{"href":"https:\/\/eraportal.sk\/horizont-europa\/wp-json\/wp\/v2\/types\/page"}],"author":[{"embeddable":true,"href":"https:\/\/eraportal.sk\/horizont-europa\/wp-json\/wp\/v2\/users\/1"}],"replies":[{"embeddable":true,"href":"https:\/\/eraportal.sk\/horizont-europa\/wp-json\/wp\/v2\/comments?post=22574"}],"version-history":[{"count":158,"href":"https:\/\/eraportal.sk\/horizont-europa\/wp-json\/wp\/v2\/pages\/22574\/revisions"}],"predecessor-version":[{"id":29516,"href":"https:\/\/eraportal.sk\/horizont-europa\/wp-json\/wp\/v2\/pages\/22574\/revisions\/29516"}],"up":[{"embeddable":true,"href":"https:\/\/eraportal.sk\/horizont-europa\/wp-json\/wp\/v2\/pages\/52"}],"wp:attachment":[{"href":"https:\/\/eraportal.sk\/horizont-europa\/wp-json\/wp\/v2\/media?parent=22574"}],"curies":[{"name":"wp","href":"https:\/\/api.w.org\/{rel}","templated":true}]}}