    {"id":22066,"date":"2024-02-24T11:21:15","date_gmt":"2024-02-24T10:21:15","guid":{"rendered":"https:\/\/eraportal.ecomcapsule.com\/demohorizont\/?page_id=22066"},"modified":"2024-03-02T16:41:38","modified_gmt":"2024-03-02T15:41:38","slug":"inovativna-europa","status":"publish","type":"page","link":"https:\/\/eraportal.sk\/horizont-europa\/inovativna-europa\/","title":{"rendered":"Inovat\u00edvna Eur\u00f3pa"},"content":{"rendered":"\t\t<div data-elementor-type=\"wp-page\" data-elementor-id=\"22066\" class=\"elementor elementor-22066\" data-elementor-post-type=\"page\">\n\t\t\t\t<div class=\"elementor-element elementor-element-ca05b67 e-flex e-con-boxed e-con e-parent\" data-id=\"ca05b67\" data-element_type=\"container\">\n\t\t\t\t\t<div class=\"e-con-inner\">\n\t\t\t\t<div class=\"elementor-element elementor-element-5884184 elementor-widget elementor-widget-text-editor\" data-id=\"5884184\" data-element_type=\"widget\" data-widget_type=\"text-editor.default\">\n\t\t\t\t<div class=\"elementor-widget-container\">\n\t\t\t\t\t\t\t\t\t<h2>Inovat\u00edvna Eur\u00f3pa<\/h2><p>Nov\u00fd program sa bude realizova\u0165 prostredn\u00edctvom troch hlavn\u00fdch pilierov.<br \/>III. pilier \u201eInovat\u00edvna Eur\u00f3pa\u201c [celkovo 13.5 mld. EUR*] by mal stimulova\u0165 prelomov\u00e9 rie\u0161enia, ktor\u00e9 prispievaj\u00fa k budovaniu trhu a ekosyst\u00e9mov priazniv\u00fdch pre inov\u00e1cie. Zameran\u00fd bude na to, aby sa Eur\u00f3pa stala k\u013e\u00fa\u010dov\u00fdm hr\u00e1\u010dom v inov\u00e1ci\u00e1ch vytv\u00e1raj\u00facich trh prostredn\u00edctvom Eur\u00f3pskej rady pre inov\u00e1cie [10 mld. EUR*]. Eur\u00f3pska rada pre inov\u00e1cie by mala inov\u00e1torom poskytova\u0165 priamu a prisp\u00f4soben\u00fa podporu prostredn\u00edctvom dvoch hlavn\u00fdch n\u00e1strojov financovania \u2013 \u201ePathfinder\u201c (podpora od po\u010diato\u010dnej f\u00e1zy technol\u00f3gie a\u017e po po\u010diato\u010dn\u00fa komer\u010dn\u00fa f\u00e1zu) a \u201eAccelerator\u201c (podpora \u010fal\u0161ieho v\u00fdvoja a uvedenia prelomov\u00fdch inov\u00e1ci\u00ed na trh do \u0161t\u00e1dia, v ktorom ich bud\u00fa m\u00f4c\u0165 investori financova\u0165 za \u0161tandardn\u00fdch obchodn\u00fdch podmienok).<\/p><p>III. pilier programu Horizont Eur\u00f3pa pom\u00f4\u017ee rozvin\u00fa\u0165 celkov\u00fa oblas\u0165 inov\u00e1ci\u00ed v Eur\u00f3pe, a to aj \u010fal\u0161\u00edm posilnen\u00edm Eur\u00f3pskeho inova\u010dn\u00e9ho a technologick\u00e9ho in\u0161tit\u00fatu (EIT) na podporu integr\u00e1cie akt\u00e9rov so spolo\u010dn\u00fdm cie\u013eom rozvoja inov\u00e1ci\u00ed v oblasti v\u00fdskumu, vysoko\u0161kolsk\u00e9ho vzdel\u00e1vania a podnikania (3 mld. EUR*). Taktie\u017e sa uv\u00e1dza n\u00e1vrh vy\u010dleni\u0165 500 mil. EUR* na opatrenia \u201eEur\u00f3pske inova\u010dn\u00e9 ekosyst\u00e9my\u201c (European innovation ecosystems).<\/p>\t\t\t\t\t\t\t\t<\/div>\n\t\t\t\t<\/div>\n\t\t\t\t\t<\/div>\n\t\t\t\t<\/div>\n\t\t<div class=\"elementor-element elementor-element-6155f0c e-flex e-con-boxed e-con e-parent\" data-id=\"6155f0c\" data-element_type=\"container\">\n\t\t\t\t\t<div class=\"e-con-inner\">\n\t\t\t\t<div class=\"elementor-element elementor-element-2c97bd0 elementor-widget elementor-widget-spacer\" data-id=\"2c97bd0\" data-element_type=\"widget\" data-widget_type=\"spacer.default\">\n\t\t\t\t<div class=\"elementor-widget-container\">\n\t\t\t\t\t\t\t<div class=\"elementor-spacer\">\n\t\t\t<div class=\"elementor-spacer-inner\"><\/div>\n\t\t<\/div>\n\t\t\t\t\t\t<\/div>\n\t\t\t\t<\/div>\n\t\t\t\t\t<\/div>\n\t\t\t\t<\/div>\n\t\t<div class=\"elementor-element elementor-element-1141a2e e-flex e-con-boxed e-con e-parent\" data-id=\"1141a2e\" data-element_type=\"container\">\n\t\t\t\t\t<div class=\"e-con-inner\">\n\t\t\t\t<div class=\"elementor-element elementor-element-a673d51 elementor-widget elementor-widget-button\" data-id=\"a673d51\" data-element_type=\"widget\" data-widget_type=\"button.default\">\n\t\t\t\t<div class=\"elementor-widget-container\">\n\t\t\t\t\t\t\t\t\t<div class=\"elementor-button-wrapper\">\n\t\t\t\t\t<a class=\"elementor-button elementor-button-link elementor-size-lg\" href=\"https:\/\/eraportal.sk\/horizont-europa\/inovativna-europa\/europska-rada-pre-inovacie\/\">\n\t\t\t\t\t\t<span class=\"elementor-button-content-wrapper\">\n\t\t\t\t\t\t\t\t\t<span class=\"elementor-button-text\">Eur\u00f3pska rada pre inov\u00e1cie (EIC)<\/span>\n\t\t\t\t\t<\/span>\n\t\t\t\t\t<\/a>\n\t\t\t\t<\/div>\n\t\t\t\t\t\t\t\t<\/div>\n\t\t\t\t<\/div>\n\t\t\t\t<div class=\"elementor-element elementor-element-b4972c0 elementor-widget elementor-widget-button\" data-id=\"b4972c0\" data-element_type=\"widget\" data-widget_type=\"button.default\">\n\t\t\t\t<div class=\"elementor-widget-container\">\n\t\t\t\t\t\t\t\t\t<div class=\"elementor-button-wrapper\">\n\t\t\t\t\t<a class=\"elementor-button elementor-button-link elementor-size-lg\" href=\"https:\/\/eraportal.sk\/horizont-europa\/inovativna-europa\/europske-inovacne-ekosystemy-eie\/\">\n\t\t\t\t\t\t<span class=\"elementor-button-content-wrapper\">\n\t\t\t\t\t\t\t\t\t<span class=\"elementor-button-text\">Eur\u00f3psk\u00e9 inova\u010dn\u00e9 ekosyst\u00e9my (EIE)<\/span>\n\t\t\t\t\t<\/span>\n\t\t\t\t\t<\/a>\n\t\t\t\t<\/div>\n\t\t\t\t\t\t\t\t<\/div>\n\t\t\t\t<\/div>\n\t\t\t\t<div class=\"elementor-element elementor-element-1ce8521 elementor-widget elementor-widget-button\" data-id=\"1ce8521\" data-element_type=\"widget\" data-widget_type=\"button.default\">\n\t\t\t\t<div class=\"elementor-widget-container\">\n\t\t\t\t\t\t\t\t\t<div class=\"elementor-button-wrapper\">\n\t\t\t\t\t<a class=\"elementor-button elementor-button-link elementor-size-lg\" href=\"https:\/\/eraportal.sk\/horizont-europa\/inovativna-europa\/europsky-inovacny-a-technologicky-institut-eit\/\">\n\t\t\t\t\t\t<span class=\"elementor-button-content-wrapper\">\n\t\t\t\t\t\t\t\t\t<span class=\"elementor-button-text\">Eur\u00f3psky inova\u010dn\u00fd a technologick\u00fd in\u0161tit\u00fat (EIT)<\/span>\n\t\t\t\t\t<\/span>\n\t\t\t\t\t<\/a>\n\t\t\t\t<\/div>\n\t\t\t\t\t\t\t\t<\/div>\n\t\t\t\t<\/div>\n\t\t\t\t<div class=\"elementor-element elementor-element-3cfa60a elementor-widget elementor-widget-button\" data-id=\"3cfa60a\" data-element_type=\"widget\" data-widget_type=\"button.default\">\n\t\t\t\t<div class=\"elementor-widget-container\">\n\t\t\t\t\t\t\t\t\t<div class=\"elementor-button-wrapper\">\n\t\t\t\t\t<a class=\"elementor-button elementor-button-link elementor-size-lg\" href=\"https:\/\/eraportal.sk\/horizont-europa\/inovativna-europa\/europsky-inovacny-a-technologicky-institut-eit\/\">\n\t\t\t\t\t\t<span class=\"elementor-button-content-wrapper\">\n\t\t\t\t\t\t\t\t\t<span class=\"elementor-button-text\">Eur\u00f3psky inova\u010dn\u00fd a technologick\u00fd in\u0161tit\u00fat (EIT)<\/span>\n\t\t\t\t\t<\/span>\n\t\t\t\t\t<\/a>\n\t\t\t\t<\/div>\n\t\t\t\t\t\t\t\t<\/div>\n\t\t\t\t<\/div>\n\t\t\t\t<div class=\"elementor-element elementor-element-a790fa8 elementor-widget elementor-widget-button\" data-id=\"a790fa8\" data-element_type=\"widget\" data-widget_type=\"button.default\">\n\t\t\t\t<div class=\"elementor-widget-container\">\n\t\t\t\t\t\t\t\t\t<div class=\"elementor-button-wrapper\">\n\t\t\t\t\t<a class=\"elementor-button elementor-button-link elementor-size-lg\" href=\"https:\/\/eraportal.sk\/horizont-europa\/heu-pravidla-financovania\/\">\n\t\t\t\t\t\t<span class=\"elementor-button-content-wrapper\">\n\t\t\t\t\t\t\t\t\t<span class=\"elementor-button-text\">Pravidl\u00e1 \u00fa\u010dasti a financovania<\/span>\n\t\t\t\t\t<\/span>\n\t\t\t\t\t<\/a>\n\t\t\t\t<\/div>\n\t\t\t\t\t\t\t\t<\/div>\n\t\t\t\t<\/div>\n\t\t\t\t\t<\/div>\n\t\t\t\t<\/div>\n\t\t\t\t<\/div>\n\t\t","protected":false},"excerpt":{"rendered":"<p>Inovat\u00edvna Eur\u00f3pa Nov\u00fd program sa bude realizova\u0165 prostredn\u00edctvom troch hlavn\u00fdch pilierov.III. pilier \u201eInovat\u00edvna Eur\u00f3pa\u201c [celkovo 13.5 mld. EUR*] by mal stimulova\u0165 prelomov\u00e9 rie\u0161enia, ktor\u00e9 prispievaj\u00fa k budovaniu trhu a ekosyst\u00e9mov priazniv\u00fdch pre inov\u00e1cie. Zameran\u00fd bude na to, aby sa Eur\u00f3pa stala k\u013e\u00fa\u010dov\u00fdm hr\u00e1\u010dom v inov\u00e1ci\u00e1ch vytv\u00e1raj\u00facich trh prostredn\u00edctvom Eur\u00f3pskej rady pre inov\u00e1cie [10 mld. EUR*]. [&hellip;]<\/p>\n","protected":false},"author":1,"featured_media":0,"parent":0,"menu_order":0,"comment_status":"closed","ping_status":"closed","template":"","meta":{"_acf_changed":false,"footnotes":""},"class_list":["post-22066","page","type-page","status-publish","hentry"],"yoast_head":"<!-- This site is optimized with the Yoast SEO plugin v24.4 - https:\/\/yoast.com\/wordpress\/plugins\/seo\/ -->\n<title>Inovat\u00edvna Eur\u00f3pa - Horizont Eur\u00f3pa<\/title>\n<meta name=\"robots\" content=\"index, follow, max-snippet:-1, max-image-preview:large, max-video-preview:-1\" \/>\n<link rel=\"canonical\" href=\"https:\/\/eraportal.sk\/horizont-europa\/inovativna-europa\/\" \/>\n<meta property=\"og:locale\" content=\"sk_SK\" \/>\n<meta property=\"og:type\" content=\"article\" \/>\n<meta property=\"og:title\" content=\"Inovat\u00edvna Eur\u00f3pa - Horizont Eur\u00f3pa\" \/>\n<meta property=\"og:description\" content=\"Inovat\u00edvna Eur\u00f3pa Nov\u00fd program sa bude realizova\u0165 prostredn\u00edctvom troch hlavn\u00fdch pilierov.III. pilier \u201eInovat\u00edvna Eur\u00f3pa\u201c [celkovo 13.5 mld. EUR*] by mal stimulova\u0165 prelomov\u00e9 rie\u0161enia, ktor\u00e9 prispievaj\u00fa k budovaniu trhu a ekosyst\u00e9mov priazniv\u00fdch pre inov\u00e1cie. Zameran\u00fd bude na to, aby sa Eur\u00f3pa stala k\u013e\u00fa\u010dov\u00fdm hr\u00e1\u010dom v inov\u00e1ci\u00e1ch vytv\u00e1raj\u00facich trh prostredn\u00edctvom Eur\u00f3pskej rady pre inov\u00e1cie [10 mld. EUR*]. [&hellip;]\" \/>\n<meta property=\"og:url\" content=\"https:\/\/eraportal.sk\/horizont-europa\/inovativna-europa\/\" \/>\n<meta property=\"og:site_name\" content=\"Horizont Eur\u00f3pa\" \/>\n<meta property=\"article:modified_time\" content=\"2024-03-02T15:41:38+00:00\" \/>\n<meta name=\"twitter:card\" content=\"summary_large_image\" \/>\n<meta name=\"twitter:label1\" content=\"Predpokladan\u00fd \u010das \u010d\u00edtania\" \/>\n\t<meta name=\"twitter:data1\" content=\"1 min\u00fata\" \/>\n<script type=\"application\/ld+json\" class=\"yoast-schema-graph\">{\"@context\":\"https:\/\/schema.org\",\"@graph\":[{\"@type\":\"WebPage\",\"@id\":\"https:\/\/eraportal.sk\/horizont-europa\/inovativna-europa\/\",\"url\":\"https:\/\/eraportal.sk\/horizont-europa\/inovativna-europa\/\",\"name\":\"Inovat\u00edvna Eur\u00f3pa - Horizont Eur\u00f3pa\",\"isPartOf\":{\"@id\":\"https:\/\/eraportal.sk\/horizont-europa\/#website\"},\"datePublished\":\"2024-02-24T10:21:15+00:00\",\"dateModified\":\"2024-03-02T15:41:38+00:00\",\"breadcrumb\":{\"@id\":\"https:\/\/eraportal.sk\/horizont-europa\/inovativna-europa\/#breadcrumb\"},\"inLanguage\":\"sk-SK\",\"potentialAction\":[{\"@type\":\"ReadAction\",\"target\":[\"https:\/\/eraportal.sk\/horizont-europa\/inovativna-europa\/\"]}]},{\"@type\":\"BreadcrumbList\",\"@id\":\"https:\/\/eraportal.sk\/horizont-europa\/inovativna-europa\/#breadcrumb\",\"itemListElement\":[{\"@type\":\"ListItem\",\"position\":1,\"name\":\"Domovsk\u00e1 str\u00e1nka\",\"item\":\"https:\/\/eraportal.sk\/horizont-europa\/\"},{\"@type\":\"ListItem\",\"position\":2,\"name\":\"Inovat\u00edvna Eur\u00f3pa\"}]},{\"@type\":\"WebSite\",\"@id\":\"https:\/\/eraportal.sk\/horizont-europa\/#website\",\"url\":\"https:\/\/eraportal.sk\/horizont-europa\/\",\"name\":\"Horizont Eur\u00f3pa\",\"description\":\"\",\"publisher\":{\"@id\":\"https:\/\/eraportal.sk\/horizont-europa\/#organization\"},\"potentialAction\":[{\"@type\":\"SearchAction\",\"target\":{\"@type\":\"EntryPoint\",\"urlTemplate\":\"https:\/\/eraportal.sk\/horizont-europa\/?s={search_term_string}\"},\"query-input\":{\"@type\":\"PropertyValueSpecification\",\"valueRequired\":true,\"valueName\":\"search_term_string\"}}],\"inLanguage\":\"sk-SK\"},{\"@type\":\"Organization\",\"@id\":\"https:\/\/eraportal.sk\/horizont-europa\/#organization\",\"name\":\"Horizont Eur\u00f3pa\",\"url\":\"https:\/\/eraportal.sk\/horizont-europa\/\",\"logo\":{\"@type\":\"ImageObject\",\"inLanguage\":\"sk-SK\",\"@id\":\"https:\/\/eraportal.sk\/horizont-europa\/#\/schema\/logo\/image\/\",\"url\":\"https:\/\/eraportal.sk\/horizont-europa\/wp-content\/uploads\/sites\/4\/2024\/02\/Favicon_HEU.png\",\"contentUrl\":\"https:\/\/eraportal.sk\/horizont-europa\/wp-content\/uploads\/sites\/4\/2024\/02\/Favicon_HEU.png\",\"width\":512,\"height\":512,\"caption\":\"Horizont Eur\u00f3pa\"},\"image\":{\"@id\":\"https:\/\/eraportal.sk\/horizont-europa\/#\/schema\/logo\/image\/\"}}]}<\/script>\n<!-- \/ Yoast SEO plugin. -->","yoast_head_json":{"title":"Inovat\u00edvna Eur\u00f3pa - Horizont Eur\u00f3pa","robots":{"index":"index","follow":"follow","max-snippet":"max-snippet:-1","max-image-preview":"max-image-preview:large","max-video-preview":"max-video-preview:-1"},"canonical":"https:\/\/eraportal.sk\/horizont-europa\/inovativna-europa\/","og_locale":"sk_SK","og_type":"article","og_title":"Inovat\u00edvna Eur\u00f3pa - Horizont Eur\u00f3pa","og_description":"Inovat\u00edvna Eur\u00f3pa Nov\u00fd program sa bude realizova\u0165 prostredn\u00edctvom troch hlavn\u00fdch pilierov.III. pilier \u201eInovat\u00edvna Eur\u00f3pa\u201c [celkovo 13.5 mld. EUR*] by mal stimulova\u0165 prelomov\u00e9 rie\u0161enia, ktor\u00e9 prispievaj\u00fa k budovaniu trhu a ekosyst\u00e9mov priazniv\u00fdch pre inov\u00e1cie. Zameran\u00fd bude na to, aby sa Eur\u00f3pa stala k\u013e\u00fa\u010dov\u00fdm hr\u00e1\u010dom v inov\u00e1ci\u00e1ch vytv\u00e1raj\u00facich trh prostredn\u00edctvom Eur\u00f3pskej rady pre inov\u00e1cie [10 mld. EUR*]. [&hellip;]","og_url":"https:\/\/eraportal.sk\/horizont-europa\/inovativna-europa\/","og_site_name":"Horizont Eur\u00f3pa","article_modified_time":"2024-03-02T15:41:38+00:00","twitter_card":"summary_large_image","twitter_misc":{"Predpokladan\u00fd \u010das \u010d\u00edtania":"1 min\u00fata"},"schema":{"@context":"https:\/\/schema.org","@graph":[{"@type":"WebPage","@id":"https:\/\/eraportal.sk\/horizont-europa\/inovativna-europa\/","url":"https:\/\/eraportal.sk\/horizont-europa\/inovativna-europa\/","name":"Inovat\u00edvna Eur\u00f3pa - Horizont Eur\u00f3pa","isPartOf":{"@id":"https:\/\/eraportal.sk\/horizont-europa\/#website"},"datePublished":"2024-02-24T10:21:15+00:00","dateModified":"2024-03-02T15:41:38+00:00","breadcrumb":{"@id":"https:\/\/eraportal.sk\/horizont-europa\/inovativna-europa\/#breadcrumb"},"inLanguage":"sk-SK","potentialAction":[{"@type":"ReadAction","target":["https:\/\/eraportal.sk\/horizont-europa\/inovativna-europa\/"]}]},{"@type":"BreadcrumbList","@id":"https:\/\/eraportal.sk\/horizont-europa\/inovativna-europa\/#breadcrumb","itemListElement":[{"@type":"ListItem","position":1,"name":"Domovsk\u00e1 str\u00e1nka","item":"https:\/\/eraportal.sk\/horizont-europa\/"},{"@type":"ListItem","position":2,"name":"Inovat\u00edvna Eur\u00f3pa"}]},{"@type":"WebSite","@id":"https:\/\/eraportal.sk\/horizont-europa\/#website","url":"https:\/\/eraportal.sk\/horizont-europa\/","name":"Horizont Eur\u00f3pa","description":"","publisher":{"@id":"https:\/\/eraportal.sk\/horizont-europa\/#organization"},"potentialAction":[{"@type":"SearchAction","target":{"@type":"EntryPoint","urlTemplate":"https:\/\/eraportal.sk\/horizont-europa\/?s={search_term_string}"},"query-input":{"@type":"PropertyValueSpecification","valueRequired":true,"valueName":"search_term_string"}}],"inLanguage":"sk-SK"},{"@type":"Organization","@id":"https:\/\/eraportal.sk\/horizont-europa\/#organization","name":"Horizont Eur\u00f3pa","url":"https:\/\/eraportal.sk\/horizont-europa\/","logo":{"@type":"ImageObject","inLanguage":"sk-SK","@id":"https:\/\/eraportal.sk\/horizont-europa\/#\/schema\/logo\/image\/","url":"https:\/\/eraportal.sk\/horizont-europa\/wp-content\/uploads\/sites\/4\/2024\/02\/Favicon_HEU.png","contentUrl":"https:\/\/eraportal.sk\/horizont-europa\/wp-content\/uploads\/sites\/4\/2024\/02\/Favicon_HEU.png","width":512,"height":512,"caption":"Horizont Eur\u00f3pa"},"image":{"@id":"https:\/\/eraportal.sk\/horizont-europa\/#\/schema\/logo\/image\/"}}]}},"acf":[],"_links":{"self":[{"href":"https:\/\/eraportal.sk\/horizont-europa\/wp-json\/wp\/v2\/pages\/22066","targetHints":{"allow":["GET"]}}],"collection":[{"href":"https:\/\/eraportal.sk\/horizont-europa\/wp-json\/wp\/v2\/pages"}],"about":[{"href":"https:\/\/eraportal.sk\/horizont-europa\/wp-json\/wp\/v2\/types\/page"}],"author":[{"embeddable":true,"href":"https:\/\/eraportal.sk\/horizont-europa\/wp-json\/wp\/v2\/users\/1"}],"replies":[{"embeddable":true,"href":"https:\/\/eraportal.sk\/horizont-europa\/wp-json\/wp\/v2\/comments?post=22066"}],"version-history":[{"count":7,"href":"https:\/\/eraportal.sk\/horizont-europa\/wp-json\/wp\/v2\/pages\/22066\/revisions"}],"predecessor-version":[{"id":22351,"href":"https:\/\/eraportal.sk\/horizont-europa\/wp-json\/wp\/v2\/pages\/22066\/revisions\/22351"}],"wp:attachment":[{"href":"https:\/\/eraportal.sk\/horizont-europa\/wp-json\/wp\/v2\/media?parent=22066"}],"curies":[{"name":"wp","href":"https:\/\/api.w.org\/{rel}","templated":true}]}}