    {"id":22058,"date":"2024-02-24T11:19:04","date_gmt":"2024-02-24T10:19:04","guid":{"rendered":"https:\/\/eraportal.ecomcapsule.com\/demohorizont\/?page_id=22058"},"modified":"2024-02-24T15:15:27","modified_gmt":"2024-02-24T14:15:27","slug":"spolocne-financovane-partnerstva","status":"publish","type":"page","link":"https:\/\/eraportal.sk\/horizont-europa\/heu-globalne-vyzvy\/heu-misie\/heu-misie-europsky-vyskumno-inovacne-partnerstva\/spolocne-financovane-partnerstva\/","title":{"rendered":"Spolufinancovan\u00e9 (Co-funded)"},"content":{"rendered":"\t\t<div data-elementor-type=\"wp-page\" data-elementor-id=\"22058\" class=\"elementor elementor-22058\" data-elementor-post-type=\"page\">\n\t\t\t\t<div class=\"elementor-element elementor-element-e25909f e-flex e-con-boxed e-con e-parent\" data-id=\"e25909f\" data-element_type=\"container\">\n\t\t\t\t\t<div class=\"e-con-inner\">\n\t\t\t\t<div class=\"elementor-element elementor-element-1f1d4a2 elementor-widget elementor-widget-text-editor\" data-id=\"1f1d4a2\" data-element_type=\"widget\" data-widget_type=\"text-editor.default\">\n\t\t\t\t<div class=\"elementor-widget-container\">\n\t\t\t\t\t\t\t\t\t<div class=\"container-fluid bg-white\"><div class=\"container section-further-links-global heu-content detail-content\"><div id=\"wpsm_tab_container_63964\"><div class=\"wpsm_tab_63964\" role=\"tabpanel\"><div class=\"wpsm_tab_content tabs\"><div id=\"tabs_desc_63964_1\" class=\"tab-pane  in active \" role=\"tabpanel\"><p>Tak\u00fdto typ partnerstiev bude zalo\u017een\u00fd na uzatvorenej grantovej dohode medzi Eur\u00f3pskou komisiou a\u00a0konzorciom partnerov v\u00a0nadv\u00e4znosti na vyhodnotenie otvorenej v\u00fdzvy v\u00a0pracovnom programe Horizont Eur\u00f3pa, do ktorej bol podan\u00fd n\u00e1vrh na spolo\u010dne financovan\u00fd program.<\/p><p>\u00a0<\/p><p>Program mus\u00ed \u0161pecifikova\u0165 ciele, k\u013e\u00fa\u010dov\u00e9 indik\u00e1tory v\u00fdkonnosti (KPI), v\u00fdstupy, finan\u010dn\u00e9 alebo in-kind z\u00e1v\u00e4zky partnerov a\u00a0pl\u00e1n integr\u00e1cie relevantn\u00fdch aktiv\u00edt.<\/p><p>\u00a0<\/p><p>Typick\u00fdmi partnermi v\u00a0konzorciu bud\u00fa z\u00e1stupcovia riadiacich org\u00e1nov a\u00a0poskytovate\u013eov finan\u010dn\u00fdch prostriedkov na v\u00fdskum a\u00a0inov\u00e1cie a\u00a0vlastn\u00edkov prostriedkov programu (programme owners\/managers). Partnermi m\u00f4\u017eu by\u0165 napr. aj nad\u00e1cie a\u00a0mo\u017en\u00e9 bude aj zapojenie partnerov z\u00a0tret\u00edch kraj\u00edn.<\/p><p>\u00a0<\/p><p>Spolufinancovan\u00e9 aktivity v programe m\u00f4\u017eu by\u0165 implementovan\u00e9 priamo partnermi alebo nimi poveren\u00fdmi tret\u00edmi stranami. Aktivity m\u00f4\u017eu zah\u0155\u0148a\u0165 v\u00fdskum, inov\u00e1cie, networking a koordin\u00e1ciu, pilotn\u00e9 aktivity, \u0161kolenia a mobility, zvy\u0161ovanie povedomia a komunik\u00e1ciu pre \u0161\u00edrenie a vyu\u017e\u00edvanie v\u00fdsledkov, ude\u013eovanie cien a in\u00e9.<\/p><p>\u00a0<\/p><p>Grantov\u00e1 dohoda s\u00a0EK bude uzatv\u00e1ran\u00e1 na 5-7 rokov, miera spolufinancovania zo strany EK bude 30%, v\u00a0od\u00f4vodnen\u00fdch v\u00fdnimo\u010dn\u00fdch pr\u00edpadoch v\u0161ak m\u00f4\u017ee dosiahnu\u0165 a\u017e 70%.<\/p><p>\u00a0<\/p><p>Svojim charakterom zodpoved\u00e1 tento typ partnerstva s\u00fa\u010dasn\u00fdm Eur\u00f3pskym spolo\u010dn\u00fdm programom (European Joint Programme\/EJP Cofund) a ERANET Co-fund. Tie patrili v r\u00e1mci programu Horizont 2020 medzi partnerstv\u00e1 v\u00a0r\u00e1mci verejn\u00e9ho sektora.<\/p><\/div><\/div><\/div><\/div><\/div><\/div><footer><div class=\"container\"><div class=\"row\"><div class=\"col-md-12\">\u00a0<\/div><\/div><\/div><\/footer>\t\t\t\t\t\t\t\t<\/div>\n\t\t\t\t<\/div>\n\t\t\t\t\t<\/div>\n\t\t\t\t<\/div>\n\t\t\t\t<\/div>\n\t\t","protected":false},"excerpt":{"rendered":"<p>Tak\u00fdto typ partnerstiev bude zalo\u017een\u00fd na uzatvorenej grantovej dohode medzi Eur\u00f3pskou komisiou a\u00a0konzorciom partnerov v\u00a0nadv\u00e4znosti na vyhodnotenie otvorenej v\u00fdzvy v\u00a0pracovnom programe Horizont Eur\u00f3pa, do ktorej bol podan\u00fd n\u00e1vrh na spolo\u010dne financovan\u00fd program. \u00a0 Program mus\u00ed \u0161pecifikova\u0165 ciele, k\u013e\u00fa\u010dov\u00e9 indik\u00e1tory v\u00fdkonnosti (KPI), v\u00fdstupy, finan\u010dn\u00e9 alebo in-kind z\u00e1v\u00e4zky partnerov a\u00a0pl\u00e1n integr\u00e1cie relevantn\u00fdch aktiv\u00edt. \u00a0 Typick\u00fdmi partnermi v\u00a0konzorciu [&hellip;]<\/p>\n","protected":false},"author":1,"featured_media":0,"parent":634,"menu_order":0,"comment_status":"closed","ping_status":"closed","template":"","meta":{"_acf_changed":false,"footnotes":""},"class_list":["post-22058","page","type-page","status-publish","hentry"],"yoast_head":"<!-- This site is optimized with the Yoast SEO plugin v24.4 - https:\/\/yoast.com\/wordpress\/plugins\/seo\/ -->\n<title>Spolufinancovan\u00e9 (Co-funded) - Horizont Eur\u00f3pa<\/title>\n<meta name=\"robots\" content=\"index, follow, max-snippet:-1, max-image-preview:large, max-video-preview:-1\" \/>\n<link rel=\"canonical\" href=\"https:\/\/eraportal.sk\/horizont-europa\/heu-globalne-vyzvy\/heu-misie\/heu-misie-europsky-vyskumno-inovacne-partnerstva\/spolocne-financovane-partnerstva\/\" \/>\n<meta property=\"og:locale\" content=\"sk_SK\" \/>\n<meta property=\"og:type\" content=\"article\" \/>\n<meta property=\"og:title\" content=\"Spolufinancovan\u00e9 (Co-funded) - Horizont Eur\u00f3pa\" \/>\n<meta property=\"og:description\" content=\"Tak\u00fdto typ partnerstiev bude zalo\u017een\u00fd na uzatvorenej grantovej dohode medzi Eur\u00f3pskou komisiou a\u00a0konzorciom partnerov v\u00a0nadv\u00e4znosti na vyhodnotenie otvorenej v\u00fdzvy v\u00a0pracovnom programe Horizont Eur\u00f3pa, do ktorej bol podan\u00fd n\u00e1vrh na spolo\u010dne financovan\u00fd program. \u00a0 Program mus\u00ed \u0161pecifikova\u0165 ciele, k\u013e\u00fa\u010dov\u00e9 indik\u00e1tory v\u00fdkonnosti (KPI), v\u00fdstupy, finan\u010dn\u00e9 alebo in-kind z\u00e1v\u00e4zky partnerov a\u00a0pl\u00e1n integr\u00e1cie relevantn\u00fdch aktiv\u00edt. \u00a0 Typick\u00fdmi partnermi v\u00a0konzorciu [&hellip;]\" \/>\n<meta property=\"og:url\" content=\"https:\/\/eraportal.sk\/horizont-europa\/heu-globalne-vyzvy\/heu-misie\/heu-misie-europsky-vyskumno-inovacne-partnerstva\/spolocne-financovane-partnerstva\/\" \/>\n<meta property=\"og:site_name\" content=\"Horizont Eur\u00f3pa\" \/>\n<meta property=\"article:modified_time\" content=\"2024-02-24T14:15:27+00:00\" \/>\n<meta name=\"twitter:card\" content=\"summary_large_image\" \/>\n<meta name=\"twitter:label1\" content=\"Predpokladan\u00fd \u010das \u010d\u00edtania\" \/>\n\t<meta name=\"twitter:data1\" content=\"2 min\u00faty\" \/>\n<script type=\"application\/ld+json\" class=\"yoast-schema-graph\">{\"@context\":\"https:\/\/schema.org\",\"@graph\":[{\"@type\":\"WebPage\",\"@id\":\"https:\/\/eraportal.sk\/horizont-europa\/heu-globalne-vyzvy\/heu-misie\/heu-misie-europsky-vyskumno-inovacne-partnerstva\/spolocne-financovane-partnerstva\/\",\"url\":\"https:\/\/eraportal.sk\/horizont-europa\/heu-globalne-vyzvy\/heu-misie\/heu-misie-europsky-vyskumno-inovacne-partnerstva\/spolocne-financovane-partnerstva\/\",\"name\":\"Spolufinancovan\u00e9 (Co-funded) - Horizont Eur\u00f3pa\",\"isPartOf\":{\"@id\":\"https:\/\/eraportal.sk\/horizont-europa\/#website\"},\"datePublished\":\"2024-02-24T10:19:04+00:00\",\"dateModified\":\"2024-02-24T14:15:27+00:00\",\"breadcrumb\":{\"@id\":\"https:\/\/eraportal.sk\/horizont-europa\/heu-globalne-vyzvy\/heu-misie\/heu-misie-europsky-vyskumno-inovacne-partnerstva\/spolocne-financovane-partnerstva\/#breadcrumb\"},\"inLanguage\":\"sk-SK\",\"potentialAction\":[{\"@type\":\"ReadAction\",\"target\":[\"https:\/\/eraportal.sk\/horizont-europa\/heu-globalne-vyzvy\/heu-misie\/heu-misie-europsky-vyskumno-inovacne-partnerstva\/spolocne-financovane-partnerstva\/\"]}]},{\"@type\":\"BreadcrumbList\",\"@id\":\"https:\/\/eraportal.sk\/horizont-europa\/heu-globalne-vyzvy\/heu-misie\/heu-misie-europsky-vyskumno-inovacne-partnerstva\/spolocne-financovane-partnerstva\/#breadcrumb\",\"itemListElement\":[{\"@type\":\"ListItem\",\"position\":1,\"name\":\"Domovsk\u00e1 str\u00e1nka\",\"item\":\"https:\/\/eraportal.sk\/horizont-europa\/\"},{\"@type\":\"ListItem\",\"position\":2,\"name\":\"Glob\u00e1lne v\u00fdzvy a konkurencieschopnos\u0165 eur\u00f3pskeho priemyslu\",\"item\":\"https:\/\/eraportal.sk\/horizont-europa\/heu-globalne-vyzvy\/\"},{\"@type\":\"ListItem\",\"position\":3,\"name\":\"Misie E\u00da\",\"item\":\"https:\/\/eraportal.sk\/horizont-europa\/heu-globalne-vyzvy\/heu-misie\/\"},{\"@type\":\"ListItem\",\"position\":4,\"name\":\"Eur\u00f3pske partnerstv\u00e1\",\"item\":\"https:\/\/eraportal.sk\/horizont-europa\/heu-globalne-vyzvy\/heu-misie\/heu-misie-europsky-vyskumno-inovacne-partnerstva\/\"},{\"@type\":\"ListItem\",\"position\":5,\"name\":\"Spolufinancovan\u00e9 (Co-funded)\"}]},{\"@type\":\"WebSite\",\"@id\":\"https:\/\/eraportal.sk\/horizont-europa\/#website\",\"url\":\"https:\/\/eraportal.sk\/horizont-europa\/\",\"name\":\"Horizont Eur\u00f3pa\",\"description\":\"\",\"publisher\":{\"@id\":\"https:\/\/eraportal.sk\/horizont-europa\/#organization\"},\"potentialAction\":[{\"@type\":\"SearchAction\",\"target\":{\"@type\":\"EntryPoint\",\"urlTemplate\":\"https:\/\/eraportal.sk\/horizont-europa\/?s={search_term_string}\"},\"query-input\":{\"@type\":\"PropertyValueSpecification\",\"valueRequired\":true,\"valueName\":\"search_term_string\"}}],\"inLanguage\":\"sk-SK\"},{\"@type\":\"Organization\",\"@id\":\"https:\/\/eraportal.sk\/horizont-europa\/#organization\",\"name\":\"Horizont Eur\u00f3pa\",\"url\":\"https:\/\/eraportal.sk\/horizont-europa\/\",\"logo\":{\"@type\":\"ImageObject\",\"inLanguage\":\"sk-SK\",\"@id\":\"https:\/\/eraportal.sk\/horizont-europa\/#\/schema\/logo\/image\/\",\"url\":\"https:\/\/eraportal.sk\/horizont-europa\/wp-content\/uploads\/sites\/4\/2024\/02\/Favicon_HEU.png\",\"contentUrl\":\"https:\/\/eraportal.sk\/horizont-europa\/wp-content\/uploads\/sites\/4\/2024\/02\/Favicon_HEU.png\",\"width\":512,\"height\":512,\"caption\":\"Horizont Eur\u00f3pa\"},\"image\":{\"@id\":\"https:\/\/eraportal.sk\/horizont-europa\/#\/schema\/logo\/image\/\"}}]}<\/script>\n<!-- \/ Yoast SEO plugin. -->","yoast_head_json":{"title":"Spolufinancovan\u00e9 (Co-funded) - Horizont Eur\u00f3pa","robots":{"index":"index","follow":"follow","max-snippet":"max-snippet:-1","max-image-preview":"max-image-preview:large","max-video-preview":"max-video-preview:-1"},"canonical":"https:\/\/eraportal.sk\/horizont-europa\/heu-globalne-vyzvy\/heu-misie\/heu-misie-europsky-vyskumno-inovacne-partnerstva\/spolocne-financovane-partnerstva\/","og_locale":"sk_SK","og_type":"article","og_title":"Spolufinancovan\u00e9 (Co-funded) - Horizont Eur\u00f3pa","og_description":"Tak\u00fdto typ partnerstiev bude zalo\u017een\u00fd na uzatvorenej grantovej dohode medzi Eur\u00f3pskou komisiou a\u00a0konzorciom partnerov v\u00a0nadv\u00e4znosti na vyhodnotenie otvorenej v\u00fdzvy v\u00a0pracovnom programe Horizont Eur\u00f3pa, do ktorej bol podan\u00fd n\u00e1vrh na spolo\u010dne financovan\u00fd program. \u00a0 Program mus\u00ed \u0161pecifikova\u0165 ciele, k\u013e\u00fa\u010dov\u00e9 indik\u00e1tory v\u00fdkonnosti (KPI), v\u00fdstupy, finan\u010dn\u00e9 alebo in-kind z\u00e1v\u00e4zky partnerov a\u00a0pl\u00e1n integr\u00e1cie relevantn\u00fdch aktiv\u00edt. \u00a0 Typick\u00fdmi partnermi v\u00a0konzorciu [&hellip;]","og_url":"https:\/\/eraportal.sk\/horizont-europa\/heu-globalne-vyzvy\/heu-misie\/heu-misie-europsky-vyskumno-inovacne-partnerstva\/spolocne-financovane-partnerstva\/","og_site_name":"Horizont Eur\u00f3pa","article_modified_time":"2024-02-24T14:15:27+00:00","twitter_card":"summary_large_image","twitter_misc":{"Predpokladan\u00fd \u010das \u010d\u00edtania":"2 min\u00faty"},"schema":{"@context":"https:\/\/schema.org","@graph":[{"@type":"WebPage","@id":"https:\/\/eraportal.sk\/horizont-europa\/heu-globalne-vyzvy\/heu-misie\/heu-misie-europsky-vyskumno-inovacne-partnerstva\/spolocne-financovane-partnerstva\/","url":"https:\/\/eraportal.sk\/horizont-europa\/heu-globalne-vyzvy\/heu-misie\/heu-misie-europsky-vyskumno-inovacne-partnerstva\/spolocne-financovane-partnerstva\/","name":"Spolufinancovan\u00e9 (Co-funded) - Horizont Eur\u00f3pa","isPartOf":{"@id":"https:\/\/eraportal.sk\/horizont-europa\/#website"},"datePublished":"2024-02-24T10:19:04+00:00","dateModified":"2024-02-24T14:15:27+00:00","breadcrumb":{"@id":"https:\/\/eraportal.sk\/horizont-europa\/heu-globalne-vyzvy\/heu-misie\/heu-misie-europsky-vyskumno-inovacne-partnerstva\/spolocne-financovane-partnerstva\/#breadcrumb"},"inLanguage":"sk-SK","potentialAction":[{"@type":"ReadAction","target":["https:\/\/eraportal.sk\/horizont-europa\/heu-globalne-vyzvy\/heu-misie\/heu-misie-europsky-vyskumno-inovacne-partnerstva\/spolocne-financovane-partnerstva\/"]}]},{"@type":"BreadcrumbList","@id":"https:\/\/eraportal.sk\/horizont-europa\/heu-globalne-vyzvy\/heu-misie\/heu-misie-europsky-vyskumno-inovacne-partnerstva\/spolocne-financovane-partnerstva\/#breadcrumb","itemListElement":[{"@type":"ListItem","position":1,"name":"Domovsk\u00e1 str\u00e1nka","item":"https:\/\/eraportal.sk\/horizont-europa\/"},{"@type":"ListItem","position":2,"name":"Glob\u00e1lne v\u00fdzvy a konkurencieschopnos\u0165 eur\u00f3pskeho priemyslu","item":"https:\/\/eraportal.sk\/horizont-europa\/heu-globalne-vyzvy\/"},{"@type":"ListItem","position":3,"name":"Misie E\u00da","item":"https:\/\/eraportal.sk\/horizont-europa\/heu-globalne-vyzvy\/heu-misie\/"},{"@type":"ListItem","position":4,"name":"Eur\u00f3pske partnerstv\u00e1","item":"https:\/\/eraportal.sk\/horizont-europa\/heu-globalne-vyzvy\/heu-misie\/heu-misie-europsky-vyskumno-inovacne-partnerstva\/"},{"@type":"ListItem","position":5,"name":"Spolufinancovan\u00e9 (Co-funded)"}]},{"@type":"WebSite","@id":"https:\/\/eraportal.sk\/horizont-europa\/#website","url":"https:\/\/eraportal.sk\/horizont-europa\/","name":"Horizont Eur\u00f3pa","description":"","publisher":{"@id":"https:\/\/eraportal.sk\/horizont-europa\/#organization"},"potentialAction":[{"@type":"SearchAction","target":{"@type":"EntryPoint","urlTemplate":"https:\/\/eraportal.sk\/horizont-europa\/?s={search_term_string}"},"query-input":{"@type":"PropertyValueSpecification","valueRequired":true,"valueName":"search_term_string"}}],"inLanguage":"sk-SK"},{"@type":"Organization","@id":"https:\/\/eraportal.sk\/horizont-europa\/#organization","name":"Horizont Eur\u00f3pa","url":"https:\/\/eraportal.sk\/horizont-europa\/","logo":{"@type":"ImageObject","inLanguage":"sk-SK","@id":"https:\/\/eraportal.sk\/horizont-europa\/#\/schema\/logo\/image\/","url":"https:\/\/eraportal.sk\/horizont-europa\/wp-content\/uploads\/sites\/4\/2024\/02\/Favicon_HEU.png","contentUrl":"https:\/\/eraportal.sk\/horizont-europa\/wp-content\/uploads\/sites\/4\/2024\/02\/Favicon_HEU.png","width":512,"height":512,"caption":"Horizont Eur\u00f3pa"},"image":{"@id":"https:\/\/eraportal.sk\/horizont-europa\/#\/schema\/logo\/image\/"}}]}},"acf":[],"_links":{"self":[{"href":"https:\/\/eraportal.sk\/horizont-europa\/wp-json\/wp\/v2\/pages\/22058","targetHints":{"allow":["GET"]}}],"collection":[{"href":"https:\/\/eraportal.sk\/horizont-europa\/wp-json\/wp\/v2\/pages"}],"about":[{"href":"https:\/\/eraportal.sk\/horizont-europa\/wp-json\/wp\/v2\/types\/page"}],"author":[{"embeddable":true,"href":"https:\/\/eraportal.sk\/horizont-europa\/wp-json\/wp\/v2\/users\/1"}],"replies":[{"embeddable":true,"href":"https:\/\/eraportal.sk\/horizont-europa\/wp-json\/wp\/v2\/comments?post=22058"}],"version-history":[{"count":4,"href":"https:\/\/eraportal.sk\/horizont-europa\/wp-json\/wp\/v2\/pages\/22058\/revisions"}],"predecessor-version":[{"id":22062,"href":"https:\/\/eraportal.sk\/horizont-europa\/wp-json\/wp\/v2\/pages\/22058\/revisions\/22062"}],"up":[{"embeddable":true,"href":"https:\/\/eraportal.sk\/horizont-europa\/wp-json\/wp\/v2\/pages\/634"}],"wp:attachment":[{"href":"https:\/\/eraportal.sk\/horizont-europa\/wp-json\/wp\/v2\/media?parent=22058"}],"curies":[{"name":"wp","href":"https:\/\/api.w.org\/{rel}","templated":true}]}}