    {"id":22053,"date":"2024-02-24T11:18:06","date_gmt":"2024-02-24T10:18:06","guid":{"rendered":"https:\/\/eraportal.ecomcapsule.com\/demohorizont\/?page_id=22053"},"modified":"2024-02-24T11:59:31","modified_gmt":"2024-02-24T10:59:31","slug":"spolocne-programovane-co-programmed","status":"publish","type":"page","link":"https:\/\/eraportal.sk\/horizont-europa\/heu-globalne-vyzvy\/heu-misie\/heu-misie-europsky-vyskumno-inovacne-partnerstva\/spolocne-programovane-co-programmed\/","title":{"rendered":"Spolo\u010dne programovan\u00e9 (Co-programmed)"},"content":{"rendered":"\t\t<div data-elementor-type=\"wp-page\" data-elementor-id=\"22053\" class=\"elementor elementor-22053\" data-elementor-post-type=\"page\">\n\t\t\t\t<div class=\"elementor-element elementor-element-bf2c6c3 e-flex e-con-boxed e-con e-parent\" data-id=\"bf2c6c3\" data-element_type=\"container\">\n\t\t\t\t\t<div class=\"e-con-inner\">\n\t\t\t\t<div class=\"elementor-element elementor-element-35501a6 elementor-widget elementor-widget-text-editor\" data-id=\"35501a6\" data-element_type=\"widget\" data-widget_type=\"text-editor.default\">\n\t\t\t\t<div class=\"elementor-widget-container\">\n\t\t\t\t\t\t\t\t\t<p>Tak\u00fdto typ partnerstva bude vykon\u00e1van\u00fd na z\u00e1klade spolo\u010dn\u00e9ho memoranda o\u00a0porozumen\u00ed a\/alebo zmluvn\u00e9ho vz\u0165ahu schv\u00e1lenom medzi E\u00da a\u00a0partnermi zo s\u00fakromnej a\/alebo verejnej sf\u00e9ry.<\/p><p>\u00a0<\/p><p>V\u00a0ustanovuj\u00facich dokumentoch bud\u00fa \u0161pecifikovan\u00e9 ciele partnerstva, pr\u00edslu\u0161n\u00e9 finan\u010dn\u00e9 alebo \u201ein-kind\u201c z\u00e1v\u00e4zky z\u00fa\u010dastnen\u00fdch partnerov, stanoven\u00e9 k\u013e\u00fa\u010dov\u00e9 indik\u00e1tory v\u00fdkonnosti a\u00a0dopadu (KPI \u2013 key performance and impact indicators), o\u010dak\u00e1van\u00e9 v\u00fdstupy a\u00a0sp\u00f4soby reportovania a\u00a0kontroly.<\/p><p>\u00a0<\/p><p>Bud\u00fa identifikovan\u00e9 komplement\u00e1rne v\u00fdskumn\u00e9 a inova\u010dn\u00e9 aktivity, ktor\u00e9 bud\u00fa implementovan\u00e9 zvl\u00e1\u0161\u0165 partnermi a zvl\u00e1\u0161\u0165 E\u00da prostredn\u00edctvom pracovn\u00fdch programov programu Horizont Eur\u00f3pa. Predpoklad\u00e1 sa, \u017ee ka\u017ed\u00e9 partnerstvo si bude vytv\u00e1ra\u0165 svoje ro\u010dn\u00e9 pl\u00e1ny obsahuj\u00face priority a napl\u00e1novan\u00e9 \u010dinnosti.<\/p><p>\u00a0<\/p><p>Pr\u00edspevky \u010dlensk\u00fdch \u0161t\u00e1tov do partnerstva m\u00f4\u017eu by\u0165 vo finan\u010dnej forme alebo in-kind (nepe\u0148a\u017en\u00fd pr\u00edspevok, napr. v\u00fdmenou za in\u00fa slu\u017ebu pre chod partnerstva). Svojim charakterom zodpoved\u00e1 tento typ partnerstva najviac tzv. zmluvn\u00fdm verejno-s\u00fakromn\u00fdm partnerstv\u00e1m v programe Horizont 2020 (<a href=\"https:\/\/ec.europa.eu\/programmes\/horizon2020\/en\/contractual-public-private-partnerships\" target=\"_blank\" rel=\"noopener\">cPPP<\/a>).<\/p><p>\u00a0<\/p><p><strong>V\u00fdzvy vyhlasovan\u00e9 v\u00a0r\u00e1mci partnerstva, ktor\u00e9 bud\u00fa financovan\u00e9 zo strany EK, bud\u00fa v\u00a0princ\u00edpe otvoren\u00e9 v\u0161etk\u00fdm z\u00e1ujemcom (ako \u0161tandardn\u00e9 v\u00fdzvy HEU).<\/strong><\/p>\t\t\t\t\t\t\t\t<\/div>\n\t\t\t\t<\/div>\n\t\t\t\t\t<\/div>\n\t\t\t\t<\/div>\n\t\t\t\t<\/div>\n\t\t","protected":false},"excerpt":{"rendered":"<p>Tak\u00fdto typ partnerstva bude vykon\u00e1van\u00fd na z\u00e1klade spolo\u010dn\u00e9ho memoranda o\u00a0porozumen\u00ed a\/alebo zmluvn\u00e9ho vz\u0165ahu schv\u00e1lenom medzi E\u00da a\u00a0partnermi zo s\u00fakromnej a\/alebo verejnej sf\u00e9ry. \u00a0 V\u00a0ustanovuj\u00facich dokumentoch bud\u00fa \u0161pecifikovan\u00e9 ciele partnerstva, pr\u00edslu\u0161n\u00e9 finan\u010dn\u00e9 alebo \u201ein-kind\u201c z\u00e1v\u00e4zky z\u00fa\u010dastnen\u00fdch partnerov, stanoven\u00e9 k\u013e\u00fa\u010dov\u00e9 indik\u00e1tory v\u00fdkonnosti a\u00a0dopadu (KPI \u2013 key performance and impact indicators), o\u010dak\u00e1van\u00e9 v\u00fdstupy a\u00a0sp\u00f4soby reportovania a\u00a0kontroly. \u00a0 Bud\u00fa [&hellip;]<\/p>\n","protected":false},"author":1,"featured_media":0,"parent":634,"menu_order":0,"comment_status":"closed","ping_status":"closed","template":"","meta":{"_acf_changed":false,"footnotes":""},"class_list":["post-22053","page","type-page","status-publish","hentry"],"yoast_head":"<!-- This site is optimized with the Yoast SEO plugin v24.4 - https:\/\/yoast.com\/wordpress\/plugins\/seo\/ -->\n<title>Spolo\u010dne programovan\u00e9 (Co-programmed) - Horizont Eur\u00f3pa<\/title>\n<meta name=\"robots\" content=\"index, follow, max-snippet:-1, max-image-preview:large, max-video-preview:-1\" \/>\n<link rel=\"canonical\" href=\"https:\/\/eraportal.sk\/horizont-europa\/heu-globalne-vyzvy\/heu-misie\/heu-misie-europsky-vyskumno-inovacne-partnerstva\/spolocne-programovane-co-programmed\/\" \/>\n<meta property=\"og:locale\" content=\"sk_SK\" \/>\n<meta property=\"og:type\" content=\"article\" \/>\n<meta property=\"og:title\" content=\"Spolo\u010dne programovan\u00e9 (Co-programmed) - Horizont Eur\u00f3pa\" \/>\n<meta property=\"og:description\" content=\"Tak\u00fdto typ partnerstva bude vykon\u00e1van\u00fd na z\u00e1klade spolo\u010dn\u00e9ho memoranda o\u00a0porozumen\u00ed a\/alebo zmluvn\u00e9ho vz\u0165ahu schv\u00e1lenom medzi E\u00da a\u00a0partnermi zo s\u00fakromnej a\/alebo verejnej sf\u00e9ry. \u00a0 V\u00a0ustanovuj\u00facich dokumentoch bud\u00fa \u0161pecifikovan\u00e9 ciele partnerstva, pr\u00edslu\u0161n\u00e9 finan\u010dn\u00e9 alebo \u201ein-kind\u201c z\u00e1v\u00e4zky z\u00fa\u010dastnen\u00fdch partnerov, stanoven\u00e9 k\u013e\u00fa\u010dov\u00e9 indik\u00e1tory v\u00fdkonnosti a\u00a0dopadu (KPI \u2013 key performance and impact indicators), o\u010dak\u00e1van\u00e9 v\u00fdstupy a\u00a0sp\u00f4soby reportovania a\u00a0kontroly. \u00a0 Bud\u00fa [&hellip;]\" \/>\n<meta property=\"og:url\" content=\"https:\/\/eraportal.sk\/horizont-europa\/heu-globalne-vyzvy\/heu-misie\/heu-misie-europsky-vyskumno-inovacne-partnerstva\/spolocne-programovane-co-programmed\/\" \/>\n<meta property=\"og:site_name\" content=\"Horizont Eur\u00f3pa\" \/>\n<meta property=\"article:modified_time\" content=\"2024-02-24T10:59:31+00:00\" \/>\n<meta name=\"twitter:card\" content=\"summary_large_image\" \/>\n<meta name=\"twitter:label1\" content=\"Predpokladan\u00fd \u010das \u010d\u00edtania\" \/>\n\t<meta name=\"twitter:data1\" content=\"1 min\u00fata\" \/>\n<script type=\"application\/ld+json\" class=\"yoast-schema-graph\">{\"@context\":\"https:\/\/schema.org\",\"@graph\":[{\"@type\":\"WebPage\",\"@id\":\"https:\/\/eraportal.sk\/horizont-europa\/heu-globalne-vyzvy\/heu-misie\/heu-misie-europsky-vyskumno-inovacne-partnerstva\/spolocne-programovane-co-programmed\/\",\"url\":\"https:\/\/eraportal.sk\/horizont-europa\/heu-globalne-vyzvy\/heu-misie\/heu-misie-europsky-vyskumno-inovacne-partnerstva\/spolocne-programovane-co-programmed\/\",\"name\":\"Spolo\u010dne programovan\u00e9 (Co-programmed) - Horizont Eur\u00f3pa\",\"isPartOf\":{\"@id\":\"https:\/\/eraportal.sk\/horizont-europa\/#website\"},\"datePublished\":\"2024-02-24T10:18:06+00:00\",\"dateModified\":\"2024-02-24T10:59:31+00:00\",\"breadcrumb\":{\"@id\":\"https:\/\/eraportal.sk\/horizont-europa\/heu-globalne-vyzvy\/heu-misie\/heu-misie-europsky-vyskumno-inovacne-partnerstva\/spolocne-programovane-co-programmed\/#breadcrumb\"},\"inLanguage\":\"sk-SK\",\"potentialAction\":[{\"@type\":\"ReadAction\",\"target\":[\"https:\/\/eraportal.sk\/horizont-europa\/heu-globalne-vyzvy\/heu-misie\/heu-misie-europsky-vyskumno-inovacne-partnerstva\/spolocne-programovane-co-programmed\/\"]}]},{\"@type\":\"BreadcrumbList\",\"@id\":\"https:\/\/eraportal.sk\/horizont-europa\/heu-globalne-vyzvy\/heu-misie\/heu-misie-europsky-vyskumno-inovacne-partnerstva\/spolocne-programovane-co-programmed\/#breadcrumb\",\"itemListElement\":[{\"@type\":\"ListItem\",\"position\":1,\"name\":\"Domovsk\u00e1 str\u00e1nka\",\"item\":\"https:\/\/eraportal.sk\/horizont-europa\/\"},{\"@type\":\"ListItem\",\"position\":2,\"name\":\"Glob\u00e1lne v\u00fdzvy a konkurencieschopnos\u0165 eur\u00f3pskeho priemyslu\",\"item\":\"https:\/\/eraportal.sk\/horizont-europa\/heu-globalne-vyzvy\/\"},{\"@type\":\"ListItem\",\"position\":3,\"name\":\"Misie E\u00da\",\"item\":\"https:\/\/eraportal.sk\/horizont-europa\/heu-globalne-vyzvy\/heu-misie\/\"},{\"@type\":\"ListItem\",\"position\":4,\"name\":\"Eur\u00f3pske partnerstv\u00e1\",\"item\":\"https:\/\/eraportal.sk\/horizont-europa\/heu-globalne-vyzvy\/heu-misie\/heu-misie-europsky-vyskumno-inovacne-partnerstva\/\"},{\"@type\":\"ListItem\",\"position\":5,\"name\":\"Spolo\u010dne programovan\u00e9 (Co-programmed)\"}]},{\"@type\":\"WebSite\",\"@id\":\"https:\/\/eraportal.sk\/horizont-europa\/#website\",\"url\":\"https:\/\/eraportal.sk\/horizont-europa\/\",\"name\":\"Horizont Eur\u00f3pa\",\"description\":\"\",\"publisher\":{\"@id\":\"https:\/\/eraportal.sk\/horizont-europa\/#organization\"},\"potentialAction\":[{\"@type\":\"SearchAction\",\"target\":{\"@type\":\"EntryPoint\",\"urlTemplate\":\"https:\/\/eraportal.sk\/horizont-europa\/?s={search_term_string}\"},\"query-input\":{\"@type\":\"PropertyValueSpecification\",\"valueRequired\":true,\"valueName\":\"search_term_string\"}}],\"inLanguage\":\"sk-SK\"},{\"@type\":\"Organization\",\"@id\":\"https:\/\/eraportal.sk\/horizont-europa\/#organization\",\"name\":\"Horizont Eur\u00f3pa\",\"url\":\"https:\/\/eraportal.sk\/horizont-europa\/\",\"logo\":{\"@type\":\"ImageObject\",\"inLanguage\":\"sk-SK\",\"@id\":\"https:\/\/eraportal.sk\/horizont-europa\/#\/schema\/logo\/image\/\",\"url\":\"https:\/\/eraportal.sk\/horizont-europa\/wp-content\/uploads\/sites\/4\/2024\/02\/Favicon_HEU.png\",\"contentUrl\":\"https:\/\/eraportal.sk\/horizont-europa\/wp-content\/uploads\/sites\/4\/2024\/02\/Favicon_HEU.png\",\"width\":512,\"height\":512,\"caption\":\"Horizont Eur\u00f3pa\"},\"image\":{\"@id\":\"https:\/\/eraportal.sk\/horizont-europa\/#\/schema\/logo\/image\/\"}}]}<\/script>\n<!-- \/ Yoast SEO plugin. -->","yoast_head_json":{"title":"Spolo\u010dne programovan\u00e9 (Co-programmed) - Horizont Eur\u00f3pa","robots":{"index":"index","follow":"follow","max-snippet":"max-snippet:-1","max-image-preview":"max-image-preview:large","max-video-preview":"max-video-preview:-1"},"canonical":"https:\/\/eraportal.sk\/horizont-europa\/heu-globalne-vyzvy\/heu-misie\/heu-misie-europsky-vyskumno-inovacne-partnerstva\/spolocne-programovane-co-programmed\/","og_locale":"sk_SK","og_type":"article","og_title":"Spolo\u010dne programovan\u00e9 (Co-programmed) - Horizont Eur\u00f3pa","og_description":"Tak\u00fdto typ partnerstva bude vykon\u00e1van\u00fd na z\u00e1klade spolo\u010dn\u00e9ho memoranda o\u00a0porozumen\u00ed a\/alebo zmluvn\u00e9ho vz\u0165ahu schv\u00e1lenom medzi E\u00da a\u00a0partnermi zo s\u00fakromnej a\/alebo verejnej sf\u00e9ry. \u00a0 V\u00a0ustanovuj\u00facich dokumentoch bud\u00fa \u0161pecifikovan\u00e9 ciele partnerstva, pr\u00edslu\u0161n\u00e9 finan\u010dn\u00e9 alebo \u201ein-kind\u201c z\u00e1v\u00e4zky z\u00fa\u010dastnen\u00fdch partnerov, stanoven\u00e9 k\u013e\u00fa\u010dov\u00e9 indik\u00e1tory v\u00fdkonnosti a\u00a0dopadu (KPI \u2013 key performance and impact indicators), o\u010dak\u00e1van\u00e9 v\u00fdstupy a\u00a0sp\u00f4soby reportovania a\u00a0kontroly. \u00a0 Bud\u00fa [&hellip;]","og_url":"https:\/\/eraportal.sk\/horizont-europa\/heu-globalne-vyzvy\/heu-misie\/heu-misie-europsky-vyskumno-inovacne-partnerstva\/spolocne-programovane-co-programmed\/","og_site_name":"Horizont Eur\u00f3pa","article_modified_time":"2024-02-24T10:59:31+00:00","twitter_card":"summary_large_image","twitter_misc":{"Predpokladan\u00fd \u010das \u010d\u00edtania":"1 min\u00fata"},"schema":{"@context":"https:\/\/schema.org","@graph":[{"@type":"WebPage","@id":"https:\/\/eraportal.sk\/horizont-europa\/heu-globalne-vyzvy\/heu-misie\/heu-misie-europsky-vyskumno-inovacne-partnerstva\/spolocne-programovane-co-programmed\/","url":"https:\/\/eraportal.sk\/horizont-europa\/heu-globalne-vyzvy\/heu-misie\/heu-misie-europsky-vyskumno-inovacne-partnerstva\/spolocne-programovane-co-programmed\/","name":"Spolo\u010dne programovan\u00e9 (Co-programmed) - Horizont Eur\u00f3pa","isPartOf":{"@id":"https:\/\/eraportal.sk\/horizont-europa\/#website"},"datePublished":"2024-02-24T10:18:06+00:00","dateModified":"2024-02-24T10:59:31+00:00","breadcrumb":{"@id":"https:\/\/eraportal.sk\/horizont-europa\/heu-globalne-vyzvy\/heu-misie\/heu-misie-europsky-vyskumno-inovacne-partnerstva\/spolocne-programovane-co-programmed\/#breadcrumb"},"inLanguage":"sk-SK","potentialAction":[{"@type":"ReadAction","target":["https:\/\/eraportal.sk\/horizont-europa\/heu-globalne-vyzvy\/heu-misie\/heu-misie-europsky-vyskumno-inovacne-partnerstva\/spolocne-programovane-co-programmed\/"]}]},{"@type":"BreadcrumbList","@id":"https:\/\/eraportal.sk\/horizont-europa\/heu-globalne-vyzvy\/heu-misie\/heu-misie-europsky-vyskumno-inovacne-partnerstva\/spolocne-programovane-co-programmed\/#breadcrumb","itemListElement":[{"@type":"ListItem","position":1,"name":"Domovsk\u00e1 str\u00e1nka","item":"https:\/\/eraportal.sk\/horizont-europa\/"},{"@type":"ListItem","position":2,"name":"Glob\u00e1lne v\u00fdzvy a konkurencieschopnos\u0165 eur\u00f3pskeho priemyslu","item":"https:\/\/eraportal.sk\/horizont-europa\/heu-globalne-vyzvy\/"},{"@type":"ListItem","position":3,"name":"Misie E\u00da","item":"https:\/\/eraportal.sk\/horizont-europa\/heu-globalne-vyzvy\/heu-misie\/"},{"@type":"ListItem","position":4,"name":"Eur\u00f3pske partnerstv\u00e1","item":"https:\/\/eraportal.sk\/horizont-europa\/heu-globalne-vyzvy\/heu-misie\/heu-misie-europsky-vyskumno-inovacne-partnerstva\/"},{"@type":"ListItem","position":5,"name":"Spolo\u010dne programovan\u00e9 (Co-programmed)"}]},{"@type":"WebSite","@id":"https:\/\/eraportal.sk\/horizont-europa\/#website","url":"https:\/\/eraportal.sk\/horizont-europa\/","name":"Horizont Eur\u00f3pa","description":"","publisher":{"@id":"https:\/\/eraportal.sk\/horizont-europa\/#organization"},"potentialAction":[{"@type":"SearchAction","target":{"@type":"EntryPoint","urlTemplate":"https:\/\/eraportal.sk\/horizont-europa\/?s={search_term_string}"},"query-input":{"@type":"PropertyValueSpecification","valueRequired":true,"valueName":"search_term_string"}}],"inLanguage":"sk-SK"},{"@type":"Organization","@id":"https:\/\/eraportal.sk\/horizont-europa\/#organization","name":"Horizont Eur\u00f3pa","url":"https:\/\/eraportal.sk\/horizont-europa\/","logo":{"@type":"ImageObject","inLanguage":"sk-SK","@id":"https:\/\/eraportal.sk\/horizont-europa\/#\/schema\/logo\/image\/","url":"https:\/\/eraportal.sk\/horizont-europa\/wp-content\/uploads\/sites\/4\/2024\/02\/Favicon_HEU.png","contentUrl":"https:\/\/eraportal.sk\/horizont-europa\/wp-content\/uploads\/sites\/4\/2024\/02\/Favicon_HEU.png","width":512,"height":512,"caption":"Horizont Eur\u00f3pa"},"image":{"@id":"https:\/\/eraportal.sk\/horizont-europa\/#\/schema\/logo\/image\/"}}]}},"acf":[],"_links":{"self":[{"href":"https:\/\/eraportal.sk\/horizont-europa\/wp-json\/wp\/v2\/pages\/22053","targetHints":{"allow":["GET"]}}],"collection":[{"href":"https:\/\/eraportal.sk\/horizont-europa\/wp-json\/wp\/v2\/pages"}],"about":[{"href":"https:\/\/eraportal.sk\/horizont-europa\/wp-json\/wp\/v2\/types\/page"}],"author":[{"embeddable":true,"href":"https:\/\/eraportal.sk\/horizont-europa\/wp-json\/wp\/v2\/users\/1"}],"replies":[{"embeddable":true,"href":"https:\/\/eraportal.sk\/horizont-europa\/wp-json\/wp\/v2\/comments?post=22053"}],"version-history":[{"count":4,"href":"https:\/\/eraportal.sk\/horizont-europa\/wp-json\/wp\/v2\/pages\/22053\/revisions"}],"predecessor-version":[{"id":22057,"href":"https:\/\/eraportal.sk\/horizont-europa\/wp-json\/wp\/v2\/pages\/22053\/revisions\/22057"}],"up":[{"embeddable":true,"href":"https:\/\/eraportal.sk\/horizont-europa\/wp-json\/wp\/v2\/pages\/634"}],"wp:attachment":[{"href":"https:\/\/eraportal.sk\/horizont-europa\/wp-json\/wp\/v2\/media?parent=22053"}],"curies":[{"name":"wp","href":"https:\/\/api.w.org\/{rel}","templated":true}]}}