    {"id":22048,"date":"2024-02-24T11:15:10","date_gmt":"2024-02-24T10:15:10","guid":{"rendered":"https:\/\/eraportal.ecomcapsule.com\/demohorizont\/?page_id=22048"},"modified":"2024-03-22T15:56:05","modified_gmt":"2024-03-22T14:56:05","slug":"rozdelenie-partnerstiev","status":"publish","type":"page","link":"https:\/\/eraportal.sk\/horizont-europa\/heu-globalne-vyzvy\/heu-misie\/heu-misie-europsky-vyskumno-inovacne-partnerstva\/rozdelenie-partnerstiev\/","title":{"rendered":"Rozdelenie partnerstiev"},"content":{"rendered":"\t\t<div data-elementor-type=\"wp-page\" data-elementor-id=\"22048\" class=\"elementor elementor-22048\" data-elementor-post-type=\"page\">\n\t\t\t\t<div class=\"elementor-element elementor-element-c6978ca e-flex e-con-boxed e-con e-parent\" data-id=\"c6978ca\" data-element_type=\"container\">\n\t\t\t\t\t<div class=\"e-con-inner\">\n\t\t\t\t<div class=\"elementor-element elementor-element-b1ea14f elementor-widget elementor-widget-text-editor\" data-id=\"b1ea14f\" data-element_type=\"widget\" data-widget_type=\"text-editor.default\">\n\t\t\t\t<div class=\"elementor-widget-container\">\n\t\t\t\t\t\t\t\t\t<p>K\u013e\u00fa\u010dovou novinkou programu Horizont Eur\u00f3pa je zavedenie nov\u00e9ho pr\u00edstupu k eur\u00f3pskym partnerstv\u00e1m.\u00a0<strong>V novom syst\u00e9me je navrhnut\u00e9\u00a0rozdelenie partnerstiev do 3 skup\u00edn, pod\u013ea ktor\u00fdch sa bude rozli\u0161ova\u0165 ich vn\u00fatorn\u00e9 fungovanie<\/strong>:<\/p>\t\t\t\t\t\t\t\t<\/div>\n\t\t\t\t<\/div>\n\t\t\t\t\t<\/div>\n\t\t\t\t<\/div>\n\t\t<div class=\"elementor-element elementor-element-eabf917 e-flex e-con-boxed e-con e-parent\" data-id=\"eabf917\" data-element_type=\"container\">\n\t\t\t\t\t<div class=\"e-con-inner\">\n\t\t\t\t<div class=\"elementor-element elementor-element-82fcb7b elementor-widget elementor-widget-spacer\" data-id=\"82fcb7b\" data-element_type=\"widget\" data-widget_type=\"spacer.default\">\n\t\t\t\t<div class=\"elementor-widget-container\">\n\t\t\t\t\t\t\t<div class=\"elementor-spacer\">\n\t\t\t<div class=\"elementor-spacer-inner\"><\/div>\n\t\t<\/div>\n\t\t\t\t\t\t<\/div>\n\t\t\t\t<\/div>\n\t\t\t\t\t<\/div>\n\t\t\t\t<\/div>\n\t\t<div class=\"elementor-element elementor-element-34c0560 e-flex e-con-boxed e-con e-parent\" data-id=\"34c0560\" data-element_type=\"container\">\n\t\t\t\t\t<div class=\"e-con-inner\">\n\t\t\t\t<div class=\"elementor-element elementor-element-7c18a5f elementor-widget elementor-widget-button\" data-id=\"7c18a5f\" data-element_type=\"widget\" data-widget_type=\"button.default\">\n\t\t\t\t<div class=\"elementor-widget-container\">\n\t\t\t\t\t\t\t\t\t<div class=\"elementor-button-wrapper\">\n\t\t\t\t\t<a class=\"elementor-button elementor-button-link elementor-size-lg\" href=\"https:\/\/eraportal.sk\/horizont-europa\/heu-globalne-vyzvy\/heu-misie\/heu-misie-europsky-vyskumno-inovacne-partnerstva\/institucionalizovane-partnerstva\/\">\n\t\t\t\t\t\t<span class=\"elementor-button-content-wrapper\">\n\t\t\t\t\t\t\t\t\t<span class=\"elementor-button-text\">In\u0161titucionalizovan\u00e9 (Institutionalised)<\/span>\n\t\t\t\t\t<\/span>\n\t\t\t\t\t<\/a>\n\t\t\t\t<\/div>\n\t\t\t\t\t\t\t\t<\/div>\n\t\t\t\t<\/div>\n\t\t\t\t<div class=\"elementor-element elementor-element-bf0d69e elementor-widget elementor-widget-button\" data-id=\"bf0d69e\" data-element_type=\"widget\" data-widget_type=\"button.default\">\n\t\t\t\t<div class=\"elementor-widget-container\">\n\t\t\t\t\t\t\t\t\t<div class=\"elementor-button-wrapper\">\n\t\t\t\t\t<a class=\"elementor-button elementor-button-link elementor-size-lg\" href=\"https:\/\/eraportal.sk\/horizont-europa\/heu-globalne-vyzvy\/heu-misie\/heu-misie-europsky-vyskumno-inovacne-partnerstva\/spolocne-financovane-partnerstva\/\">\n\t\t\t\t\t\t<span class=\"elementor-button-content-wrapper\">\n\t\t\t\t\t\t\t\t\t<span class=\"elementor-button-text\">Spolufinancovan\u00e9 (Co-funded)<\/span>\n\t\t\t\t\t<\/span>\n\t\t\t\t\t<\/a>\n\t\t\t\t<\/div>\n\t\t\t\t\t\t\t\t<\/div>\n\t\t\t\t<\/div>\n\t\t\t\t<div class=\"elementor-element elementor-element-c126f80 elementor-widget elementor-widget-button\" data-id=\"c126f80\" data-element_type=\"widget\" data-widget_type=\"button.default\">\n\t\t\t\t<div class=\"elementor-widget-container\">\n\t\t\t\t\t\t\t\t\t<div class=\"elementor-button-wrapper\">\n\t\t\t\t\t<a class=\"elementor-button elementor-button-link elementor-size-lg\" href=\"https:\/\/eraportal.sk\/horizont-europa\/heu-globalne-vyzvy\/heu-misie\/heu-misie-europsky-vyskumno-inovacne-partnerstva\/spolocne-programovane-co-programmed\/\">\n\t\t\t\t\t\t<span class=\"elementor-button-content-wrapper\">\n\t\t\t\t\t\t\t\t\t<span class=\"elementor-button-text\">Spolo\u010dne programovan\u00e9 (Co-programmed)<\/span>\n\t\t\t\t\t<\/span>\n\t\t\t\t\t<\/a>\n\t\t\t\t<\/div>\n\t\t\t\t\t\t\t\t<\/div>\n\t\t\t\t<\/div>\n\t\t\t\t\t<\/div>\n\t\t\t\t<\/div>\n\t\t\t\t<\/div>\n\t\t","protected":false},"excerpt":{"rendered":"<p>K\u013e\u00fa\u010dovou novinkou programu Horizont Eur\u00f3pa je zavedenie nov\u00e9ho pr\u00edstupu k eur\u00f3pskym partnerstv\u00e1m.\u00a0V novom syst\u00e9me je navrhnut\u00e9\u00a0rozdelenie partnerstiev do 3 skup\u00edn, pod\u013ea ktor\u00fdch sa bude rozli\u0161ova\u0165 ich vn\u00fatorn\u00e9 fungovanie: In\u0161titucionalizovan\u00e9 (Institutionalised) Spolufinancovan\u00e9 (Co-funded) Spolo\u010dne programovan\u00e9 (Co-programmed)<\/p>\n","protected":false},"author":1,"featured_media":0,"parent":634,"menu_order":0,"comment_status":"closed","ping_status":"closed","template":"","meta":{"_acf_changed":false,"footnotes":""},"class_list":["post-22048","page","type-page","status-publish","hentry"],"yoast_head":"<!-- This site is optimized with the Yoast SEO plugin v24.4 - https:\/\/yoast.com\/wordpress\/plugins\/seo\/ -->\n<title>Rozdelenie partnerstiev - Horizont Eur\u00f3pa<\/title>\n<meta name=\"robots\" content=\"index, follow, max-snippet:-1, max-image-preview:large, max-video-preview:-1\" \/>\n<link rel=\"canonical\" href=\"https:\/\/eraportal.sk\/horizont-europa\/heu-globalne-vyzvy\/heu-misie\/heu-misie-europsky-vyskumno-inovacne-partnerstva\/rozdelenie-partnerstiev\/\" \/>\n<meta property=\"og:locale\" content=\"sk_SK\" \/>\n<meta property=\"og:type\" content=\"article\" \/>\n<meta property=\"og:title\" content=\"Rozdelenie partnerstiev - Horizont Eur\u00f3pa\" \/>\n<meta property=\"og:description\" content=\"K\u013e\u00fa\u010dovou novinkou programu Horizont Eur\u00f3pa je zavedenie nov\u00e9ho pr\u00edstupu k eur\u00f3pskym partnerstv\u00e1m.\u00a0V novom syst\u00e9me je navrhnut\u00e9\u00a0rozdelenie partnerstiev do 3 skup\u00edn, pod\u013ea ktor\u00fdch sa bude rozli\u0161ova\u0165 ich vn\u00fatorn\u00e9 fungovanie: In\u0161titucionalizovan\u00e9 (Institutionalised) Spolufinancovan\u00e9 (Co-funded) Spolo\u010dne programovan\u00e9 (Co-programmed)\" \/>\n<meta property=\"og:url\" content=\"https:\/\/eraportal.sk\/horizont-europa\/heu-globalne-vyzvy\/heu-misie\/heu-misie-europsky-vyskumno-inovacne-partnerstva\/rozdelenie-partnerstiev\/\" \/>\n<meta property=\"og:site_name\" content=\"Horizont Eur\u00f3pa\" \/>\n<meta property=\"article:modified_time\" content=\"2024-03-22T14:56:05+00:00\" \/>\n<meta name=\"twitter:card\" content=\"summary_large_image\" \/>\n<meta name=\"twitter:label1\" content=\"Predpokladan\u00fd \u010das \u010d\u00edtania\" \/>\n\t<meta name=\"twitter:data1\" content=\"1 min\u00fata\" \/>\n<script type=\"application\/ld+json\" class=\"yoast-schema-graph\">{\"@context\":\"https:\/\/schema.org\",\"@graph\":[{\"@type\":\"WebPage\",\"@id\":\"https:\/\/eraportal.sk\/horizont-europa\/heu-globalne-vyzvy\/heu-misie\/heu-misie-europsky-vyskumno-inovacne-partnerstva\/rozdelenie-partnerstiev\/\",\"url\":\"https:\/\/eraportal.sk\/horizont-europa\/heu-globalne-vyzvy\/heu-misie\/heu-misie-europsky-vyskumno-inovacne-partnerstva\/rozdelenie-partnerstiev\/\",\"name\":\"Rozdelenie partnerstiev - Horizont Eur\u00f3pa\",\"isPartOf\":{\"@id\":\"https:\/\/eraportal.sk\/horizont-europa\/#website\"},\"datePublished\":\"2024-02-24T10:15:10+00:00\",\"dateModified\":\"2024-03-22T14:56:05+00:00\",\"breadcrumb\":{\"@id\":\"https:\/\/eraportal.sk\/horizont-europa\/heu-globalne-vyzvy\/heu-misie\/heu-misie-europsky-vyskumno-inovacne-partnerstva\/rozdelenie-partnerstiev\/#breadcrumb\"},\"inLanguage\":\"sk-SK\",\"potentialAction\":[{\"@type\":\"ReadAction\",\"target\":[\"https:\/\/eraportal.sk\/horizont-europa\/heu-globalne-vyzvy\/heu-misie\/heu-misie-europsky-vyskumno-inovacne-partnerstva\/rozdelenie-partnerstiev\/\"]}]},{\"@type\":\"BreadcrumbList\",\"@id\":\"https:\/\/eraportal.sk\/horizont-europa\/heu-globalne-vyzvy\/heu-misie\/heu-misie-europsky-vyskumno-inovacne-partnerstva\/rozdelenie-partnerstiev\/#breadcrumb\",\"itemListElement\":[{\"@type\":\"ListItem\",\"position\":1,\"name\":\"Domovsk\u00e1 str\u00e1nka\",\"item\":\"https:\/\/eraportal.sk\/horizont-europa\/\"},{\"@type\":\"ListItem\",\"position\":2,\"name\":\"Glob\u00e1lne v\u00fdzvy a konkurencieschopnos\u0165 eur\u00f3pskeho priemyslu\",\"item\":\"https:\/\/eraportal.sk\/horizont-europa\/heu-globalne-vyzvy\/\"},{\"@type\":\"ListItem\",\"position\":3,\"name\":\"Misie E\u00da\",\"item\":\"https:\/\/eraportal.sk\/horizont-europa\/heu-globalne-vyzvy\/heu-misie\/\"},{\"@type\":\"ListItem\",\"position\":4,\"name\":\"Eur\u00f3pske partnerstv\u00e1\",\"item\":\"https:\/\/eraportal.sk\/horizont-europa\/heu-globalne-vyzvy\/heu-misie\/heu-misie-europsky-vyskumno-inovacne-partnerstva\/\"},{\"@type\":\"ListItem\",\"position\":5,\"name\":\"Rozdelenie partnerstiev\"}]},{\"@type\":\"WebSite\",\"@id\":\"https:\/\/eraportal.sk\/horizont-europa\/#website\",\"url\":\"https:\/\/eraportal.sk\/horizont-europa\/\",\"name\":\"Horizont Eur\u00f3pa\",\"description\":\"\",\"publisher\":{\"@id\":\"https:\/\/eraportal.sk\/horizont-europa\/#organization\"},\"potentialAction\":[{\"@type\":\"SearchAction\",\"target\":{\"@type\":\"EntryPoint\",\"urlTemplate\":\"https:\/\/eraportal.sk\/horizont-europa\/?s={search_term_string}\"},\"query-input\":{\"@type\":\"PropertyValueSpecification\",\"valueRequired\":true,\"valueName\":\"search_term_string\"}}],\"inLanguage\":\"sk-SK\"},{\"@type\":\"Organization\",\"@id\":\"https:\/\/eraportal.sk\/horizont-europa\/#organization\",\"name\":\"Horizont Eur\u00f3pa\",\"url\":\"https:\/\/eraportal.sk\/horizont-europa\/\",\"logo\":{\"@type\":\"ImageObject\",\"inLanguage\":\"sk-SK\",\"@id\":\"https:\/\/eraportal.sk\/horizont-europa\/#\/schema\/logo\/image\/\",\"url\":\"https:\/\/eraportal.sk\/horizont-europa\/wp-content\/uploads\/sites\/4\/2024\/02\/Favicon_HEU.png\",\"contentUrl\":\"https:\/\/eraportal.sk\/horizont-europa\/wp-content\/uploads\/sites\/4\/2024\/02\/Favicon_HEU.png\",\"width\":512,\"height\":512,\"caption\":\"Horizont Eur\u00f3pa\"},\"image\":{\"@id\":\"https:\/\/eraportal.sk\/horizont-europa\/#\/schema\/logo\/image\/\"}}]}<\/script>\n<!-- \/ Yoast SEO plugin. -->","yoast_head_json":{"title":"Rozdelenie partnerstiev - Horizont Eur\u00f3pa","robots":{"index":"index","follow":"follow","max-snippet":"max-snippet:-1","max-image-preview":"max-image-preview:large","max-video-preview":"max-video-preview:-1"},"canonical":"https:\/\/eraportal.sk\/horizont-europa\/heu-globalne-vyzvy\/heu-misie\/heu-misie-europsky-vyskumno-inovacne-partnerstva\/rozdelenie-partnerstiev\/","og_locale":"sk_SK","og_type":"article","og_title":"Rozdelenie partnerstiev - Horizont Eur\u00f3pa","og_description":"K\u013e\u00fa\u010dovou novinkou programu Horizont Eur\u00f3pa je zavedenie nov\u00e9ho pr\u00edstupu k eur\u00f3pskym partnerstv\u00e1m.\u00a0V novom syst\u00e9me je navrhnut\u00e9\u00a0rozdelenie partnerstiev do 3 skup\u00edn, pod\u013ea ktor\u00fdch sa bude rozli\u0161ova\u0165 ich vn\u00fatorn\u00e9 fungovanie: In\u0161titucionalizovan\u00e9 (Institutionalised) Spolufinancovan\u00e9 (Co-funded) Spolo\u010dne programovan\u00e9 (Co-programmed)","og_url":"https:\/\/eraportal.sk\/horizont-europa\/heu-globalne-vyzvy\/heu-misie\/heu-misie-europsky-vyskumno-inovacne-partnerstva\/rozdelenie-partnerstiev\/","og_site_name":"Horizont Eur\u00f3pa","article_modified_time":"2024-03-22T14:56:05+00:00","twitter_card":"summary_large_image","twitter_misc":{"Predpokladan\u00fd \u010das \u010d\u00edtania":"1 min\u00fata"},"schema":{"@context":"https:\/\/schema.org","@graph":[{"@type":"WebPage","@id":"https:\/\/eraportal.sk\/horizont-europa\/heu-globalne-vyzvy\/heu-misie\/heu-misie-europsky-vyskumno-inovacne-partnerstva\/rozdelenie-partnerstiev\/","url":"https:\/\/eraportal.sk\/horizont-europa\/heu-globalne-vyzvy\/heu-misie\/heu-misie-europsky-vyskumno-inovacne-partnerstva\/rozdelenie-partnerstiev\/","name":"Rozdelenie partnerstiev - Horizont Eur\u00f3pa","isPartOf":{"@id":"https:\/\/eraportal.sk\/horizont-europa\/#website"},"datePublished":"2024-02-24T10:15:10+00:00","dateModified":"2024-03-22T14:56:05+00:00","breadcrumb":{"@id":"https:\/\/eraportal.sk\/horizont-europa\/heu-globalne-vyzvy\/heu-misie\/heu-misie-europsky-vyskumno-inovacne-partnerstva\/rozdelenie-partnerstiev\/#breadcrumb"},"inLanguage":"sk-SK","potentialAction":[{"@type":"ReadAction","target":["https:\/\/eraportal.sk\/horizont-europa\/heu-globalne-vyzvy\/heu-misie\/heu-misie-europsky-vyskumno-inovacne-partnerstva\/rozdelenie-partnerstiev\/"]}]},{"@type":"BreadcrumbList","@id":"https:\/\/eraportal.sk\/horizont-europa\/heu-globalne-vyzvy\/heu-misie\/heu-misie-europsky-vyskumno-inovacne-partnerstva\/rozdelenie-partnerstiev\/#breadcrumb","itemListElement":[{"@type":"ListItem","position":1,"name":"Domovsk\u00e1 str\u00e1nka","item":"https:\/\/eraportal.sk\/horizont-europa\/"},{"@type":"ListItem","position":2,"name":"Glob\u00e1lne v\u00fdzvy a konkurencieschopnos\u0165 eur\u00f3pskeho priemyslu","item":"https:\/\/eraportal.sk\/horizont-europa\/heu-globalne-vyzvy\/"},{"@type":"ListItem","position":3,"name":"Misie E\u00da","item":"https:\/\/eraportal.sk\/horizont-europa\/heu-globalne-vyzvy\/heu-misie\/"},{"@type":"ListItem","position":4,"name":"Eur\u00f3pske partnerstv\u00e1","item":"https:\/\/eraportal.sk\/horizont-europa\/heu-globalne-vyzvy\/heu-misie\/heu-misie-europsky-vyskumno-inovacne-partnerstva\/"},{"@type":"ListItem","position":5,"name":"Rozdelenie partnerstiev"}]},{"@type":"WebSite","@id":"https:\/\/eraportal.sk\/horizont-europa\/#website","url":"https:\/\/eraportal.sk\/horizont-europa\/","name":"Horizont Eur\u00f3pa","description":"","publisher":{"@id":"https:\/\/eraportal.sk\/horizont-europa\/#organization"},"potentialAction":[{"@type":"SearchAction","target":{"@type":"EntryPoint","urlTemplate":"https:\/\/eraportal.sk\/horizont-europa\/?s={search_term_string}"},"query-input":{"@type":"PropertyValueSpecification","valueRequired":true,"valueName":"search_term_string"}}],"inLanguage":"sk-SK"},{"@type":"Organization","@id":"https:\/\/eraportal.sk\/horizont-europa\/#organization","name":"Horizont Eur\u00f3pa","url":"https:\/\/eraportal.sk\/horizont-europa\/","logo":{"@type":"ImageObject","inLanguage":"sk-SK","@id":"https:\/\/eraportal.sk\/horizont-europa\/#\/schema\/logo\/image\/","url":"https:\/\/eraportal.sk\/horizont-europa\/wp-content\/uploads\/sites\/4\/2024\/02\/Favicon_HEU.png","contentUrl":"https:\/\/eraportal.sk\/horizont-europa\/wp-content\/uploads\/sites\/4\/2024\/02\/Favicon_HEU.png","width":512,"height":512,"caption":"Horizont Eur\u00f3pa"},"image":{"@id":"https:\/\/eraportal.sk\/horizont-europa\/#\/schema\/logo\/image\/"}}]}},"acf":[],"_links":{"self":[{"href":"https:\/\/eraportal.sk\/horizont-europa\/wp-json\/wp\/v2\/pages\/22048","targetHints":{"allow":["GET"]}}],"collection":[{"href":"https:\/\/eraportal.sk\/horizont-europa\/wp-json\/wp\/v2\/pages"}],"about":[{"href":"https:\/\/eraportal.sk\/horizont-europa\/wp-json\/wp\/v2\/types\/page"}],"author":[{"embeddable":true,"href":"https:\/\/eraportal.sk\/horizont-europa\/wp-json\/wp\/v2\/users\/1"}],"replies":[{"embeddable":true,"href":"https:\/\/eraportal.sk\/horizont-europa\/wp-json\/wp\/v2\/comments?post=22048"}],"version-history":[{"count":13,"href":"https:\/\/eraportal.sk\/horizont-europa\/wp-json\/wp\/v2\/pages\/22048\/revisions"}],"predecessor-version":[{"id":22673,"href":"https:\/\/eraportal.sk\/horizont-europa\/wp-json\/wp\/v2\/pages\/22048\/revisions\/22673"}],"up":[{"embeddable":true,"href":"https:\/\/eraportal.sk\/horizont-europa\/wp-json\/wp\/v2\/pages\/634"}],"wp:attachment":[{"href":"https:\/\/eraportal.sk\/horizont-europa\/wp-json\/wp\/v2\/media?parent=22048"}],"curies":[{"name":"wp","href":"https:\/\/api.w.org\/{rel}","templated":true}]}}