    {"id":22043,"date":"2024-02-24T11:13:22","date_gmt":"2024-02-24T10:13:22","guid":{"rendered":"https:\/\/eraportal.ecomcapsule.com\/demohorizont\/?page_id=22043"},"modified":"2024-02-24T15:11:00","modified_gmt":"2024-02-24T14:11:00","slug":"institucionalizovane-partnerstva","status":"publish","type":"page","link":"https:\/\/eraportal.sk\/horizont-europa\/heu-globalne-vyzvy\/heu-misie\/heu-misie-europsky-vyskumno-inovacne-partnerstva\/institucionalizovane-partnerstva\/","title":{"rendered":"In\u0161titucionalizovan\u00e9 (Institutionalised)"},"content":{"rendered":"\t\t<div data-elementor-type=\"wp-page\" data-elementor-id=\"22043\" class=\"elementor elementor-22043\" data-elementor-post-type=\"page\">\n\t\t\t\t<div class=\"elementor-element elementor-element-32ec5e6 e-flex e-con-boxed e-con e-parent\" data-id=\"32ec5e6\" data-element_type=\"container\">\n\t\t\t\t\t<div class=\"e-con-inner\">\n\t\t\t\t<div class=\"elementor-element elementor-element-a4042b3 elementor-widget elementor-widget-text-editor\" data-id=\"a4042b3\" data-element_type=\"widget\" data-widget_type=\"text-editor.default\">\n\t\t\t\t<div class=\"elementor-widget-container\">\n\t\t\t\t\t\t\t\t\t<p>In\u0161titucionalizovan\u00e9 partnerstv\u00e1 bud\u00fa v\u00fdskumn\u00e9 a\u00a0inova\u010dn\u00e9 programy uskuto\u010d\u0148ovan\u00e9 spolo\u010dne nieko\u013ek\u00fdmi \u010dlensk\u00fdmi \u0161t\u00e1tmi. Zalo\u017een\u00e9 bud\u00fa rozhodnut\u00edm Rady E\u00da a\u00a0EP na z\u00e1klade \u010dl\u00e1nku 185\u00a0<a href=\"https:\/\/eur-lex.europa.eu\/legal-content\/SK\/TXT\/PDF\/?uri=CELEX:12012E\/TXT&amp;from=EN\" target=\"_blank\" rel=\"noopener\">Zmluvy o\u00a0fungovan\u00ed E\u00da (ZFE\u00da<\/a>)\u00a0alebo bud\u00fa \u0161trukt\u00farami zalo\u017een\u00fdmi na z\u00e1klade rozhodnutia Rady E\u00da pod\u013ea \u010dl\u00e1nku 187 ZFE\u00da, ako s\u00fa spolo\u010dn\u00e9 podniky (Joint Undertakings, JU) alebo znalostn\u00e9 a inova\u010dn\u00e9 spolo\u010denstv\u00e1 (KIC) zalo\u017een\u00e9 na z\u00e1klade nariadenia o EIT (Eur\u00f3psky technologick\u00fd a inova\u010dn\u00fd in\u0161tit\u00fat). Tieto partnerstv\u00e1 bud\u00fa zaveden\u00e9 len vtedy, ak by in\u00e9 formy eur\u00f3pskych partnerstiev nemohli dosiahnu\u0165 ciele a o\u010dak\u00e1van\u00fd pr\u00ednos. Z\u00e1rove\u0148 mus\u00ed by\u0165 od\u00f4vodnen\u00e1 dlhodob\u00e1 perspekt\u00edva\/v\u00edzia a vysok\u00e1 miera integr\u00e1cie t\u00fdchto partnerstiev. Pri implement\u00e1cii bud\u00fa aplikovan\u00e9 pravidl\u00e1 programu Horizont Eur\u00f3pa, v\u00fdnimky musia by\u0165 od\u00f4vodnen\u00e9 u\u017e v z\u00e1kladnom legislat\u00edvnom akte.<\/p><p>\u00a0<\/p><p><strong>Iniciat\u00edvy pod\u013ea \u010dl\u00e1nku 185<\/strong>\u00a0s\u00fa dlhodob\u00e9 verejno-verejn\u00e9 partnerstv\u00e1, ktor\u00e9 spolo\u010dne vykon\u00e1vaj\u00fa viacer\u00e9 \u010dlensk\u00e9 \u0161t\u00e1ty E\u00da a pridru\u017een\u00e9 krajiny. Podmienkou je \u00fa\u010das\u0165 najmenej 40% \u010dlensk\u00fdch \u0161t\u00e1tov E\u00da, ktor\u00fdch finan\u010dn\u00fd pr\u00edspevok do partnerstva m\u00f4\u017ee by\u0165 najmenej 50% (a najviac 75%) celkov\u00e9ho rozpo\u010dtu partnerstva. Eur\u00f3pska \u00fania sa podie\u013ea na poskytovan\u00ed v\u00fdznamn\u00e9ho finan\u010dn\u00e9ho pr\u00edspevku (a\u017e do v\u00fd\u0161ky 50%) prostredn\u00edctvom r\u00e1mcov\u00e9ho programu.<\/p><p>\u00a0<\/p><p>\u010clensk\u00e9 \u0161t\u00e1ty m\u00f4\u017eu prispieva\u0165 finan\u010dne (napr. n\u00e1rodn\u00fd pr\u00edspevok na projekty vybran\u00e9 na z\u00e1klade medzin\u00e1rodnej v\u00fdzvy) ale aj v\u00a0nefinan\u010dnej (napr. vyu\u017eitie in\u0161titucion\u00e1lneho financovania verejnej v\u00fdskumnej organiz\u00e1cie, ktor\u00e1 v\u00a0r\u00e1mci partnerstva uskuto\u010d\u0148uje v\u00fdskum).<\/p><p>\u00a0<\/p><p>Verejno-verejn\u00e9 partnerstv\u00e1 vo v\u00fdskume a inov\u00e1ci\u00e1ch s\u00fa siete verejn\u00fdch organiz\u00e1ci\u00ed (ministerstv\u00e1, finan\u010dn\u00e9 agent\u00fary, mana\u017e\u00e9ri programov) zo zainteresovan\u00fdch kraj\u00edn E\u00da a mimo nej, ktor\u00e9 sp\u00e1jaj\u00fa sily na podporu v\u00fdskumn\u00fdch \u010dinnost\u00ed v r\u00e1mci dohodnutej v\u00edzie alebo programu v\u00fdskumu a inov\u00e1ci\u00ed. T\u00fdmto sp\u00f4sobom partnerstv\u00e1 zos\u00fala\u010fuj\u00fa n\u00e1rodn\u00e9 strat\u00e9gie a pom\u00e1haj\u00fa zjednocova\u0165 \u00fasilie v oblasti verejn\u00e9ho v\u00fdskumu.<\/p><p>\u00a0<\/p><p>Na podobnom princ\u00edpe funguj\u00fa aj\u00a0<strong>partnerstv\u00e1 zriaden\u00e9 \u010dl. 187 ZFE\u00da<\/strong>, av\u0161ak v\u00a0tomto pr\u00edpade ide spojenie s\u00fakromn\u00e9ho a\u00a0verejn\u00e9ho sektora. Medzi \u010dlenov spolo\u010dn\u00e9ho podniku patr\u00ed Eur\u00f3pska komisia, neziskov\u00e9 zdru\u017eenie veden\u00e9 priemyslom a \u010dlensk\u00e9 \u0161t\u00e1ty \/ pridru\u017een\u00e9 \u0161t\u00e1ty. Mal\u00e9 a stredn\u00e9 podniky (MSP), v\u00fdskumn\u00e9 organiz\u00e1cie (vr\u00e1tane univerz\u00edt) a \u010dlenovia spolo\u010dnost\u00ed s\u00fa v\u00edtan\u00ed, aby sa pripojili k priemyseln\u00fdm zdru\u017eeniam. Partnerstv\u00e1 pod\u013ea \u010dl. 187 podporuj\u00fa kooperat\u00edvny v\u00fdskum v celej Eur\u00f3pe v oblastiach k\u013e\u00fa\u010dov\u00e9ho v\u00fdznamu pre priemyseln\u00fd v\u00fdskum, kde s\u00fa jasne stanoven\u00e9 spolo\u010dn\u00e9 technologick\u00e9 a ekonomick\u00e9 ciele. Cie\u013eom je zv\u00fd\u0161i\u0165 eur\u00f3pske invest\u00edcie poskytnut\u00edm jasn\u00e9ho r\u00e1mca pre invest\u00edcie do v\u00fdskumu, ktor\u00e9 povzbud\u00ed priemysel aj \u010dlensk\u00e9 \u0161t\u00e1ty, aby zv\u00fd\u0161ili svoje v\u00fddavky. Tieto partnerstv\u00e1 organizuj\u00fa svoj vlastn\u00fd v\u00fdskumn\u00fd program a pride\u013euj\u00fa finan\u010dn\u00e9 prostriedky na projekty na z\u00e1klade otvoren\u00fdch v\u00fdziev.<\/p>\t\t\t\t\t\t\t\t<\/div>\n\t\t\t\t<\/div>\n\t\t\t\t\t<\/div>\n\t\t\t\t<\/div>\n\t\t\t\t<\/div>\n\t\t","protected":false},"excerpt":{"rendered":"<p>In\u0161titucionalizovan\u00e9 partnerstv\u00e1 bud\u00fa v\u00fdskumn\u00e9 a\u00a0inova\u010dn\u00e9 programy uskuto\u010d\u0148ovan\u00e9 spolo\u010dne nieko\u013ek\u00fdmi \u010dlensk\u00fdmi \u0161t\u00e1tmi. Zalo\u017een\u00e9 bud\u00fa rozhodnut\u00edm Rady E\u00da a\u00a0EP na z\u00e1klade \u010dl\u00e1nku 185\u00a0Zmluvy o\u00a0fungovan\u00ed E\u00da (ZFE\u00da)\u00a0alebo bud\u00fa \u0161trukt\u00farami zalo\u017een\u00fdmi na z\u00e1klade rozhodnutia Rady E\u00da pod\u013ea \u010dl\u00e1nku 187 ZFE\u00da, ako s\u00fa spolo\u010dn\u00e9 podniky (Joint Undertakings, JU) alebo znalostn\u00e9 a inova\u010dn\u00e9 spolo\u010denstv\u00e1 (KIC) zalo\u017een\u00e9 na z\u00e1klade nariadenia o EIT [&hellip;]<\/p>\n","protected":false},"author":1,"featured_media":0,"parent":634,"menu_order":0,"comment_status":"closed","ping_status":"closed","template":"","meta":{"_acf_changed":false,"footnotes":""},"class_list":["post-22043","page","type-page","status-publish","hentry"],"yoast_head":"<!-- This site is optimized with the Yoast SEO plugin v24.4 - https:\/\/yoast.com\/wordpress\/plugins\/seo\/ -->\n<title>In\u0161titucionalizovan\u00e9 (Institutionalised) - Horizont Eur\u00f3pa<\/title>\n<meta name=\"robots\" content=\"index, follow, max-snippet:-1, max-image-preview:large, max-video-preview:-1\" \/>\n<link rel=\"canonical\" href=\"https:\/\/eraportal.sk\/horizont-europa\/heu-globalne-vyzvy\/heu-misie\/heu-misie-europsky-vyskumno-inovacne-partnerstva\/institucionalizovane-partnerstva\/\" \/>\n<meta property=\"og:locale\" content=\"sk_SK\" \/>\n<meta property=\"og:type\" content=\"article\" \/>\n<meta property=\"og:title\" content=\"In\u0161titucionalizovan\u00e9 (Institutionalised) - Horizont Eur\u00f3pa\" \/>\n<meta property=\"og:description\" content=\"In\u0161titucionalizovan\u00e9 partnerstv\u00e1 bud\u00fa v\u00fdskumn\u00e9 a\u00a0inova\u010dn\u00e9 programy uskuto\u010d\u0148ovan\u00e9 spolo\u010dne nieko\u013ek\u00fdmi \u010dlensk\u00fdmi \u0161t\u00e1tmi. Zalo\u017een\u00e9 bud\u00fa rozhodnut\u00edm Rady E\u00da a\u00a0EP na z\u00e1klade \u010dl\u00e1nku 185\u00a0Zmluvy o\u00a0fungovan\u00ed E\u00da (ZFE\u00da)\u00a0alebo bud\u00fa \u0161trukt\u00farami zalo\u017een\u00fdmi na z\u00e1klade rozhodnutia Rady E\u00da pod\u013ea \u010dl\u00e1nku 187 ZFE\u00da, ako s\u00fa spolo\u010dn\u00e9 podniky (Joint Undertakings, JU) alebo znalostn\u00e9 a inova\u010dn\u00e9 spolo\u010denstv\u00e1 (KIC) zalo\u017een\u00e9 na z\u00e1klade nariadenia o EIT [&hellip;]\" \/>\n<meta property=\"og:url\" content=\"https:\/\/eraportal.sk\/horizont-europa\/heu-globalne-vyzvy\/heu-misie\/heu-misie-europsky-vyskumno-inovacne-partnerstva\/institucionalizovane-partnerstva\/\" \/>\n<meta property=\"og:site_name\" content=\"Horizont Eur\u00f3pa\" \/>\n<meta property=\"article:modified_time\" content=\"2024-02-24T14:11:00+00:00\" \/>\n<meta name=\"twitter:card\" content=\"summary_large_image\" \/>\n<meta name=\"twitter:label1\" content=\"Predpokladan\u00fd \u010das \u010d\u00edtania\" \/>\n\t<meta name=\"twitter:data1\" content=\"3 min\u00faty\" \/>\n<script type=\"application\/ld+json\" class=\"yoast-schema-graph\">{\"@context\":\"https:\/\/schema.org\",\"@graph\":[{\"@type\":\"WebPage\",\"@id\":\"https:\/\/eraportal.sk\/horizont-europa\/heu-globalne-vyzvy\/heu-misie\/heu-misie-europsky-vyskumno-inovacne-partnerstva\/institucionalizovane-partnerstva\/\",\"url\":\"https:\/\/eraportal.sk\/horizont-europa\/heu-globalne-vyzvy\/heu-misie\/heu-misie-europsky-vyskumno-inovacne-partnerstva\/institucionalizovane-partnerstva\/\",\"name\":\"In\u0161titucionalizovan\u00e9 (Institutionalised) - Horizont Eur\u00f3pa\",\"isPartOf\":{\"@id\":\"https:\/\/eraportal.sk\/horizont-europa\/#website\"},\"datePublished\":\"2024-02-24T10:13:22+00:00\",\"dateModified\":\"2024-02-24T14:11:00+00:00\",\"breadcrumb\":{\"@id\":\"https:\/\/eraportal.sk\/horizont-europa\/heu-globalne-vyzvy\/heu-misie\/heu-misie-europsky-vyskumno-inovacne-partnerstva\/institucionalizovane-partnerstva\/#breadcrumb\"},\"inLanguage\":\"sk-SK\",\"potentialAction\":[{\"@type\":\"ReadAction\",\"target\":[\"https:\/\/eraportal.sk\/horizont-europa\/heu-globalne-vyzvy\/heu-misie\/heu-misie-europsky-vyskumno-inovacne-partnerstva\/institucionalizovane-partnerstva\/\"]}]},{\"@type\":\"BreadcrumbList\",\"@id\":\"https:\/\/eraportal.sk\/horizont-europa\/heu-globalne-vyzvy\/heu-misie\/heu-misie-europsky-vyskumno-inovacne-partnerstva\/institucionalizovane-partnerstva\/#breadcrumb\",\"itemListElement\":[{\"@type\":\"ListItem\",\"position\":1,\"name\":\"Domovsk\u00e1 str\u00e1nka\",\"item\":\"https:\/\/eraportal.sk\/horizont-europa\/\"},{\"@type\":\"ListItem\",\"position\":2,\"name\":\"Glob\u00e1lne v\u00fdzvy a konkurencieschopnos\u0165 eur\u00f3pskeho priemyslu\",\"item\":\"https:\/\/eraportal.sk\/horizont-europa\/heu-globalne-vyzvy\/\"},{\"@type\":\"ListItem\",\"position\":3,\"name\":\"Misie E\u00da\",\"item\":\"https:\/\/eraportal.sk\/horizont-europa\/heu-globalne-vyzvy\/heu-misie\/\"},{\"@type\":\"ListItem\",\"position\":4,\"name\":\"Eur\u00f3pske partnerstv\u00e1\",\"item\":\"https:\/\/eraportal.sk\/horizont-europa\/heu-globalne-vyzvy\/heu-misie\/heu-misie-europsky-vyskumno-inovacne-partnerstva\/\"},{\"@type\":\"ListItem\",\"position\":5,\"name\":\"In\u0161titucionalizovan\u00e9 (Institutionalised)\"}]},{\"@type\":\"WebSite\",\"@id\":\"https:\/\/eraportal.sk\/horizont-europa\/#website\",\"url\":\"https:\/\/eraportal.sk\/horizont-europa\/\",\"name\":\"Horizont Eur\u00f3pa\",\"description\":\"\",\"publisher\":{\"@id\":\"https:\/\/eraportal.sk\/horizont-europa\/#organization\"},\"potentialAction\":[{\"@type\":\"SearchAction\",\"target\":{\"@type\":\"EntryPoint\",\"urlTemplate\":\"https:\/\/eraportal.sk\/horizont-europa\/?s={search_term_string}\"},\"query-input\":{\"@type\":\"PropertyValueSpecification\",\"valueRequired\":true,\"valueName\":\"search_term_string\"}}],\"inLanguage\":\"sk-SK\"},{\"@type\":\"Organization\",\"@id\":\"https:\/\/eraportal.sk\/horizont-europa\/#organization\",\"name\":\"Horizont Eur\u00f3pa\",\"url\":\"https:\/\/eraportal.sk\/horizont-europa\/\",\"logo\":{\"@type\":\"ImageObject\",\"inLanguage\":\"sk-SK\",\"@id\":\"https:\/\/eraportal.sk\/horizont-europa\/#\/schema\/logo\/image\/\",\"url\":\"https:\/\/eraportal.sk\/horizont-europa\/wp-content\/uploads\/sites\/4\/2024\/02\/Favicon_HEU.png\",\"contentUrl\":\"https:\/\/eraportal.sk\/horizont-europa\/wp-content\/uploads\/sites\/4\/2024\/02\/Favicon_HEU.png\",\"width\":512,\"height\":512,\"caption\":\"Horizont Eur\u00f3pa\"},\"image\":{\"@id\":\"https:\/\/eraportal.sk\/horizont-europa\/#\/schema\/logo\/image\/\"}}]}<\/script>\n<!-- \/ Yoast SEO plugin. -->","yoast_head_json":{"title":"In\u0161titucionalizovan\u00e9 (Institutionalised) - Horizont Eur\u00f3pa","robots":{"index":"index","follow":"follow","max-snippet":"max-snippet:-1","max-image-preview":"max-image-preview:large","max-video-preview":"max-video-preview:-1"},"canonical":"https:\/\/eraportal.sk\/horizont-europa\/heu-globalne-vyzvy\/heu-misie\/heu-misie-europsky-vyskumno-inovacne-partnerstva\/institucionalizovane-partnerstva\/","og_locale":"sk_SK","og_type":"article","og_title":"In\u0161titucionalizovan\u00e9 (Institutionalised) - Horizont Eur\u00f3pa","og_description":"In\u0161titucionalizovan\u00e9 partnerstv\u00e1 bud\u00fa v\u00fdskumn\u00e9 a\u00a0inova\u010dn\u00e9 programy uskuto\u010d\u0148ovan\u00e9 spolo\u010dne nieko\u013ek\u00fdmi \u010dlensk\u00fdmi \u0161t\u00e1tmi. Zalo\u017een\u00e9 bud\u00fa rozhodnut\u00edm Rady E\u00da a\u00a0EP na z\u00e1klade \u010dl\u00e1nku 185\u00a0Zmluvy o\u00a0fungovan\u00ed E\u00da (ZFE\u00da)\u00a0alebo bud\u00fa \u0161trukt\u00farami zalo\u017een\u00fdmi na z\u00e1klade rozhodnutia Rady E\u00da pod\u013ea \u010dl\u00e1nku 187 ZFE\u00da, ako s\u00fa spolo\u010dn\u00e9 podniky (Joint Undertakings, JU) alebo znalostn\u00e9 a inova\u010dn\u00e9 spolo\u010denstv\u00e1 (KIC) zalo\u017een\u00e9 na z\u00e1klade nariadenia o EIT [&hellip;]","og_url":"https:\/\/eraportal.sk\/horizont-europa\/heu-globalne-vyzvy\/heu-misie\/heu-misie-europsky-vyskumno-inovacne-partnerstva\/institucionalizovane-partnerstva\/","og_site_name":"Horizont Eur\u00f3pa","article_modified_time":"2024-02-24T14:11:00+00:00","twitter_card":"summary_large_image","twitter_misc":{"Predpokladan\u00fd \u010das \u010d\u00edtania":"3 min\u00faty"},"schema":{"@context":"https:\/\/schema.org","@graph":[{"@type":"WebPage","@id":"https:\/\/eraportal.sk\/horizont-europa\/heu-globalne-vyzvy\/heu-misie\/heu-misie-europsky-vyskumno-inovacne-partnerstva\/institucionalizovane-partnerstva\/","url":"https:\/\/eraportal.sk\/horizont-europa\/heu-globalne-vyzvy\/heu-misie\/heu-misie-europsky-vyskumno-inovacne-partnerstva\/institucionalizovane-partnerstva\/","name":"In\u0161titucionalizovan\u00e9 (Institutionalised) - Horizont Eur\u00f3pa","isPartOf":{"@id":"https:\/\/eraportal.sk\/horizont-europa\/#website"},"datePublished":"2024-02-24T10:13:22+00:00","dateModified":"2024-02-24T14:11:00+00:00","breadcrumb":{"@id":"https:\/\/eraportal.sk\/horizont-europa\/heu-globalne-vyzvy\/heu-misie\/heu-misie-europsky-vyskumno-inovacne-partnerstva\/institucionalizovane-partnerstva\/#breadcrumb"},"inLanguage":"sk-SK","potentialAction":[{"@type":"ReadAction","target":["https:\/\/eraportal.sk\/horizont-europa\/heu-globalne-vyzvy\/heu-misie\/heu-misie-europsky-vyskumno-inovacne-partnerstva\/institucionalizovane-partnerstva\/"]}]},{"@type":"BreadcrumbList","@id":"https:\/\/eraportal.sk\/horizont-europa\/heu-globalne-vyzvy\/heu-misie\/heu-misie-europsky-vyskumno-inovacne-partnerstva\/institucionalizovane-partnerstva\/#breadcrumb","itemListElement":[{"@type":"ListItem","position":1,"name":"Domovsk\u00e1 str\u00e1nka","item":"https:\/\/eraportal.sk\/horizont-europa\/"},{"@type":"ListItem","position":2,"name":"Glob\u00e1lne v\u00fdzvy a konkurencieschopnos\u0165 eur\u00f3pskeho priemyslu","item":"https:\/\/eraportal.sk\/horizont-europa\/heu-globalne-vyzvy\/"},{"@type":"ListItem","position":3,"name":"Misie E\u00da","item":"https:\/\/eraportal.sk\/horizont-europa\/heu-globalne-vyzvy\/heu-misie\/"},{"@type":"ListItem","position":4,"name":"Eur\u00f3pske partnerstv\u00e1","item":"https:\/\/eraportal.sk\/horizont-europa\/heu-globalne-vyzvy\/heu-misie\/heu-misie-europsky-vyskumno-inovacne-partnerstva\/"},{"@type":"ListItem","position":5,"name":"In\u0161titucionalizovan\u00e9 (Institutionalised)"}]},{"@type":"WebSite","@id":"https:\/\/eraportal.sk\/horizont-europa\/#website","url":"https:\/\/eraportal.sk\/horizont-europa\/","name":"Horizont Eur\u00f3pa","description":"","publisher":{"@id":"https:\/\/eraportal.sk\/horizont-europa\/#organization"},"potentialAction":[{"@type":"SearchAction","target":{"@type":"EntryPoint","urlTemplate":"https:\/\/eraportal.sk\/horizont-europa\/?s={search_term_string}"},"query-input":{"@type":"PropertyValueSpecification","valueRequired":true,"valueName":"search_term_string"}}],"inLanguage":"sk-SK"},{"@type":"Organization","@id":"https:\/\/eraportal.sk\/horizont-europa\/#organization","name":"Horizont Eur\u00f3pa","url":"https:\/\/eraportal.sk\/horizont-europa\/","logo":{"@type":"ImageObject","inLanguage":"sk-SK","@id":"https:\/\/eraportal.sk\/horizont-europa\/#\/schema\/logo\/image\/","url":"https:\/\/eraportal.sk\/horizont-europa\/wp-content\/uploads\/sites\/4\/2024\/02\/Favicon_HEU.png","contentUrl":"https:\/\/eraportal.sk\/horizont-europa\/wp-content\/uploads\/sites\/4\/2024\/02\/Favicon_HEU.png","width":512,"height":512,"caption":"Horizont Eur\u00f3pa"},"image":{"@id":"https:\/\/eraportal.sk\/horizont-europa\/#\/schema\/logo\/image\/"}}]}},"acf":[],"_links":{"self":[{"href":"https:\/\/eraportal.sk\/horizont-europa\/wp-json\/wp\/v2\/pages\/22043","targetHints":{"allow":["GET"]}}],"collection":[{"href":"https:\/\/eraportal.sk\/horizont-europa\/wp-json\/wp\/v2\/pages"}],"about":[{"href":"https:\/\/eraportal.sk\/horizont-europa\/wp-json\/wp\/v2\/types\/page"}],"author":[{"embeddable":true,"href":"https:\/\/eraportal.sk\/horizont-europa\/wp-json\/wp\/v2\/users\/1"}],"replies":[{"embeddable":true,"href":"https:\/\/eraportal.sk\/horizont-europa\/wp-json\/wp\/v2\/comments?post=22043"}],"version-history":[{"count":4,"href":"https:\/\/eraportal.sk\/horizont-europa\/wp-json\/wp\/v2\/pages\/22043\/revisions"}],"predecessor-version":[{"id":22047,"href":"https:\/\/eraportal.sk\/horizont-europa\/wp-json\/wp\/v2\/pages\/22043\/revisions\/22047"}],"up":[{"embeddable":true,"href":"https:\/\/eraportal.sk\/horizont-europa\/wp-json\/wp\/v2\/pages\/634"}],"wp:attachment":[{"href":"https:\/\/eraportal.sk\/horizont-europa\/wp-json\/wp\/v2\/media?parent=22043"}],"curies":[{"name":"wp","href":"https:\/\/api.w.org\/{rel}","templated":true}]}}