    {"id":22031,"date":"2024-02-24T10:58:21","date_gmt":"2024-02-24T09:58:21","guid":{"rendered":"https:\/\/eraportal.ecomcapsule.com\/demohorizont\/?page_id=22031"},"modified":"2024-03-02T15:17:42","modified_gmt":"2024-03-02T14:17:42","slug":"heu-excelentna-veda","status":"publish","type":"page","link":"https:\/\/eraportal.sk\/horizont-europa\/heu-excelentna-veda\/","title":{"rendered":"Excelentn\u00e1 veda"},"content":{"rendered":"\t\t<div data-elementor-type=\"wp-page\" data-elementor-id=\"22031\" class=\"elementor elementor-22031\" data-elementor-post-type=\"page\">\n\t\t\t\t<div class=\"elementor-element elementor-element-87bc853 e-flex e-con-boxed e-con e-parent\" data-id=\"87bc853\" data-element_type=\"container\">\n\t\t\t\t\t<div class=\"e-con-inner\">\n\t\t\t\t<div class=\"elementor-element elementor-element-2cfd8e7 elementor-widget elementor-widget-text-editor\" data-id=\"2cfd8e7\" data-element_type=\"widget\" data-widget_type=\"text-editor.default\">\n\t\t\t\t<div class=\"elementor-widget-container\">\n\t\t\t\t\t\t\t\t\t<h3>Excelentn\u00e1 veda<\/h3><p>Nov\u00fd program sa bude realizova\u0165 prostredn\u00edctvom troch hlavn\u00fdch pilierov:<\/p><p>I. pilier \u201eExcelentn\u00e1 veda\u201c [celkovo 25.8 mld. EUR*] by mal posilni\u0165 a roz\u0161\u00edri\u0165 excelentnos\u0165 vedeckej z\u00e1kladne Eur\u00f3pskej \u00fanie. Cie\u013eom je na\u010falej podporova\u0165 projekty hrani\u010dn\u00e9ho v\u00fdskumu, ktor\u00e9 by mali by\u0165 vymedzen\u00e9 a riaden\u00e9 samotn\u00fdmi v\u00fdskumn\u00fdmi pracovn\u00edkmi prostredn\u00edctvom Eur\u00f3pskej rady pre v\u00fdskum, ERC [16,6 miliardy EUR*], \u0161tipendiami na finan\u010dn\u00e9 prostriedky a v\u00fdmenami v\u00fdskumn\u00fdch pracovn\u00edkov v r\u00e1mci Akci\u00ed Marie Curie-Sk\u0142odowskej [6.8 miliardy EUR*] a investovania do v\u00fdskumn\u00fdch infra\u0161trukt\u00far (vr\u00e1tane e-infra\u0161trukt\u00far) svetovej \u00farovne [2.4 miliardy EUR*].<\/p>\t\t\t\t\t\t\t\t<\/div>\n\t\t\t\t<\/div>\n\t\t\t\t\t<\/div>\n\t\t\t\t<\/div>\n\t\t<div class=\"elementor-element elementor-element-55268ac e-flex e-con-boxed e-con e-parent\" data-id=\"55268ac\" data-element_type=\"container\">\n\t\t\t\t\t<div class=\"e-con-inner\">\n\t\t\t\t<div class=\"elementor-element elementor-element-6874687 elementor-widget elementor-widget-spacer\" data-id=\"6874687\" data-element_type=\"widget\" data-widget_type=\"spacer.default\">\n\t\t\t\t<div class=\"elementor-widget-container\">\n\t\t\t\t\t\t\t<div class=\"elementor-spacer\">\n\t\t\t<div class=\"elementor-spacer-inner\"><\/div>\n\t\t<\/div>\n\t\t\t\t\t\t<\/div>\n\t\t\t\t<\/div>\n\t\t\t\t\t<\/div>\n\t\t\t\t<\/div>\n\t\t<div class=\"elementor-element elementor-element-952cd84 e-flex e-con-boxed e-con e-parent\" data-id=\"952cd84\" data-element_type=\"container\">\n\t\t\t\t\t<div class=\"e-con-inner\">\n\t\t\t\t<div class=\"elementor-element elementor-element-714d5ce elementor-widget elementor-widget-button\" data-id=\"714d5ce\" data-element_type=\"widget\" data-widget_type=\"button.default\">\n\t\t\t\t<div class=\"elementor-widget-container\">\n\t\t\t\t\t\t\t\t\t<div class=\"elementor-button-wrapper\">\n\t\t\t\t\t<a class=\"elementor-button elementor-button-link elementor-size-lg\" href=\"https:\/\/eraportal.sk\/horizont-europa\/heu-excelentna-veda\/heu-excelentna-veda-europska-rada-pre-vyskum-erc\/\">\n\t\t\t\t\t\t<span class=\"elementor-button-content-wrapper\">\n\t\t\t\t\t\t\t\t\t<span class=\"elementor-button-text\">EUR\u00d3PSKA RADA PRE V\u00ddSKUM (ERC)<\/span>\n\t\t\t\t\t<\/span>\n\t\t\t\t\t<\/a>\n\t\t\t\t<\/div>\n\t\t\t\t\t\t\t\t<\/div>\n\t\t\t\t<\/div>\n\t\t\t\t<div class=\"elementor-element elementor-element-1a2d39f elementor-widget elementor-widget-button\" data-id=\"1a2d39f\" data-element_type=\"widget\" data-widget_type=\"button.default\">\n\t\t\t\t<div class=\"elementor-widget-container\">\n\t\t\t\t\t\t\t\t\t<div class=\"elementor-button-wrapper\">\n\t\t\t\t\t<a class=\"elementor-button elementor-button-link elementor-size-lg\" href=\"https:\/\/eraportal.sk\/horizont-europa\/heu-excelentna-veda\/heu-excelentna-veda-akcie-marie-sklodowska-curie\/\">\n\t\t\t\t\t\t<span class=\"elementor-button-content-wrapper\">\n\t\t\t\t\t\t\t\t\t<span class=\"elementor-button-text\">Akcie \u201eMarie Sk\u0142odowska-Curie\u201c<\/span>\n\t\t\t\t\t<\/span>\n\t\t\t\t\t<\/a>\n\t\t\t\t<\/div>\n\t\t\t\t\t\t\t\t<\/div>\n\t\t\t\t<\/div>\n\t\t\t\t<div class=\"elementor-element elementor-element-4753685 elementor-widget elementor-widget-button\" data-id=\"4753685\" data-element_type=\"widget\" data-widget_type=\"button.default\">\n\t\t\t\t<div class=\"elementor-widget-container\">\n\t\t\t\t\t\t\t\t\t<div class=\"elementor-button-wrapper\">\n\t\t\t\t\t<a class=\"elementor-button elementor-button-link elementor-size-lg\" href=\"https:\/\/eraportal.sk\/horizont-europa\/heu-excelentna-veda\/heu-excelentna-veda-vyskumne-infrastruktury\/\">\n\t\t\t\t\t\t<span class=\"elementor-button-content-wrapper\">\n\t\t\t\t\t\t\t\t\t<span class=\"elementor-button-text\">V\u00ddSKUMN\u00c9 INFRA\u0160TRUKT\u00daRY<\/span>\n\t\t\t\t\t<\/span>\n\t\t\t\t\t<\/a>\n\t\t\t\t<\/div>\n\t\t\t\t\t\t\t\t<\/div>\n\t\t\t\t<\/div>\n\t\t\t\t<div class=\"elementor-element elementor-element-df55a70 elementor-widget elementor-widget-button\" data-id=\"df55a70\" data-element_type=\"widget\" data-widget_type=\"button.default\">\n\t\t\t\t<div class=\"elementor-widget-container\">\n\t\t\t\t\t\t\t\t\t<div class=\"elementor-button-wrapper\">\n\t\t\t\t\t<a class=\"elementor-button elementor-button-link elementor-size-lg\" href=\"https:\/\/eraportal.sk\/horizont-europa\/heu-pravidla-financovania\/\">\n\t\t\t\t\t\t<span class=\"elementor-button-content-wrapper\">\n\t\t\t\t\t\t\t\t\t<span class=\"elementor-button-text\">PRAVIDL\u00c1 \u00da\u010cASTI A FINANCOVANIA<\/span>\n\t\t\t\t\t<\/span>\n\t\t\t\t\t<\/a>\n\t\t\t\t<\/div>\n\t\t\t\t\t\t\t\t<\/div>\n\t\t\t\t<\/div>\n\t\t\t\t\t<\/div>\n\t\t\t\t<\/div>\n\t\t\t\t<\/div>\n\t\t","protected":false},"excerpt":{"rendered":"<p>Excelentn\u00e1 veda Nov\u00fd program sa bude realizova\u0165 prostredn\u00edctvom troch hlavn\u00fdch pilierov: I. pilier \u201eExcelentn\u00e1 veda\u201c [celkovo 25.8 mld. EUR*] by mal posilni\u0165 a roz\u0161\u00edri\u0165 excelentnos\u0165 vedeckej z\u00e1kladne Eur\u00f3pskej \u00fanie. Cie\u013eom je na\u010falej podporova\u0165 projekty hrani\u010dn\u00e9ho v\u00fdskumu, ktor\u00e9 by mali by\u0165 vymedzen\u00e9 a riaden\u00e9 samotn\u00fdmi v\u00fdskumn\u00fdmi pracovn\u00edkmi prostredn\u00edctvom Eur\u00f3pskej rady pre v\u00fdskum, ERC [16,6 miliardy EUR*], [&hellip;]<\/p>\n","protected":false},"author":1,"featured_media":0,"parent":0,"menu_order":0,"comment_status":"closed","ping_status":"closed","template":"","meta":{"_acf_changed":false,"footnotes":""},"class_list":["post-22031","page","type-page","status-publish","hentry"],"yoast_head":"<!-- This site is optimized with the Yoast SEO plugin v24.4 - https:\/\/yoast.com\/wordpress\/plugins\/seo\/ -->\n<title>Excelentn\u00e1 veda - Horizont Eur\u00f3pa<\/title>\n<meta name=\"robots\" content=\"index, follow, max-snippet:-1, max-image-preview:large, max-video-preview:-1\" \/>\n<link rel=\"canonical\" href=\"https:\/\/eraportal.sk\/horizont-europa\/heu-excelentna-veda\/\" \/>\n<meta property=\"og:locale\" content=\"sk_SK\" \/>\n<meta property=\"og:type\" content=\"article\" \/>\n<meta property=\"og:title\" content=\"Excelentn\u00e1 veda - Horizont Eur\u00f3pa\" \/>\n<meta property=\"og:description\" content=\"Excelentn\u00e1 veda Nov\u00fd program sa bude realizova\u0165 prostredn\u00edctvom troch hlavn\u00fdch pilierov: I. pilier \u201eExcelentn\u00e1 veda\u201c [celkovo 25.8 mld. EUR*] by mal posilni\u0165 a roz\u0161\u00edri\u0165 excelentnos\u0165 vedeckej z\u00e1kladne Eur\u00f3pskej \u00fanie. Cie\u013eom je na\u010falej podporova\u0165 projekty hrani\u010dn\u00e9ho v\u00fdskumu, ktor\u00e9 by mali by\u0165 vymedzen\u00e9 a riaden\u00e9 samotn\u00fdmi v\u00fdskumn\u00fdmi pracovn\u00edkmi prostredn\u00edctvom Eur\u00f3pskej rady pre v\u00fdskum, ERC [16,6 miliardy EUR*], [&hellip;]\" \/>\n<meta property=\"og:url\" content=\"https:\/\/eraportal.sk\/horizont-europa\/heu-excelentna-veda\/\" \/>\n<meta property=\"og:site_name\" content=\"Horizont Eur\u00f3pa\" \/>\n<meta property=\"article:modified_time\" content=\"2024-03-02T14:17:42+00:00\" \/>\n<meta name=\"twitter:card\" content=\"summary_large_image\" \/>\n<meta name=\"twitter:label1\" content=\"Predpokladan\u00fd \u010das \u010d\u00edtania\" \/>\n\t<meta name=\"twitter:data1\" content=\"1 min\u00fata\" \/>\n<script type=\"application\/ld+json\" class=\"yoast-schema-graph\">{\"@context\":\"https:\/\/schema.org\",\"@graph\":[{\"@type\":\"WebPage\",\"@id\":\"https:\/\/eraportal.sk\/horizont-europa\/heu-excelentna-veda\/\",\"url\":\"https:\/\/eraportal.sk\/horizont-europa\/heu-excelentna-veda\/\",\"name\":\"Excelentn\u00e1 veda - Horizont Eur\u00f3pa\",\"isPartOf\":{\"@id\":\"https:\/\/eraportal.sk\/horizont-europa\/#website\"},\"datePublished\":\"2024-02-24T09:58:21+00:00\",\"dateModified\":\"2024-03-02T14:17:42+00:00\",\"breadcrumb\":{\"@id\":\"https:\/\/eraportal.sk\/horizont-europa\/heu-excelentna-veda\/#breadcrumb\"},\"inLanguage\":\"sk-SK\",\"potentialAction\":[{\"@type\":\"ReadAction\",\"target\":[\"https:\/\/eraportal.sk\/horizont-europa\/heu-excelentna-veda\/\"]}]},{\"@type\":\"BreadcrumbList\",\"@id\":\"https:\/\/eraportal.sk\/horizont-europa\/heu-excelentna-veda\/#breadcrumb\",\"itemListElement\":[{\"@type\":\"ListItem\",\"position\":1,\"name\":\"Domovsk\u00e1 str\u00e1nka\",\"item\":\"https:\/\/eraportal.sk\/horizont-europa\/\"},{\"@type\":\"ListItem\",\"position\":2,\"name\":\"Excelentn\u00e1 veda\"}]},{\"@type\":\"WebSite\",\"@id\":\"https:\/\/eraportal.sk\/horizont-europa\/#website\",\"url\":\"https:\/\/eraportal.sk\/horizont-europa\/\",\"name\":\"Horizont Eur\u00f3pa\",\"description\":\"\",\"publisher\":{\"@id\":\"https:\/\/eraportal.sk\/horizont-europa\/#organization\"},\"potentialAction\":[{\"@type\":\"SearchAction\",\"target\":{\"@type\":\"EntryPoint\",\"urlTemplate\":\"https:\/\/eraportal.sk\/horizont-europa\/?s={search_term_string}\"},\"query-input\":{\"@type\":\"PropertyValueSpecification\",\"valueRequired\":true,\"valueName\":\"search_term_string\"}}],\"inLanguage\":\"sk-SK\"},{\"@type\":\"Organization\",\"@id\":\"https:\/\/eraportal.sk\/horizont-europa\/#organization\",\"name\":\"Horizont Eur\u00f3pa\",\"url\":\"https:\/\/eraportal.sk\/horizont-europa\/\",\"logo\":{\"@type\":\"ImageObject\",\"inLanguage\":\"sk-SK\",\"@id\":\"https:\/\/eraportal.sk\/horizont-europa\/#\/schema\/logo\/image\/\",\"url\":\"https:\/\/eraportal.sk\/horizont-europa\/wp-content\/uploads\/sites\/4\/2024\/02\/Favicon_HEU.png\",\"contentUrl\":\"https:\/\/eraportal.sk\/horizont-europa\/wp-content\/uploads\/sites\/4\/2024\/02\/Favicon_HEU.png\",\"width\":512,\"height\":512,\"caption\":\"Horizont Eur\u00f3pa\"},\"image\":{\"@id\":\"https:\/\/eraportal.sk\/horizont-europa\/#\/schema\/logo\/image\/\"}}]}<\/script>\n<!-- \/ Yoast SEO plugin. -->","yoast_head_json":{"title":"Excelentn\u00e1 veda - Horizont Eur\u00f3pa","robots":{"index":"index","follow":"follow","max-snippet":"max-snippet:-1","max-image-preview":"max-image-preview:large","max-video-preview":"max-video-preview:-1"},"canonical":"https:\/\/eraportal.sk\/horizont-europa\/heu-excelentna-veda\/","og_locale":"sk_SK","og_type":"article","og_title":"Excelentn\u00e1 veda - Horizont Eur\u00f3pa","og_description":"Excelentn\u00e1 veda Nov\u00fd program sa bude realizova\u0165 prostredn\u00edctvom troch hlavn\u00fdch pilierov: I. pilier \u201eExcelentn\u00e1 veda\u201c [celkovo 25.8 mld. EUR*] by mal posilni\u0165 a roz\u0161\u00edri\u0165 excelentnos\u0165 vedeckej z\u00e1kladne Eur\u00f3pskej \u00fanie. Cie\u013eom je na\u010falej podporova\u0165 projekty hrani\u010dn\u00e9ho v\u00fdskumu, ktor\u00e9 by mali by\u0165 vymedzen\u00e9 a riaden\u00e9 samotn\u00fdmi v\u00fdskumn\u00fdmi pracovn\u00edkmi prostredn\u00edctvom Eur\u00f3pskej rady pre v\u00fdskum, ERC [16,6 miliardy EUR*], [&hellip;]","og_url":"https:\/\/eraportal.sk\/horizont-europa\/heu-excelentna-veda\/","og_site_name":"Horizont Eur\u00f3pa","article_modified_time":"2024-03-02T14:17:42+00:00","twitter_card":"summary_large_image","twitter_misc":{"Predpokladan\u00fd \u010das \u010d\u00edtania":"1 min\u00fata"},"schema":{"@context":"https:\/\/schema.org","@graph":[{"@type":"WebPage","@id":"https:\/\/eraportal.sk\/horizont-europa\/heu-excelentna-veda\/","url":"https:\/\/eraportal.sk\/horizont-europa\/heu-excelentna-veda\/","name":"Excelentn\u00e1 veda - Horizont Eur\u00f3pa","isPartOf":{"@id":"https:\/\/eraportal.sk\/horizont-europa\/#website"},"datePublished":"2024-02-24T09:58:21+00:00","dateModified":"2024-03-02T14:17:42+00:00","breadcrumb":{"@id":"https:\/\/eraportal.sk\/horizont-europa\/heu-excelentna-veda\/#breadcrumb"},"inLanguage":"sk-SK","potentialAction":[{"@type":"ReadAction","target":["https:\/\/eraportal.sk\/horizont-europa\/heu-excelentna-veda\/"]}]},{"@type":"BreadcrumbList","@id":"https:\/\/eraportal.sk\/horizont-europa\/heu-excelentna-veda\/#breadcrumb","itemListElement":[{"@type":"ListItem","position":1,"name":"Domovsk\u00e1 str\u00e1nka","item":"https:\/\/eraportal.sk\/horizont-europa\/"},{"@type":"ListItem","position":2,"name":"Excelentn\u00e1 veda"}]},{"@type":"WebSite","@id":"https:\/\/eraportal.sk\/horizont-europa\/#website","url":"https:\/\/eraportal.sk\/horizont-europa\/","name":"Horizont Eur\u00f3pa","description":"","publisher":{"@id":"https:\/\/eraportal.sk\/horizont-europa\/#organization"},"potentialAction":[{"@type":"SearchAction","target":{"@type":"EntryPoint","urlTemplate":"https:\/\/eraportal.sk\/horizont-europa\/?s={search_term_string}"},"query-input":{"@type":"PropertyValueSpecification","valueRequired":true,"valueName":"search_term_string"}}],"inLanguage":"sk-SK"},{"@type":"Organization","@id":"https:\/\/eraportal.sk\/horizont-europa\/#organization","name":"Horizont Eur\u00f3pa","url":"https:\/\/eraportal.sk\/horizont-europa\/","logo":{"@type":"ImageObject","inLanguage":"sk-SK","@id":"https:\/\/eraportal.sk\/horizont-europa\/#\/schema\/logo\/image\/","url":"https:\/\/eraportal.sk\/horizont-europa\/wp-content\/uploads\/sites\/4\/2024\/02\/Favicon_HEU.png","contentUrl":"https:\/\/eraportal.sk\/horizont-europa\/wp-content\/uploads\/sites\/4\/2024\/02\/Favicon_HEU.png","width":512,"height":512,"caption":"Horizont Eur\u00f3pa"},"image":{"@id":"https:\/\/eraportal.sk\/horizont-europa\/#\/schema\/logo\/image\/"}}]}},"acf":[],"_links":{"self":[{"href":"https:\/\/eraportal.sk\/horizont-europa\/wp-json\/wp\/v2\/pages\/22031","targetHints":{"allow":["GET"]}}],"collection":[{"href":"https:\/\/eraportal.sk\/horizont-europa\/wp-json\/wp\/v2\/pages"}],"about":[{"href":"https:\/\/eraportal.sk\/horizont-europa\/wp-json\/wp\/v2\/types\/page"}],"author":[{"embeddable":true,"href":"https:\/\/eraportal.sk\/horizont-europa\/wp-json\/wp\/v2\/users\/1"}],"replies":[{"embeddable":true,"href":"https:\/\/eraportal.sk\/horizont-europa\/wp-json\/wp\/v2\/comments?post=22031"}],"version-history":[{"count":7,"href":"https:\/\/eraportal.sk\/horizont-europa\/wp-json\/wp\/v2\/pages\/22031\/revisions"}],"predecessor-version":[{"id":22286,"href":"https:\/\/eraportal.sk\/horizont-europa\/wp-json\/wp\/v2\/pages\/22031\/revisions\/22286"}],"wp:attachment":[{"href":"https:\/\/eraportal.sk\/horizont-europa\/wp-json\/wp\/v2\/media?parent=22031"}],"curies":[{"name":"wp","href":"https:\/\/api.w.org\/{rel}","templated":true}]}}