    {"id":21535,"date":"2024-02-15T11:05:24","date_gmt":"2024-02-15T10:05:24","guid":{"rendered":"https:\/\/eraportal.ecomcapsule.com\/demohorizont\/?page_id=21535"},"modified":"2024-02-15T11:30:56","modified_gmt":"2024-02-15T10:30:56","slug":"vyzvy-archiv","status":"publish","type":"page","link":"https:\/\/eraportal.sk\/horizont-europa\/vyzvy-archiv\/","title":{"rendered":"V\u00fdzvy arch\u00edv"},"content":{"rendered":"\t\t<div data-elementor-type=\"wp-page\" data-elementor-id=\"21535\" class=\"elementor elementor-21535\" data-elementor-post-type=\"page\">\n\t\t\t\t<div class=\"elementor-element elementor-element-aafc9e8 e-flex e-con-boxed e-con e-parent\" data-id=\"aafc9e8\" data-element_type=\"container\">\n\t\t\t\t\t<div class=\"e-con-inner\">\n\t\t\t\t<div class=\"elementor-element elementor-element-6cddb65 elementor-widget elementor-widget-shortcode\" data-id=\"6cddb65\" data-element_type=\"widget\" data-widget_type=\"shortcode.default\">\n\t\t\t\t<div class=\"elementor-widget-container\">\n\t\t\t\t\t\t\t<div class=\"elementor-shortcode\"><form action=\"\/horizont-europa\/wp-json\/wp\/v2\/pages\/21535\" method=\"get\">\n                <label for=\"oblast_slord\"><\/label>\n                <select id=\"oblast_slord\" name=\"oblast_slord\">\n                    <option value=\"\">V\u0161etky Oblasti<\/option><option value=\"akcie-marie-sklodowska-curie\" >Akcie \"Marie Sk\u0142odowska-Curie\"<\/option><option value=\"eticke-otazky\" >Etick\u00e9 ot\u00e1zky<\/option><option value=\"euratom\" >EURATOM<\/option><option value=\"europska-rada-pre-inovacie-eic\" >Eur\u00f3pska rada pre inov\u00e1cie (EIC)<\/option><option value=\"europska-rada-pre-vyskum-erc\" >Eur\u00f3pska rada pre v\u00fdskum (ERC)<\/option><option value=\"europske-inovacne-ekosystemy-eie\" >Eur\u00f3pske inova\u010dn\u00e9 ekosyst\u00e9my (EIE)<\/option><option value=\"europsky-inovacny-a-technologicky-institut-eit\" >Eur\u00f3psky inova\u010dn\u00fd a technologick\u00fd in\u0161tit\u00fat (EIT)<\/option><option value=\"financne-otazky\" >Finan\u010dn\u00e9 ot\u00e1zky<\/option><option value=\"horizont-europa\" >Horizont Eur\u00f3pa<\/option><option value=\"klaster-1-zdravie\" >Klaster 1: Zdravie<\/option><option value=\"klaster-2-kultura-tvorivost-a-inkluzivna-spolocnost\" >Klaster 2: Kult\u00fara; tvorivos\u0165 a inkluz\u00edvna spolo\u010dnos\u0165<\/option><option value=\"klaster-3-civilna-bezpecnost-pre-spolocnost\" >Klaster 3: Civiln\u00e1 bezpe\u010dnos\u0165 pre spolo\u010dnos\u0165<\/option><option value=\"klaster-4-digitalizacia-priemysel-a-vesmir\" >Klaster 4: Digitaliz\u00e1cia; priemysel a vesm\u00edr<\/option><option value=\"klaster-5-klima-energetika-a-mobilita\" >Klaster 5: Kl\u00edma; energetika a mobilita<\/option><option value=\"klaster-6-potraviny-biohospodarstvo-prirodne-zdroje-polnohospodarstvo-a-zivotne-prostredie\" >Klaster 6: Potraviny; biohospod\u00e1rstvo; pr\u00edrodn\u00e9 zdroje; po\u013enohospod\u00e1rstvo a \u017eivotn\u00e9 prostredie<\/option><option value=\"misia-eu-adaptacia-na-zmenu-klimy\" >Misia E\u00da: Adapt\u00e1cia na zmenu kl\u00edmy<\/option><option value=\"misia-eu-adaptacia-na-zmenu-klimy-oblast-spolocenske-transformacie\" >Misia E\u00da: Adapt\u00e1cia na zmenu kl\u00edmy (oblas\u0165: Spolo\u010densk\u00e9 transform\u00e1cie)<\/option><option value=\"misia-eu-dohoda-o-pode-pre-europu\" >Misia E\u00da: Dohoda o p\u00f4de pre Eur\u00f3pu<\/option><option value=\"misia-eu-klimaticky-neutralne-a-inteligentne-mesta\" >Misia E\u00da: Klimaticky neutr\u00e1lne a inteligentn\u00e9 mest\u00e1<\/option><option value=\"misia-eu-ocean-moria-a-vody\" >Misia E\u00da: Oce\u00e1n; moria a vody<\/option><option value=\"misia-eu-rakovina\" >Misia E\u00da: Rakovina<\/option><option value=\"misie\" >Misie<\/option><option value=\"nas-tip\" >N\u00e1\u0161 tip<\/option><option value=\"novy-europsky-bauhaus\" >Nov\u00fd eur\u00f3psky Bauhaus<\/option><option value=\"partnerstva-oblast-digitalizacia-priemysel-a-vesmir\" >Partnerstv\u00e1: oblas\u0165 Digitaliz\u00e1cia; priemysel a vesm\u00edr<\/option><option value=\"partnerstva-oblast-klima-energetika-a-mobilita\" >Partnerstv\u00e1: oblas\u0165 Kl\u00edma; energetika a mobilita<\/option><option value=\"partnerstva-oblast-potraviny\" >Partnerstv\u00e1: oblas\u0165 Potraviny<\/option><option value=\"partnerstva-oblast-potraviny-biohospodarstvo-prirodne-zdroje-polnohospodarstvo-a-zivotne-prostredie\" >Partnerstv\u00e1: oblas\u0165 Potraviny, biohospod\u00e1rstvo, pr\u00edrodn\u00e9 zdroje, po\u013enohospod\u00e1rstvo a \u017eivotn\u00e9 prostredie<\/option><option value=\"partnerstva-oblast-zdravie\" >Partnerstv\u00e1: oblas\u0165 Zdravie<\/option><option value=\"partnerstva-partnerstva-napriec-temami\" >Partnerstv\u00e1: Partnerstv\u00e1 naprie\u010d t\u00e9mami<\/option><option value=\"pravne-otazky\" >Pr\u00e1vne ot\u00e1zky<\/option><option value=\"prirodne-zdroje\" >pr\u00edrodn\u00e9 zdroje<\/option><option value=\"rozsirovanie-ucasti-a-posilnenie-europskeho-vyskumneho-priestoru\" >Roz\u0161irovanie \u00fa\u010dasti a posilnenie Eur\u00f3pskeho v\u00fdskumn\u00e9ho priestoru<\/option><option value=\"spolocne-vyskumne-centrum-jrc\" >Spolo\u010dn\u00e9 v\u00fdskumn\u00e9 centrum (JRC)<\/option><option value=\"vyskumne-infrastruktury\" >V\u00fdskumn\u00e9 infra\u0161trukt\u00fary<\/option><option value=\"widera\" >WIDERA<\/option><\/select><label for=\"status_filter\"><\/label>\n              <select id=\"status_filter\" name=\"status_filter\">\n                  <option value=\"\">Status<\/option>\n                  <option value=\"otvorena\">Otvoren\u00e1<\/option>\n                  <option value=\"zatvorena\">Zatvoren\u00e1<\/option>\n              <\/select><input placeholder=\"H\u013eada\u0165\" type=\"text\" id=\"search_term\" name=\"search_term\" value=\"\"><input type=\"submit\" name=\"event_filter_submit\" value=\"Pou\u017ei\u0165\">\n              <a href=\"\/horizont-europa\/wp-json\/wp\/v2\/pages\/21535\" class=\"reset-filter\">Obnovi\u0165 filtre<\/a>\n             <\/form><\/div>\n\t\t\t\t\t\t<\/div>\n\t\t\t\t<\/div>\n\t\t\t\t\t<\/div>\n\t\t\t\t<\/div>\n\t\t<div class=\"elementor-element elementor-element-e0bc79f e-flex e-con-boxed e-con e-parent\" data-id=\"e0bc79f\" data-element_type=\"container\">\n\t\t\t\t\t<div class=\"e-con-inner\">\n\t\t<div class=\"elementor-element elementor-element-57ae142 e-con-full e-flex e-con e-child\" data-id=\"57ae142\" data-element_type=\"container\">\n\t\t\t\t<div class=\"elementor-element elementor-element-cdfaf1e elementor-widget elementor-widget-shortcode\" data-id=\"cdfaf1e\" data-element_type=\"widget\" data-widget_type=\"shortcode.default\">\n\t\t\t\t<div class=\"elementor-widget-container\">\n\t\t\t\t\t\t\t<div class=\"elementor-shortcode\"><table class=\"vyzvy-table\"><thead>\n                      <tr>\n                        <th>Otvorenie<\/th>\n                        <th>Uz\u00e1vierka<\/th>\n                        <th>N\u00e1zov<\/th>\n                        <th>Oblas\u0165 Horizontu<\/th>\n                        <th>Status<\/th>\n                      <\/tr>\n                      <\/thead><tbody><tr><td>13.03.2026 10:00<\/td>\n                                  <td>08.05.2026 23:59<\/td>\n                                  <td><a href='https:\/\/eraportal.sk\/horizont-europa\/vyzva\/eit-jumpstarter-2026\/'>EIT Jumpstarter 2026<\/a><\/td>\n                                  <td>Eur\u00f3psky inova\u010dn\u00fd a technologick\u00fd in\u0161tit\u00fat (EIT)<\/td>\n                                  <td>Otvoren\u00e1<\/td><\/tr><tr><td>18.12.2025 00:00<\/td>\n                                  <td>15.09.2026 17:00<\/td>\n                                  <td><a href='https:\/\/eraportal.sk\/horizont-europa\/vyzva\/horizon-cid-2026-01-ri-in-support-of-the-clean-industrial-deal\/'>HORIZON-CID-2026-01: R&amp;I in Support of the Clean Industrial Deal<\/a><\/td>\n                                  <td>Klaster 5: Kl\u00edma; energetika a mobilita<\/td>\n                                  <td>Otvoren\u00e1<\/td><\/tr><tr><td>10.03.2026 00:00<\/td>\n                                  <td>03.09.2026 17:00<\/td>\n                                  <td><a href='https:\/\/eraportal.sk\/horizont-europa\/vyzva\/otvorenie-vyziev-horizon-cl4-2026-space-03\/'>Otvorenie v\u00fdziev HORIZON-CL4-2026-SPACE-03<\/a><\/td>\n                                  <td>Klaster 4: Digitaliz\u00e1cia; priemysel a vesm\u00edr<\/td>\n                                  <td>Otvoren\u00e1<\/td><\/tr><tr><td>03.03.2026 00:00<\/td>\n                                  <td>15.09.2026 17:00<\/td>\n                                  <td><a href='https:\/\/eraportal.sk\/horizont-europa\/vyzva\/vyzva-v-oblasti-kybernetickej-bezpecnosti\/'>V\u00fdzva v oblasti kybernetickej bezpe\u010dnosti<\/a><\/td>\n                                  <td>Klaster 3: Civiln\u00e1 bezpe\u010dnos\u0165 pre spolo\u010dnos\u0165, Klaster 4: Digitaliz\u00e1cia; priemysel a vesm\u00edr<\/td>\n                                  <td>Otvoren\u00e1<\/td><\/tr><tr><td>18.12.2025 00:00<\/td>\n                                  <td>15.04.2026 17:00<\/td>\n                                  <td><a href='https:\/\/eraportal.sk\/horizont-europa\/vyzva\/horizon-cl5-2026-07-climate\/'>HORIZON-CL5-2026-07 (CLIMATE)<\/a><\/td>\n                                  <td>Klaster 5: Kl\u00edma; energetika a mobilita<\/td>\n                                  <td>Otvoren\u00e1<\/td><\/tr><tr><td>04.02.2026 00:00<\/td>\n                                  <td>23.09.2026 17:00<\/td>\n                                  <td><a href='https:\/\/eraportal.sk\/horizont-europa\/vyzva\/spolocna-vyzva-misii-horizon-miss-2026-06-clima-soil\/'>Spolo\u010dn\u00e1 v\u00fdzva misi\u00ed: HORIZON-MISS-2026-06-CLIMA-SOIL<\/a><\/td>\n                                  <td>Misia E\u00da: Adapt\u00e1cia na zmenu kl\u00edmy, Misia E\u00da: Dohoda o p\u00f4de pre Eur\u00f3pu<\/td>\n                                  <td>Otvoren\u00e1<\/td><\/tr><tr><td>04.02.2026 00:00<\/td>\n                                  <td>23.09.2026 17:00<\/td>\n                                  <td><a href='https:\/\/eraportal.sk\/horizont-europa\/vyzva\/horizon-miss-2026-01-clima-supporting-the-implementation-of-the-eu-mission-adaptation-to-climate-change\/'>HORIZON-MISS-2026-01-CLIMA: Supporting the implementation of the EU Mission Adaptation to Climate Change<\/a><\/td>\n                                  <td>Misia E\u00da: Adapt\u00e1cia na zmenu kl\u00edmy<\/td>\n                                  <td>Otvoren\u00e1<\/td><\/tr><tr><td>10.02.2026 00:00<\/td>\n                                  <td>15.04.2026 17:00<\/td>\n                                  <td><a href='https:\/\/eraportal.sk\/horizont-europa\/vyzva\/vyzva-spolocneho-podniku-pre-cisty-vodik-horizon-ju-cleanh2-2026\/'>V\u00fdzva Spolo\u010dn\u00e9ho podniku pre \u010dist\u00fd vod\u00edk (HORIZON-JU-CLEANH2-2026)<\/a><\/td>\n                                  <td>Klaster 5: Kl\u00edma; energetika a mobilita, Partnerstv\u00e1: oblas\u0165 Kl\u00edma; energetika a mobilita<\/td>\n                                  <td>Otvoren\u00e1<\/td><\/tr><tr><td>31.03.2026 00:00<\/td>\n                                  <td>19.05.2026 17:00<\/td>\n                                  <td><a href='https:\/\/eraportal.sk\/horizont-europa\/vyzva\/vyzva-spolocneho-podniku-pre-ciste-letectvo-horizon-ju-clean-aviation-2026-04\/'>V\u00fdzva Spolo\u010dn\u00e9ho podniku pre \u010dist\u00e9 letectvo (HORIZON-JU-CLEAN-AVIATION-2026-04)<\/a><\/td>\n                                  <td>Klaster 5: Kl\u00edma; energetika a mobilita, Partnerstv\u00e1: oblas\u0165 Kl\u00edma; energetika a mobilita<\/td>\n                                  <td>Otvoren\u00e1<\/td><\/tr><tr><td>04.02.2026 00:00<\/td>\n                                  <td>08.10.2026 17:00<\/td>\n                                  <td><a href='https:\/\/eraportal.sk\/horizont-europa\/vyzva\/horizon-miss-2026-04-cit-supporting-the-implementation-of-the-climate-neutral-and-smart-cities-mission\/'>HORIZON-MISS-2026-04-CIT: Supporting the implementation of the Climate-Neutral and Smart Cities Mission<\/a><\/td>\n                                  <td>Misia E\u00da: Klimaticky neutr\u00e1lne a inteligentn\u00e9 mest\u00e1<\/td>\n                                  <td>Otvoren\u00e1<\/td><\/tr><\/tbody><\/table><div class=\"pagination\"><span aria-current=\"page\" class=\"page-numbers current\">1<\/span>\n<a class=\"page-numbers\" href=\"https:\/\/eraportal.sk\/horizont-europa\/wp-json\/wp\/v2\/pages\/21535\/page\/2\/\">2<\/a>\n<a class=\"page-numbers\" href=\"https:\/\/eraportal.sk\/horizont-europa\/wp-json\/wp\/v2\/pages\/21535\/page\/3\/\">3<\/a>\n<span class=\"page-numbers dots\">&hellip;<\/span>\n<a class=\"page-numbers\" href=\"https:\/\/eraportal.sk\/horizont-europa\/wp-json\/wp\/v2\/pages\/21535\/page\/84\/\">84<\/a>\n<a class=\"next page-numbers\" href=\"https:\/\/eraportal.sk\/horizont-europa\/wp-json\/wp\/v2\/pages\/21535\/page\/2\/\">\u010ealej &raquo;<\/a><\/div><\/div>\n\t\t\t\t\t\t<\/div>\n\t\t\t\t<\/div>\n\t\t\t\t<\/div>\n\t\t\t\t\t<\/div>\n\t\t\t\t<\/div>\n\t\t\t\t<\/div>\n\t\t","protected":false},"excerpt":{"rendered":"","protected":false},"author":1,"featured_media":0,"parent":0,"menu_order":0,"comment_status":"closed","ping_status":"closed","template":"","meta":{"_acf_changed":false,"footnotes":""},"class_list":["post-21535","page","type-page","status-publish","hentry"],"yoast_head":"<!-- This site is optimized with the Yoast SEO plugin v24.4 - https:\/\/yoast.com\/wordpress\/plugins\/seo\/ -->\n<title>V\u00fdzvy arch\u00edv - Horizont Eur\u00f3pa<\/title>\n<meta name=\"robots\" content=\"index, follow, max-snippet:-1, max-image-preview:large, max-video-preview:-1\" \/>\n<link rel=\"canonical\" href=\"https:\/\/eraportal.sk\/horizont-europa\/vyzvy-archiv\/\" \/>\n<meta property=\"og:locale\" content=\"sk_SK\" \/>\n<meta property=\"og:type\" content=\"article\" \/>\n<meta property=\"og:title\" content=\"V\u00fdzvy arch\u00edv - Horizont Eur\u00f3pa\" \/>\n<meta property=\"og:url\" content=\"https:\/\/eraportal.sk\/horizont-europa\/vyzvy-archiv\/\" \/>\n<meta property=\"og:site_name\" content=\"Horizont Eur\u00f3pa\" \/>\n<meta property=\"article:modified_time\" content=\"2024-02-15T10:30:56+00:00\" \/>\n<meta name=\"twitter:card\" content=\"summary_large_image\" \/>\n<script type=\"application\/ld+json\" class=\"yoast-schema-graph\">{\"@context\":\"https:\/\/schema.org\",\"@graph\":[{\"@type\":\"WebPage\",\"@id\":\"https:\/\/eraportal.sk\/horizont-europa\/vyzvy-archiv\/\",\"url\":\"https:\/\/eraportal.sk\/horizont-europa\/vyzvy-archiv\/\",\"name\":\"V\u00fdzvy arch\u00edv - Horizont Eur\u00f3pa\",\"isPartOf\":{\"@id\":\"https:\/\/eraportal.sk\/horizont-europa\/#website\"},\"datePublished\":\"2024-02-15T10:05:24+00:00\",\"dateModified\":\"2024-02-15T10:30:56+00:00\",\"breadcrumb\":{\"@id\":\"https:\/\/eraportal.sk\/horizont-europa\/vyzvy-archiv\/#breadcrumb\"},\"inLanguage\":\"sk-SK\",\"potentialAction\":[{\"@type\":\"ReadAction\",\"target\":[\"https:\/\/eraportal.sk\/horizont-europa\/vyzvy-archiv\/\"]}]},{\"@type\":\"BreadcrumbList\",\"@id\":\"https:\/\/eraportal.sk\/horizont-europa\/vyzvy-archiv\/#breadcrumb\",\"itemListElement\":[{\"@type\":\"ListItem\",\"position\":1,\"name\":\"Domovsk\u00e1 str\u00e1nka\",\"item\":\"https:\/\/eraportal.sk\/horizont-europa\/\"},{\"@type\":\"ListItem\",\"position\":2,\"name\":\"V\u00fdzvy arch\u00edv\"}]},{\"@type\":\"WebSite\",\"@id\":\"https:\/\/eraportal.sk\/horizont-europa\/#website\",\"url\":\"https:\/\/eraportal.sk\/horizont-europa\/\",\"name\":\"Horizont Eur\u00f3pa\",\"description\":\"\",\"publisher\":{\"@id\":\"https:\/\/eraportal.sk\/horizont-europa\/#organization\"},\"potentialAction\":[{\"@type\":\"SearchAction\",\"target\":{\"@type\":\"EntryPoint\",\"urlTemplate\":\"https:\/\/eraportal.sk\/horizont-europa\/?s={search_term_string}\"},\"query-input\":{\"@type\":\"PropertyValueSpecification\",\"valueRequired\":true,\"valueName\":\"search_term_string\"}}],\"inLanguage\":\"sk-SK\"},{\"@type\":\"Organization\",\"@id\":\"https:\/\/eraportal.sk\/horizont-europa\/#organization\",\"name\":\"Horizont Eur\u00f3pa\",\"url\":\"https:\/\/eraportal.sk\/horizont-europa\/\",\"logo\":{\"@type\":\"ImageObject\",\"inLanguage\":\"sk-SK\",\"@id\":\"https:\/\/eraportal.sk\/horizont-europa\/#\/schema\/logo\/image\/\",\"url\":\"https:\/\/eraportal.sk\/horizont-europa\/wp-content\/uploads\/sites\/4\/2024\/02\/Favicon_HEU.png\",\"contentUrl\":\"https:\/\/eraportal.sk\/horizont-europa\/wp-content\/uploads\/sites\/4\/2024\/02\/Favicon_HEU.png\",\"width\":512,\"height\":512,\"caption\":\"Horizont Eur\u00f3pa\"},\"image\":{\"@id\":\"https:\/\/eraportal.sk\/horizont-europa\/#\/schema\/logo\/image\/\"}}]}<\/script>\n<!-- \/ Yoast SEO plugin. -->","yoast_head_json":{"title":"V\u00fdzvy arch\u00edv - Horizont Eur\u00f3pa","robots":{"index":"index","follow":"follow","max-snippet":"max-snippet:-1","max-image-preview":"max-image-preview:large","max-video-preview":"max-video-preview:-1"},"canonical":"https:\/\/eraportal.sk\/horizont-europa\/vyzvy-archiv\/","og_locale":"sk_SK","og_type":"article","og_title":"V\u00fdzvy arch\u00edv - Horizont Eur\u00f3pa","og_url":"https:\/\/eraportal.sk\/horizont-europa\/vyzvy-archiv\/","og_site_name":"Horizont Eur\u00f3pa","article_modified_time":"2024-02-15T10:30:56+00:00","twitter_card":"summary_large_image","schema":{"@context":"https:\/\/schema.org","@graph":[{"@type":"WebPage","@id":"https:\/\/eraportal.sk\/horizont-europa\/vyzvy-archiv\/","url":"https:\/\/eraportal.sk\/horizont-europa\/vyzvy-archiv\/","name":"V\u00fdzvy arch\u00edv - Horizont Eur\u00f3pa","isPartOf":{"@id":"https:\/\/eraportal.sk\/horizont-europa\/#website"},"datePublished":"2024-02-15T10:05:24+00:00","dateModified":"2024-02-15T10:30:56+00:00","breadcrumb":{"@id":"https:\/\/eraportal.sk\/horizont-europa\/vyzvy-archiv\/#breadcrumb"},"inLanguage":"sk-SK","potentialAction":[{"@type":"ReadAction","target":["https:\/\/eraportal.sk\/horizont-europa\/vyzvy-archiv\/"]}]},{"@type":"BreadcrumbList","@id":"https:\/\/eraportal.sk\/horizont-europa\/vyzvy-archiv\/#breadcrumb","itemListElement":[{"@type":"ListItem","position":1,"name":"Domovsk\u00e1 str\u00e1nka","item":"https:\/\/eraportal.sk\/horizont-europa\/"},{"@type":"ListItem","position":2,"name":"V\u00fdzvy arch\u00edv"}]},{"@type":"WebSite","@id":"https:\/\/eraportal.sk\/horizont-europa\/#website","url":"https:\/\/eraportal.sk\/horizont-europa\/","name":"Horizont Eur\u00f3pa","description":"","publisher":{"@id":"https:\/\/eraportal.sk\/horizont-europa\/#organization"},"potentialAction":[{"@type":"SearchAction","target":{"@type":"EntryPoint","urlTemplate":"https:\/\/eraportal.sk\/horizont-europa\/?s={search_term_string}"},"query-input":{"@type":"PropertyValueSpecification","valueRequired":true,"valueName":"search_term_string"}}],"inLanguage":"sk-SK"},{"@type":"Organization","@id":"https:\/\/eraportal.sk\/horizont-europa\/#organization","name":"Horizont Eur\u00f3pa","url":"https:\/\/eraportal.sk\/horizont-europa\/","logo":{"@type":"ImageObject","inLanguage":"sk-SK","@id":"https:\/\/eraportal.sk\/horizont-europa\/#\/schema\/logo\/image\/","url":"https:\/\/eraportal.sk\/horizont-europa\/wp-content\/uploads\/sites\/4\/2024\/02\/Favicon_HEU.png","contentUrl":"https:\/\/eraportal.sk\/horizont-europa\/wp-content\/uploads\/sites\/4\/2024\/02\/Favicon_HEU.png","width":512,"height":512,"caption":"Horizont Eur\u00f3pa"},"image":{"@id":"https:\/\/eraportal.sk\/horizont-europa\/#\/schema\/logo\/image\/"}}]}},"acf":[],"_links":{"self":[{"href":"https:\/\/eraportal.sk\/horizont-europa\/wp-json\/wp\/v2\/pages\/21535","targetHints":{"allow":["GET"]}}],"collection":[{"href":"https:\/\/eraportal.sk\/horizont-europa\/wp-json\/wp\/v2\/pages"}],"about":[{"href":"https:\/\/eraportal.sk\/horizont-europa\/wp-json\/wp\/v2\/types\/page"}],"author":[{"embeddable":true,"href":"https:\/\/eraportal.sk\/horizont-europa\/wp-json\/wp\/v2\/users\/1"}],"replies":[{"embeddable":true,"href":"https:\/\/eraportal.sk\/horizont-europa\/wp-json\/wp\/v2\/comments?post=21535"}],"version-history":[{"count":19,"href":"https:\/\/eraportal.sk\/horizont-europa\/wp-json\/wp\/v2\/pages\/21535\/revisions"}],"predecessor-version":[{"id":21555,"href":"https:\/\/eraportal.sk\/horizont-europa\/wp-json\/wp\/v2\/pages\/21535\/revisions\/21555"}],"wp:attachment":[{"href":"https:\/\/eraportal.sk\/horizont-europa\/wp-json\/wp\/v2\/media?parent=21535"}],"curies":[{"name":"wp","href":"https:\/\/api.w.org\/{rel}","templated":true}]}}