    {"id":15838,"date":"2024-02-10T14:25:41","date_gmt":"2024-02-10T13:25:41","guid":{"rendered":"https:\/\/eraportal.ecomcapsule.com\/demohorizont\/?page_id=15838"},"modified":"2024-02-10T14:25:43","modified_gmt":"2024-02-10T13:25:43","slug":"ochrana-osobnych-udajov-gdpr","status":"publish","type":"page","link":"https:\/\/eraportal.sk\/horizont-europa\/ochrana-osobnych-udajov-gdpr\/","title":{"rendered":"Ochrana osobn\u00fdch \u00fadajov (GDPR)"},"content":{"rendered":"\n<p><strong>Uveden\u00edm svojich osobn\u00fdch \u00fadajov a vyzna\u010den\u00edm tohto pol\u00ed\u010dka ude\u013eujem<\/strong>\u00a0v s\u00falade s \u010dl. 6 ods. 1 p\u00edsm. a) nariadenia Eur\u00f3pskeho parlamentu a Rady (E\u00da) 2016\/679 z 27. 4. 2016 o ochrane fyzick\u00fdch os\u00f4b pri sprac\u00favan\u00ed osobn\u00fdch \u00fadajov a o vo\u013enom pohybe tak\u00fdchto \u00fadajov, ktor\u00fdm sa zru\u0161uje smernica 95\/46\/ES (v\u0161eobecn\u00e9 nariadenie o ochrane \u00fadajov) (\u010falej aj ako \u201eGDPR\u201c) spolo\u010dn\u00fdm prev\u00e1dzkovate\u013eom: Ministerstvo \u0161kolstva, vedy, v\u00fdskumu a \u0161portu SR a Centrum vedecko -technick\u00fdch inform\u00e1ci\u00ed SR, Lama\u010dsk\u00e1 cesta 8\/A, 811 04 Bratislava\u00a0<strong>svoj s\u00fahlas so sprac\u00favan\u00edm osobn\u00fdch \u00fadajov<\/strong>\u00a0na \u00fa\u010del zasielania newslettrov a e-mailov\u00fdch spr\u00e1v o novink\u00e1ch, produktoch, slu\u017eb\u00e1ch, podujatiach, s\u00fa\u0165a\u017eiach a in\u00fdch akci\u00e1ch s\u00favisiacich s r\u00e1mcov\u00fdm programom E\u00da pre v\u00fdskum a inov\u00e1cie, a to v rozsahu vy\u0161\u0161ie uveden\u00fdch \u00fadajov. Vyhlasujem, \u017ee som bol(a) spolo\u010dn\u00fdmi prev\u00e1dzkovate\u013emi informovan\u00fd(\u00e1) v s\u00falade s \u010dl\u00e1nkom 13 GDPR.\u00a0<a href=\"http:\/\/www.cvtisr.sk\/cvti-sr-vedecka-kniznica\/ochrana-sukromia.html?page_id=23233\" target=\"_blank\" rel=\"noreferrer noopener\">Viac info.<\/a>. Tento s\u00fahlas ude\u013eujem na dobu 5 rokov odo d\u0148a jeho udelenia.\u00a0<br>Beriem na vedomie, \u017ee m\u00e1m pr\u00e1vo s\u00fahlas kedyko\u013evek odvola\u0165 a to e-mailom na adresu:\u00a0<a href=\"mailto:gdpr@cvtisr.sk\">gdpr@cvtisr.sk<\/a>\u00a0alebo p\u00edsomne doru\u010den\u00edm na adresu s\u00eddla Centra vedecko-technick\u00fdch inform\u00e1ci\u00ed Slovenskej republiky. Odvolanie s\u00fahlasu nem\u00e1 vplyv na z\u00e1konnos\u0165 sprac\u00favania vych\u00e1dzaj\u00faceho zo s\u00fahlasu pred jeho odvolan\u00edm. Ka\u017ed\u00fd zasielan\u00fd marketingov\u00fd e-mail alebo newsletter bude obsahova\u0165 linku na zru\u0161enie odberu. V pr\u00edpade, \u017ee si nebudem \u017eela\u0165 \u010falej dost\u00e1va\u0165 inform\u00e1cie, m\u00e1m mo\u017enos\u0165 sa z odberu odhl\u00e1si\u0165 kliknut\u00edm na linku v konkr\u00e9tnom newslettri.<\/p>\n","protected":false},"excerpt":{"rendered":"<p>Uveden\u00edm svojich osobn\u00fdch \u00fadajov a vyzna\u010den\u00edm tohto pol\u00ed\u010dka ude\u013eujem\u00a0v s\u00falade s \u010dl. 6 ods. 1 p\u00edsm. a) nariadenia Eur\u00f3pskeho parlamentu a Rady (E\u00da) 2016\/679 z 27. 4. 2016 o ochrane fyzick\u00fdch os\u00f4b pri sprac\u00favan\u00ed osobn\u00fdch \u00fadajov a o vo\u013enom pohybe tak\u00fdchto \u00fadajov, ktor\u00fdm sa zru\u0161uje smernica 95\/46\/ES (v\u0161eobecn\u00e9 nariadenie o ochrane \u00fadajov) (\u010falej aj ako [&hellip;]<\/p>\n","protected":false},"author":1,"featured_media":0,"parent":0,"menu_order":0,"comment_status":"closed","ping_status":"closed","template":"","meta":{"_acf_changed":false,"footnotes":""},"class_list":["post-15838","page","type-page","status-publish","hentry"],"yoast_head":"<!-- This site is optimized with the Yoast SEO plugin v24.4 - https:\/\/yoast.com\/wordpress\/plugins\/seo\/ -->\n<title>Ochrana osobn\u00fdch \u00fadajov (GDPR) - Horizont Eur\u00f3pa<\/title>\n<meta name=\"robots\" content=\"index, follow, max-snippet:-1, max-image-preview:large, max-video-preview:-1\" \/>\n<link rel=\"canonical\" href=\"https:\/\/eraportal.sk\/horizont-europa\/ochrana-osobnych-udajov-gdpr\/\" \/>\n<meta property=\"og:locale\" content=\"sk_SK\" \/>\n<meta property=\"og:type\" content=\"article\" \/>\n<meta property=\"og:title\" content=\"Ochrana osobn\u00fdch \u00fadajov (GDPR) - Horizont Eur\u00f3pa\" \/>\n<meta property=\"og:description\" content=\"Uveden\u00edm svojich osobn\u00fdch \u00fadajov a vyzna\u010den\u00edm tohto pol\u00ed\u010dka ude\u013eujem\u00a0v s\u00falade s \u010dl. 6 ods. 1 p\u00edsm. a) nariadenia Eur\u00f3pskeho parlamentu a Rady (E\u00da) 2016\/679 z 27. 4. 2016 o ochrane fyzick\u00fdch os\u00f4b pri sprac\u00favan\u00ed osobn\u00fdch \u00fadajov a o vo\u013enom pohybe tak\u00fdchto \u00fadajov, ktor\u00fdm sa zru\u0161uje smernica 95\/46\/ES (v\u0161eobecn\u00e9 nariadenie o ochrane \u00fadajov) (\u010falej aj ako [&hellip;]\" \/>\n<meta property=\"og:url\" content=\"https:\/\/eraportal.sk\/horizont-europa\/ochrana-osobnych-udajov-gdpr\/\" \/>\n<meta property=\"og:site_name\" content=\"Horizont Eur\u00f3pa\" \/>\n<meta property=\"article:modified_time\" content=\"2024-02-10T13:25:43+00:00\" \/>\n<meta name=\"twitter:card\" content=\"summary_large_image\" \/>\n<meta name=\"twitter:label1\" content=\"Predpokladan\u00fd \u010das \u010d\u00edtania\" \/>\n\t<meta name=\"twitter:data1\" content=\"2 min\u00faty\" \/>\n<script type=\"application\/ld+json\" class=\"yoast-schema-graph\">{\"@context\":\"https:\/\/schema.org\",\"@graph\":[{\"@type\":\"WebPage\",\"@id\":\"https:\/\/eraportal.sk\/horizont-europa\/ochrana-osobnych-udajov-gdpr\/\",\"url\":\"https:\/\/eraportal.sk\/horizont-europa\/ochrana-osobnych-udajov-gdpr\/\",\"name\":\"Ochrana osobn\u00fdch \u00fadajov (GDPR) - Horizont Eur\u00f3pa\",\"isPartOf\":{\"@id\":\"https:\/\/eraportal.sk\/horizont-europa\/#website\"},\"datePublished\":\"2024-02-10T13:25:41+00:00\",\"dateModified\":\"2024-02-10T13:25:43+00:00\",\"breadcrumb\":{\"@id\":\"https:\/\/eraportal.sk\/horizont-europa\/ochrana-osobnych-udajov-gdpr\/#breadcrumb\"},\"inLanguage\":\"sk-SK\",\"potentialAction\":[{\"@type\":\"ReadAction\",\"target\":[\"https:\/\/eraportal.sk\/horizont-europa\/ochrana-osobnych-udajov-gdpr\/\"]}]},{\"@type\":\"BreadcrumbList\",\"@id\":\"https:\/\/eraportal.sk\/horizont-europa\/ochrana-osobnych-udajov-gdpr\/#breadcrumb\",\"itemListElement\":[{\"@type\":\"ListItem\",\"position\":1,\"name\":\"Domovsk\u00e1 str\u00e1nka\",\"item\":\"https:\/\/eraportal.sk\/horizont-europa\/\"},{\"@type\":\"ListItem\",\"position\":2,\"name\":\"Ochrana osobn\u00fdch \u00fadajov (GDPR)\"}]},{\"@type\":\"WebSite\",\"@id\":\"https:\/\/eraportal.sk\/horizont-europa\/#website\",\"url\":\"https:\/\/eraportal.sk\/horizont-europa\/\",\"name\":\"Horizont Eur\u00f3pa\",\"description\":\"\",\"publisher\":{\"@id\":\"https:\/\/eraportal.sk\/horizont-europa\/#organization\"},\"potentialAction\":[{\"@type\":\"SearchAction\",\"target\":{\"@type\":\"EntryPoint\",\"urlTemplate\":\"https:\/\/eraportal.sk\/horizont-europa\/?s={search_term_string}\"},\"query-input\":{\"@type\":\"PropertyValueSpecification\",\"valueRequired\":true,\"valueName\":\"search_term_string\"}}],\"inLanguage\":\"sk-SK\"},{\"@type\":\"Organization\",\"@id\":\"https:\/\/eraportal.sk\/horizont-europa\/#organization\",\"name\":\"Horizont Eur\u00f3pa\",\"url\":\"https:\/\/eraportal.sk\/horizont-europa\/\",\"logo\":{\"@type\":\"ImageObject\",\"inLanguage\":\"sk-SK\",\"@id\":\"https:\/\/eraportal.sk\/horizont-europa\/#\/schema\/logo\/image\/\",\"url\":\"https:\/\/eraportal.sk\/horizont-europa\/wp-content\/uploads\/sites\/4\/2024\/02\/Favicon_HEU.png\",\"contentUrl\":\"https:\/\/eraportal.sk\/horizont-europa\/wp-content\/uploads\/sites\/4\/2024\/02\/Favicon_HEU.png\",\"width\":512,\"height\":512,\"caption\":\"Horizont Eur\u00f3pa\"},\"image\":{\"@id\":\"https:\/\/eraportal.sk\/horizont-europa\/#\/schema\/logo\/image\/\"}}]}<\/script>\n<!-- \/ Yoast SEO plugin. -->","yoast_head_json":{"title":"Ochrana osobn\u00fdch \u00fadajov (GDPR) - Horizont Eur\u00f3pa","robots":{"index":"index","follow":"follow","max-snippet":"max-snippet:-1","max-image-preview":"max-image-preview:large","max-video-preview":"max-video-preview:-1"},"canonical":"https:\/\/eraportal.sk\/horizont-europa\/ochrana-osobnych-udajov-gdpr\/","og_locale":"sk_SK","og_type":"article","og_title":"Ochrana osobn\u00fdch \u00fadajov (GDPR) - Horizont Eur\u00f3pa","og_description":"Uveden\u00edm svojich osobn\u00fdch \u00fadajov a vyzna\u010den\u00edm tohto pol\u00ed\u010dka ude\u013eujem\u00a0v s\u00falade s \u010dl. 6 ods. 1 p\u00edsm. a) nariadenia Eur\u00f3pskeho parlamentu a Rady (E\u00da) 2016\/679 z 27. 4. 2016 o ochrane fyzick\u00fdch os\u00f4b pri sprac\u00favan\u00ed osobn\u00fdch \u00fadajov a o vo\u013enom pohybe tak\u00fdchto \u00fadajov, ktor\u00fdm sa zru\u0161uje smernica 95\/46\/ES (v\u0161eobecn\u00e9 nariadenie o ochrane \u00fadajov) (\u010falej aj ako [&hellip;]","og_url":"https:\/\/eraportal.sk\/horizont-europa\/ochrana-osobnych-udajov-gdpr\/","og_site_name":"Horizont Eur\u00f3pa","article_modified_time":"2024-02-10T13:25:43+00:00","twitter_card":"summary_large_image","twitter_misc":{"Predpokladan\u00fd \u010das \u010d\u00edtania":"2 min\u00faty"},"schema":{"@context":"https:\/\/schema.org","@graph":[{"@type":"WebPage","@id":"https:\/\/eraportal.sk\/horizont-europa\/ochrana-osobnych-udajov-gdpr\/","url":"https:\/\/eraportal.sk\/horizont-europa\/ochrana-osobnych-udajov-gdpr\/","name":"Ochrana osobn\u00fdch \u00fadajov (GDPR) - Horizont Eur\u00f3pa","isPartOf":{"@id":"https:\/\/eraportal.sk\/horizont-europa\/#website"},"datePublished":"2024-02-10T13:25:41+00:00","dateModified":"2024-02-10T13:25:43+00:00","breadcrumb":{"@id":"https:\/\/eraportal.sk\/horizont-europa\/ochrana-osobnych-udajov-gdpr\/#breadcrumb"},"inLanguage":"sk-SK","potentialAction":[{"@type":"ReadAction","target":["https:\/\/eraportal.sk\/horizont-europa\/ochrana-osobnych-udajov-gdpr\/"]}]},{"@type":"BreadcrumbList","@id":"https:\/\/eraportal.sk\/horizont-europa\/ochrana-osobnych-udajov-gdpr\/#breadcrumb","itemListElement":[{"@type":"ListItem","position":1,"name":"Domovsk\u00e1 str\u00e1nka","item":"https:\/\/eraportal.sk\/horizont-europa\/"},{"@type":"ListItem","position":2,"name":"Ochrana osobn\u00fdch \u00fadajov (GDPR)"}]},{"@type":"WebSite","@id":"https:\/\/eraportal.sk\/horizont-europa\/#website","url":"https:\/\/eraportal.sk\/horizont-europa\/","name":"Horizont Eur\u00f3pa","description":"","publisher":{"@id":"https:\/\/eraportal.sk\/horizont-europa\/#organization"},"potentialAction":[{"@type":"SearchAction","target":{"@type":"EntryPoint","urlTemplate":"https:\/\/eraportal.sk\/horizont-europa\/?s={search_term_string}"},"query-input":{"@type":"PropertyValueSpecification","valueRequired":true,"valueName":"search_term_string"}}],"inLanguage":"sk-SK"},{"@type":"Organization","@id":"https:\/\/eraportal.sk\/horizont-europa\/#organization","name":"Horizont Eur\u00f3pa","url":"https:\/\/eraportal.sk\/horizont-europa\/","logo":{"@type":"ImageObject","inLanguage":"sk-SK","@id":"https:\/\/eraportal.sk\/horizont-europa\/#\/schema\/logo\/image\/","url":"https:\/\/eraportal.sk\/horizont-europa\/wp-content\/uploads\/sites\/4\/2024\/02\/Favicon_HEU.png","contentUrl":"https:\/\/eraportal.sk\/horizont-europa\/wp-content\/uploads\/sites\/4\/2024\/02\/Favicon_HEU.png","width":512,"height":512,"caption":"Horizont Eur\u00f3pa"},"image":{"@id":"https:\/\/eraportal.sk\/horizont-europa\/#\/schema\/logo\/image\/"}}]}},"acf":[],"_links":{"self":[{"href":"https:\/\/eraportal.sk\/horizont-europa\/wp-json\/wp\/v2\/pages\/15838","targetHints":{"allow":["GET"]}}],"collection":[{"href":"https:\/\/eraportal.sk\/horizont-europa\/wp-json\/wp\/v2\/pages"}],"about":[{"href":"https:\/\/eraportal.sk\/horizont-europa\/wp-json\/wp\/v2\/types\/page"}],"author":[{"embeddable":true,"href":"https:\/\/eraportal.sk\/horizont-europa\/wp-json\/wp\/v2\/users\/1"}],"replies":[{"embeddable":true,"href":"https:\/\/eraportal.sk\/horizont-europa\/wp-json\/wp\/v2\/comments?post=15838"}],"version-history":[{"count":1,"href":"https:\/\/eraportal.sk\/horizont-europa\/wp-json\/wp\/v2\/pages\/15838\/revisions"}],"predecessor-version":[{"id":15839,"href":"https:\/\/eraportal.sk\/horizont-europa\/wp-json\/wp\/v2\/pages\/15838\/revisions\/15839"}],"wp:attachment":[{"href":"https:\/\/eraportal.sk\/horizont-europa\/wp-json\/wp\/v2\/media?parent=15838"}],"curies":[{"name":"wp","href":"https:\/\/api.w.org\/{rel}","templated":true}]}}